{"id":2743,"date":"2023-05-19T12:44:30","date_gmt":"2023-05-19T12:44:30","guid":{"rendered":"https:\/\/campobadajoz.es\/rechtlicher-hinweis\/"},"modified":"2023-08-28T11:25:18","modified_gmt":"2023-08-28T11:25:18","slug":"rechtlicher-hinweis","status":"publish","type":"page","link":"https:\/\/campobadajoz.es\/de\/rechtlicher-hinweis\/","title":{"rendered":"Rechtlicher Hinweis"},"content":{"rendered":"<p><span lang=\"IT\" xml:lang=\"IT\">Gem\u00e4\u00df Artikel 10 des Gesetzes 34\/2002 vom 11. Juli \u00fcber die Dienstleistungen der Informationsgesellschaft und den elektronischen Gesch\u00e4ftsverkehr (LSSICE) werden im Folgenden die Angaben zur Identifizierung des Unternehmens aufgef\u00fchrt.<\/span><\/p>\n<p><strong>Handelsname:<\/strong><\/p>\n<p>Campo Badajoz<\/p>\n<p><strong><span lang=\"IT\" xml:lang=\"IT\">Name des Unternehmens:<\/span><\/strong><\/p>\n<p><span lang=\"IT\" xml:lang=\"IT\">Porvi\u00f1a 2000 SL<\/span><\/p>\n<p><strong><span lang=\"IT\" xml:lang=\"IT\">Steueridentifikationsnummer:<\/span><\/strong><\/p>\n<p><span lang=\"IT\" xml:lang=\"IT\">B06334205<\/span><\/p>\n<p><strong><span lang=\"IT\" xml:lang=\"IT\">Eingetragener Sitz:<\/span><\/strong><\/p>\n<p><span lang=\"IT\" xml:lang=\"IT\">Avenida De La Estaci\u00f3n 4<\/span><\/p>\n<p><span lang=\"IT\" xml:lang=\"IT\">06300 Zafra<\/span><\/p>\n<p><strong><span lang=\"IT\" xml:lang=\"IT\">E-Mail:<\/span><\/strong><\/p>\n<p><span lang=\"IT\" xml:lang=\"IT\">jm@campobadajoz.com<\/span><\/p>\n<p><strong><span lang=\"IT\" xml:lang=\"IT\">Telefon: <\/span><\/strong><\/p>\n<p><span lang=\"IT\" xml:lang=\"IT\">(0034) 924 55 00 22 &#8211; (0034) 649 46 24 27<\/span><\/p>\n<p><strong><span lang=\"IT\" xml:lang=\"IT\">Fax:<\/span><\/strong><\/p>\n<p><span lang=\"IT\" xml:lang=\"IT\">(0034) 924 55 00 22<\/span><\/p>\n<p><strong>Angaben zur Eintragung in das Handelsregister:<\/strong><\/p>\n<p><span lang=\"IT\" xml:lang=\"IT\">Campo &amp; Badajoz &#8211; Porvi\u00f1a 2000 SL, Gesellschaft mit beschr\u00e4nkter Haftung, gegr\u00fcndet in Zafra, im Jahr 2000, durch \u00f6ffentliche Urkunde.<\/span><\/p>\n<p><span lang=\"IT\" xml:lang=\"IT\">Eingetragen im Handelsregister von Badajoz in Band 218, Folio 36, Seite BA-11268, Eintrag 1.<\/span><\/p>\n<p><strong><span lang=\"IT\" xml:lang=\"IT\">Daten im Zusammenhang mit der vorherigen beh\u00f6rdlichen Genehmigung f\u00fcr die Aus\u00fcbung der T\u00e4tigkeit:<\/span><\/strong><\/p>\n<p>Gesundheit Registrierung 1023618\/BA<\/p>\n<p><span lang=\"NL\" xml:lang=\"NL\">Diese Website wurde von der Firma Campo &amp; Badajoz zu Informationszwecken und f\u00fcr den pers\u00f6nlichen Gebrauch der Nutzer erstellt, mit dem Ziel, den Zugang und die Nutzung dieser Website sowie die Beziehung zwischen der Website und ihren Nutzern zu regeln. <\/span><span lang=\"IT\" xml:lang=\"IT\">Mit dem Zugriff auf diese Website akzeptieren Sie die folgenden Bedingungen: Der Zugang zu dieser Website unterliegt der alleinigen Verantwortung der Nutzer.<\/span><\/p>\n<p><span lang=\"IT\" xml:lang=\"IT\">Der einfache Zugriff auf diese Website stellt keinerlei Gesch\u00e4ftsbeziehung zwischen Campo &amp; Badajoz und dem Nutzer dar.<\/span><\/p>\n<p><span lang=\"IT\" xml:lang=\"IT\">Der Zugang und das Browsen auf dieser Website setzt die Annahme und Kenntnis der darin enthaltenen rechtlichen Hinweise, Bedingungen und Nutzungsbedingungen voraus.<\/span><\/p>\n<p><span lang=\"IT\" xml:lang=\"IT\">Der Eigent\u00fcmer der Website kann Dienstleistungen oder Produkte anbieten, die eigenen besonderen Bedingungen unterliegen, die je nach Fall die vorliegenden Bedingungen ersetzen, erg\u00e4nzen und\/oder \u00e4ndern k\u00f6nnen und \u00fcber die der Nutzer in jedem Einzelfall informiert wird.<\/span><\/p>\n","protected":false},"excerpt":{"rendered":"<p>Gem\u00e4\u00df Artikel 10 des Gesetzes 34\/2002 vom 11. Juli \u00fcber die Dienstleistungen der Informationsgesellschaft und den elektronischen Gesch\u00e4ftsverkehr (LSSICE) werden im Folgenden die Angaben zur Identifizierung des Unternehmens aufgef\u00fchrt. Handelsname: Campo Badajoz Name des Unternehmens: Porvi\u00f1a 2000 SL Steueridentifikationsnummer: B06334205 Eingetragener Sitz: Avenida De La Estaci\u00f3n 4 06300 Zafra E-Mail: jm@campobadajoz.com Telefon: (0034) 924 55 [&hellip;]<\/p>\n","protected":false},"author":1,"featured_media":2162,"parent":0,"menu_order":0,"comment_status":"closed","ping_status":"closed","template":"","meta":{"_acf_changed":false,"footnotes":""},"class_list":["post-2743","page","type-page","status-publish","has-post-thumbnail","hentry"],"acf":[],"yoast_head":"<!-- This site is optimized with the Yoast SEO plugin v27.3 - https:\/\/yoast.com\/product\/yoast-seo-wordpress\/ -->\n<title>Rechtlicher Hinweis - Campo Badajoz<\/title>\n<meta name=\"robots\" content=\"index, follow, max-snippet:-1, max-image-preview:large, max-video-preview:-1\" \/>\n<link rel=\"canonical\" href=\"https:\/\/campobadajoz.es\/de\/rechtlicher-hinweis\/\" \/>\n<meta property=\"og:locale\" content=\"de_DE\" \/>\n<meta property=\"og:type\" content=\"article\" \/>\n<meta property=\"og:title\" content=\"Rechtlicher Hinweis - Campo Badajoz\" \/>\n<meta property=\"og:description\" content=\"Gem\u00e4\u00df Artikel 10 des Gesetzes 34\/2002 vom 11. Juli \u00fcber die Dienstleistungen der Informationsgesellschaft und den elektronischen Gesch\u00e4ftsverkehr (LSSICE) werden im Folgenden die Angaben zur Identifizierung des Unternehmens aufgef\u00fchrt. Handelsname: Campo Badajoz Name des Unternehmens: Porvi\u00f1a 2000 SL Steueridentifikationsnummer: B06334205 Eingetragener Sitz: Avenida De La Estaci\u00f3n 4 06300 Zafra E-Mail: jm@campobadajoz.com Telefon: (0034) 924 55 [&hellip;]\" \/>\n<meta property=\"og:url\" content=\"https:\/\/campobadajoz.es\/de\/rechtlicher-hinweis\/\" \/>\n<meta property=\"og:site_name\" content=\"Campo Badajoz\" \/>\n<meta property=\"article:publisher\" content=\"https:\/\/www.facebook.com\/campobadajoz.ibericodecampo\/\" \/>\n<meta property=\"article:modified_time\" content=\"2023-08-28T11:25:18+00:00\" \/>\n<meta property=\"og:image\" content=\"https:\/\/campobadajoz.es\/wp-content\/uploads\/2023\/06\/AdobeStock_130650104-1-scaled.webp\" \/>\n\t<meta property=\"og:image:width\" content=\"2560\" \/>\n\t<meta property=\"og:image:height\" content=\"1707\" \/>\n\t<meta property=\"og:image:type\" content=\"image\/webp\" \/>\n<meta name=\"twitter:card\" content=\"summary_large_image\" \/>\n<meta name=\"twitter:site\" content=\"@jamonibericos\" \/>\n<meta name=\"twitter:label1\" content=\"Gesch\u00e4tzte Lesezeit\" \/>\n\t<meta name=\"twitter:data1\" content=\"1\u00a0Minute\" \/>\n<script type=\"application\/ld+json\" class=\"yoast-schema-graph\">{\"@context\":\"https:\\\/\\\/schema.org\",\"@graph\":[{\"@type\":\"WebPage\",\"@id\":\"https:\\\/\\\/campobadajoz.es\\\/de\\\/rechtlicher-hinweis\\\/\",\"url\":\"https:\\\/\\\/campobadajoz.es\\\/de\\\/rechtlicher-hinweis\\\/\",\"name\":\"Rechtlicher Hinweis - Campo Badajoz\",\"isPartOf\":{\"@id\":\"https:\\\/\\\/campobadajoz.es\\\/de\\\/#website\"},\"primaryImageOfPage\":{\"@id\":\"https:\\\/\\\/campobadajoz.es\\\/de\\\/rechtlicher-hinweis\\\/#primaryimage\"},\"image\":{\"@id\":\"https:\\\/\\\/campobadajoz.es\\\/de\\\/rechtlicher-hinweis\\\/#primaryimage\"},\"thumbnailUrl\":\"https:\\\/\\\/campobadajoz.es\\\/wp-content\\\/uploads\\\/2023\\\/06\\\/AdobeStock_130650104-1-scaled.webp\",\"datePublished\":\"2023-05-19T12:44:30+00:00\",\"dateModified\":\"2023-08-28T11:25:18+00:00\",\"breadcrumb\":{\"@id\":\"https:\\\/\\\/campobadajoz.es\\\/de\\\/rechtlicher-hinweis\\\/#breadcrumb\"},\"inLanguage\":\"de\",\"potentialAction\":[{\"@type\":\"ReadAction\",\"target\":[\"https:\\\/\\\/campobadajoz.es\\\/de\\\/rechtlicher-hinweis\\\/\"]}]},{\"@type\":\"ImageObject\",\"inLanguage\":\"de\",\"@id\":\"https:\\\/\\\/campobadajoz.es\\\/de\\\/rechtlicher-hinweis\\\/#primaryimage\",\"url\":\"https:\\\/\\\/campobadajoz.es\\\/wp-content\\\/uploads\\\/2023\\\/06\\\/AdobeStock_130650104-1-scaled.webp\",\"contentUrl\":\"https:\\\/\\\/campobadajoz.es\\\/wp-content\\\/uploads\\\/2023\\\/06\\\/AdobeStock_130650104-1-scaled.webp\",\"width\":2560,\"height\":1707,\"caption\":\"Dehesa Extreme\u00f1a Cerdos\"},{\"@type\":\"BreadcrumbList\",\"@id\":\"https:\\\/\\\/campobadajoz.es\\\/de\\\/rechtlicher-hinweis\\\/#breadcrumb\",\"itemListElement\":[{\"@type\":\"ListItem\",\"position\":1,\"name\":\"Portada\",\"item\":\"https:\\\/\\\/campobadajoz.es\\\/de\\\/\"},{\"@type\":\"ListItem\",\"position\":2,\"name\":\"Rechtlicher Hinweis\"}]},{\"@type\":\"WebSite\",\"@id\":\"https:\\\/\\\/campobadajoz.es\\\/de\\\/#website\",\"url\":\"https:\\\/\\\/campobadajoz.es\\\/de\\\/\",\"name\":\"Campo Badajoz\",\"description\":\"Productos ib\u00e9ricos de calidad\",\"publisher\":{\"@id\":\"https:\\\/\\\/campobadajoz.es\\\/de\\\/#organization\"},\"potentialAction\":[{\"@type\":\"SearchAction\",\"target\":{\"@type\":\"EntryPoint\",\"urlTemplate\":\"https:\\\/\\\/campobadajoz.es\\\/de\\\/?s={search_term_string}\"},\"query-input\":{\"@type\":\"PropertyValueSpecification\",\"valueRequired\":true,\"valueName\":\"search_term_string\"}}],\"inLanguage\":\"de\"},{\"@type\":\"Organization\",\"@id\":\"https:\\\/\\\/campobadajoz.es\\\/de\\\/#organization\",\"name\":\"Campo Badajoz\",\"url\":\"https:\\\/\\\/campobadajoz.es\\\/de\\\/\",\"logo\":{\"@type\":\"ImageObject\",\"inLanguage\":\"de\",\"@id\":\"https:\\\/\\\/campobadajoz.es\\\/de\\\/#\\\/schema\\\/logo\\\/image\\\/\",\"url\":\"https:\\\/\\\/campobadajoz.es\\\/wp-content\\\/uploads\\\/2023\\\/05\\\/logo_blanco_png-1.webp\",\"contentUrl\":\"https:\\\/\\\/campobadajoz.es\\\/wp-content\\\/uploads\\\/2023\\\/05\\\/logo_blanco_png-1.webp\",\"width\":800,\"height\":800,\"caption\":\"Campo Badajoz\"},\"image\":{\"@id\":\"https:\\\/\\\/campobadajoz.es\\\/de\\\/#\\\/schema\\\/logo\\\/image\\\/\"},\"sameAs\":[\"https:\\\/\\\/www.facebook.com\\\/campobadajoz.ibericodecampo\\\/\",\"https:\\\/\\\/x.com\\\/jamonibericos\",\"https:\\\/\\\/www.linkedin.com\\\/company\\\/campo-&-badajoz\\\/about\\\/\",\"https:\\\/\\\/www.instagram.com\\\/campobadajoz\\\/\"]}]}<\/script>\n<!-- \/ Yoast SEO plugin. -->","yoast_head_json":{"title":"Rechtlicher Hinweis - Campo Badajoz","robots":{"index":"index","follow":"follow","max-snippet":"max-snippet:-1","max-image-preview":"max-image-preview:large","max-video-preview":"max-video-preview:-1"},"canonical":"https:\/\/campobadajoz.es\/de\/rechtlicher-hinweis\/","og_locale":"de_DE","og_type":"article","og_title":"Rechtlicher Hinweis - Campo Badajoz","og_description":"Gem\u00e4\u00df Artikel 10 des Gesetzes 34\/2002 vom 11. Juli \u00fcber die Dienstleistungen der Informationsgesellschaft und den elektronischen Gesch\u00e4ftsverkehr (LSSICE) werden im Folgenden die Angaben zur Identifizierung des Unternehmens aufgef\u00fchrt. Handelsname: Campo Badajoz Name des Unternehmens: Porvi\u00f1a 2000 SL Steueridentifikationsnummer: B06334205 Eingetragener Sitz: Avenida De La Estaci\u00f3n 4 06300 Zafra E-Mail: jm@campobadajoz.com Telefon: (0034) 924 55 [&hellip;]","og_url":"https:\/\/campobadajoz.es\/de\/rechtlicher-hinweis\/","og_site_name":"Campo Badajoz","article_publisher":"https:\/\/www.facebook.com\/campobadajoz.ibericodecampo\/","article_modified_time":"2023-08-28T11:25:18+00:00","og_image":[{"width":2560,"height":1707,"url":"https:\/\/campobadajoz.es\/wp-content\/uploads\/2023\/06\/AdobeStock_130650104-1-scaled.webp","type":"image\/webp"}],"twitter_card":"summary_large_image","twitter_site":"@jamonibericos","twitter_misc":{"Gesch\u00e4tzte Lesezeit":"1\u00a0Minute"},"schema":{"@context":"https:\/\/schema.org","@graph":[{"@type":"WebPage","@id":"https:\/\/campobadajoz.es\/de\/rechtlicher-hinweis\/","url":"https:\/\/campobadajoz.es\/de\/rechtlicher-hinweis\/","name":"Rechtlicher Hinweis - Campo Badajoz","isPartOf":{"@id":"https:\/\/campobadajoz.es\/de\/#website"},"primaryImageOfPage":{"@id":"https:\/\/campobadajoz.es\/de\/rechtlicher-hinweis\/#primaryimage"},"image":{"@id":"https:\/\/campobadajoz.es\/de\/rechtlicher-hinweis\/#primaryimage"},"thumbnailUrl":"https:\/\/campobadajoz.es\/wp-content\/uploads\/2023\/06\/AdobeStock_130650104-1-scaled.webp","datePublished":"2023-05-19T12:44:30+00:00","dateModified":"2023-08-28T11:25:18+00:00","breadcrumb":{"@id":"https:\/\/campobadajoz.es\/de\/rechtlicher-hinweis\/#breadcrumb"},"inLanguage":"de","potentialAction":[{"@type":"ReadAction","target":["https:\/\/campobadajoz.es\/de\/rechtlicher-hinweis\/"]}]},{"@type":"ImageObject","inLanguage":"de","@id":"https:\/\/campobadajoz.es\/de\/rechtlicher-hinweis\/#primaryimage","url":"https:\/\/campobadajoz.es\/wp-content\/uploads\/2023\/06\/AdobeStock_130650104-1-scaled.webp","contentUrl":"https:\/\/campobadajoz.es\/wp-content\/uploads\/2023\/06\/AdobeStock_130650104-1-scaled.webp","width":2560,"height":1707,"caption":"Dehesa Extreme\u00f1a Cerdos"},{"@type":"BreadcrumbList","@id":"https:\/\/campobadajoz.es\/de\/rechtlicher-hinweis\/#breadcrumb","itemListElement":[{"@type":"ListItem","position":1,"name":"Portada","item":"https:\/\/campobadajoz.es\/de\/"},{"@type":"ListItem","position":2,"name":"Rechtlicher Hinweis"}]},{"@type":"WebSite","@id":"https:\/\/campobadajoz.es\/de\/#website","url":"https:\/\/campobadajoz.es\/de\/","name":"Campo Badajoz","description":"Productos ib\u00e9ricos de calidad","publisher":{"@id":"https:\/\/campobadajoz.es\/de\/#organization"},"potentialAction":[{"@type":"SearchAction","target":{"@type":"EntryPoint","urlTemplate":"https:\/\/campobadajoz.es\/de\/?s={search_term_string}"},"query-input":{"@type":"PropertyValueSpecification","valueRequired":true,"valueName":"search_term_string"}}],"inLanguage":"de"},{"@type":"Organization","@id":"https:\/\/campobadajoz.es\/de\/#organization","name":"Campo Badajoz","url":"https:\/\/campobadajoz.es\/de\/","logo":{"@type":"ImageObject","inLanguage":"de","@id":"https:\/\/campobadajoz.es\/de\/#\/schema\/logo\/image\/","url":"https:\/\/campobadajoz.es\/wp-content\/uploads\/2023\/05\/logo_blanco_png-1.webp","contentUrl":"https:\/\/campobadajoz.es\/wp-content\/uploads\/2023\/05\/logo_blanco_png-1.webp","width":800,"height":800,"caption":"Campo Badajoz"},"image":{"@id":"https:\/\/campobadajoz.es\/de\/#\/schema\/logo\/image\/"},"sameAs":["https:\/\/www.facebook.com\/campobadajoz.ibericodecampo\/","https:\/\/x.com\/jamonibericos","https:\/\/www.linkedin.com\/company\/campo-&-badajoz\/about\/","https:\/\/www.instagram.com\/campobadajoz\/"]}]}},"_links":{"self":[{"href":"https:\/\/campobadajoz.es\/de\/wp-json\/wp\/v2\/pages\/2743","targetHints":{"allow":["GET"]}}],"collection":[{"href":"https:\/\/campobadajoz.es\/de\/wp-json\/wp\/v2\/pages"}],"about":[{"href":"https:\/\/campobadajoz.es\/de\/wp-json\/wp\/v2\/types\/page"}],"author":[{"embeddable":true,"href":"https:\/\/campobadajoz.es\/de\/wp-json\/wp\/v2\/users\/1"}],"replies":[{"embeddable":true,"href":"https:\/\/campobadajoz.es\/de\/wp-json\/wp\/v2\/comments?post=2743"}],"version-history":[{"count":0,"href":"https:\/\/campobadajoz.es\/de\/wp-json\/wp\/v2\/pages\/2743\/revisions"}],"wp:featuredmedia":[{"embeddable":true,"href":"https:\/\/campobadajoz.es\/de\/wp-json\/wp\/v2\/media\/2162"}],"wp:attachment":[{"href":"https:\/\/campobadajoz.es\/de\/wp-json\/wp\/v2\/media?parent=2743"}],"curies":[{"name":"wp","href":"https:\/\/api.w.org\/{rel}","templated":true}]}}