{"id":2772,"date":"2023-05-12T07:16:24","date_gmt":"2023-05-12T07:16:24","guid":{"rendered":"https:\/\/campobadajoz.es\/rueckgabe-und-erstattungsbedingungen\/"},"modified":"2023-08-01T05:36:43","modified_gmt":"2023-08-01T05:36:43","slug":"rueckgabe-und-erstattungsbedingungen","status":"publish","type":"page","link":"https:\/\/campobadajoz.es\/de\/rueckgabe-und-erstattungsbedingungen\/","title":{"rendered":"R\u00fcckgabe- und Erstattungsbedingungen"},"content":{"rendered":"&#13;\n<h2><strong>Informaci\u00f3n general<\/strong><\/h2>&#13;\n<p>Unsere Erstattungs- und R\u00fcckgabebestimmungen gelten f\u00fcr 30 Tage. Wenn seit Ihrem Kauf 30 Tage vergangen sind, k\u00f6nnen wir Ihnen keine vollst\u00e4ndige R\u00fcckerstattung oder keinen Umtausch anbieten.<\/p>&#13;\n<p>Um f\u00fcr eine R\u00fcckgabe in Frage zu kommen, muss der Artikel unbenutzt sein und sich in demselben Zustand befinden, in dem Sie ihn erhalten haben. Au\u00dferdem muss es in der Originalverpackung sein.<\/p>&#13;\n<p>Es gibt verschiedene Arten von Produkten, die nicht zur\u00fcckgegeben werden k\u00f6nnen. Verderbliche Waren wie Lebensmittel, Blumen, Zeitungen oder Zeitschriften k\u00f6nnen nicht zur\u00fcckgegeben werden. Wir nehmen auch keine Intim- oder Hygieneartikel, Gefahrgut oder brennbare Fl\u00fcssigkeiten oder Gase an.<\/p>&#13;\n<p><strong>Zus\u00e4tzliche nicht r\u00fcckgabef\u00e4hige Artikel:<\/strong><\/p>&#13;\n<p>Geschenkkarten<br\/>Herunterladbare Software-Produkte<br\/>Einige Artikel zur Gesundheits- und K\u00f6rperpflege<\/p>&#13;\n<p>Um Ihre R\u00fccksendung abzuschlie\u00dfen, ben\u00f6tigen wir eine Quittung oder einen Kaufbeleg.<\/p>&#13;\n<p>Schicken Sie Ihren Kauf nicht an den Hersteller.<\/p>&#13;\n<p><strong>Es gibt bestimmte Situationen, in denen nur Teilerstattungen gew\u00e4hrt werden:<\/strong><\/p>&#13;\n<p>Buch mit deutlichen Gebrauchsspuren<br\/>CD, DVD, VHS-Kassette, Software, Videospiel, Kassette oder Schallplatte, die ge\u00f6ffnet wurde.<br\/>Jeder Artikel, der sich nicht im Originalzustand befindet, besch\u00e4digt ist oder dem Teile aus Gr\u00fcnden fehlen, die nicht auf unseren Fehler zur\u00fcckzuf\u00fchren sind.<br\/>Jeder Artikel, der mehr als 30 Tage nach der Lieferung zur\u00fcckgegeben wird<\/p>&#13;\n&#13;\n<h2>Devoluciones<\/h2>&#13;\n<p>Sobald wir Ihre R\u00fccksendung erhalten und gepr\u00fcft haben, senden wir Ihnen eine E-Mail, um Sie dar\u00fcber zu informieren, dass wir Ihren zur\u00fcckgesandten Artikel erhalten haben. Wir werden Sie auch \u00fcber die Genehmigung oder Ablehnung Ihrer Erstattung informieren.<\/p>&#13;\n<p>Wird die Erstattung genehmigt, wird sie bearbeitet und innerhalb einer bestimmten Anzahl von Tagen automatisch auf Ihre urspr\u00fcngliche Kreditkarte oder Zahlungsmethode zur\u00fcckgebucht.<\/p>&#13;\n<p>\u00dcberf\u00e4llige oder nicht erhaltene R\u00fcckerstattungen<\/p>&#13;\n<p>Wenn Sie Ihre R\u00fcckerstattung noch nicht erhalten haben, \u00fcberpr\u00fcfen Sie bitte zun\u00e4chst Ihr Bankkonto.<\/p>&#13;\n<p>Wenden Sie sich dann an Ihr Kreditkartenunternehmen.<\/p>&#13;\n<p>Wenden Sie sich dann an Ihre Bank. Es dauert oft einige Zeit, bis die Erstattung gez\u00e4hlt wird.<\/p>&#13;\n<p>Wenn Sie all dies getan haben und Ihre R\u00fcckerstattung immer noch nicht erhalten haben, kontaktieren Sie uns bitte unter <a href=\"mailto:campobadajoz@campobadajoz.com\"><span class=\"elementor-icon-list-text\">campobadajoz@campobadajoz.com<\/span><\/a>.<\/p>&#13;\n<p>Angebotene Artikel<\/p>&#13;\n<p>Es werden nur Artikel zum regul\u00e4ren Preis erstattet. Die angebotenen Artikel sind nicht erstattungsf\u00e4hig.<\/p>&#13;\n&#13;\n<h2>Cambios<\/h2>&#13;\n<p>Wir tauschen nur Artikel um, wenn sie defekt oder besch\u00e4digt sind. Wenn Sie es gegen das gleiche Produkt umtauschen m\u00f6chten, senden Sie uns bitte eine E-Mail an <a href=\"mailto:campobadajoz@campobadajoz.com\"><span class=\"elementor-icon-list-text\">campobadajoz@campobadajoz.com<\/span><\/a> und senden Sie den Artikel an: Pol. Ind. Los Ca\u00f1os 06300 Zafra, Badajoz.<\/p>&#13;\n&#13;\n<h2><strong>Regalos<\/strong><\/h2>&#13;\n<p>Wenn der Artikel beim Kauf als Geschenk gekennzeichnet war und direkt an Sie versandt wurde, erhalten Sie eine Geschenkgutschrift in H\u00f6he des Wertes Ihrer R\u00fccksendung. Nach Erhalt der zur\u00fcckgesandten Ware wird Ihnen ein Geschenkgutschein zugeschickt.<\/p>&#13;\n<p>Wenn der Artikel zum Zeitpunkt des Kaufs nicht als Geschenk gekennzeichnet war oder wenn die Person, die das Geschenk gemacht hat, die Bestellung an sich selbst geschickt hat, um sie Ihnen zu einem sp\u00e4teren Zeitpunkt zukommen zu lassen, senden wir eine R\u00fcckerstattung an die Person, die das Geschenk gemacht hat, und sie wird \u00fcber Ihre R\u00fcckgabe informiert.<\/p>&#13;\n&#13;\n<h2>Env\u00edo de devoluciones<\/h2>&#13;\n<p>Um Ihr Produkt zur\u00fcckzusenden, m\u00fcssen Sie es per Post an Pol. Ind. Los Ca\u00f1os 06300 Zafra, Badajoz.<\/p>&#13;\n<p>Die Kosten f\u00fcr die R\u00fccksendung des Artikels m\u00fcssen Sie selbst tragen. Die Versandkosten sind nicht erstattungsf\u00e4hig. Wenn Sie eine R\u00fcckerstattung erhalten, werden die Kosten f\u00fcr den R\u00fcckversand von Ihrer R\u00fcckerstattung abgezogen.<\/p>&#13;\n<p>Je nachdem, wo Sie wohnen, kann es unterschiedlich lange dauern, bis das ausgetauschte Produkt bei Ihnen eintrifft.<\/p>&#13;\n<p>Wenn Sie teurere Artikel zur\u00fccksenden, k\u00f6nnen Sie einen verfolgbaren Versanddienst nutzen oder eine Versandversicherung abschlie\u00dfen. Wir garantieren nicht f\u00fcr den Erhalt der zur\u00fcckgesandten Ware.<\/p>&#13;\n&#13;\n<h2><strong>\u00bfNecesita ayuda?<\/strong><\/h2>&#13;\n<p>Bei Fragen zu Erstattungen und R\u00fcckgaben wenden Sie sich bitte an <a href=\"mailto:campobadajoz@campobadajoz.com\"><span class=\"elementor-icon-list-text\">campobadajoz@campobadajoz.com<\/span><\/a>.<\/p>&#13;\n","protected":false},"excerpt":{"rendered":"<p>&#13; Informaci\u00f3n general &#13; Unsere Erstattungs- und R\u00fcckgabebestimmungen gelten f\u00fcr 30 Tage. Wenn seit Ihrem Kauf 30 Tage vergangen sind, k\u00f6nnen wir Ihnen keine vollst\u00e4ndige R\u00fcckerstattung oder keinen Umtausch anbieten. &#13; Um f\u00fcr eine R\u00fcckgabe in Frage zu kommen, muss der Artikel unbenutzt sein und sich in demselben Zustand befinden, in dem Sie ihn erhalten [&hellip;]<\/p>\n","protected":false},"author":1,"featured_media":2162,"parent":0,"menu_order":0,"comment_status":"closed","ping_status":"closed","template":"","meta":{"_acf_changed":false,"footnotes":""},"class_list":["post-2772","page","type-page","status-publish","has-post-thumbnail","hentry"],"acf":[],"yoast_head":"<!-- This site is optimized with the Yoast SEO plugin v27.4 - https:\/\/yoast.com\/product\/yoast-seo-wordpress\/ -->\n<title>R\u00fcckgabe- und Erstattungsbedingungen - Campo Badajoz<\/title>\n<meta name=\"robots\" content=\"index, follow, max-snippet:-1, max-image-preview:large, max-video-preview:-1\" \/>\n<link rel=\"canonical\" href=\"https:\/\/campobadajoz.es\/de\/rueckgabe-und-erstattungsbedingungen\/\" \/>\n<meta property=\"og:locale\" content=\"de_DE\" \/>\n<meta property=\"og:type\" content=\"article\" \/>\n<meta property=\"og:title\" content=\"R\u00fcckgabe- und Erstattungsbedingungen - Campo Badajoz\" \/>\n<meta property=\"og:description\" content=\"&#013; Informaci\u00f3n general &#013; Unsere Erstattungs- und R\u00fcckgabebestimmungen gelten f\u00fcr 30 Tage. Wenn seit Ihrem Kauf 30 Tage vergangen sind, k\u00f6nnen wir Ihnen keine vollst\u00e4ndige R\u00fcckerstattung oder keinen Umtausch anbieten. &#013; Um f\u00fcr eine R\u00fcckgabe in Frage zu kommen, muss der Artikel unbenutzt sein und sich in demselben Zustand befinden, in dem Sie ihn erhalten [&hellip;]\" \/>\n<meta property=\"og:url\" content=\"https:\/\/campobadajoz.es\/de\/rueckgabe-und-erstattungsbedingungen\/\" \/>\n<meta property=\"og:site_name\" content=\"Campo Badajoz\" \/>\n<meta property=\"article:publisher\" content=\"https:\/\/www.facebook.com\/campobadajoz.ibericodecampo\/\" \/>\n<meta property=\"article:modified_time\" content=\"2023-08-01T05:36:43+00:00\" \/>\n<meta property=\"og:image\" content=\"https:\/\/campobadajoz.es\/wp-content\/uploads\/2023\/06\/AdobeStock_130650104-1-scaled.webp\" \/>\n\t<meta property=\"og:image:width\" content=\"2560\" \/>\n\t<meta property=\"og:image:height\" content=\"1707\" \/>\n\t<meta property=\"og:image:type\" content=\"image\/webp\" \/>\n<meta name=\"twitter:card\" content=\"summary_large_image\" \/>\n<meta name=\"twitter:site\" content=\"@jamonibericos\" \/>\n<meta name=\"twitter:label1\" content=\"Gesch\u00e4tzte Lesezeit\" \/>\n\t<meta name=\"twitter:data1\" content=\"3\u00a0Minuten\" \/>\n<script type=\"application\/ld+json\" class=\"yoast-schema-graph\">{\"@context\":\"https:\\\/\\\/schema.org\",\"@graph\":[{\"@type\":\"WebPage\",\"@id\":\"https:\\\/\\\/campobadajoz.es\\\/de\\\/rueckgabe-und-erstattungsbedingungen\\\/\",\"url\":\"https:\\\/\\\/campobadajoz.es\\\/de\\\/rueckgabe-und-erstattungsbedingungen\\\/\",\"name\":\"R\u00fcckgabe- und Erstattungsbedingungen - Campo Badajoz\",\"isPartOf\":{\"@id\":\"https:\\\/\\\/campobadajoz.es\\\/de\\\/#website\"},\"primaryImageOfPage\":{\"@id\":\"https:\\\/\\\/campobadajoz.es\\\/de\\\/rueckgabe-und-erstattungsbedingungen\\\/#primaryimage\"},\"image\":{\"@id\":\"https:\\\/\\\/campobadajoz.es\\\/de\\\/rueckgabe-und-erstattungsbedingungen\\\/#primaryimage\"},\"thumbnailUrl\":\"https:\\\/\\\/campobadajoz.es\\\/wp-content\\\/uploads\\\/2023\\\/06\\\/AdobeStock_130650104-1-scaled.webp\",\"datePublished\":\"2023-05-12T07:16:24+00:00\",\"dateModified\":\"2023-08-01T05:36:43+00:00\",\"breadcrumb\":{\"@id\":\"https:\\\/\\\/campobadajoz.es\\\/de\\\/rueckgabe-und-erstattungsbedingungen\\\/#breadcrumb\"},\"inLanguage\":\"de\",\"potentialAction\":[{\"@type\":\"ReadAction\",\"target\":[\"https:\\\/\\\/campobadajoz.es\\\/de\\\/rueckgabe-und-erstattungsbedingungen\\\/\"]}]},{\"@type\":\"ImageObject\",\"inLanguage\":\"de\",\"@id\":\"https:\\\/\\\/campobadajoz.es\\\/de\\\/rueckgabe-und-erstattungsbedingungen\\\/#primaryimage\",\"url\":\"https:\\\/\\\/campobadajoz.es\\\/wp-content\\\/uploads\\\/2023\\\/06\\\/AdobeStock_130650104-1-scaled.webp\",\"contentUrl\":\"https:\\\/\\\/campobadajoz.es\\\/wp-content\\\/uploads\\\/2023\\\/06\\\/AdobeStock_130650104-1-scaled.webp\",\"width\":2560,\"height\":1707,\"caption\":\"Dehesa Extreme\u00f1a Cerdos\"},{\"@type\":\"BreadcrumbList\",\"@id\":\"https:\\\/\\\/campobadajoz.es\\\/de\\\/rueckgabe-und-erstattungsbedingungen\\\/#breadcrumb\",\"itemListElement\":[{\"@type\":\"ListItem\",\"position\":1,\"name\":\"Portada\",\"item\":\"https:\\\/\\\/campobadajoz.es\\\/de\\\/\"},{\"@type\":\"ListItem\",\"position\":2,\"name\":\"R\u00fcckgabe- und Erstattungsbedingungen\"}]},{\"@type\":\"WebSite\",\"@id\":\"https:\\\/\\\/campobadajoz.es\\\/de\\\/#website\",\"url\":\"https:\\\/\\\/campobadajoz.es\\\/de\\\/\",\"name\":\"Campo Badajoz\",\"description\":\"Productos ib\u00e9ricos de calidad\",\"publisher\":{\"@id\":\"https:\\\/\\\/campobadajoz.es\\\/de\\\/#organization\"},\"potentialAction\":[{\"@type\":\"SearchAction\",\"target\":{\"@type\":\"EntryPoint\",\"urlTemplate\":\"https:\\\/\\\/campobadajoz.es\\\/de\\\/?s={search_term_string}\"},\"query-input\":{\"@type\":\"PropertyValueSpecification\",\"valueRequired\":true,\"valueName\":\"search_term_string\"}}],\"inLanguage\":\"de\"},{\"@type\":\"Organization\",\"@id\":\"https:\\\/\\\/campobadajoz.es\\\/de\\\/#organization\",\"name\":\"Campo Badajoz\",\"url\":\"https:\\\/\\\/campobadajoz.es\\\/de\\\/\",\"logo\":{\"@type\":\"ImageObject\",\"inLanguage\":\"de\",\"@id\":\"https:\\\/\\\/campobadajoz.es\\\/de\\\/#\\\/schema\\\/logo\\\/image\\\/\",\"url\":\"https:\\\/\\\/campobadajoz.es\\\/wp-content\\\/uploads\\\/2023\\\/05\\\/logo_blanco_png-1.webp\",\"contentUrl\":\"https:\\\/\\\/campobadajoz.es\\\/wp-content\\\/uploads\\\/2023\\\/05\\\/logo_blanco_png-1.webp\",\"width\":800,\"height\":800,\"caption\":\"Campo Badajoz\"},\"image\":{\"@id\":\"https:\\\/\\\/campobadajoz.es\\\/de\\\/#\\\/schema\\\/logo\\\/image\\\/\"},\"sameAs\":[\"https:\\\/\\\/www.facebook.com\\\/campobadajoz.ibericodecampo\\\/\",\"https:\\\/\\\/x.com\\\/jamonibericos\",\"https:\\\/\\\/www.linkedin.com\\\/company\\\/campo-&-badajoz\\\/about\\\/\",\"https:\\\/\\\/www.instagram.com\\\/campobadajoz\\\/\"]}]}<\/script>\n<!-- \/ Yoast SEO plugin. -->","yoast_head_json":{"title":"R\u00fcckgabe- und Erstattungsbedingungen - Campo Badajoz","robots":{"index":"index","follow":"follow","max-snippet":"max-snippet:-1","max-image-preview":"max-image-preview:large","max-video-preview":"max-video-preview:-1"},"canonical":"https:\/\/campobadajoz.es\/de\/rueckgabe-und-erstattungsbedingungen\/","og_locale":"de_DE","og_type":"article","og_title":"R\u00fcckgabe- und Erstattungsbedingungen - Campo Badajoz","og_description":"&#13; Informaci\u00f3n general &#13; Unsere Erstattungs- und R\u00fcckgabebestimmungen gelten f\u00fcr 30 Tage. Wenn seit Ihrem Kauf 30 Tage vergangen sind, k\u00f6nnen wir Ihnen keine vollst\u00e4ndige R\u00fcckerstattung oder keinen Umtausch anbieten. &#13; Um f\u00fcr eine R\u00fcckgabe in Frage zu kommen, muss der Artikel unbenutzt sein und sich in demselben Zustand befinden, in dem Sie ihn erhalten [&hellip;]","og_url":"https:\/\/campobadajoz.es\/de\/rueckgabe-und-erstattungsbedingungen\/","og_site_name":"Campo Badajoz","article_publisher":"https:\/\/www.facebook.com\/campobadajoz.ibericodecampo\/","article_modified_time":"2023-08-01T05:36:43+00:00","og_image":[{"width":2560,"height":1707,"url":"https:\/\/campobadajoz.es\/wp-content\/uploads\/2023\/06\/AdobeStock_130650104-1-scaled.webp","type":"image\/webp"}],"twitter_card":"summary_large_image","twitter_site":"@jamonibericos","twitter_misc":{"Gesch\u00e4tzte Lesezeit":"3\u00a0Minuten"},"schema":{"@context":"https:\/\/schema.org","@graph":[{"@type":"WebPage","@id":"https:\/\/campobadajoz.es\/de\/rueckgabe-und-erstattungsbedingungen\/","url":"https:\/\/campobadajoz.es\/de\/rueckgabe-und-erstattungsbedingungen\/","name":"R\u00fcckgabe- und Erstattungsbedingungen - Campo Badajoz","isPartOf":{"@id":"https:\/\/campobadajoz.es\/de\/#website"},"primaryImageOfPage":{"@id":"https:\/\/campobadajoz.es\/de\/rueckgabe-und-erstattungsbedingungen\/#primaryimage"},"image":{"@id":"https:\/\/campobadajoz.es\/de\/rueckgabe-und-erstattungsbedingungen\/#primaryimage"},"thumbnailUrl":"https:\/\/campobadajoz.es\/wp-content\/uploads\/2023\/06\/AdobeStock_130650104-1-scaled.webp","datePublished":"2023-05-12T07:16:24+00:00","dateModified":"2023-08-01T05:36:43+00:00","breadcrumb":{"@id":"https:\/\/campobadajoz.es\/de\/rueckgabe-und-erstattungsbedingungen\/#breadcrumb"},"inLanguage":"de","potentialAction":[{"@type":"ReadAction","target":["https:\/\/campobadajoz.es\/de\/rueckgabe-und-erstattungsbedingungen\/"]}]},{"@type":"ImageObject","inLanguage":"de","@id":"https:\/\/campobadajoz.es\/de\/rueckgabe-und-erstattungsbedingungen\/#primaryimage","url":"https:\/\/campobadajoz.es\/wp-content\/uploads\/2023\/06\/AdobeStock_130650104-1-scaled.webp","contentUrl":"https:\/\/campobadajoz.es\/wp-content\/uploads\/2023\/06\/AdobeStock_130650104-1-scaled.webp","width":2560,"height":1707,"caption":"Dehesa Extreme\u00f1a Cerdos"},{"@type":"BreadcrumbList","@id":"https:\/\/campobadajoz.es\/de\/rueckgabe-und-erstattungsbedingungen\/#breadcrumb","itemListElement":[{"@type":"ListItem","position":1,"name":"Portada","item":"https:\/\/campobadajoz.es\/de\/"},{"@type":"ListItem","position":2,"name":"R\u00fcckgabe- und Erstattungsbedingungen"}]},{"@type":"WebSite","@id":"https:\/\/campobadajoz.es\/de\/#website","url":"https:\/\/campobadajoz.es\/de\/","name":"Campo Badajoz","description":"Productos ib\u00e9ricos de calidad","publisher":{"@id":"https:\/\/campobadajoz.es\/de\/#organization"},"potentialAction":[{"@type":"SearchAction","target":{"@type":"EntryPoint","urlTemplate":"https:\/\/campobadajoz.es\/de\/?s={search_term_string}"},"query-input":{"@type":"PropertyValueSpecification","valueRequired":true,"valueName":"search_term_string"}}],"inLanguage":"de"},{"@type":"Organization","@id":"https:\/\/campobadajoz.es\/de\/#organization","name":"Campo Badajoz","url":"https:\/\/campobadajoz.es\/de\/","logo":{"@type":"ImageObject","inLanguage":"de","@id":"https:\/\/campobadajoz.es\/de\/#\/schema\/logo\/image\/","url":"https:\/\/campobadajoz.es\/wp-content\/uploads\/2023\/05\/logo_blanco_png-1.webp","contentUrl":"https:\/\/campobadajoz.es\/wp-content\/uploads\/2023\/05\/logo_blanco_png-1.webp","width":800,"height":800,"caption":"Campo Badajoz"},"image":{"@id":"https:\/\/campobadajoz.es\/de\/#\/schema\/logo\/image\/"},"sameAs":["https:\/\/www.facebook.com\/campobadajoz.ibericodecampo\/","https:\/\/x.com\/jamonibericos","https:\/\/www.linkedin.com\/company\/campo-&-badajoz\/about\/","https:\/\/www.instagram.com\/campobadajoz\/"]}]}},"_links":{"self":[{"href":"https:\/\/campobadajoz.es\/de\/wp-json\/wp\/v2\/pages\/2772","targetHints":{"allow":["GET"]}}],"collection":[{"href":"https:\/\/campobadajoz.es\/de\/wp-json\/wp\/v2\/pages"}],"about":[{"href":"https:\/\/campobadajoz.es\/de\/wp-json\/wp\/v2\/types\/page"}],"author":[{"embeddable":true,"href":"https:\/\/campobadajoz.es\/de\/wp-json\/wp\/v2\/users\/1"}],"replies":[{"embeddable":true,"href":"https:\/\/campobadajoz.es\/de\/wp-json\/wp\/v2\/comments?post=2772"}],"version-history":[{"count":0,"href":"https:\/\/campobadajoz.es\/de\/wp-json\/wp\/v2\/pages\/2772\/revisions"}],"wp:featuredmedia":[{"embeddable":true,"href":"https:\/\/campobadajoz.es\/de\/wp-json\/wp\/v2\/media\/2162"}],"wp:attachment":[{"href":"https:\/\/campobadajoz.es\/de\/wp-json\/wp\/v2\/media?parent=2772"}],"curies":[{"name":"wp","href":"https:\/\/api.w.org\/{rel}","templated":true}]}}