{"id":3867,"date":"2023-08-30T06:26:15","date_gmt":"2023-08-30T06:26:15","guid":{"rendered":"https:\/\/campobadajoz.es\/producto\/paleta-bellota-100-iberico\/"},"modified":"2023-10-25T11:12:44","modified_gmt":"2023-10-25T11:12:44","slug":"paleta-bellota-100-iberico","status":"publish","type":"product","link":"https:\/\/campobadajoz.es\/de\/producto\/paleta-bellota-100-iberico\/","title":{"rendered":"PALETA BELLOTA 100% IB\u00c9RICA"},"content":{"rendered":"<p>Jede Schulter wird sorgf\u00e4ltig ausgew\u00e4hlt, um die h\u00f6chste Qualit\u00e4t unseres Fleisches zu garantieren. Die Schulter mit Knochen bringt eine gr\u00f6\u00dfere Geschmacksintensit\u00e4t und eine einzigartige Textur mit sich und sorgt f\u00fcr ein authentisches und traditionelles kulinarisches Erlebnis.<\/p>\n<p>Unsere Schinkenmeister halten sich strikt an das traditionelle Reifeverfahren und lassen die Schulter unter optimalen Bedingungen langsam reifen. Dieser nat\u00fcrliche Reifungsprozess sorgt f\u00fcr eine zarte, saftige Textur und eine perfekte Kombination von Geschmack und Aroma.<\/p>\n<p>Die iberische Schulter am Knochen ist perfekt f\u00fcr alle, die die Essenz der iberischen K\u00fcche kennenlernen m\u00f6chten. Sein ausgewogener und tiefer Geschmack wird durch eine Fettinfiltration erg\u00e4nzt, die ihm eine unvergleichliche Geschmeidigkeit verleiht.<\/p>\n<p>Genie\u00dfen Sie unseren iberischen Vorderschinken mit Knochen in d\u00fcnnen Scheiben, der Ihre Sinne mit seinem Geschmack und seiner Textur erfreut. Diese Palette eignet sich ideal zur Begleitung von Wurstplatten, zur Kreation von Gourmet-Tapas oder einfach nur zur Verkostung &#8211; sie wird auch die anspruchsvollsten Gaumen begeistern.<\/p>\n<p>Tauchen Sie ein in die Tradition und Qualit\u00e4t unserer iberischen Schulter am Knochen und lassen Sie sich von der Magie der authentischen spanischen K\u00fcche verf\u00fchren. Ein wahrer kulinarischer Schatz, der Sie in die einzigartigen Geschm\u00e4cker und Aromen der iberischen Dehesa entf\u00fchren wird.<\/p>\n","protected":false},"excerpt":{"rendered":"<h3 style=\"text-align: justify\"><span style=\"font-family: 'times new roman', times, serif;font-size: 12pt\"><em>Nuestra <strong>Paleta de Bellota 100%<\/strong> es un verdadero tesoro culinario. Nacida de la crianza meticulosa de cerdos ib\u00e9ricos puros alimentados con bellota, es una de las imprescindibles para disfrutar en cualquier ocasi\u00f3n. <\/em><\/span><\/h3>\n","protected":false},"featured_media":8086,"comment_status":"open","ping_status":"closed","template":"","meta":{"_acf_changed":false},"product_brand":[],"product_cat":[418],"product_tag":[],"class_list":{"0":"post-3867","1":"product","2":"type-product","3":"status-publish","4":"has-post-thumbnail","6":"product_cat-schinken-und-schulter-am-knochen","7":"pa_peso-450-500-kg-de","8":"pa_peso-500-550-kg-de","9":"pa_peso-550-600-kg-de","10":"pa_peso-600-650-kg-de","12":"first","13":"instock","14":"taxable","15":"shipping-taxable","16":"product-type-variable"},"acf":[],"yoast_head":"<!-- This site is optimized with the Yoast SEO plugin v27.4 - https:\/\/yoast.com\/product\/yoast-seo-wordpress\/ -->\n<title>PALETA BELLOTA 100% IB\u00c9RICA - Campo Badajoz<\/title>\n<meta name=\"robots\" content=\"index, follow, max-snippet:-1, max-image-preview:large, max-video-preview:-1\" \/>\n<link rel=\"canonical\" href=\"https:\/\/campobadajoz.es\/de\/producto\/paleta-bellota-100-iberico\/\" \/>\n<meta property=\"og:locale\" content=\"de_DE\" \/>\n<meta property=\"og:type\" content=\"article\" \/>\n<meta property=\"og:title\" content=\"PALETA BELLOTA 100% IB\u00c9RICA - Campo Badajoz\" \/>\n<meta property=\"og:description\" content=\"Nuestra Paleta de Bellota 100% es un verdadero tesoro culinario. Nacida de la crianza meticulosa de cerdos ib\u00e9ricos puros alimentados con bellota, es una de las imprescindibles para disfrutar en cualquier ocasi\u00f3n.\" \/>\n<meta property=\"og:url\" content=\"https:\/\/campobadajoz.es\/de\/producto\/paleta-bellota-100-iberico\/\" \/>\n<meta property=\"og:site_name\" content=\"Campo Badajoz\" \/>\n<meta property=\"article:publisher\" content=\"https:\/\/www.facebook.com\/campobadajoz.ibericodecampo\/\" \/>\n<meta property=\"article:modified_time\" content=\"2023-10-25T11:12:44+00:00\" \/>\n<meta property=\"og:image\" content=\"https:\/\/campobadajoz.es\/wp-content\/uploads\/2023\/08\/RLF3520-Editar-1.jpg\" \/>\n\t<meta property=\"og:image:width\" content=\"1575\" \/>\n\t<meta property=\"og:image:height\" content=\"2362\" \/>\n\t<meta property=\"og:image:type\" content=\"image\/jpeg\" \/>\n<meta name=\"twitter:card\" content=\"summary_large_image\" \/>\n<meta name=\"twitter:site\" content=\"@jamonibericos\" \/>\n<meta name=\"twitter:label1\" content=\"Gesch\u00e4tzte Lesezeit\" \/>\n\t<meta name=\"twitter:data1\" content=\"1\u00a0Minute\" \/>\n<script type=\"application\/ld+json\" class=\"yoast-schema-graph\">{\"@context\":\"https:\\\/\\\/schema.org\",\"@graph\":[{\"@type\":\"WebPage\",\"@id\":\"https:\\\/\\\/campobadajoz.es\\\/de\\\/producto\\\/paleta-bellota-100-iberico\\\/\",\"url\":\"https:\\\/\\\/campobadajoz.es\\\/de\\\/producto\\\/paleta-bellota-100-iberico\\\/\",\"name\":\"PALETA BELLOTA 100% IB\u00c9RICA - Campo Badajoz\",\"isPartOf\":{\"@id\":\"https:\\\/\\\/campobadajoz.es\\\/de\\\/#website\"},\"primaryImageOfPage\":{\"@id\":\"https:\\\/\\\/campobadajoz.es\\\/de\\\/producto\\\/paleta-bellota-100-iberico\\\/#primaryimage\"},\"image\":{\"@id\":\"https:\\\/\\\/campobadajoz.es\\\/de\\\/producto\\\/paleta-bellota-100-iberico\\\/#primaryimage\"},\"thumbnailUrl\":\"https:\\\/\\\/campobadajoz.es\\\/wp-content\\\/uploads\\\/2023\\\/08\\\/Paleta.jpg\",\"datePublished\":\"2023-08-30T06:26:15+00:00\",\"dateModified\":\"2023-10-25T11:12:44+00:00\",\"breadcrumb\":{\"@id\":\"https:\\\/\\\/campobadajoz.es\\\/de\\\/producto\\\/paleta-bellota-100-iberico\\\/#breadcrumb\"},\"inLanguage\":\"de\",\"potentialAction\":[{\"@type\":\"ReadAction\",\"target\":[\"https:\\\/\\\/campobadajoz.es\\\/de\\\/producto\\\/paleta-bellota-100-iberico\\\/\"]}]},{\"@type\":\"ImageObject\",\"inLanguage\":\"de\",\"@id\":\"https:\\\/\\\/campobadajoz.es\\\/de\\\/producto\\\/paleta-bellota-100-iberico\\\/#primaryimage\",\"url\":\"https:\\\/\\\/campobadajoz.es\\\/wp-content\\\/uploads\\\/2023\\\/08\\\/Paleta.jpg\",\"contentUrl\":\"https:\\\/\\\/campobadajoz.es\\\/wp-content\\\/uploads\\\/2023\\\/08\\\/Paleta.jpg\",\"width\":916,\"height\":928},{\"@type\":\"BreadcrumbList\",\"@id\":\"https:\\\/\\\/campobadajoz.es\\\/de\\\/producto\\\/paleta-bellota-100-iberico\\\/#breadcrumb\",\"itemListElement\":[{\"@type\":\"ListItem\",\"position\":1,\"name\":\"Portada\",\"item\":\"https:\\\/\\\/campobadajoz.es\\\/de\\\/\"},{\"@type\":\"ListItem\",\"position\":2,\"name\":\"Produkte\",\"item\":\"https:\\\/\\\/campobadajoz.es\\\/de\\\/shop\\\/\"},{\"@type\":\"ListItem\",\"position\":3,\"name\":\"PALETA BELLOTA 100% IB\u00c9RICA\"}]},{\"@type\":\"WebSite\",\"@id\":\"https:\\\/\\\/campobadajoz.es\\\/de\\\/#website\",\"url\":\"https:\\\/\\\/campobadajoz.es\\\/de\\\/\",\"name\":\"Campo Badajoz\",\"description\":\"Productos ib\u00e9ricos de calidad\",\"publisher\":{\"@id\":\"https:\\\/\\\/campobadajoz.es\\\/de\\\/#organization\"},\"potentialAction\":[{\"@type\":\"SearchAction\",\"target\":{\"@type\":\"EntryPoint\",\"urlTemplate\":\"https:\\\/\\\/campobadajoz.es\\\/de\\\/?s={search_term_string}\"},\"query-input\":{\"@type\":\"PropertyValueSpecification\",\"valueRequired\":true,\"valueName\":\"search_term_string\"}}],\"inLanguage\":\"de\"},{\"@type\":\"Organization\",\"@id\":\"https:\\\/\\\/campobadajoz.es\\\/de\\\/#organization\",\"name\":\"Campo Badajoz\",\"url\":\"https:\\\/\\\/campobadajoz.es\\\/de\\\/\",\"logo\":{\"@type\":\"ImageObject\",\"inLanguage\":\"de\",\"@id\":\"https:\\\/\\\/campobadajoz.es\\\/de\\\/#\\\/schema\\\/logo\\\/image\\\/\",\"url\":\"https:\\\/\\\/campobadajoz.es\\\/wp-content\\\/uploads\\\/2023\\\/05\\\/logo_blanco_png-1.webp\",\"contentUrl\":\"https:\\\/\\\/campobadajoz.es\\\/wp-content\\\/uploads\\\/2023\\\/05\\\/logo_blanco_png-1.webp\",\"width\":800,\"height\":800,\"caption\":\"Campo Badajoz\"},\"image\":{\"@id\":\"https:\\\/\\\/campobadajoz.es\\\/de\\\/#\\\/schema\\\/logo\\\/image\\\/\"},\"sameAs\":[\"https:\\\/\\\/www.facebook.com\\\/campobadajoz.ibericodecampo\\\/\",\"https:\\\/\\\/x.com\\\/jamonibericos\",\"https:\\\/\\\/www.linkedin.com\\\/company\\\/campo-&-badajoz\\\/about\\\/\",\"https:\\\/\\\/www.instagram.com\\\/campobadajoz\\\/\"]}]}<\/script>\n<!-- \/ Yoast SEO plugin. -->","yoast_head_json":{"title":"PALETA BELLOTA 100% IB\u00c9RICA - Campo Badajoz","robots":{"index":"index","follow":"follow","max-snippet":"max-snippet:-1","max-image-preview":"max-image-preview:large","max-video-preview":"max-video-preview:-1"},"canonical":"https:\/\/campobadajoz.es\/de\/producto\/paleta-bellota-100-iberico\/","og_locale":"de_DE","og_type":"article","og_title":"PALETA BELLOTA 100% IB\u00c9RICA - Campo Badajoz","og_description":"Nuestra Paleta de Bellota 100% es un verdadero tesoro culinario. Nacida de la crianza meticulosa de cerdos ib\u00e9ricos puros alimentados con bellota, es una de las imprescindibles para disfrutar en cualquier ocasi\u00f3n.","og_url":"https:\/\/campobadajoz.es\/de\/producto\/paleta-bellota-100-iberico\/","og_site_name":"Campo Badajoz","article_publisher":"https:\/\/www.facebook.com\/campobadajoz.ibericodecampo\/","article_modified_time":"2023-10-25T11:12:44+00:00","og_image":[{"width":1575,"height":2362,"url":"https:\/\/campobadajoz.es\/wp-content\/uploads\/2023\/08\/RLF3520-Editar-1.jpg","type":"image\/jpeg"}],"twitter_card":"summary_large_image","twitter_site":"@jamonibericos","twitter_misc":{"Gesch\u00e4tzte Lesezeit":"1\u00a0Minute"},"schema":{"@context":"https:\/\/schema.org","@graph":[{"@type":"WebPage","@id":"https:\/\/campobadajoz.es\/de\/producto\/paleta-bellota-100-iberico\/","url":"https:\/\/campobadajoz.es\/de\/producto\/paleta-bellota-100-iberico\/","name":"PALETA BELLOTA 100% IB\u00c9RICA - Campo Badajoz","isPartOf":{"@id":"https:\/\/campobadajoz.es\/de\/#website"},"primaryImageOfPage":{"@id":"https:\/\/campobadajoz.es\/de\/producto\/paleta-bellota-100-iberico\/#primaryimage"},"image":{"@id":"https:\/\/campobadajoz.es\/de\/producto\/paleta-bellota-100-iberico\/#primaryimage"},"thumbnailUrl":"https:\/\/campobadajoz.es\/wp-content\/uploads\/2023\/08\/Paleta.jpg","datePublished":"2023-08-30T06:26:15+00:00","dateModified":"2023-10-25T11:12:44+00:00","breadcrumb":{"@id":"https:\/\/campobadajoz.es\/de\/producto\/paleta-bellota-100-iberico\/#breadcrumb"},"inLanguage":"de","potentialAction":[{"@type":"ReadAction","target":["https:\/\/campobadajoz.es\/de\/producto\/paleta-bellota-100-iberico\/"]}]},{"@type":"ImageObject","inLanguage":"de","@id":"https:\/\/campobadajoz.es\/de\/producto\/paleta-bellota-100-iberico\/#primaryimage","url":"https:\/\/campobadajoz.es\/wp-content\/uploads\/2023\/08\/Paleta.jpg","contentUrl":"https:\/\/campobadajoz.es\/wp-content\/uploads\/2023\/08\/Paleta.jpg","width":916,"height":928},{"@type":"BreadcrumbList","@id":"https:\/\/campobadajoz.es\/de\/producto\/paleta-bellota-100-iberico\/#breadcrumb","itemListElement":[{"@type":"ListItem","position":1,"name":"Portada","item":"https:\/\/campobadajoz.es\/de\/"},{"@type":"ListItem","position":2,"name":"Produkte","item":"https:\/\/campobadajoz.es\/de\/shop\/"},{"@type":"ListItem","position":3,"name":"PALETA BELLOTA 100% IB\u00c9RICA"}]},{"@type":"WebSite","@id":"https:\/\/campobadajoz.es\/de\/#website","url":"https:\/\/campobadajoz.es\/de\/","name":"Campo Badajoz","description":"Productos ib\u00e9ricos de calidad","publisher":{"@id":"https:\/\/campobadajoz.es\/de\/#organization"},"potentialAction":[{"@type":"SearchAction","target":{"@type":"EntryPoint","urlTemplate":"https:\/\/campobadajoz.es\/de\/?s={search_term_string}"},"query-input":{"@type":"PropertyValueSpecification","valueRequired":true,"valueName":"search_term_string"}}],"inLanguage":"de"},{"@type":"Organization","@id":"https:\/\/campobadajoz.es\/de\/#organization","name":"Campo Badajoz","url":"https:\/\/campobadajoz.es\/de\/","logo":{"@type":"ImageObject","inLanguage":"de","@id":"https:\/\/campobadajoz.es\/de\/#\/schema\/logo\/image\/","url":"https:\/\/campobadajoz.es\/wp-content\/uploads\/2023\/05\/logo_blanco_png-1.webp","contentUrl":"https:\/\/campobadajoz.es\/wp-content\/uploads\/2023\/05\/logo_blanco_png-1.webp","width":800,"height":800,"caption":"Campo Badajoz"},"image":{"@id":"https:\/\/campobadajoz.es\/de\/#\/schema\/logo\/image\/"},"sameAs":["https:\/\/www.facebook.com\/campobadajoz.ibericodecampo\/","https:\/\/x.com\/jamonibericos","https:\/\/www.linkedin.com\/company\/campo-&-badajoz\/about\/","https:\/\/www.instagram.com\/campobadajoz\/"]}]}},"_links":{"self":[{"href":"https:\/\/campobadajoz.es\/de\/wp-json\/wp\/v2\/product\/3867","targetHints":{"allow":["GET"]}}],"collection":[{"href":"https:\/\/campobadajoz.es\/de\/wp-json\/wp\/v2\/product"}],"about":[{"href":"https:\/\/campobadajoz.es\/de\/wp-json\/wp\/v2\/types\/product"}],"replies":[{"embeddable":true,"href":"https:\/\/campobadajoz.es\/de\/wp-json\/wp\/v2\/comments?post=3867"}],"version-history":[{"count":1,"href":"https:\/\/campobadajoz.es\/de\/wp-json\/wp\/v2\/product\/3867\/revisions"}],"predecessor-version":[{"id":6938,"href":"https:\/\/campobadajoz.es\/de\/wp-json\/wp\/v2\/product\/3867\/revisions\/6938"}],"wp:featuredmedia":[{"embeddable":true,"href":"https:\/\/campobadajoz.es\/de\/wp-json\/wp\/v2\/media\/8086"}],"wp:attachment":[{"href":"https:\/\/campobadajoz.es\/de\/wp-json\/wp\/v2\/media?parent=3867"}],"wp:term":[{"taxonomy":"product_brand","embeddable":true,"href":"https:\/\/campobadajoz.es\/de\/wp-json\/wp\/v2\/product_brand?post=3867"},{"taxonomy":"product_cat","embeddable":true,"href":"https:\/\/campobadajoz.es\/de\/wp-json\/wp\/v2\/product_cat?post=3867"},{"taxonomy":"product_tag","embeddable":true,"href":"https:\/\/campobadajoz.es\/de\/wp-json\/wp\/v2\/product_tag?post=3867"}],"curies":[{"name":"wp","href":"https:\/\/api.w.org\/{rel}","templated":true}]}}