{"id":3942,"date":"2023-08-30T07:10:38","date_gmt":"2023-08-30T07:10:38","guid":{"rendered":"https:\/\/campobadajoz.es\/producto\/jamon-campo-badajoz-deshuesado\/"},"modified":"2023-10-25T12:20:05","modified_gmt":"2023-10-25T12:20:05","slug":"jamon-campo-badajoz-deshuesado","status":"publish","type":"product","link":"https:\/\/campobadajoz.es\/de\/producto\/jamon-campo-badajoz-deshuesado\/","title":{"rendered":"JAM\u00d3N CAMPO BADAJOZ DESHUESADO"},"content":{"rendered":"<p>Jede Scheibe des iberischen Schinkens ohne Knochen ist ein Genuss f\u00fcr die Sinne. Seine tiefrote Farbe und seine Marmorierung aus eingearbeitetem Fett sorgen f\u00fcr ein einzigartiges Geschmackserlebnis. Jeder Schluck offenbart eine Kombination aus weichen und tiefen Aromen, mit s\u00fc\u00dfen und salzigen Noten, die sich langsam am Gaumen entfalten.<\/p>\n<p>Dieser iberische Schinken ohne Knochen ist die perfekte Beilage f\u00fcr jede Gelegenheit. Sie k\u00f6nnen ihn als Teil einer Wurstplatte, in Gourmet-Sandwiches oder sogar als Hauptzutat in Gerichten der Haute Cuisine genie\u00dfen. Dank seiner Vielseitigkeit k\u00f6nnen Sie Ihrer kulinarischen Kreativit\u00e4t freien Lauf lassen und Ihre G\u00e4ste mit k\u00f6stlichen Zubereitungen \u00fcberraschen.<\/p>\n<p>Das Entbeinen des iberischen Schinkens erfordert Geschick und Pr\u00e4zision, und unsere erfahrenen Schinkenmeister sind daf\u00fcr verantwortlich, dass es mit Sorgfalt und Respekt f\u00fcr die Qualit\u00e4t des Produkts durchgef\u00fchrt wird. Jede Scheibe ist vakuumverpackt, um ihre Frische zu garantieren und alle organoleptischen Eigenschaften zu erhalten.<\/p>\n<p>Entdecken Sie die Vorz\u00fcge des iberischen Schinkens ohne Knochen und tauchen Sie ein in ein einzigartiges Gourmet-Erlebnis. Genie\u00dfen Sie seinen au\u00dfergew\u00f6hnlichen Geschmack und seine zarte Textur, und lassen Sie sich von einem der am meisten gesch\u00e4tzten kulinarischen Sch\u00e4tze der spanischen Gastronomie verzaubern.<\/p>\n","protected":false},"excerpt":{"rendered":"<h3 style=\"text-align: justify;\"><span style=\"font-family: 'times new roman', times, serif; font-size: 12pt;\"><em>Nuestra pieza imprescindible de la marca <strong>CAMPO BADAJOZ<\/strong>, ahora puedes adquirirlo deshuesado.<\/em><\/span><span style=\"font-family: 'times new roman', times, serif; font-size: 12pt;\"><em>Adquiera esta pieza para sacarle el m\u00e1ximo rendimiento.<\/em><\/span><\/h3>\n","protected":false},"featured_media":6389,"comment_status":"open","ping_status":"closed","template":"","meta":{"_acf_changed":false},"product_brand":[],"product_cat":[425],"product_tag":[],"class_list":{"0":"post-3942","1":"product","2":"type-product","3":"status-publish","4":"has-post-thumbnail","6":"product_cat-jamon-y-paleta-sin-hueso-de","8":"first","9":"instock","10":"taxable","11":"shipping-taxable","12":"product-type-simple"},"acf":[],"yoast_head":"<!-- This site is optimized with the Yoast SEO plugin v27.4 - https:\/\/yoast.com\/product\/yoast-seo-wordpress\/ -->\n<title>JAM\u00d3N CAMPO BADAJOZ DESHUESADO - Campo Badajoz<\/title>\n<meta name=\"robots\" content=\"index, follow, max-snippet:-1, max-image-preview:large, max-video-preview:-1\" \/>\n<link rel=\"canonical\" href=\"https:\/\/campobadajoz.es\/de\/producto\/jamon-campo-badajoz-deshuesado\/\" \/>\n<meta property=\"og:locale\" content=\"de_DE\" \/>\n<meta property=\"og:type\" content=\"article\" \/>\n<meta property=\"og:title\" content=\"JAM\u00d3N CAMPO BADAJOZ DESHUESADO - Campo Badajoz\" \/>\n<meta property=\"og:description\" content=\"Nuestra pieza imprescindible de la marca CAMPO BADAJOZ, ahora puedes adquirirlo deshuesado.Adquiera esta pieza para sacarle el m\u00e1ximo rendimiento.\" \/>\n<meta property=\"og:url\" content=\"https:\/\/campobadajoz.es\/de\/producto\/jamon-campo-badajoz-deshuesado\/\" \/>\n<meta property=\"og:site_name\" content=\"Campo Badajoz\" \/>\n<meta property=\"article:publisher\" content=\"https:\/\/www.facebook.com\/campobadajoz.ibericodecampo\/\" \/>\n<meta property=\"article:modified_time\" content=\"2023-10-25T12:20:05+00:00\" \/>\n<meta property=\"og:image\" content=\"https:\/\/campobadajoz.es\/wp-content\/uploads\/2023\/08\/Diseno-sin-titulo-2.jpg\" \/>\n\t<meta property=\"og:image:width\" content=\"1080\" \/>\n\t<meta property=\"og:image:height\" content=\"1080\" \/>\n\t<meta property=\"og:image:type\" content=\"image\/jpeg\" \/>\n<meta name=\"twitter:card\" content=\"summary_large_image\" \/>\n<meta name=\"twitter:site\" content=\"@jamonibericos\" \/>\n<meta name=\"twitter:label1\" content=\"Gesch\u00e4tzte Lesezeit\" \/>\n\t<meta name=\"twitter:data1\" content=\"1\u00a0Minute\" \/>\n<script type=\"application\/ld+json\" class=\"yoast-schema-graph\">{\"@context\":\"https:\\\/\\\/schema.org\",\"@graph\":[{\"@type\":\"WebPage\",\"@id\":\"https:\\\/\\\/campobadajoz.es\\\/de\\\/producto\\\/jamon-campo-badajoz-deshuesado\\\/\",\"url\":\"https:\\\/\\\/campobadajoz.es\\\/de\\\/producto\\\/jamon-campo-badajoz-deshuesado\\\/\",\"name\":\"JAM\u00d3N CAMPO BADAJOZ DESHUESADO - Campo Badajoz\",\"isPartOf\":{\"@id\":\"https:\\\/\\\/campobadajoz.es\\\/de\\\/#website\"},\"primaryImageOfPage\":{\"@id\":\"https:\\\/\\\/campobadajoz.es\\\/de\\\/producto\\\/jamon-campo-badajoz-deshuesado\\\/#primaryimage\"},\"image\":{\"@id\":\"https:\\\/\\\/campobadajoz.es\\\/de\\\/producto\\\/jamon-campo-badajoz-deshuesado\\\/#primaryimage\"},\"thumbnailUrl\":\"https:\\\/\\\/campobadajoz.es\\\/wp-content\\\/uploads\\\/2023\\\/08\\\/Diseno-sin-titulo-2.jpg\",\"datePublished\":\"2023-08-30T07:10:38+00:00\",\"dateModified\":\"2023-10-25T12:20:05+00:00\",\"breadcrumb\":{\"@id\":\"https:\\\/\\\/campobadajoz.es\\\/de\\\/producto\\\/jamon-campo-badajoz-deshuesado\\\/#breadcrumb\"},\"inLanguage\":\"de\",\"potentialAction\":[{\"@type\":\"ReadAction\",\"target\":[\"https:\\\/\\\/campobadajoz.es\\\/de\\\/producto\\\/jamon-campo-badajoz-deshuesado\\\/\"]}]},{\"@type\":\"ImageObject\",\"inLanguage\":\"de\",\"@id\":\"https:\\\/\\\/campobadajoz.es\\\/de\\\/producto\\\/jamon-campo-badajoz-deshuesado\\\/#primaryimage\",\"url\":\"https:\\\/\\\/campobadajoz.es\\\/wp-content\\\/uploads\\\/2023\\\/08\\\/Diseno-sin-titulo-2.jpg\",\"contentUrl\":\"https:\\\/\\\/campobadajoz.es\\\/wp-content\\\/uploads\\\/2023\\\/08\\\/Diseno-sin-titulo-2.jpg\",\"width\":1080,\"height\":1080,\"caption\":\"Jam\u00f3n Ib\u00e9rico Bellota 100% Deshuesado\"},{\"@type\":\"BreadcrumbList\",\"@id\":\"https:\\\/\\\/campobadajoz.es\\\/de\\\/producto\\\/jamon-campo-badajoz-deshuesado\\\/#breadcrumb\",\"itemListElement\":[{\"@type\":\"ListItem\",\"position\":1,\"name\":\"Portada\",\"item\":\"https:\\\/\\\/campobadajoz.es\\\/de\\\/\"},{\"@type\":\"ListItem\",\"position\":2,\"name\":\"Produkte\",\"item\":\"https:\\\/\\\/campobadajoz.es\\\/de\\\/shop\\\/\"},{\"@type\":\"ListItem\",\"position\":3,\"name\":\"JAM\u00d3N CAMPO BADAJOZ DESHUESADO\"}]},{\"@type\":\"WebSite\",\"@id\":\"https:\\\/\\\/campobadajoz.es\\\/de\\\/#website\",\"url\":\"https:\\\/\\\/campobadajoz.es\\\/de\\\/\",\"name\":\"Campo Badajoz\",\"description\":\"Productos ib\u00e9ricos de calidad\",\"publisher\":{\"@id\":\"https:\\\/\\\/campobadajoz.es\\\/de\\\/#organization\"},\"potentialAction\":[{\"@type\":\"SearchAction\",\"target\":{\"@type\":\"EntryPoint\",\"urlTemplate\":\"https:\\\/\\\/campobadajoz.es\\\/de\\\/?s={search_term_string}\"},\"query-input\":{\"@type\":\"PropertyValueSpecification\",\"valueRequired\":true,\"valueName\":\"search_term_string\"}}],\"inLanguage\":\"de\"},{\"@type\":\"Organization\",\"@id\":\"https:\\\/\\\/campobadajoz.es\\\/de\\\/#organization\",\"name\":\"Campo Badajoz\",\"url\":\"https:\\\/\\\/campobadajoz.es\\\/de\\\/\",\"logo\":{\"@type\":\"ImageObject\",\"inLanguage\":\"de\",\"@id\":\"https:\\\/\\\/campobadajoz.es\\\/de\\\/#\\\/schema\\\/logo\\\/image\\\/\",\"url\":\"https:\\\/\\\/campobadajoz.es\\\/wp-content\\\/uploads\\\/2023\\\/05\\\/logo_blanco_png-1.webp\",\"contentUrl\":\"https:\\\/\\\/campobadajoz.es\\\/wp-content\\\/uploads\\\/2023\\\/05\\\/logo_blanco_png-1.webp\",\"width\":800,\"height\":800,\"caption\":\"Campo Badajoz\"},\"image\":{\"@id\":\"https:\\\/\\\/campobadajoz.es\\\/de\\\/#\\\/schema\\\/logo\\\/image\\\/\"},\"sameAs\":[\"https:\\\/\\\/www.facebook.com\\\/campobadajoz.ibericodecampo\\\/\",\"https:\\\/\\\/x.com\\\/jamonibericos\",\"https:\\\/\\\/www.linkedin.com\\\/company\\\/campo-&-badajoz\\\/about\\\/\",\"https:\\\/\\\/www.instagram.com\\\/campobadajoz\\\/\"]}]}<\/script>\n<!-- \/ Yoast SEO plugin. -->","yoast_head_json":{"title":"JAM\u00d3N CAMPO BADAJOZ DESHUESADO - Campo Badajoz","robots":{"index":"index","follow":"follow","max-snippet":"max-snippet:-1","max-image-preview":"max-image-preview:large","max-video-preview":"max-video-preview:-1"},"canonical":"https:\/\/campobadajoz.es\/de\/producto\/jamon-campo-badajoz-deshuesado\/","og_locale":"de_DE","og_type":"article","og_title":"JAM\u00d3N CAMPO BADAJOZ DESHUESADO - Campo Badajoz","og_description":"Nuestra pieza imprescindible de la marca CAMPO BADAJOZ, ahora puedes adquirirlo deshuesado.Adquiera esta pieza para sacarle el m\u00e1ximo rendimiento.","og_url":"https:\/\/campobadajoz.es\/de\/producto\/jamon-campo-badajoz-deshuesado\/","og_site_name":"Campo Badajoz","article_publisher":"https:\/\/www.facebook.com\/campobadajoz.ibericodecampo\/","article_modified_time":"2023-10-25T12:20:05+00:00","og_image":[{"width":1080,"height":1080,"url":"https:\/\/campobadajoz.es\/wp-content\/uploads\/2023\/08\/Diseno-sin-titulo-2.jpg","type":"image\/jpeg"}],"twitter_card":"summary_large_image","twitter_site":"@jamonibericos","twitter_misc":{"Gesch\u00e4tzte Lesezeit":"1\u00a0Minute"},"schema":{"@context":"https:\/\/schema.org","@graph":[{"@type":"WebPage","@id":"https:\/\/campobadajoz.es\/de\/producto\/jamon-campo-badajoz-deshuesado\/","url":"https:\/\/campobadajoz.es\/de\/producto\/jamon-campo-badajoz-deshuesado\/","name":"JAM\u00d3N CAMPO BADAJOZ DESHUESADO - Campo Badajoz","isPartOf":{"@id":"https:\/\/campobadajoz.es\/de\/#website"},"primaryImageOfPage":{"@id":"https:\/\/campobadajoz.es\/de\/producto\/jamon-campo-badajoz-deshuesado\/#primaryimage"},"image":{"@id":"https:\/\/campobadajoz.es\/de\/producto\/jamon-campo-badajoz-deshuesado\/#primaryimage"},"thumbnailUrl":"https:\/\/campobadajoz.es\/wp-content\/uploads\/2023\/08\/Diseno-sin-titulo-2.jpg","datePublished":"2023-08-30T07:10:38+00:00","dateModified":"2023-10-25T12:20:05+00:00","breadcrumb":{"@id":"https:\/\/campobadajoz.es\/de\/producto\/jamon-campo-badajoz-deshuesado\/#breadcrumb"},"inLanguage":"de","potentialAction":[{"@type":"ReadAction","target":["https:\/\/campobadajoz.es\/de\/producto\/jamon-campo-badajoz-deshuesado\/"]}]},{"@type":"ImageObject","inLanguage":"de","@id":"https:\/\/campobadajoz.es\/de\/producto\/jamon-campo-badajoz-deshuesado\/#primaryimage","url":"https:\/\/campobadajoz.es\/wp-content\/uploads\/2023\/08\/Diseno-sin-titulo-2.jpg","contentUrl":"https:\/\/campobadajoz.es\/wp-content\/uploads\/2023\/08\/Diseno-sin-titulo-2.jpg","width":1080,"height":1080,"caption":"Jam\u00f3n Ib\u00e9rico Bellota 100% Deshuesado"},{"@type":"BreadcrumbList","@id":"https:\/\/campobadajoz.es\/de\/producto\/jamon-campo-badajoz-deshuesado\/#breadcrumb","itemListElement":[{"@type":"ListItem","position":1,"name":"Portada","item":"https:\/\/campobadajoz.es\/de\/"},{"@type":"ListItem","position":2,"name":"Produkte","item":"https:\/\/campobadajoz.es\/de\/shop\/"},{"@type":"ListItem","position":3,"name":"JAM\u00d3N CAMPO BADAJOZ DESHUESADO"}]},{"@type":"WebSite","@id":"https:\/\/campobadajoz.es\/de\/#website","url":"https:\/\/campobadajoz.es\/de\/","name":"Campo Badajoz","description":"Productos ib\u00e9ricos de calidad","publisher":{"@id":"https:\/\/campobadajoz.es\/de\/#organization"},"potentialAction":[{"@type":"SearchAction","target":{"@type":"EntryPoint","urlTemplate":"https:\/\/campobadajoz.es\/de\/?s={search_term_string}"},"query-input":{"@type":"PropertyValueSpecification","valueRequired":true,"valueName":"search_term_string"}}],"inLanguage":"de"},{"@type":"Organization","@id":"https:\/\/campobadajoz.es\/de\/#organization","name":"Campo Badajoz","url":"https:\/\/campobadajoz.es\/de\/","logo":{"@type":"ImageObject","inLanguage":"de","@id":"https:\/\/campobadajoz.es\/de\/#\/schema\/logo\/image\/","url":"https:\/\/campobadajoz.es\/wp-content\/uploads\/2023\/05\/logo_blanco_png-1.webp","contentUrl":"https:\/\/campobadajoz.es\/wp-content\/uploads\/2023\/05\/logo_blanco_png-1.webp","width":800,"height":800,"caption":"Campo Badajoz"},"image":{"@id":"https:\/\/campobadajoz.es\/de\/#\/schema\/logo\/image\/"},"sameAs":["https:\/\/www.facebook.com\/campobadajoz.ibericodecampo\/","https:\/\/x.com\/jamonibericos","https:\/\/www.linkedin.com\/company\/campo-&-badajoz\/about\/","https:\/\/www.instagram.com\/campobadajoz\/"]}]}},"_links":{"self":[{"href":"https:\/\/campobadajoz.es\/de\/wp-json\/wp\/v2\/product\/3942","targetHints":{"allow":["GET"]}}],"collection":[{"href":"https:\/\/campobadajoz.es\/de\/wp-json\/wp\/v2\/product"}],"about":[{"href":"https:\/\/campobadajoz.es\/de\/wp-json\/wp\/v2\/types\/product"}],"replies":[{"embeddable":true,"href":"https:\/\/campobadajoz.es\/de\/wp-json\/wp\/v2\/comments?post=3942"}],"version-history":[{"count":1,"href":"https:\/\/campobadajoz.es\/de\/wp-json\/wp\/v2\/product\/3942\/revisions"}],"predecessor-version":[{"id":6965,"href":"https:\/\/campobadajoz.es\/de\/wp-json\/wp\/v2\/product\/3942\/revisions\/6965"}],"wp:featuredmedia":[{"embeddable":true,"href":"https:\/\/campobadajoz.es\/de\/wp-json\/wp\/v2\/media\/6389"}],"wp:attachment":[{"href":"https:\/\/campobadajoz.es\/de\/wp-json\/wp\/v2\/media?parent=3942"}],"wp:term":[{"taxonomy":"product_brand","embeddable":true,"href":"https:\/\/campobadajoz.es\/de\/wp-json\/wp\/v2\/product_brand?post=3942"},{"taxonomy":"product_cat","embeddable":true,"href":"https:\/\/campobadajoz.es\/de\/wp-json\/wp\/v2\/product_cat?post=3942"},{"taxonomy":"product_tag","embeddable":true,"href":"https:\/\/campobadajoz.es\/de\/wp-json\/wp\/v2\/product_tag?post=3942"}],"curies":[{"name":"wp","href":"https:\/\/api.w.org\/{rel}","templated":true}]}}