{"id":3981,"date":"2023-08-30T07:24:51","date_gmt":"2023-08-30T07:24:51","guid":{"rendered":"https:\/\/campobadajoz.es\/producto\/paleta-campo-badajoz-deshuesada\/"},"modified":"2023-08-30T07:24:51","modified_gmt":"2023-08-30T07:24:51","slug":"paleta-campo-badajoz-deshuesada","status":"publish","type":"product","link":"https:\/\/campobadajoz.es\/de\/producto\/paleta-campo-badajoz-deshuesada\/","title":{"rendered":"Paleta CAMPO BADAJOZ Deshuesada"},"content":{"rendered":"<p>Diese Schulter, die von unseren Fachleuten pr\u00e4zise entbeint wurde, bietet den Vorteil, dass Sie sie ohne gro\u00dfen Aufwand genie\u00dfen k\u00f6nnen, so dass Sie jedes k\u00f6stliche St\u00fcck ungehindert genie\u00dfen k\u00f6nnen. Da es ohne Knochen angeboten wird, l\u00e4sst es sich leicht in Portionen schneiden und f\u00fcr eine Vielzahl von Gerichten und Rezepten verwenden.<\/p>\n<p>Die Paleta Ib\u00e9rica Deshuesada ist ein wahrer Genuss f\u00fcr anspruchsvolle Gaumen. Sein milder und ausgewogener Geschmack mit s\u00fc\u00dfen und salzigen Nuancen verbindet sich perfekt mit seiner saftigen und geschmeidigen Textur. Jeder Bissen wird Sie in die Essenz von Tradition und gastronomischer Exzellenz entf\u00fchren.<\/p>\n<p>Dieses Produkt ist ideal f\u00fcr alle, die den einzigartigen Geschmack des iberischen Schweinefleischs in einer praktischen und einfach zu verwendenden Aufmachung genie\u00dfen m\u00f6chten. Sie k\u00f6nnen ihn in Wurstplatten, Gourmet-Sandwiches, Salaten oder als Hauptzutat in Ihren Lieblingsgerichten verwenden.<\/p>\n<p>Die Paleta Ib\u00e9rica Deshuesada ist ein Synonym f\u00fcr Qualit\u00e4t und Authentizit\u00e4t. Jedes St\u00fcck ist ein Zeugnis f\u00fcr die Hingabe und Sorgfalt, mit der dieses Produkt unter Wahrung alter Traditionen und mit handwerklichen Methoden hergestellt wird, die seine hervorragende Qualit\u00e4t gew\u00e4hrleisten.<\/p>\n<p>Entdecken Sie die hervorragende Qualit\u00e4t der Paleta Ib\u00e9rica Deshuesada und lassen Sie sich von ihrem unvergleichlichen Geschmack verf\u00fchren. Genie\u00dfen Sie das authentische iberische Schweinefleisch in jedem Bissen und \u00fcberraschen Sie Ihre G\u00e4ste mit dieser einzigartigen und k\u00f6stlichen Delikatesse.<\/p>\n","protected":false},"excerpt":{"rendered":"<p>Diese Schulter, die von unseren Fachleuten pr\u00e4zise entbeint wurde, bietet den Vorteil, dass Sie sie ohne gro\u00dfen Aufwand genie\u00dfen k\u00f6nnen, so dass Sie jedes k\u00f6stliche St\u00fcck ungehindert genie\u00dfen k\u00f6nnen. Da es ohne Knochen angeboten wird, l\u00e4sst es sich leicht in Portionen schneiden und f\u00fcr eine Vielzahl von Gerichten und Rezepten verwenden. Die Paleta Ib\u00e9rica Deshuesada [&hellip;]<\/p>\n","protected":false},"featured_media":6005,"comment_status":"open","ping_status":"closed","template":"","meta":{"_acf_changed":false},"product_brand":[],"product_cat":[425],"product_tag":[],"class_list":{"0":"post-3981","1":"product","2":"type-product","3":"status-publish","4":"has-post-thumbnail","6":"product_cat-jamon-y-paleta-sin-hueso-de","8":"first","9":"instock","10":"taxable","11":"shipping-taxable","12":"product-type-simple"},"acf":[],"yoast_head":"<!-- This site is optimized with the Yoast SEO plugin v27.4 - https:\/\/yoast.com\/product\/yoast-seo-wordpress\/ -->\n<title>Paleta CAMPO BADAJOZ Deshuesada - Campo Badajoz<\/title>\n<meta name=\"robots\" content=\"index, follow, max-snippet:-1, max-image-preview:large, max-video-preview:-1\" \/>\n<link rel=\"canonical\" href=\"https:\/\/campobadajoz.es\/de\/producto\/paleta-campo-badajoz-deshuesada\/\" \/>\n<meta property=\"og:locale\" content=\"de_DE\" \/>\n<meta property=\"og:type\" content=\"article\" \/>\n<meta property=\"og:title\" content=\"Paleta CAMPO BADAJOZ Deshuesada - Campo Badajoz\" \/>\n<meta property=\"og:description\" content=\"Diese Schulter, die von unseren Fachleuten pr\u00e4zise entbeint wurde, bietet den Vorteil, dass Sie sie ohne gro\u00dfen Aufwand genie\u00dfen k\u00f6nnen, so dass Sie jedes k\u00f6stliche St\u00fcck ungehindert genie\u00dfen k\u00f6nnen. Da es ohne Knochen angeboten wird, l\u00e4sst es sich leicht in Portionen schneiden und f\u00fcr eine Vielzahl von Gerichten und Rezepten verwenden. Die Paleta Ib\u00e9rica Deshuesada [&hellip;]\" \/>\n<meta property=\"og:url\" content=\"https:\/\/campobadajoz.es\/de\/producto\/paleta-campo-badajoz-deshuesada\/\" \/>\n<meta property=\"og:site_name\" content=\"Campo Badajoz\" \/>\n<meta property=\"article:publisher\" content=\"https:\/\/www.facebook.com\/campobadajoz.ibericodecampo\/\" \/>\n<meta property=\"og:image\" content=\"https:\/\/campobadajoz.es\/wp-content\/uploads\/2023\/08\/Documento-A4-Notas-Bloc-Hoja-Carta-Verde-Menta-bonito.png\" \/>\n\t<meta property=\"og:image:width\" content=\"1414\" \/>\n\t<meta property=\"og:image:height\" content=\"2000\" \/>\n\t<meta property=\"og:image:type\" content=\"image\/png\" \/>\n<meta name=\"twitter:card\" content=\"summary_large_image\" \/>\n<meta name=\"twitter:site\" content=\"@jamonibericos\" \/>\n<meta name=\"twitter:label1\" content=\"Gesch\u00e4tzte Lesezeit\" \/>\n\t<meta name=\"twitter:data1\" content=\"1\u00a0Minute\" \/>\n<script type=\"application\/ld+json\" class=\"yoast-schema-graph\">{\"@context\":\"https:\\\/\\\/schema.org\",\"@graph\":[{\"@type\":\"WebPage\",\"@id\":\"https:\\\/\\\/campobadajoz.es\\\/de\\\/producto\\\/paleta-campo-badajoz-deshuesada\\\/\",\"url\":\"https:\\\/\\\/campobadajoz.es\\\/de\\\/producto\\\/paleta-campo-badajoz-deshuesada\\\/\",\"name\":\"Paleta CAMPO BADAJOZ Deshuesada - Campo Badajoz\",\"isPartOf\":{\"@id\":\"https:\\\/\\\/campobadajoz.es\\\/de\\\/#website\"},\"primaryImageOfPage\":{\"@id\":\"https:\\\/\\\/campobadajoz.es\\\/de\\\/producto\\\/paleta-campo-badajoz-deshuesada\\\/#primaryimage\"},\"image\":{\"@id\":\"https:\\\/\\\/campobadajoz.es\\\/de\\\/producto\\\/paleta-campo-badajoz-deshuesada\\\/#primaryimage\"},\"thumbnailUrl\":\"https:\\\/\\\/campobadajoz.es\\\/wp-content\\\/uploads\\\/2023\\\/08\\\/Documento-A4-Notas-Bloc-Hoja-Carta-Verde-Menta-bonito.png\",\"datePublished\":\"2023-08-30T07:24:51+00:00\",\"breadcrumb\":{\"@id\":\"https:\\\/\\\/campobadajoz.es\\\/de\\\/producto\\\/paleta-campo-badajoz-deshuesada\\\/#breadcrumb\"},\"inLanguage\":\"de\",\"potentialAction\":[{\"@type\":\"ReadAction\",\"target\":[\"https:\\\/\\\/campobadajoz.es\\\/de\\\/producto\\\/paleta-campo-badajoz-deshuesada\\\/\"]}]},{\"@type\":\"ImageObject\",\"inLanguage\":\"de\",\"@id\":\"https:\\\/\\\/campobadajoz.es\\\/de\\\/producto\\\/paleta-campo-badajoz-deshuesada\\\/#primaryimage\",\"url\":\"https:\\\/\\\/campobadajoz.es\\\/wp-content\\\/uploads\\\/2023\\\/08\\\/Documento-A4-Notas-Bloc-Hoja-Carta-Verde-Menta-bonito.png\",\"contentUrl\":\"https:\\\/\\\/campobadajoz.es\\\/wp-content\\\/uploads\\\/2023\\\/08\\\/Documento-A4-Notas-Bloc-Hoja-Carta-Verde-Menta-bonito.png\",\"width\":1414,\"height\":2000,\"caption\":\"Paleta Bellota 100% Ib\u00e9rica Deshuesada\"},{\"@type\":\"BreadcrumbList\",\"@id\":\"https:\\\/\\\/campobadajoz.es\\\/de\\\/producto\\\/paleta-campo-badajoz-deshuesada\\\/#breadcrumb\",\"itemListElement\":[{\"@type\":\"ListItem\",\"position\":1,\"name\":\"Portada\",\"item\":\"https:\\\/\\\/campobadajoz.es\\\/de\\\/\"},{\"@type\":\"ListItem\",\"position\":2,\"name\":\"Produkte\",\"item\":\"https:\\\/\\\/campobadajoz.es\\\/de\\\/shop\\\/\"},{\"@type\":\"ListItem\",\"position\":3,\"name\":\"Paleta CAMPO BADAJOZ Deshuesada\"}]},{\"@type\":\"WebSite\",\"@id\":\"https:\\\/\\\/campobadajoz.es\\\/de\\\/#website\",\"url\":\"https:\\\/\\\/campobadajoz.es\\\/de\\\/\",\"name\":\"Campo Badajoz\",\"description\":\"Productos ib\u00e9ricos de calidad\",\"publisher\":{\"@id\":\"https:\\\/\\\/campobadajoz.es\\\/de\\\/#organization\"},\"potentialAction\":[{\"@type\":\"SearchAction\",\"target\":{\"@type\":\"EntryPoint\",\"urlTemplate\":\"https:\\\/\\\/campobadajoz.es\\\/de\\\/?s={search_term_string}\"},\"query-input\":{\"@type\":\"PropertyValueSpecification\",\"valueRequired\":true,\"valueName\":\"search_term_string\"}}],\"inLanguage\":\"de\"},{\"@type\":\"Organization\",\"@id\":\"https:\\\/\\\/campobadajoz.es\\\/de\\\/#organization\",\"name\":\"Campo Badajoz\",\"url\":\"https:\\\/\\\/campobadajoz.es\\\/de\\\/\",\"logo\":{\"@type\":\"ImageObject\",\"inLanguage\":\"de\",\"@id\":\"https:\\\/\\\/campobadajoz.es\\\/de\\\/#\\\/schema\\\/logo\\\/image\\\/\",\"url\":\"https:\\\/\\\/campobadajoz.es\\\/wp-content\\\/uploads\\\/2023\\\/05\\\/logo_blanco_png-1.webp\",\"contentUrl\":\"https:\\\/\\\/campobadajoz.es\\\/wp-content\\\/uploads\\\/2023\\\/05\\\/logo_blanco_png-1.webp\",\"width\":800,\"height\":800,\"caption\":\"Campo Badajoz\"},\"image\":{\"@id\":\"https:\\\/\\\/campobadajoz.es\\\/de\\\/#\\\/schema\\\/logo\\\/image\\\/\"},\"sameAs\":[\"https:\\\/\\\/www.facebook.com\\\/campobadajoz.ibericodecampo\\\/\",\"https:\\\/\\\/x.com\\\/jamonibericos\",\"https:\\\/\\\/www.linkedin.com\\\/company\\\/campo-&-badajoz\\\/about\\\/\",\"https:\\\/\\\/www.instagram.com\\\/campobadajoz\\\/\"]}]}<\/script>\n<!-- \/ Yoast SEO plugin. -->","yoast_head_json":{"title":"Paleta CAMPO BADAJOZ Deshuesada - Campo Badajoz","robots":{"index":"index","follow":"follow","max-snippet":"max-snippet:-1","max-image-preview":"max-image-preview:large","max-video-preview":"max-video-preview:-1"},"canonical":"https:\/\/campobadajoz.es\/de\/producto\/paleta-campo-badajoz-deshuesada\/","og_locale":"de_DE","og_type":"article","og_title":"Paleta CAMPO BADAJOZ Deshuesada - Campo Badajoz","og_description":"Diese Schulter, die von unseren Fachleuten pr\u00e4zise entbeint wurde, bietet den Vorteil, dass Sie sie ohne gro\u00dfen Aufwand genie\u00dfen k\u00f6nnen, so dass Sie jedes k\u00f6stliche St\u00fcck ungehindert genie\u00dfen k\u00f6nnen. Da es ohne Knochen angeboten wird, l\u00e4sst es sich leicht in Portionen schneiden und f\u00fcr eine Vielzahl von Gerichten und Rezepten verwenden. Die Paleta Ib\u00e9rica Deshuesada [&hellip;]","og_url":"https:\/\/campobadajoz.es\/de\/producto\/paleta-campo-badajoz-deshuesada\/","og_site_name":"Campo Badajoz","article_publisher":"https:\/\/www.facebook.com\/campobadajoz.ibericodecampo\/","og_image":[{"width":1414,"height":2000,"url":"https:\/\/campobadajoz.es\/wp-content\/uploads\/2023\/08\/Documento-A4-Notas-Bloc-Hoja-Carta-Verde-Menta-bonito.png","type":"image\/png"}],"twitter_card":"summary_large_image","twitter_site":"@jamonibericos","twitter_misc":{"Gesch\u00e4tzte Lesezeit":"1\u00a0Minute"},"schema":{"@context":"https:\/\/schema.org","@graph":[{"@type":"WebPage","@id":"https:\/\/campobadajoz.es\/de\/producto\/paleta-campo-badajoz-deshuesada\/","url":"https:\/\/campobadajoz.es\/de\/producto\/paleta-campo-badajoz-deshuesada\/","name":"Paleta CAMPO BADAJOZ Deshuesada - Campo Badajoz","isPartOf":{"@id":"https:\/\/campobadajoz.es\/de\/#website"},"primaryImageOfPage":{"@id":"https:\/\/campobadajoz.es\/de\/producto\/paleta-campo-badajoz-deshuesada\/#primaryimage"},"image":{"@id":"https:\/\/campobadajoz.es\/de\/producto\/paleta-campo-badajoz-deshuesada\/#primaryimage"},"thumbnailUrl":"https:\/\/campobadajoz.es\/wp-content\/uploads\/2023\/08\/Documento-A4-Notas-Bloc-Hoja-Carta-Verde-Menta-bonito.png","datePublished":"2023-08-30T07:24:51+00:00","breadcrumb":{"@id":"https:\/\/campobadajoz.es\/de\/producto\/paleta-campo-badajoz-deshuesada\/#breadcrumb"},"inLanguage":"de","potentialAction":[{"@type":"ReadAction","target":["https:\/\/campobadajoz.es\/de\/producto\/paleta-campo-badajoz-deshuesada\/"]}]},{"@type":"ImageObject","inLanguage":"de","@id":"https:\/\/campobadajoz.es\/de\/producto\/paleta-campo-badajoz-deshuesada\/#primaryimage","url":"https:\/\/campobadajoz.es\/wp-content\/uploads\/2023\/08\/Documento-A4-Notas-Bloc-Hoja-Carta-Verde-Menta-bonito.png","contentUrl":"https:\/\/campobadajoz.es\/wp-content\/uploads\/2023\/08\/Documento-A4-Notas-Bloc-Hoja-Carta-Verde-Menta-bonito.png","width":1414,"height":2000,"caption":"Paleta Bellota 100% Ib\u00e9rica Deshuesada"},{"@type":"BreadcrumbList","@id":"https:\/\/campobadajoz.es\/de\/producto\/paleta-campo-badajoz-deshuesada\/#breadcrumb","itemListElement":[{"@type":"ListItem","position":1,"name":"Portada","item":"https:\/\/campobadajoz.es\/de\/"},{"@type":"ListItem","position":2,"name":"Produkte","item":"https:\/\/campobadajoz.es\/de\/shop\/"},{"@type":"ListItem","position":3,"name":"Paleta CAMPO BADAJOZ Deshuesada"}]},{"@type":"WebSite","@id":"https:\/\/campobadajoz.es\/de\/#website","url":"https:\/\/campobadajoz.es\/de\/","name":"Campo Badajoz","description":"Productos ib\u00e9ricos de calidad","publisher":{"@id":"https:\/\/campobadajoz.es\/de\/#organization"},"potentialAction":[{"@type":"SearchAction","target":{"@type":"EntryPoint","urlTemplate":"https:\/\/campobadajoz.es\/de\/?s={search_term_string}"},"query-input":{"@type":"PropertyValueSpecification","valueRequired":true,"valueName":"search_term_string"}}],"inLanguage":"de"},{"@type":"Organization","@id":"https:\/\/campobadajoz.es\/de\/#organization","name":"Campo Badajoz","url":"https:\/\/campobadajoz.es\/de\/","logo":{"@type":"ImageObject","inLanguage":"de","@id":"https:\/\/campobadajoz.es\/de\/#\/schema\/logo\/image\/","url":"https:\/\/campobadajoz.es\/wp-content\/uploads\/2023\/05\/logo_blanco_png-1.webp","contentUrl":"https:\/\/campobadajoz.es\/wp-content\/uploads\/2023\/05\/logo_blanco_png-1.webp","width":800,"height":800,"caption":"Campo Badajoz"},"image":{"@id":"https:\/\/campobadajoz.es\/de\/#\/schema\/logo\/image\/"},"sameAs":["https:\/\/www.facebook.com\/campobadajoz.ibericodecampo\/","https:\/\/x.com\/jamonibericos","https:\/\/www.linkedin.com\/company\/campo-&-badajoz\/about\/","https:\/\/www.instagram.com\/campobadajoz\/"]}]}},"_links":{"self":[{"href":"https:\/\/campobadajoz.es\/de\/wp-json\/wp\/v2\/product\/3981","targetHints":{"allow":["GET"]}}],"collection":[{"href":"https:\/\/campobadajoz.es\/de\/wp-json\/wp\/v2\/product"}],"about":[{"href":"https:\/\/campobadajoz.es\/de\/wp-json\/wp\/v2\/types\/product"}],"replies":[{"embeddable":true,"href":"https:\/\/campobadajoz.es\/de\/wp-json\/wp\/v2\/comments?post=3981"}],"version-history":[{"count":0,"href":"https:\/\/campobadajoz.es\/de\/wp-json\/wp\/v2\/product\/3981\/revisions"}],"wp:featuredmedia":[{"embeddable":true,"href":"https:\/\/campobadajoz.es\/de\/wp-json\/wp\/v2\/media\/6005"}],"wp:attachment":[{"href":"https:\/\/campobadajoz.es\/de\/wp-json\/wp\/v2\/media?parent=3981"}],"wp:term":[{"taxonomy":"product_brand","embeddable":true,"href":"https:\/\/campobadajoz.es\/de\/wp-json\/wp\/v2\/product_brand?post=3981"},{"taxonomy":"product_cat","embeddable":true,"href":"https:\/\/campobadajoz.es\/de\/wp-json\/wp\/v2\/product_cat?post=3981"},{"taxonomy":"product_tag","embeddable":true,"href":"https:\/\/campobadajoz.es\/de\/wp-json\/wp\/v2\/product_tag?post=3981"}],"curies":[{"name":"wp","href":"https:\/\/api.w.org\/{rel}","templated":true}]}}