{"id":4136,"date":"2023-08-30T09:27:46","date_gmt":"2023-08-30T09:27:46","guid":{"rendered":"https:\/\/campobadajoz.es\/producto\/schinken-chips\/"},"modified":"2023-08-30T09:27:46","modified_gmt":"2023-08-30T09:27:46","slug":"virutas-de-jamon","status":"publish","type":"product","link":"https:\/\/campobadajoz.es\/de\/producto\/virutas-de-jamon\/","title":{"rendered":"Schinken-Chips"},"content":{"rendered":"<p>Diese Krokettenchips sind sehr vielseitig und k\u00f6nnen f\u00fcr eine Vielzahl von Rezepten verwendet werden. Mischen Sie die Zutaten einfach mit einem Bechamelteig, f\u00fcgen Sie Ihre Lieblingszutaten wie Schinken, H\u00e4hnchen, Pilze oder andere Gew\u00fcrze hinzu und formen Sie dann die Kroketten, bevor Sie sie braten. Das Ergebnis ist ein unwiderstehlicher Happen mit einer cremigen Innenseite und einer knusprigen Au\u00dfenseite.<\/p>\n<p>Krokettenabschnitte\/Chips sind ideal f\u00fcr alle, die das Beste aus iberischen Produkten herausholen und ihren hausgemachten Gerichten eine Gourmetnote verleihen wollen. Mit ihrem intensiven Geschmack und ihrer au\u00dfergew\u00f6hnlichen Qualit\u00e4t bereichern diese Chips jedes Krokettenrezept und machen es zu einem einzigartigen und k\u00f6stlichen kulinarischen Erlebnis.<\/p>\n<p>Genie\u00dfen Sie hochwertige, hausgemachte Kroketten und \u00fcberraschen Sie Ihre G\u00e4ste mit dem exquisiten Geschmack von Krokettengarnituren\/-chips!<\/p>\n","protected":false},"excerpt":{"rendered":"<p>Diese Krokettenchips sind sehr vielseitig und k\u00f6nnen f\u00fcr eine Vielzahl von Rezepten verwendet werden. Mischen Sie die Zutaten einfach mit einem Bechamelteig, f\u00fcgen Sie Ihre Lieblingszutaten wie Schinken, H\u00e4hnchen, Pilze oder andere Gew\u00fcrze hinzu und formen Sie dann die Kroketten, bevor Sie sie braten. Das Ergebnis ist ein unwiderstehlicher Happen mit einer cremigen Innenseite und [&hellip;]<\/p>\n","protected":false},"featured_media":6297,"comment_status":"open","ping_status":"closed","template":"","meta":{"_acf_changed":false},"product_brand":[],"product_cat":[432],"product_tag":[],"class_list":{"0":"post-4136","1":"product","2":"type-product","3":"status-publish","4":"has-post-thumbnail","6":"product_cat-loncheados-de","8":"first","9":"instock","10":"taxable","11":"shipping-taxable","12":"product-type-simple"},"acf":[],"yoast_head":"<!-- This site is optimized with the Yoast SEO plugin v27.3 - https:\/\/yoast.com\/product\/yoast-seo-wordpress\/ -->\n<title>Schinken-Chips - Campo Badajoz<\/title>\n<meta name=\"robots\" content=\"index, follow, max-snippet:-1, max-image-preview:large, max-video-preview:-1\" \/>\n<link rel=\"canonical\" href=\"https:\/\/campobadajoz.es\/de\/producto\/virutas-de-jamon\/\" \/>\n<meta property=\"og:locale\" content=\"de_DE\" \/>\n<meta property=\"og:type\" content=\"article\" \/>\n<meta property=\"og:title\" content=\"Schinken-Chips - Campo Badajoz\" \/>\n<meta property=\"og:description\" content=\"Diese Krokettenchips sind sehr vielseitig und k\u00f6nnen f\u00fcr eine Vielzahl von Rezepten verwendet werden. Mischen Sie die Zutaten einfach mit einem Bechamelteig, f\u00fcgen Sie Ihre Lieblingszutaten wie Schinken, H\u00e4hnchen, Pilze oder andere Gew\u00fcrze hinzu und formen Sie dann die Kroketten, bevor Sie sie braten. Das Ergebnis ist ein unwiderstehlicher Happen mit einer cremigen Innenseite und [&hellip;]\" \/>\n<meta property=\"og:url\" content=\"https:\/\/campobadajoz.es\/de\/producto\/virutas-de-jamon\/\" \/>\n<meta property=\"og:site_name\" content=\"Campo Badajoz\" \/>\n<meta property=\"article:publisher\" content=\"https:\/\/www.facebook.com\/campobadajoz.ibericodecampo\/\" \/>\n<meta property=\"og:image\" content=\"https:\/\/campobadajoz.es\/wp-content\/uploads\/2023\/08\/RLF2734.jpg\" \/>\n\t<meta property=\"og:image:width\" content=\"1575\" \/>\n\t<meta property=\"og:image:height\" content=\"2362\" \/>\n\t<meta property=\"og:image:type\" content=\"image\/jpeg\" \/>\n<meta name=\"twitter:card\" content=\"summary_large_image\" \/>\n<meta name=\"twitter:site\" content=\"@jamonibericos\" \/>\n<meta name=\"twitter:label1\" content=\"Gesch\u00e4tzte Lesezeit\" \/>\n\t<meta name=\"twitter:data1\" content=\"1\u00a0Minute\" \/>\n<script type=\"application\/ld+json\" class=\"yoast-schema-graph\">{\"@context\":\"https:\\\/\\\/schema.org\",\"@graph\":[{\"@type\":\"WebPage\",\"@id\":\"https:\\\/\\\/campobadajoz.es\\\/de\\\/producto\\\/virutas-de-jamon\\\/\",\"url\":\"https:\\\/\\\/campobadajoz.es\\\/de\\\/producto\\\/virutas-de-jamon\\\/\",\"name\":\"Schinken-Chips - Campo Badajoz\",\"isPartOf\":{\"@id\":\"https:\\\/\\\/campobadajoz.es\\\/de\\\/#website\"},\"primaryImageOfPage\":{\"@id\":\"https:\\\/\\\/campobadajoz.es\\\/de\\\/producto\\\/virutas-de-jamon\\\/#primaryimage\"},\"image\":{\"@id\":\"https:\\\/\\\/campobadajoz.es\\\/de\\\/producto\\\/virutas-de-jamon\\\/#primaryimage\"},\"thumbnailUrl\":\"https:\\\/\\\/campobadajoz.es\\\/wp-content\\\/uploads\\\/2023\\\/08\\\/RLF2734.jpg\",\"datePublished\":\"2023-08-30T09:27:46+00:00\",\"breadcrumb\":{\"@id\":\"https:\\\/\\\/campobadajoz.es\\\/de\\\/producto\\\/virutas-de-jamon\\\/#breadcrumb\"},\"inLanguage\":\"de\",\"potentialAction\":[{\"@type\":\"ReadAction\",\"target\":[\"https:\\\/\\\/campobadajoz.es\\\/de\\\/producto\\\/virutas-de-jamon\\\/\"]}]},{\"@type\":\"ImageObject\",\"inLanguage\":\"de\",\"@id\":\"https:\\\/\\\/campobadajoz.es\\\/de\\\/producto\\\/virutas-de-jamon\\\/#primaryimage\",\"url\":\"https:\\\/\\\/campobadajoz.es\\\/wp-content\\\/uploads\\\/2023\\\/08\\\/RLF2734.jpg\",\"contentUrl\":\"https:\\\/\\\/campobadajoz.es\\\/wp-content\\\/uploads\\\/2023\\\/08\\\/RLF2734.jpg\",\"width\":1575,\"height\":2362},{\"@type\":\"BreadcrumbList\",\"@id\":\"https:\\\/\\\/campobadajoz.es\\\/de\\\/producto\\\/virutas-de-jamon\\\/#breadcrumb\",\"itemListElement\":[{\"@type\":\"ListItem\",\"position\":1,\"name\":\"Portada\",\"item\":\"https:\\\/\\\/campobadajoz.es\\\/de\\\/\"},{\"@type\":\"ListItem\",\"position\":2,\"name\":\"Produkte\",\"item\":\"https:\\\/\\\/campobadajoz.es\\\/de\\\/shop\\\/\"},{\"@type\":\"ListItem\",\"position\":3,\"name\":\"Schinken-Chips\"}]},{\"@type\":\"WebSite\",\"@id\":\"https:\\\/\\\/campobadajoz.es\\\/de\\\/#website\",\"url\":\"https:\\\/\\\/campobadajoz.es\\\/de\\\/\",\"name\":\"Campo Badajoz\",\"description\":\"Productos ib\u00e9ricos de calidad\",\"publisher\":{\"@id\":\"https:\\\/\\\/campobadajoz.es\\\/de\\\/#organization\"},\"potentialAction\":[{\"@type\":\"SearchAction\",\"target\":{\"@type\":\"EntryPoint\",\"urlTemplate\":\"https:\\\/\\\/campobadajoz.es\\\/de\\\/?s={search_term_string}\"},\"query-input\":{\"@type\":\"PropertyValueSpecification\",\"valueRequired\":true,\"valueName\":\"search_term_string\"}}],\"inLanguage\":\"de\"},{\"@type\":\"Organization\",\"@id\":\"https:\\\/\\\/campobadajoz.es\\\/de\\\/#organization\",\"name\":\"Campo Badajoz\",\"url\":\"https:\\\/\\\/campobadajoz.es\\\/de\\\/\",\"logo\":{\"@type\":\"ImageObject\",\"inLanguage\":\"de\",\"@id\":\"https:\\\/\\\/campobadajoz.es\\\/de\\\/#\\\/schema\\\/logo\\\/image\\\/\",\"url\":\"https:\\\/\\\/campobadajoz.es\\\/wp-content\\\/uploads\\\/2023\\\/05\\\/logo_blanco_png-1.webp\",\"contentUrl\":\"https:\\\/\\\/campobadajoz.es\\\/wp-content\\\/uploads\\\/2023\\\/05\\\/logo_blanco_png-1.webp\",\"width\":800,\"height\":800,\"caption\":\"Campo Badajoz\"},\"image\":{\"@id\":\"https:\\\/\\\/campobadajoz.es\\\/de\\\/#\\\/schema\\\/logo\\\/image\\\/\"},\"sameAs\":[\"https:\\\/\\\/www.facebook.com\\\/campobadajoz.ibericodecampo\\\/\",\"https:\\\/\\\/x.com\\\/jamonibericos\",\"https:\\\/\\\/www.linkedin.com\\\/company\\\/campo-&-badajoz\\\/about\\\/\",\"https:\\\/\\\/www.instagram.com\\\/campobadajoz\\\/\"]}]}<\/script>\n<!-- \/ Yoast SEO plugin. -->","yoast_head_json":{"title":"Schinken-Chips - Campo Badajoz","robots":{"index":"index","follow":"follow","max-snippet":"max-snippet:-1","max-image-preview":"max-image-preview:large","max-video-preview":"max-video-preview:-1"},"canonical":"https:\/\/campobadajoz.es\/de\/producto\/virutas-de-jamon\/","og_locale":"de_DE","og_type":"article","og_title":"Schinken-Chips - Campo Badajoz","og_description":"Diese Krokettenchips sind sehr vielseitig und k\u00f6nnen f\u00fcr eine Vielzahl von Rezepten verwendet werden. Mischen Sie die Zutaten einfach mit einem Bechamelteig, f\u00fcgen Sie Ihre Lieblingszutaten wie Schinken, H\u00e4hnchen, Pilze oder andere Gew\u00fcrze hinzu und formen Sie dann die Kroketten, bevor Sie sie braten. Das Ergebnis ist ein unwiderstehlicher Happen mit einer cremigen Innenseite und [&hellip;]","og_url":"https:\/\/campobadajoz.es\/de\/producto\/virutas-de-jamon\/","og_site_name":"Campo Badajoz","article_publisher":"https:\/\/www.facebook.com\/campobadajoz.ibericodecampo\/","og_image":[{"width":1575,"height":2362,"url":"https:\/\/campobadajoz.es\/wp-content\/uploads\/2023\/08\/RLF2734.jpg","type":"image\/jpeg"}],"twitter_card":"summary_large_image","twitter_site":"@jamonibericos","twitter_misc":{"Gesch\u00e4tzte Lesezeit":"1\u00a0Minute"},"schema":{"@context":"https:\/\/schema.org","@graph":[{"@type":"WebPage","@id":"https:\/\/campobadajoz.es\/de\/producto\/virutas-de-jamon\/","url":"https:\/\/campobadajoz.es\/de\/producto\/virutas-de-jamon\/","name":"Schinken-Chips - Campo Badajoz","isPartOf":{"@id":"https:\/\/campobadajoz.es\/de\/#website"},"primaryImageOfPage":{"@id":"https:\/\/campobadajoz.es\/de\/producto\/virutas-de-jamon\/#primaryimage"},"image":{"@id":"https:\/\/campobadajoz.es\/de\/producto\/virutas-de-jamon\/#primaryimage"},"thumbnailUrl":"https:\/\/campobadajoz.es\/wp-content\/uploads\/2023\/08\/RLF2734.jpg","datePublished":"2023-08-30T09:27:46+00:00","breadcrumb":{"@id":"https:\/\/campobadajoz.es\/de\/producto\/virutas-de-jamon\/#breadcrumb"},"inLanguage":"de","potentialAction":[{"@type":"ReadAction","target":["https:\/\/campobadajoz.es\/de\/producto\/virutas-de-jamon\/"]}]},{"@type":"ImageObject","inLanguage":"de","@id":"https:\/\/campobadajoz.es\/de\/producto\/virutas-de-jamon\/#primaryimage","url":"https:\/\/campobadajoz.es\/wp-content\/uploads\/2023\/08\/RLF2734.jpg","contentUrl":"https:\/\/campobadajoz.es\/wp-content\/uploads\/2023\/08\/RLF2734.jpg","width":1575,"height":2362},{"@type":"BreadcrumbList","@id":"https:\/\/campobadajoz.es\/de\/producto\/virutas-de-jamon\/#breadcrumb","itemListElement":[{"@type":"ListItem","position":1,"name":"Portada","item":"https:\/\/campobadajoz.es\/de\/"},{"@type":"ListItem","position":2,"name":"Produkte","item":"https:\/\/campobadajoz.es\/de\/shop\/"},{"@type":"ListItem","position":3,"name":"Schinken-Chips"}]},{"@type":"WebSite","@id":"https:\/\/campobadajoz.es\/de\/#website","url":"https:\/\/campobadajoz.es\/de\/","name":"Campo Badajoz","description":"Productos ib\u00e9ricos de calidad","publisher":{"@id":"https:\/\/campobadajoz.es\/de\/#organization"},"potentialAction":[{"@type":"SearchAction","target":{"@type":"EntryPoint","urlTemplate":"https:\/\/campobadajoz.es\/de\/?s={search_term_string}"},"query-input":{"@type":"PropertyValueSpecification","valueRequired":true,"valueName":"search_term_string"}}],"inLanguage":"de"},{"@type":"Organization","@id":"https:\/\/campobadajoz.es\/de\/#organization","name":"Campo Badajoz","url":"https:\/\/campobadajoz.es\/de\/","logo":{"@type":"ImageObject","inLanguage":"de","@id":"https:\/\/campobadajoz.es\/de\/#\/schema\/logo\/image\/","url":"https:\/\/campobadajoz.es\/wp-content\/uploads\/2023\/05\/logo_blanco_png-1.webp","contentUrl":"https:\/\/campobadajoz.es\/wp-content\/uploads\/2023\/05\/logo_blanco_png-1.webp","width":800,"height":800,"caption":"Campo Badajoz"},"image":{"@id":"https:\/\/campobadajoz.es\/de\/#\/schema\/logo\/image\/"},"sameAs":["https:\/\/www.facebook.com\/campobadajoz.ibericodecampo\/","https:\/\/x.com\/jamonibericos","https:\/\/www.linkedin.com\/company\/campo-&-badajoz\/about\/","https:\/\/www.instagram.com\/campobadajoz\/"]}]}},"_links":{"self":[{"href":"https:\/\/campobadajoz.es\/de\/wp-json\/wp\/v2\/product\/4136","targetHints":{"allow":["GET"]}}],"collection":[{"href":"https:\/\/campobadajoz.es\/de\/wp-json\/wp\/v2\/product"}],"about":[{"href":"https:\/\/campobadajoz.es\/de\/wp-json\/wp\/v2\/types\/product"}],"replies":[{"embeddable":true,"href":"https:\/\/campobadajoz.es\/de\/wp-json\/wp\/v2\/comments?post=4136"}],"version-history":[{"count":0,"href":"https:\/\/campobadajoz.es\/de\/wp-json\/wp\/v2\/product\/4136\/revisions"}],"wp:featuredmedia":[{"embeddable":true,"href":"https:\/\/campobadajoz.es\/de\/wp-json\/wp\/v2\/media\/6297"}],"wp:attachment":[{"href":"https:\/\/campobadajoz.es\/de\/wp-json\/wp\/v2\/media?parent=4136"}],"wp:term":[{"taxonomy":"product_brand","embeddable":true,"href":"https:\/\/campobadajoz.es\/de\/wp-json\/wp\/v2\/product_brand?post=4136"},{"taxonomy":"product_cat","embeddable":true,"href":"https:\/\/campobadajoz.es\/de\/wp-json\/wp\/v2\/product_cat?post=4136"},{"taxonomy":"product_tag","embeddable":true,"href":"https:\/\/campobadajoz.es\/de\/wp-json\/wp\/v2\/product_tag?post=4136"}],"curies":[{"name":"wp","href":"https:\/\/api.w.org\/{rel}","templated":true}]}}