{"id":4154,"date":"2023-08-30T09:43:32","date_gmt":"2023-08-30T09:43:32","guid":{"rendered":"https:\/\/campobadajoz.es\/producto\/ueber-paleta-campo-badajoz-messergeschnitten-80-gr\/"},"modified":"2023-08-30T09:43:32","modified_gmt":"2023-08-30T09:43:32","slug":"sobre-paleta-campo-badajoz-cortada-a-cuchillo-80-gr","status":"publish","type":"product","link":"https:\/\/campobadajoz.es\/de\/producto\/sobre-paleta-campo-badajoz-cortada-a-cuchillo-80-gr\/","title":{"rendered":"\u00dcber Paleta CAMPO BADAJOZ, messergeschnitten (80 gr)"},"content":{"rendered":"<p>Jede Scheibe dieses Schinkens hat ein perfektes Gleichgewicht zwischen der weichen, saftigen Textur und dem intensiven Geschmack, der f\u00fcr das iberische Schwein charakteristisch ist. Sein berauschendes Aroma und sein exquisiter Geschmack machen dieses Produkt zu einem wahren kulinarischen Juwel.<\/p>\n<p>Iberischer Schinken in Scheiben ist der perfekte Genuss f\u00fcr jede Gelegenheit. Sie k\u00f6nnen ihn als Aperitif servieren, begleitet von knusprigem Brot und einem guten Wein, oder als Hauptzutat in Ihren Lieblingsgerichten. Seine Vielseitigkeit erlaubt es Ihnen, wunderbare gastronomische Kombinationen zu kreieren und Ihre G\u00e4ste mit seinem exquisiten Geschmack zu \u00fcberraschen.<\/p>\n<p>Jede Scheibe wurde pr\u00e4zise geschnitten, so dass Sie die Sch\u00f6nheit der Maserung erkennen k\u00f6nnen und ein einzigartiges Geschmackserlebnis haben. Au\u00dferdem ist er in Scheiben geschnitten leicht zu verzehren und erm\u00f6glicht es Ihnen, diese k\u00f6stliche Delikatesse auf bequeme und praktische Weise zu genie\u00dfen.<\/p>\n<p>Der in Scheiben geschnittene iberische Schinken ist das perfekte Geschenk f\u00fcr Feinschmecker und eine ausgezeichnete Wahl, um Ihren Gerichten eine besondere Note zu verleihen. Entdecken Sie die authentische Essenz des iberischen Schinkens in jedem Bissen und lassen Sie sich von seinem unvergleichlichen Geschmack verf\u00fchren.<\/p>\n","protected":false},"excerpt":{"rendered":"<p>Jede Scheibe dieses Schinkens hat ein perfektes Gleichgewicht zwischen der weichen, saftigen Textur und dem intensiven Geschmack, der f\u00fcr das iberische Schwein charakteristisch ist. Sein berauschendes Aroma und sein exquisiter Geschmack machen dieses Produkt zu einem wahren kulinarischen Juwel. Iberischer Schinken in Scheiben ist der perfekte Genuss f\u00fcr jede Gelegenheit. Sie k\u00f6nnen ihn als Aperitif [&hellip;]<\/p>\n","protected":false},"featured_media":6313,"comment_status":"open","ping_status":"closed","template":"","meta":{"_acf_changed":false},"product_brand":[],"product_cat":[432],"product_tag":[],"class_list":{"0":"post-4154","1":"product","2":"type-product","3":"status-publish","4":"has-post-thumbnail","6":"product_cat-loncheados-de","8":"first","9":"instock","10":"taxable","11":"shipping-taxable","12":"product-type-simple"},"acf":[],"yoast_head":"<!-- This site is optimized with the Yoast SEO plugin v27.4 - https:\/\/yoast.com\/product\/yoast-seo-wordpress\/ -->\n<title>\u00dcber Paleta CAMPO BADAJOZ, messergeschnitten (80 gr) - Campo Badajoz<\/title>\n<meta name=\"robots\" content=\"index, follow, max-snippet:-1, max-image-preview:large, max-video-preview:-1\" \/>\n<link rel=\"canonical\" href=\"https:\/\/campobadajoz.es\/de\/producto\/sobre-paleta-campo-badajoz-cortada-a-cuchillo-80-gr\/\" \/>\n<meta property=\"og:locale\" content=\"de_DE\" \/>\n<meta property=\"og:type\" content=\"article\" \/>\n<meta property=\"og:title\" content=\"\u00dcber Paleta CAMPO BADAJOZ, messergeschnitten (80 gr) - Campo Badajoz\" \/>\n<meta property=\"og:description\" content=\"Jede Scheibe dieses Schinkens hat ein perfektes Gleichgewicht zwischen der weichen, saftigen Textur und dem intensiven Geschmack, der f\u00fcr das iberische Schwein charakteristisch ist. Sein berauschendes Aroma und sein exquisiter Geschmack machen dieses Produkt zu einem wahren kulinarischen Juwel. Iberischer Schinken in Scheiben ist der perfekte Genuss f\u00fcr jede Gelegenheit. Sie k\u00f6nnen ihn als Aperitif [&hellip;]\" \/>\n<meta property=\"og:url\" content=\"https:\/\/campobadajoz.es\/de\/producto\/sobre-paleta-campo-badajoz-cortada-a-cuchillo-80-gr\/\" \/>\n<meta property=\"og:site_name\" content=\"Campo Badajoz\" \/>\n<meta property=\"article:publisher\" content=\"https:\/\/www.facebook.com\/campobadajoz.ibericodecampo\/\" \/>\n<meta property=\"og:image\" content=\"https:\/\/campobadajoz.es\/wp-content\/uploads\/2023\/08\/RLF2716-1.jpg\" \/>\n\t<meta property=\"og:image:width\" content=\"1575\" \/>\n\t<meta property=\"og:image:height\" content=\"2362\" \/>\n\t<meta property=\"og:image:type\" content=\"image\/jpeg\" \/>\n<meta name=\"twitter:card\" content=\"summary_large_image\" \/>\n<meta name=\"twitter:site\" content=\"@jamonibericos\" \/>\n<meta name=\"twitter:label1\" content=\"Gesch\u00e4tzte Lesezeit\" \/>\n\t<meta name=\"twitter:data1\" content=\"1\u00a0Minute\" \/>\n<script type=\"application\/ld+json\" class=\"yoast-schema-graph\">{\"@context\":\"https:\\\/\\\/schema.org\",\"@graph\":[{\"@type\":\"WebPage\",\"@id\":\"https:\\\/\\\/campobadajoz.es\\\/de\\\/producto\\\/sobre-paleta-campo-badajoz-cortada-a-cuchillo-80-gr\\\/\",\"url\":\"https:\\\/\\\/campobadajoz.es\\\/de\\\/producto\\\/sobre-paleta-campo-badajoz-cortada-a-cuchillo-80-gr\\\/\",\"name\":\"\u00dcber Paleta CAMPO BADAJOZ, messergeschnitten (80 gr) - Campo Badajoz\",\"isPartOf\":{\"@id\":\"https:\\\/\\\/campobadajoz.es\\\/de\\\/#website\"},\"primaryImageOfPage\":{\"@id\":\"https:\\\/\\\/campobadajoz.es\\\/de\\\/producto\\\/sobre-paleta-campo-badajoz-cortada-a-cuchillo-80-gr\\\/#primaryimage\"},\"image\":{\"@id\":\"https:\\\/\\\/campobadajoz.es\\\/de\\\/producto\\\/sobre-paleta-campo-badajoz-cortada-a-cuchillo-80-gr\\\/#primaryimage\"},\"thumbnailUrl\":\"https:\\\/\\\/campobadajoz.es\\\/wp-content\\\/uploads\\\/2023\\\/08\\\/RLF2716-1.jpg\",\"datePublished\":\"2023-08-30T09:43:32+00:00\",\"breadcrumb\":{\"@id\":\"https:\\\/\\\/campobadajoz.es\\\/de\\\/producto\\\/sobre-paleta-campo-badajoz-cortada-a-cuchillo-80-gr\\\/#breadcrumb\"},\"inLanguage\":\"de\",\"potentialAction\":[{\"@type\":\"ReadAction\",\"target\":[\"https:\\\/\\\/campobadajoz.es\\\/de\\\/producto\\\/sobre-paleta-campo-badajoz-cortada-a-cuchillo-80-gr\\\/\"]}]},{\"@type\":\"ImageObject\",\"inLanguage\":\"de\",\"@id\":\"https:\\\/\\\/campobadajoz.es\\\/de\\\/producto\\\/sobre-paleta-campo-badajoz-cortada-a-cuchillo-80-gr\\\/#primaryimage\",\"url\":\"https:\\\/\\\/campobadajoz.es\\\/wp-content\\\/uploads\\\/2023\\\/08\\\/RLF2716-1.jpg\",\"contentUrl\":\"https:\\\/\\\/campobadajoz.es\\\/wp-content\\\/uploads\\\/2023\\\/08\\\/RLF2716-1.jpg\",\"width\":1575,\"height\":2362},{\"@type\":\"BreadcrumbList\",\"@id\":\"https:\\\/\\\/campobadajoz.es\\\/de\\\/producto\\\/sobre-paleta-campo-badajoz-cortada-a-cuchillo-80-gr\\\/#breadcrumb\",\"itemListElement\":[{\"@type\":\"ListItem\",\"position\":1,\"name\":\"Portada\",\"item\":\"https:\\\/\\\/campobadajoz.es\\\/de\\\/\"},{\"@type\":\"ListItem\",\"position\":2,\"name\":\"Produkte\",\"item\":\"https:\\\/\\\/campobadajoz.es\\\/de\\\/shop\\\/\"},{\"@type\":\"ListItem\",\"position\":3,\"name\":\"\u00dcber Paleta CAMPO BADAJOZ, messergeschnitten (80 gr)\"}]},{\"@type\":\"WebSite\",\"@id\":\"https:\\\/\\\/campobadajoz.es\\\/de\\\/#website\",\"url\":\"https:\\\/\\\/campobadajoz.es\\\/de\\\/\",\"name\":\"Campo Badajoz\",\"description\":\"Productos ib\u00e9ricos de calidad\",\"publisher\":{\"@id\":\"https:\\\/\\\/campobadajoz.es\\\/de\\\/#organization\"},\"potentialAction\":[{\"@type\":\"SearchAction\",\"target\":{\"@type\":\"EntryPoint\",\"urlTemplate\":\"https:\\\/\\\/campobadajoz.es\\\/de\\\/?s={search_term_string}\"},\"query-input\":{\"@type\":\"PropertyValueSpecification\",\"valueRequired\":true,\"valueName\":\"search_term_string\"}}],\"inLanguage\":\"de\"},{\"@type\":\"Organization\",\"@id\":\"https:\\\/\\\/campobadajoz.es\\\/de\\\/#organization\",\"name\":\"Campo Badajoz\",\"url\":\"https:\\\/\\\/campobadajoz.es\\\/de\\\/\",\"logo\":{\"@type\":\"ImageObject\",\"inLanguage\":\"de\",\"@id\":\"https:\\\/\\\/campobadajoz.es\\\/de\\\/#\\\/schema\\\/logo\\\/image\\\/\",\"url\":\"https:\\\/\\\/campobadajoz.es\\\/wp-content\\\/uploads\\\/2023\\\/05\\\/logo_blanco_png-1.webp\",\"contentUrl\":\"https:\\\/\\\/campobadajoz.es\\\/wp-content\\\/uploads\\\/2023\\\/05\\\/logo_blanco_png-1.webp\",\"width\":800,\"height\":800,\"caption\":\"Campo Badajoz\"},\"image\":{\"@id\":\"https:\\\/\\\/campobadajoz.es\\\/de\\\/#\\\/schema\\\/logo\\\/image\\\/\"},\"sameAs\":[\"https:\\\/\\\/www.facebook.com\\\/campobadajoz.ibericodecampo\\\/\",\"https:\\\/\\\/x.com\\\/jamonibericos\",\"https:\\\/\\\/www.linkedin.com\\\/company\\\/campo-&-badajoz\\\/about\\\/\",\"https:\\\/\\\/www.instagram.com\\\/campobadajoz\\\/\"]}]}<\/script>\n<!-- \/ Yoast SEO plugin. -->","yoast_head_json":{"title":"\u00dcber Paleta CAMPO BADAJOZ, messergeschnitten (80 gr) - Campo Badajoz","robots":{"index":"index","follow":"follow","max-snippet":"max-snippet:-1","max-image-preview":"max-image-preview:large","max-video-preview":"max-video-preview:-1"},"canonical":"https:\/\/campobadajoz.es\/de\/producto\/sobre-paleta-campo-badajoz-cortada-a-cuchillo-80-gr\/","og_locale":"de_DE","og_type":"article","og_title":"\u00dcber Paleta CAMPO BADAJOZ, messergeschnitten (80 gr) - Campo Badajoz","og_description":"Jede Scheibe dieses Schinkens hat ein perfektes Gleichgewicht zwischen der weichen, saftigen Textur und dem intensiven Geschmack, der f\u00fcr das iberische Schwein charakteristisch ist. Sein berauschendes Aroma und sein exquisiter Geschmack machen dieses Produkt zu einem wahren kulinarischen Juwel. Iberischer Schinken in Scheiben ist der perfekte Genuss f\u00fcr jede Gelegenheit. Sie k\u00f6nnen ihn als Aperitif [&hellip;]","og_url":"https:\/\/campobadajoz.es\/de\/producto\/sobre-paleta-campo-badajoz-cortada-a-cuchillo-80-gr\/","og_site_name":"Campo Badajoz","article_publisher":"https:\/\/www.facebook.com\/campobadajoz.ibericodecampo\/","og_image":[{"width":1575,"height":2362,"url":"https:\/\/campobadajoz.es\/wp-content\/uploads\/2023\/08\/RLF2716-1.jpg","type":"image\/jpeg"}],"twitter_card":"summary_large_image","twitter_site":"@jamonibericos","twitter_misc":{"Gesch\u00e4tzte Lesezeit":"1\u00a0Minute"},"schema":{"@context":"https:\/\/schema.org","@graph":[{"@type":"WebPage","@id":"https:\/\/campobadajoz.es\/de\/producto\/sobre-paleta-campo-badajoz-cortada-a-cuchillo-80-gr\/","url":"https:\/\/campobadajoz.es\/de\/producto\/sobre-paleta-campo-badajoz-cortada-a-cuchillo-80-gr\/","name":"\u00dcber Paleta CAMPO BADAJOZ, messergeschnitten (80 gr) - Campo Badajoz","isPartOf":{"@id":"https:\/\/campobadajoz.es\/de\/#website"},"primaryImageOfPage":{"@id":"https:\/\/campobadajoz.es\/de\/producto\/sobre-paleta-campo-badajoz-cortada-a-cuchillo-80-gr\/#primaryimage"},"image":{"@id":"https:\/\/campobadajoz.es\/de\/producto\/sobre-paleta-campo-badajoz-cortada-a-cuchillo-80-gr\/#primaryimage"},"thumbnailUrl":"https:\/\/campobadajoz.es\/wp-content\/uploads\/2023\/08\/RLF2716-1.jpg","datePublished":"2023-08-30T09:43:32+00:00","breadcrumb":{"@id":"https:\/\/campobadajoz.es\/de\/producto\/sobre-paleta-campo-badajoz-cortada-a-cuchillo-80-gr\/#breadcrumb"},"inLanguage":"de","potentialAction":[{"@type":"ReadAction","target":["https:\/\/campobadajoz.es\/de\/producto\/sobre-paleta-campo-badajoz-cortada-a-cuchillo-80-gr\/"]}]},{"@type":"ImageObject","inLanguage":"de","@id":"https:\/\/campobadajoz.es\/de\/producto\/sobre-paleta-campo-badajoz-cortada-a-cuchillo-80-gr\/#primaryimage","url":"https:\/\/campobadajoz.es\/wp-content\/uploads\/2023\/08\/RLF2716-1.jpg","contentUrl":"https:\/\/campobadajoz.es\/wp-content\/uploads\/2023\/08\/RLF2716-1.jpg","width":1575,"height":2362},{"@type":"BreadcrumbList","@id":"https:\/\/campobadajoz.es\/de\/producto\/sobre-paleta-campo-badajoz-cortada-a-cuchillo-80-gr\/#breadcrumb","itemListElement":[{"@type":"ListItem","position":1,"name":"Portada","item":"https:\/\/campobadajoz.es\/de\/"},{"@type":"ListItem","position":2,"name":"Produkte","item":"https:\/\/campobadajoz.es\/de\/shop\/"},{"@type":"ListItem","position":3,"name":"\u00dcber Paleta CAMPO BADAJOZ, messergeschnitten (80 gr)"}]},{"@type":"WebSite","@id":"https:\/\/campobadajoz.es\/de\/#website","url":"https:\/\/campobadajoz.es\/de\/","name":"Campo Badajoz","description":"Productos ib\u00e9ricos de calidad","publisher":{"@id":"https:\/\/campobadajoz.es\/de\/#organization"},"potentialAction":[{"@type":"SearchAction","target":{"@type":"EntryPoint","urlTemplate":"https:\/\/campobadajoz.es\/de\/?s={search_term_string}"},"query-input":{"@type":"PropertyValueSpecification","valueRequired":true,"valueName":"search_term_string"}}],"inLanguage":"de"},{"@type":"Organization","@id":"https:\/\/campobadajoz.es\/de\/#organization","name":"Campo Badajoz","url":"https:\/\/campobadajoz.es\/de\/","logo":{"@type":"ImageObject","inLanguage":"de","@id":"https:\/\/campobadajoz.es\/de\/#\/schema\/logo\/image\/","url":"https:\/\/campobadajoz.es\/wp-content\/uploads\/2023\/05\/logo_blanco_png-1.webp","contentUrl":"https:\/\/campobadajoz.es\/wp-content\/uploads\/2023\/05\/logo_blanco_png-1.webp","width":800,"height":800,"caption":"Campo Badajoz"},"image":{"@id":"https:\/\/campobadajoz.es\/de\/#\/schema\/logo\/image\/"},"sameAs":["https:\/\/www.facebook.com\/campobadajoz.ibericodecampo\/","https:\/\/x.com\/jamonibericos","https:\/\/www.linkedin.com\/company\/campo-&-badajoz\/about\/","https:\/\/www.instagram.com\/campobadajoz\/"]}]}},"_links":{"self":[{"href":"https:\/\/campobadajoz.es\/de\/wp-json\/wp\/v2\/product\/4154","targetHints":{"allow":["GET"]}}],"collection":[{"href":"https:\/\/campobadajoz.es\/de\/wp-json\/wp\/v2\/product"}],"about":[{"href":"https:\/\/campobadajoz.es\/de\/wp-json\/wp\/v2\/types\/product"}],"replies":[{"embeddable":true,"href":"https:\/\/campobadajoz.es\/de\/wp-json\/wp\/v2\/comments?post=4154"}],"version-history":[{"count":0,"href":"https:\/\/campobadajoz.es\/de\/wp-json\/wp\/v2\/product\/4154\/revisions"}],"wp:featuredmedia":[{"embeddable":true,"href":"https:\/\/campobadajoz.es\/de\/wp-json\/wp\/v2\/media\/6313"}],"wp:attachment":[{"href":"https:\/\/campobadajoz.es\/de\/wp-json\/wp\/v2\/media?parent=4154"}],"wp:term":[{"taxonomy":"product_brand","embeddable":true,"href":"https:\/\/campobadajoz.es\/de\/wp-json\/wp\/v2\/product_brand?post=4154"},{"taxonomy":"product_cat","embeddable":true,"href":"https:\/\/campobadajoz.es\/de\/wp-json\/wp\/v2\/product_cat?post=4154"},{"taxonomy":"product_tag","embeddable":true,"href":"https:\/\/campobadajoz.es\/de\/wp-json\/wp\/v2\/product_tag?post=4154"}],"curies":[{"name":"wp","href":"https:\/\/api.w.org\/{rel}","templated":true}]}}