{"id":3793,"date":"2023-08-30T05:51:57","date_gmt":"2023-08-30T05:51:57","guid":{"rendered":"https:\/\/campobadajoz.es\/producto\/jamon-bellota-100-iberico-d-o\/"},"modified":"2023-10-07T10:00:20","modified_gmt":"2023-10-07T10:00:20","slug":"jamon-bellota-100-iberico-d-o","status":"publish","type":"product","link":"https:\/\/campobadajoz.es\/en\/producto\/jamon-bellota-100-iberico-d-o\/","title":{"rendered":"JAM\u00d3N BELLOTA 100% IB\u00c9RICO D.O."},"content":{"rendered":"<p>Each piece of ham is carefully selected, guaranteeing that it meets the most demanding standards of quality and purity. The bone in the ham contributes a distinctive character, providing a greater intensity of flavor and a juicy and succulent texture.<\/p>\n<p>Our master ham makers follow the traditional curing process with dedication and mastery, allowing the ham to mature slowly in optimal conditions. This process, which can last several years, develops a complexity of flavors and aromas that make bone-in Iberian ham a true delight.<\/p>\n<p>Each slice of ham offers a unique sensory experience, with its sweet and salty flavor, its delicate texture and its intoxicating aroma. Bone-in Iberian ham is a true delight for lovers of good food and an essential at any table for celebrations or special events.<\/p>\n<p>Enjoy our bone-in Iberian ham in thin slices, appreciating its exquisite flavor and its fusion of intense and balanced notes. Accompany it with freshly baked bread, extra virgin olive oil and some good friends, and immerse yourself in the tradition and exquisiteness of authentic Spanish gastronomy.<\/p>\n<p>Allow yourself the luxury of savoring and sharing the excellence of our bone-in Iberian ham, and discover why it is considered one of the most appreciated delicacies worldwide. A unique culinary experience that will transport you to the pasture fields and will make you enjoy the true essence of Iberian ham.<\/p>\n","protected":false},"excerpt":{"rendered":"<h3 style=\"text-align: justify\"><span style=\"font-size: 12pt\"><em><span style=\"font-family: 'times new roman', times, serif\">Nuestro <strong>Jam\u00f3n de Bellota 100%<\/strong> Ib\u00e9rico D.O. Extremadura cuenta con todas las garant\u00edas de la reconocida <strong>Denominaci\u00f3n de Origen Jam\u00f3n de Extremadura<\/strong>. Una gran elecci\u00f3n para los paladares que buscan un sabor \u00fanico, proveniente de las mejores dehesas de nuestra regi\u00f3n.<\/span><\/em><\/span><\/h3>\n","protected":false},"featured_media":6367,"comment_status":"open","ping_status":"closed","template":"","meta":{"_acf_changed":false},"product_brand":[],"product_cat":[416],"product_tag":[],"class_list":{"0":"post-3793","1":"product","2":"type-product","3":"status-publish","4":"has-post-thumbnail","6":"product_cat-ham-and-shoulder-on-the-bone","7":"pa_peso-700-750-kg-en","8":"pa_peso-800-850-kg-en","9":"pa_peso-850-900-kg-en","10":"pa_peso-900-950-kg-en","12":"first","13":"instock","14":"taxable","15":"shipping-taxable","16":"product-type-variable","17":"has-default-attributes"},"acf":[],"yoast_head":"<!-- This site is optimized with the Yoast SEO plugin v27.5 - https:\/\/yoast.com\/product\/yoast-seo-wordpress\/ -->\n<title>JAM\u00d3N BELLOTA 100% IB\u00c9RICO D.O. - Campo Badajoz<\/title>\n<meta name=\"robots\" content=\"index, follow, max-snippet:-1, max-image-preview:large, max-video-preview:-1\" \/>\n<link rel=\"canonical\" href=\"https:\/\/campobadajoz.es\/en\/producto\/jamon-bellota-100-iberico-d-o\/\" \/>\n<meta property=\"og:locale\" content=\"en_US\" \/>\n<meta property=\"og:type\" content=\"article\" \/>\n<meta property=\"og:title\" content=\"JAM\u00d3N BELLOTA 100% IB\u00c9RICO D.O. - Campo Badajoz\" \/>\n<meta property=\"og:description\" content=\"Nuestro Jam\u00f3n de Bellota 100% Ib\u00e9rico D.O. Extremadura cuenta con todas las garant\u00edas de la reconocida Denominaci\u00f3n de Origen Jam\u00f3n de Extremadura. Una gran elecci\u00f3n para los paladares que buscan un sabor \u00fanico, proveniente de las mejores dehesas de nuestra regi\u00f3n.\" \/>\n<meta property=\"og:url\" content=\"https:\/\/campobadajoz.es\/en\/producto\/jamon-bellota-100-iberico-d-o\/\" \/>\n<meta property=\"og:site_name\" content=\"Campo Badajoz\" \/>\n<meta property=\"article:publisher\" content=\"https:\/\/www.facebook.com\/campobadajoz.ibericodecampo\/\" \/>\n<meta property=\"article:modified_time\" content=\"2023-10-07T10:00:20+00:00\" \/>\n<meta property=\"og:image\" content=\"https:\/\/campobadajoz.es\/wp-content\/uploads\/2023\/08\/RLF3532-Editar.jpg\" \/>\n\t<meta property=\"og:image:width\" content=\"1575\" \/>\n\t<meta property=\"og:image:height\" content=\"2362\" \/>\n\t<meta property=\"og:image:type\" content=\"image\/jpeg\" \/>\n<meta name=\"twitter:card\" content=\"summary_large_image\" \/>\n<meta name=\"twitter:site\" content=\"@jamonibericos\" \/>\n<meta name=\"twitter:label1\" content=\"Est. reading time\" \/>\n\t<meta name=\"twitter:data1\" content=\"1 minute\" \/>\n<script type=\"application\/ld+json\" class=\"yoast-schema-graph\">{\"@context\":\"https:\\\/\\\/schema.org\",\"@graph\":[{\"@type\":\"WebPage\",\"@id\":\"https:\\\/\\\/campobadajoz.es\\\/en\\\/producto\\\/jamon-bellota-100-iberico-d-o\\\/\",\"url\":\"https:\\\/\\\/campobadajoz.es\\\/en\\\/producto\\\/jamon-bellota-100-iberico-d-o\\\/\",\"name\":\"JAM\u00d3N BELLOTA 100% IB\u00c9RICO D.O. - Campo Badajoz\",\"isPartOf\":{\"@id\":\"https:\\\/\\\/campobadajoz.es\\\/en\\\/#website\"},\"primaryImageOfPage\":{\"@id\":\"https:\\\/\\\/campobadajoz.es\\\/en\\\/producto\\\/jamon-bellota-100-iberico-d-o\\\/#primaryimage\"},\"image\":{\"@id\":\"https:\\\/\\\/campobadajoz.es\\\/en\\\/producto\\\/jamon-bellota-100-iberico-d-o\\\/#primaryimage\"},\"thumbnailUrl\":\"https:\\\/\\\/campobadajoz.es\\\/wp-content\\\/uploads\\\/2023\\\/08\\\/RLF3532-Editar.jpg\",\"datePublished\":\"2023-08-30T05:51:57+00:00\",\"dateModified\":\"2023-10-07T10:00:20+00:00\",\"breadcrumb\":{\"@id\":\"https:\\\/\\\/campobadajoz.es\\\/en\\\/producto\\\/jamon-bellota-100-iberico-d-o\\\/#breadcrumb\"},\"inLanguage\":\"en-US\",\"potentialAction\":[{\"@type\":\"ReadAction\",\"target\":[\"https:\\\/\\\/campobadajoz.es\\\/en\\\/producto\\\/jamon-bellota-100-iberico-d-o\\\/\"]}]},{\"@type\":\"ImageObject\",\"inLanguage\":\"en-US\",\"@id\":\"https:\\\/\\\/campobadajoz.es\\\/en\\\/producto\\\/jamon-bellota-100-iberico-d-o\\\/#primaryimage\",\"url\":\"https:\\\/\\\/campobadajoz.es\\\/wp-content\\\/uploads\\\/2023\\\/08\\\/RLF3532-Editar.jpg\",\"contentUrl\":\"https:\\\/\\\/campobadajoz.es\\\/wp-content\\\/uploads\\\/2023\\\/08\\\/RLF3532-Editar.jpg\",\"width\":1575,\"height\":2362,\"caption\":\"Jamon Iberico 100%\"},{\"@type\":\"BreadcrumbList\",\"@id\":\"https:\\\/\\\/campobadajoz.es\\\/en\\\/producto\\\/jamon-bellota-100-iberico-d-o\\\/#breadcrumb\",\"itemListElement\":[{\"@type\":\"ListItem\",\"position\":1,\"name\":\"Portada\",\"item\":\"https:\\\/\\\/campobadajoz.es\\\/en\\\/\"},{\"@type\":\"ListItem\",\"position\":2,\"name\":\"Products\",\"item\":\"https:\\\/\\\/campobadajoz.es\\\/en\\\/shop\\\/\"},{\"@type\":\"ListItem\",\"position\":3,\"name\":\"JAM\u00d3N BELLOTA 100% IB\u00c9RICO D.O.\"}]},{\"@type\":\"WebSite\",\"@id\":\"https:\\\/\\\/campobadajoz.es\\\/en\\\/#website\",\"url\":\"https:\\\/\\\/campobadajoz.es\\\/en\\\/\",\"name\":\"Campo Badajoz\",\"description\":\"Productos ib\u00e9ricos de calidad\",\"publisher\":{\"@id\":\"https:\\\/\\\/campobadajoz.es\\\/en\\\/#organization\"},\"potentialAction\":[{\"@type\":\"SearchAction\",\"target\":{\"@type\":\"EntryPoint\",\"urlTemplate\":\"https:\\\/\\\/campobadajoz.es\\\/en\\\/?s={search_term_string}\"},\"query-input\":{\"@type\":\"PropertyValueSpecification\",\"valueRequired\":true,\"valueName\":\"search_term_string\"}}],\"inLanguage\":\"en-US\"},{\"@type\":\"Organization\",\"@id\":\"https:\\\/\\\/campobadajoz.es\\\/en\\\/#organization\",\"name\":\"Campo Badajoz\",\"url\":\"https:\\\/\\\/campobadajoz.es\\\/en\\\/\",\"logo\":{\"@type\":\"ImageObject\",\"inLanguage\":\"en-US\",\"@id\":\"https:\\\/\\\/campobadajoz.es\\\/en\\\/#\\\/schema\\\/logo\\\/image\\\/\",\"url\":\"https:\\\/\\\/campobadajoz.es\\\/wp-content\\\/uploads\\\/2023\\\/05\\\/logo_blanco_png-1.webp\",\"contentUrl\":\"https:\\\/\\\/campobadajoz.es\\\/wp-content\\\/uploads\\\/2023\\\/05\\\/logo_blanco_png-1.webp\",\"width\":800,\"height\":800,\"caption\":\"Campo Badajoz\"},\"image\":{\"@id\":\"https:\\\/\\\/campobadajoz.es\\\/en\\\/#\\\/schema\\\/logo\\\/image\\\/\"},\"sameAs\":[\"https:\\\/\\\/www.facebook.com\\\/campobadajoz.ibericodecampo\\\/\",\"https:\\\/\\\/x.com\\\/jamonibericos\",\"https:\\\/\\\/www.linkedin.com\\\/company\\\/campo-&-badajoz\\\/about\\\/\",\"https:\\\/\\\/www.instagram.com\\\/campobadajoz\\\/\"]}]}<\/script>\n<!-- \/ Yoast SEO plugin. -->","yoast_head_json":{"title":"JAM\u00d3N BELLOTA 100% IB\u00c9RICO D.O. - Campo Badajoz","robots":{"index":"index","follow":"follow","max-snippet":"max-snippet:-1","max-image-preview":"max-image-preview:large","max-video-preview":"max-video-preview:-1"},"canonical":"https:\/\/campobadajoz.es\/en\/producto\/jamon-bellota-100-iberico-d-o\/","og_locale":"en_US","og_type":"article","og_title":"JAM\u00d3N BELLOTA 100% IB\u00c9RICO D.O. - Campo Badajoz","og_description":"Nuestro Jam\u00f3n de Bellota 100% Ib\u00e9rico D.O. Extremadura cuenta con todas las garant\u00edas de la reconocida Denominaci\u00f3n de Origen Jam\u00f3n de Extremadura. Una gran elecci\u00f3n para los paladares que buscan un sabor \u00fanico, proveniente de las mejores dehesas de nuestra regi\u00f3n.","og_url":"https:\/\/campobadajoz.es\/en\/producto\/jamon-bellota-100-iberico-d-o\/","og_site_name":"Campo Badajoz","article_publisher":"https:\/\/www.facebook.com\/campobadajoz.ibericodecampo\/","article_modified_time":"2023-10-07T10:00:20+00:00","og_image":[{"width":1575,"height":2362,"url":"https:\/\/campobadajoz.es\/wp-content\/uploads\/2023\/08\/RLF3532-Editar.jpg","type":"image\/jpeg"}],"twitter_card":"summary_large_image","twitter_site":"@jamonibericos","twitter_misc":{"Est. reading time":"1 minute"},"schema":{"@context":"https:\/\/schema.org","@graph":[{"@type":"WebPage","@id":"https:\/\/campobadajoz.es\/en\/producto\/jamon-bellota-100-iberico-d-o\/","url":"https:\/\/campobadajoz.es\/en\/producto\/jamon-bellota-100-iberico-d-o\/","name":"JAM\u00d3N BELLOTA 100% IB\u00c9RICO D.O. - Campo Badajoz","isPartOf":{"@id":"https:\/\/campobadajoz.es\/en\/#website"},"primaryImageOfPage":{"@id":"https:\/\/campobadajoz.es\/en\/producto\/jamon-bellota-100-iberico-d-o\/#primaryimage"},"image":{"@id":"https:\/\/campobadajoz.es\/en\/producto\/jamon-bellota-100-iberico-d-o\/#primaryimage"},"thumbnailUrl":"https:\/\/campobadajoz.es\/wp-content\/uploads\/2023\/08\/RLF3532-Editar.jpg","datePublished":"2023-08-30T05:51:57+00:00","dateModified":"2023-10-07T10:00:20+00:00","breadcrumb":{"@id":"https:\/\/campobadajoz.es\/en\/producto\/jamon-bellota-100-iberico-d-o\/#breadcrumb"},"inLanguage":"en-US","potentialAction":[{"@type":"ReadAction","target":["https:\/\/campobadajoz.es\/en\/producto\/jamon-bellota-100-iberico-d-o\/"]}]},{"@type":"ImageObject","inLanguage":"en-US","@id":"https:\/\/campobadajoz.es\/en\/producto\/jamon-bellota-100-iberico-d-o\/#primaryimage","url":"https:\/\/campobadajoz.es\/wp-content\/uploads\/2023\/08\/RLF3532-Editar.jpg","contentUrl":"https:\/\/campobadajoz.es\/wp-content\/uploads\/2023\/08\/RLF3532-Editar.jpg","width":1575,"height":2362,"caption":"Jamon Iberico 100%"},{"@type":"BreadcrumbList","@id":"https:\/\/campobadajoz.es\/en\/producto\/jamon-bellota-100-iberico-d-o\/#breadcrumb","itemListElement":[{"@type":"ListItem","position":1,"name":"Portada","item":"https:\/\/campobadajoz.es\/en\/"},{"@type":"ListItem","position":2,"name":"Products","item":"https:\/\/campobadajoz.es\/en\/shop\/"},{"@type":"ListItem","position":3,"name":"JAM\u00d3N BELLOTA 100% IB\u00c9RICO D.O."}]},{"@type":"WebSite","@id":"https:\/\/campobadajoz.es\/en\/#website","url":"https:\/\/campobadajoz.es\/en\/","name":"Campo Badajoz","description":"Productos ib\u00e9ricos de calidad","publisher":{"@id":"https:\/\/campobadajoz.es\/en\/#organization"},"potentialAction":[{"@type":"SearchAction","target":{"@type":"EntryPoint","urlTemplate":"https:\/\/campobadajoz.es\/en\/?s={search_term_string}"},"query-input":{"@type":"PropertyValueSpecification","valueRequired":true,"valueName":"search_term_string"}}],"inLanguage":"en-US"},{"@type":"Organization","@id":"https:\/\/campobadajoz.es\/en\/#organization","name":"Campo Badajoz","url":"https:\/\/campobadajoz.es\/en\/","logo":{"@type":"ImageObject","inLanguage":"en-US","@id":"https:\/\/campobadajoz.es\/en\/#\/schema\/logo\/image\/","url":"https:\/\/campobadajoz.es\/wp-content\/uploads\/2023\/05\/logo_blanco_png-1.webp","contentUrl":"https:\/\/campobadajoz.es\/wp-content\/uploads\/2023\/05\/logo_blanco_png-1.webp","width":800,"height":800,"caption":"Campo Badajoz"},"image":{"@id":"https:\/\/campobadajoz.es\/en\/#\/schema\/logo\/image\/"},"sameAs":["https:\/\/www.facebook.com\/campobadajoz.ibericodecampo\/","https:\/\/x.com\/jamonibericos","https:\/\/www.linkedin.com\/company\/campo-&-badajoz\/about\/","https:\/\/www.instagram.com\/campobadajoz\/"]}]}},"_links":{"self":[{"href":"https:\/\/campobadajoz.es\/en\/wp-json\/wp\/v2\/product\/3793","targetHints":{"allow":["GET"]}}],"collection":[{"href":"https:\/\/campobadajoz.es\/en\/wp-json\/wp\/v2\/product"}],"about":[{"href":"https:\/\/campobadajoz.es\/en\/wp-json\/wp\/v2\/types\/product"}],"replies":[{"embeddable":true,"href":"https:\/\/campobadajoz.es\/en\/wp-json\/wp\/v2\/comments?post=3793"}],"version-history":[{"count":1,"href":"https:\/\/campobadajoz.es\/en\/wp-json\/wp\/v2\/product\/3793\/revisions"}],"predecessor-version":[{"id":6689,"href":"https:\/\/campobadajoz.es\/en\/wp-json\/wp\/v2\/product\/3793\/revisions\/6689"}],"wp:featuredmedia":[{"embeddable":true,"href":"https:\/\/campobadajoz.es\/en\/wp-json\/wp\/v2\/media\/6367"}],"wp:attachment":[{"href":"https:\/\/campobadajoz.es\/en\/wp-json\/wp\/v2\/media?parent=3793"}],"wp:term":[{"taxonomy":"product_brand","embeddable":true,"href":"https:\/\/campobadajoz.es\/en\/wp-json\/wp\/v2\/product_brand?post=3793"},{"taxonomy":"product_cat","embeddable":true,"href":"https:\/\/campobadajoz.es\/en\/wp-json\/wp\/v2\/product_cat?post=3793"},{"taxonomy":"product_tag","embeddable":true,"href":"https:\/\/campobadajoz.es\/en\/wp-json\/wp\/v2\/product_tag?post=3793"}],"curies":[{"name":"wp","href":"https:\/\/api.w.org\/{rel}","templated":true}]}}