{"id":2770,"date":"2023-05-12T07:16:24","date_gmt":"2023-05-12T07:16:24","guid":{"rendered":"https:\/\/campobadajoz.es\/politique-de-retour-et-de-remboursement\/"},"modified":"2023-08-01T05:30:30","modified_gmt":"2023-08-01T05:30:30","slug":"politique-de-retour-et-de-remboursement","status":"publish","type":"page","link":"https:\/\/campobadajoz.es\/fr\/politique-de-retour-et-de-remboursement\/","title":{"rendered":"Politique de retour et de remboursement"},"content":{"rendered":"&#13;\n<h2><strong>Informaci\u00f3n general<\/strong><\/h2>&#13;\n<p>Notre politique de remboursement et de retour dure 30 jours. Si 30 jours se sont \u00e9coul\u00e9s depuis votre achat, nous ne sommes pas en mesure de vous offrir un remboursement complet ou un \u00e9change.<\/p>&#13;\n<p>Pour pouvoir \u00eatre retourn\u00e9, l&rsquo;article doit \u00eatre inutilis\u00e9 et dans le m\u00eame \u00e9tat que celui dans lequel vous l&rsquo;avez re\u00e7u. Il doit \u00e9galement \u00eatre dans son emballage d&rsquo;origine.<\/p>&#13;\n<p>Il existe plusieurs types de produits qui ne peuvent pas \u00eatre retourn\u00e9s. Les produits p\u00e9rissables, tels que la nourriture, les fleurs, les journaux ou les magazines, ne peuvent pas \u00eatre retourn\u00e9s. Nous n&rsquo;acceptons pas non plus les produits intimes ou sanitaires, les mati\u00e8res dangereuses ou les liquides ou gaz inflammables.<\/p>&#13;\n<p><strong>Autres articles non retournables :<\/strong><\/p>&#13;\n<p>Cartes-cadeaux<br\/>Logiciels t\u00e9l\u00e9chargeables<br\/>Certains articles de sant\u00e9 et de soins personnels<\/p>&#13;\n<p>Pour effectuer votre retour, nous avons besoin d&rsquo;un re\u00e7u ou d&rsquo;une preuve d&rsquo;achat.<\/p>&#13;\n<p>N&rsquo;envoyez pas votre achat au fabricant.<\/p>&#13;\n<p><strong>Dans certaines situations, seuls des remboursements partiels sont accord\u00e9s :<\/strong><\/p>&#13;\n<p>Livre pr\u00e9sentant des signes \u00e9vidents d&rsquo;utilisation<br\/>CD, DVD, cassette VHS, logiciel, jeu vid\u00e9o, cassette ou disque vinyle ouvert.<br\/>Tout article qui n&rsquo;est pas dans son \u00e9tat d&rsquo;origine, qui est endommag\u00e9 ou auquel il manque des pi\u00e8ces pour des raisons qui ne sont pas dues \u00e0 une erreur de notre part.<br\/>Tout article retourn\u00e9 plus de 30 jours apr\u00e8s sa livraison<\/p>&#13;\n&#13;\n<h2>Devoluciones<\/h2>&#13;\n<p>Une fois que nous aurons re\u00e7u et inspect\u00e9 votre retour, nous vous enverrons un courrier \u00e9lectronique pour vous informer que nous avons re\u00e7u votre article retourn\u00e9. Nous vous informerons \u00e9galement de l&rsquo;approbation ou du rejet de votre remboursement.<\/p>&#13;\n<p>En cas d&rsquo;approbation, le remboursement sera effectu\u00e9 et un cr\u00e9dit sera automatiquement appliqu\u00e9 \u00e0 votre carte de cr\u00e9dit ou \u00e0 votre mode de paiement d&rsquo;origine dans un d\u00e9lai de quelques jours.<\/p>&#13;\n<p>Remboursements \u00e9chus ou non re\u00e7us<\/p>&#13;\n<p>Si vous n&rsquo;avez pas encore re\u00e7u votre remboursement, veuillez d&rsquo;abord v\u00e9rifier \u00e0 nouveau votre compte bancaire.<\/p>&#13;\n<p>Contactez ensuite la soci\u00e9t\u00e9 \u00e9mettrice de votre carte de cr\u00e9dit.<\/p>&#13;\n<p>Contactez ensuite votre banque. Il faut souvent attendre un certain temps avant que le remboursement ne soit comptabilis\u00e9.<\/p>&#13;\n<p>Si vous avez fait tout cela et que vous n&rsquo;avez toujours pas re\u00e7u votre remboursement, veuillez nous contacter \u00e0 l&rsquo;adresse <a href=\"mailto:campobadajoz@campobadajoz.com\"><span class=\"elementor-icon-list-text\">campobadajoz@campobadajoz.com<\/span><\/a>.<\/p>&#13;\n<p>Articles propos\u00e9s<\/p>&#13;\n<p>Seuls les articles \u00e0 prix normal seront rembours\u00e9s. Les articles propos\u00e9s ne sont pas remboursables.<\/p>&#13;\n&#13;\n<h2>Cambios<\/h2>&#13;\n<p>Nous n&rsquo;\u00e9changeons les articles que s&rsquo;ils sont d\u00e9fectueux ou endommag\u00e9s. Si vous souhaitez l&rsquo;\u00e9changer contre le m\u00eame article, veuillez nous envoyer un e-mail \u00e0 <a href=\"mailto:campobadajoz@campobadajoz.com\"><span class=\"elementor-icon-list-text\">campobadajoz@campobadajoz.com<\/span><\/a> et envoyer votre article \u00e0 : Pol. Ind. Los Ca\u00f1os 06300 Zafra, Badajoz.<\/p>&#13;\n&#13;\n<h2><strong>Regalos<\/strong><\/h2>&#13;\n<p>Si l&rsquo;article a \u00e9t\u00e9 marqu\u00e9 comme cadeau lors de l&rsquo;achat et exp\u00e9di\u00e9 directement \u00e0 votre domicile, vous recevrez un cr\u00e9dit cadeau correspondant \u00e0 la valeur de votre retour. D\u00e8s r\u00e9ception de l&rsquo;article retourn\u00e9, un bon d&rsquo;achat vous sera envoy\u00e9 par courrier.<\/p>&#13;\n<p>Si l&rsquo;article n&rsquo;a pas \u00e9t\u00e9 indiqu\u00e9 comme cadeau au moment de l&rsquo;achat, ou si la personne qui a fait le cadeau s&rsquo;est envoy\u00e9 la commande \u00e0 elle-m\u00eame pour vous la livrer \u00e0 une date ult\u00e9rieure, nous enverrons un remboursement \u00e0 la personne qui a fait le cadeau et elle sera inform\u00e9e de votre retour.<\/p>&#13;\n&#13;\n<h2>Env\u00edo de devoluciones<\/h2>&#13;\n<p>Pour retourner votre produit, vous devez l&rsquo;envoyer par la poste \u00e0 Pol. Ind. Los Ca\u00f1os 06300 Zafra, Badajoz.<\/p>&#13;\n<p>Les frais d&rsquo;exp\u00e9dition pour le retour de l&rsquo;article sont \u00e0 votre charge. Les frais d&rsquo;exp\u00e9dition ne sont pas remboursables. Si vous recevez un remboursement, les frais de retour seront d\u00e9duits de votre remboursement.<\/p>&#13;\n<p>Le d\u00e9lai d&rsquo;acheminement du produit \u00e9chang\u00e9 peut varier en fonction de votre lieu de r\u00e9sidence.<\/p>&#13;\n<p>Si vous retournez des articles plus co\u00fbteux, vous pouvez utiliser un service d&rsquo;exp\u00e9dition avec suivi ou souscrire \u00e0 une assurance d&rsquo;exp\u00e9dition. Nous ne garantissons pas la r\u00e9ception de l&rsquo;article retourn\u00e9.<\/p>&#13;\n&#13;\n<h2><strong>\u00bfNecesita ayuda?<\/strong><\/h2>&#13;\n<p>Veuillez nous contacter \u00e0 l&rsquo;adresse <a href=\"mailto:campobadajoz@campobadajoz.com\"><span class=\"elementor-icon-list-text\">campobadajoz@campobadajoz.com<\/span><\/a> pour toute question relative aux remboursements et aux retours.<\/p>&#13;\n","protected":false},"excerpt":{"rendered":"<p>&#13; Informaci\u00f3n general &#13; Notre politique de remboursement et de retour dure 30 jours. Si 30 jours se sont \u00e9coul\u00e9s depuis votre achat, nous ne sommes pas en mesure de vous offrir un remboursement complet ou un \u00e9change. &#13; Pour pouvoir \u00eatre retourn\u00e9, l&rsquo;article doit \u00eatre inutilis\u00e9 et dans le m\u00eame \u00e9tat que celui dans [&hellip;]<\/p>\n","protected":false},"author":1,"featured_media":2161,"parent":0,"menu_order":0,"comment_status":"closed","ping_status":"closed","template":"","meta":{"_acf_changed":false,"footnotes":""},"class_list":["post-2770","page","type-page","status-publish","has-post-thumbnail","hentry"],"acf":[],"yoast_head":"<!-- This site is optimized with the Yoast SEO plugin v27.4 - https:\/\/yoast.com\/product\/yoast-seo-wordpress\/ -->\n<title>Politique de retour et de remboursement - Campo Badajoz<\/title>\n<meta name=\"robots\" content=\"index, follow, max-snippet:-1, max-image-preview:large, max-video-preview:-1\" \/>\n<link rel=\"canonical\" href=\"https:\/\/campobadajoz.es\/fr\/politique-de-retour-et-de-remboursement\/\" \/>\n<meta property=\"og:locale\" content=\"fr_FR\" \/>\n<meta property=\"og:type\" content=\"article\" \/>\n<meta property=\"og:title\" content=\"Politique de retour et de remboursement - Campo Badajoz\" \/>\n<meta property=\"og:description\" content=\"&#013; Informaci\u00f3n general &#013; Notre politique de remboursement et de retour dure 30 jours. Si 30 jours se sont \u00e9coul\u00e9s depuis votre achat, nous ne sommes pas en mesure de vous offrir un remboursement complet ou un \u00e9change. &#013; Pour pouvoir \u00eatre retourn\u00e9, l&rsquo;article doit \u00eatre inutilis\u00e9 et dans le m\u00eame \u00e9tat que celui dans [&hellip;]\" \/>\n<meta property=\"og:url\" content=\"https:\/\/campobadajoz.es\/fr\/politique-de-retour-et-de-remboursement\/\" \/>\n<meta property=\"og:site_name\" content=\"Campo Badajoz\" \/>\n<meta property=\"article:publisher\" content=\"https:\/\/www.facebook.com\/campobadajoz.ibericodecampo\/\" \/>\n<meta property=\"article:modified_time\" content=\"2023-08-01T05:30:30+00:00\" \/>\n<meta property=\"og:image\" content=\"https:\/\/campobadajoz.es\/wp-content\/uploads\/2023\/06\/AdobeStock_130650104-1-scaled.webp\" \/>\n\t<meta property=\"og:image:width\" content=\"2560\" \/>\n\t<meta property=\"og:image:height\" content=\"1707\" \/>\n\t<meta property=\"og:image:type\" content=\"image\/webp\" \/>\n<meta name=\"twitter:card\" content=\"summary_large_image\" \/>\n<meta name=\"twitter:site\" content=\"@jamonibericos\" \/>\n<meta name=\"twitter:label1\" content=\"Dur\u00e9e de lecture estim\u00e9e\" \/>\n\t<meta name=\"twitter:data1\" content=\"3 minutes\" \/>\n<script type=\"application\/ld+json\" class=\"yoast-schema-graph\">{\"@context\":\"https:\\\/\\\/schema.org\",\"@graph\":[{\"@type\":\"WebPage\",\"@id\":\"https:\\\/\\\/campobadajoz.es\\\/fr\\\/politique-de-retour-et-de-remboursement\\\/\",\"url\":\"https:\\\/\\\/campobadajoz.es\\\/fr\\\/politique-de-retour-et-de-remboursement\\\/\",\"name\":\"Politique de retour et de remboursement - Campo Badajoz\",\"isPartOf\":{\"@id\":\"https:\\\/\\\/campobadajoz.es\\\/fr\\\/#website\"},\"primaryImageOfPage\":{\"@id\":\"https:\\\/\\\/campobadajoz.es\\\/fr\\\/politique-de-retour-et-de-remboursement\\\/#primaryimage\"},\"image\":{\"@id\":\"https:\\\/\\\/campobadajoz.es\\\/fr\\\/politique-de-retour-et-de-remboursement\\\/#primaryimage\"},\"thumbnailUrl\":\"https:\\\/\\\/campobadajoz.es\\\/wp-content\\\/uploads\\\/2023\\\/06\\\/AdobeStock_130650104-1-scaled.webp\",\"datePublished\":\"2023-05-12T07:16:24+00:00\",\"dateModified\":\"2023-08-01T05:30:30+00:00\",\"breadcrumb\":{\"@id\":\"https:\\\/\\\/campobadajoz.es\\\/fr\\\/politique-de-retour-et-de-remboursement\\\/#breadcrumb\"},\"inLanguage\":\"fr-FR\",\"potentialAction\":[{\"@type\":\"ReadAction\",\"target\":[\"https:\\\/\\\/campobadajoz.es\\\/fr\\\/politique-de-retour-et-de-remboursement\\\/\"]}]},{\"@type\":\"ImageObject\",\"inLanguage\":\"fr-FR\",\"@id\":\"https:\\\/\\\/campobadajoz.es\\\/fr\\\/politique-de-retour-et-de-remboursement\\\/#primaryimage\",\"url\":\"https:\\\/\\\/campobadajoz.es\\\/wp-content\\\/uploads\\\/2023\\\/06\\\/AdobeStock_130650104-1-scaled.webp\",\"contentUrl\":\"https:\\\/\\\/campobadajoz.es\\\/wp-content\\\/uploads\\\/2023\\\/06\\\/AdobeStock_130650104-1-scaled.webp\",\"width\":2560,\"height\":1707,\"caption\":\"Dehesa Extreme\u00f1a Cerdos\"},{\"@type\":\"BreadcrumbList\",\"@id\":\"https:\\\/\\\/campobadajoz.es\\\/fr\\\/politique-de-retour-et-de-remboursement\\\/#breadcrumb\",\"itemListElement\":[{\"@type\":\"ListItem\",\"position\":1,\"name\":\"Portada\",\"item\":\"https:\\\/\\\/campobadajoz.es\\\/fr\\\/\"},{\"@type\":\"ListItem\",\"position\":2,\"name\":\"Politique de retour et de remboursement\"}]},{\"@type\":\"WebSite\",\"@id\":\"https:\\\/\\\/campobadajoz.es\\\/fr\\\/#website\",\"url\":\"https:\\\/\\\/campobadajoz.es\\\/fr\\\/\",\"name\":\"Campo Badajoz\",\"description\":\"Productos ib\u00e9ricos de calidad\",\"publisher\":{\"@id\":\"https:\\\/\\\/campobadajoz.es\\\/fr\\\/#organization\"},\"potentialAction\":[{\"@type\":\"SearchAction\",\"target\":{\"@type\":\"EntryPoint\",\"urlTemplate\":\"https:\\\/\\\/campobadajoz.es\\\/fr\\\/?s={search_term_string}\"},\"query-input\":{\"@type\":\"PropertyValueSpecification\",\"valueRequired\":true,\"valueName\":\"search_term_string\"}}],\"inLanguage\":\"fr-FR\"},{\"@type\":\"Organization\",\"@id\":\"https:\\\/\\\/campobadajoz.es\\\/fr\\\/#organization\",\"name\":\"Campo Badajoz\",\"url\":\"https:\\\/\\\/campobadajoz.es\\\/fr\\\/\",\"logo\":{\"@type\":\"ImageObject\",\"inLanguage\":\"fr-FR\",\"@id\":\"https:\\\/\\\/campobadajoz.es\\\/fr\\\/#\\\/schema\\\/logo\\\/image\\\/\",\"url\":\"https:\\\/\\\/campobadajoz.es\\\/wp-content\\\/uploads\\\/2023\\\/05\\\/logo_blanco_png-1.webp\",\"contentUrl\":\"https:\\\/\\\/campobadajoz.es\\\/wp-content\\\/uploads\\\/2023\\\/05\\\/logo_blanco_png-1.webp\",\"width\":800,\"height\":800,\"caption\":\"Campo Badajoz\"},\"image\":{\"@id\":\"https:\\\/\\\/campobadajoz.es\\\/fr\\\/#\\\/schema\\\/logo\\\/image\\\/\"},\"sameAs\":[\"https:\\\/\\\/www.facebook.com\\\/campobadajoz.ibericodecampo\\\/\",\"https:\\\/\\\/x.com\\\/jamonibericos\",\"https:\\\/\\\/www.linkedin.com\\\/company\\\/campo-&-badajoz\\\/about\\\/\",\"https:\\\/\\\/www.instagram.com\\\/campobadajoz\\\/\"]}]}<\/script>\n<!-- \/ Yoast SEO plugin. -->","yoast_head_json":{"title":"Politique de retour et de remboursement - Campo Badajoz","robots":{"index":"index","follow":"follow","max-snippet":"max-snippet:-1","max-image-preview":"max-image-preview:large","max-video-preview":"max-video-preview:-1"},"canonical":"https:\/\/campobadajoz.es\/fr\/politique-de-retour-et-de-remboursement\/","og_locale":"fr_FR","og_type":"article","og_title":"Politique de retour et de remboursement - Campo Badajoz","og_description":"&#13; Informaci\u00f3n general &#13; Notre politique de remboursement et de retour dure 30 jours. Si 30 jours se sont \u00e9coul\u00e9s depuis votre achat, nous ne sommes pas en mesure de vous offrir un remboursement complet ou un \u00e9change. &#13; Pour pouvoir \u00eatre retourn\u00e9, l&rsquo;article doit \u00eatre inutilis\u00e9 et dans le m\u00eame \u00e9tat que celui dans [&hellip;]","og_url":"https:\/\/campobadajoz.es\/fr\/politique-de-retour-et-de-remboursement\/","og_site_name":"Campo Badajoz","article_publisher":"https:\/\/www.facebook.com\/campobadajoz.ibericodecampo\/","article_modified_time":"2023-08-01T05:30:30+00:00","og_image":[{"width":2560,"height":1707,"url":"https:\/\/campobadajoz.es\/wp-content\/uploads\/2023\/06\/AdobeStock_130650104-1-scaled.webp","type":"image\/webp"}],"twitter_card":"summary_large_image","twitter_site":"@jamonibericos","twitter_misc":{"Dur\u00e9e de lecture estim\u00e9e":"3 minutes"},"schema":{"@context":"https:\/\/schema.org","@graph":[{"@type":"WebPage","@id":"https:\/\/campobadajoz.es\/fr\/politique-de-retour-et-de-remboursement\/","url":"https:\/\/campobadajoz.es\/fr\/politique-de-retour-et-de-remboursement\/","name":"Politique de retour et de remboursement - Campo Badajoz","isPartOf":{"@id":"https:\/\/campobadajoz.es\/fr\/#website"},"primaryImageOfPage":{"@id":"https:\/\/campobadajoz.es\/fr\/politique-de-retour-et-de-remboursement\/#primaryimage"},"image":{"@id":"https:\/\/campobadajoz.es\/fr\/politique-de-retour-et-de-remboursement\/#primaryimage"},"thumbnailUrl":"https:\/\/campobadajoz.es\/wp-content\/uploads\/2023\/06\/AdobeStock_130650104-1-scaled.webp","datePublished":"2023-05-12T07:16:24+00:00","dateModified":"2023-08-01T05:30:30+00:00","breadcrumb":{"@id":"https:\/\/campobadajoz.es\/fr\/politique-de-retour-et-de-remboursement\/#breadcrumb"},"inLanguage":"fr-FR","potentialAction":[{"@type":"ReadAction","target":["https:\/\/campobadajoz.es\/fr\/politique-de-retour-et-de-remboursement\/"]}]},{"@type":"ImageObject","inLanguage":"fr-FR","@id":"https:\/\/campobadajoz.es\/fr\/politique-de-retour-et-de-remboursement\/#primaryimage","url":"https:\/\/campobadajoz.es\/wp-content\/uploads\/2023\/06\/AdobeStock_130650104-1-scaled.webp","contentUrl":"https:\/\/campobadajoz.es\/wp-content\/uploads\/2023\/06\/AdobeStock_130650104-1-scaled.webp","width":2560,"height":1707,"caption":"Dehesa Extreme\u00f1a Cerdos"},{"@type":"BreadcrumbList","@id":"https:\/\/campobadajoz.es\/fr\/politique-de-retour-et-de-remboursement\/#breadcrumb","itemListElement":[{"@type":"ListItem","position":1,"name":"Portada","item":"https:\/\/campobadajoz.es\/fr\/"},{"@type":"ListItem","position":2,"name":"Politique de retour et de remboursement"}]},{"@type":"WebSite","@id":"https:\/\/campobadajoz.es\/fr\/#website","url":"https:\/\/campobadajoz.es\/fr\/","name":"Campo Badajoz","description":"Productos ib\u00e9ricos de calidad","publisher":{"@id":"https:\/\/campobadajoz.es\/fr\/#organization"},"potentialAction":[{"@type":"SearchAction","target":{"@type":"EntryPoint","urlTemplate":"https:\/\/campobadajoz.es\/fr\/?s={search_term_string}"},"query-input":{"@type":"PropertyValueSpecification","valueRequired":true,"valueName":"search_term_string"}}],"inLanguage":"fr-FR"},{"@type":"Organization","@id":"https:\/\/campobadajoz.es\/fr\/#organization","name":"Campo Badajoz","url":"https:\/\/campobadajoz.es\/fr\/","logo":{"@type":"ImageObject","inLanguage":"fr-FR","@id":"https:\/\/campobadajoz.es\/fr\/#\/schema\/logo\/image\/","url":"https:\/\/campobadajoz.es\/wp-content\/uploads\/2023\/05\/logo_blanco_png-1.webp","contentUrl":"https:\/\/campobadajoz.es\/wp-content\/uploads\/2023\/05\/logo_blanco_png-1.webp","width":800,"height":800,"caption":"Campo Badajoz"},"image":{"@id":"https:\/\/campobadajoz.es\/fr\/#\/schema\/logo\/image\/"},"sameAs":["https:\/\/www.facebook.com\/campobadajoz.ibericodecampo\/","https:\/\/x.com\/jamonibericos","https:\/\/www.linkedin.com\/company\/campo-&-badajoz\/about\/","https:\/\/www.instagram.com\/campobadajoz\/"]}]}},"_links":{"self":[{"href":"https:\/\/campobadajoz.es\/fr\/wp-json\/wp\/v2\/pages\/2770","targetHints":{"allow":["GET"]}}],"collection":[{"href":"https:\/\/campobadajoz.es\/fr\/wp-json\/wp\/v2\/pages"}],"about":[{"href":"https:\/\/campobadajoz.es\/fr\/wp-json\/wp\/v2\/types\/page"}],"author":[{"embeddable":true,"href":"https:\/\/campobadajoz.es\/fr\/wp-json\/wp\/v2\/users\/1"}],"replies":[{"embeddable":true,"href":"https:\/\/campobadajoz.es\/fr\/wp-json\/wp\/v2\/comments?post=2770"}],"version-history":[{"count":0,"href":"https:\/\/campobadajoz.es\/fr\/wp-json\/wp\/v2\/pages\/2770\/revisions"}],"wp:featuredmedia":[{"embeddable":true,"href":"https:\/\/campobadajoz.es\/fr\/wp-json\/wp\/v2\/media\/2161"}],"wp:attachment":[{"href":"https:\/\/campobadajoz.es\/fr\/wp-json\/wp\/v2\/media?parent=2770"}],"curies":[{"name":"wp","href":"https:\/\/api.w.org\/{rel}","templated":true}]}}