{"id":2781,"date":"2023-05-19T12:52:10","date_gmt":"2023-05-19T12:52:10","guid":{"rendered":"https:\/\/campobadajoz.es\/politique-de-confidentialite\/"},"modified":"2023-05-19T12:52:10","modified_gmt":"2023-05-19T12:52:10","slug":"politique-de-confidentialite","status":"publish","type":"page","link":"https:\/\/campobadajoz.es\/fr\/politique-de-confidentialite\/","title":{"rendered":"Politique de confidentialit\u00e9"},"content":{"rendered":"<p>Date d&rsquo;entr\u00e9e en vigueur : 19 juin 2023<\/p>\n<p>Chez <strong>Campo &amp; Badajoz<\/strong>, nous appr\u00e9cions et respectons votre vie priv\u00e9e. La pr\u00e9sente politique de confidentialit\u00e9 d\u00e9crit la mani\u00e8re dont nous recueillons, utilisons et prot\u00e9geons les informations personnelles que nous collectons sur notre site web campobadajoz.es. En utilisant notre site web, vous acceptez les pratiques d\u00e9crites dans la pr\u00e9sente politique de confidentialit\u00e9.<\/p>\n<p><span style=\"font-size: 18pt;\"><strong>Collecte d&rsquo;informations personnelles<\/strong><\/span><\/p>\n<p>\u00c0 l&rsquo;occasion, nous pouvons recueillir des informations personnelles que vous nous fournissez volontairement, telles que votre nom, votre adresse \u00e9lectronique, votre num\u00e9ro de t\u00e9l\u00e9phone ou d&rsquo;autres informations de contact. Cela peut se produire lorsque vous vous inscrivez \u00e0 notre bulletin d&rsquo;information, remplissez des formulaires de contact ou participez \u00e0 des promotions ou \u00e0 des concours.<\/p>\n<p><strong><span style=\"font-size: 18pt;\">Utilisation de l&rsquo;information<\/span><\/strong><\/p>\n<p>Les informations personnelles que nous recueillons sont utilis\u00e9es aux fins suivantes :<\/p>\n<p><strong>1. communication :<\/strong> nous utilisons vos coordonn\u00e9es pour r\u00e9pondre \u00e0 vos demandes, questions ou requ\u00eates.<\/p>\n<p><strong>2. lettre d&rsquo;information :<\/strong> si vous vous \u00eates inscrit \u00e0 notre lettre d&rsquo;information, nous utiliserons votre adresse \u00e9lectronique pour vous envoyer des mises \u00e0 jour, des nouvelles et des promotions relatives \u00e0 nos produits et services. Vous pouvez \u00e0 tout moment refuser de recevoir ces communications.<\/p>\n<p><strong>Am\u00e9lioration du service :<\/strong> nous utilisons les informations que nous recueillons pour am\u00e9liorer nos produits et services et pour personnaliser votre exp\u00e9rience sur notre site web.<\/p>\n<p><strong>4. Marketing :<\/strong> nous pouvons utiliser des informations agr\u00e9g\u00e9es et non personnellement identifiables \u00e0 des fins de marketing, telles que la r\u00e9alisation d&rsquo;analyses statistiques ou l&rsquo;identification des tendances d&rsquo;utilisation du site web.<\/p>\n<p><strong><span style=\"font-size: 18pt;\">Protection de l&rsquo;information<\/span><\/strong><\/p>\n<p>Nous nous engageons \u00e0 prot\u00e9ger les informations personnelles que vous nous fournissez. Nous mettons en \u0153uvre des mesures de s\u00e9curit\u00e9 techniques et organisationnelles appropri\u00e9es pour prot\u00e9ger vos donn\u00e9es \u00e0 caract\u00e8re personnel contre l&rsquo;acc\u00e8s, la divulgation, l&rsquo;alt\u00e9ration ou la destruction non autoris\u00e9s.<\/p>\n<p><span style=\"font-size: 18pt;\"><strong>Divulgation d&rsquo;informations \u00e0 des tiers<\/strong><\/span><\/p>\n<p>Nous ne partageons pas, ne vendons pas et ne louons pas vos informations personnelles \u00e0 des tiers, sauf dans les cas suivants<\/p>\n","protected":false},"excerpt":{"rendered":"<p>Date d&rsquo;entr\u00e9e en vigueur : 19 juin 2023 Chez Campo &amp; Badajoz, nous appr\u00e9cions et respectons votre vie priv\u00e9e. La pr\u00e9sente politique de confidentialit\u00e9 d\u00e9crit la mani\u00e8re dont nous recueillons, utilisons et prot\u00e9geons les informations personnelles que nous collectons sur notre site web campobadajoz.es. En utilisant notre site web, vous acceptez les pratiques d\u00e9crites dans [&hellip;]<\/p>\n","protected":false},"author":1,"featured_media":2161,"parent":0,"menu_order":0,"comment_status":"closed","ping_status":"closed","template":"","meta":{"_acf_changed":false,"footnotes":""},"class_list":["post-2781","page","type-page","status-publish","has-post-thumbnail","hentry"],"acf":[],"yoast_head":"<!-- This site is optimized with the Yoast SEO plugin v27.4 - https:\/\/yoast.com\/product\/yoast-seo-wordpress\/ -->\n<title>Politique de confidentialit\u00e9 - Campo Badajoz<\/title>\n<meta name=\"robots\" content=\"index, follow, max-snippet:-1, max-image-preview:large, max-video-preview:-1\" \/>\n<link rel=\"canonical\" href=\"https:\/\/campobadajoz.es\/fr\/politique-de-confidentialite\/\" \/>\n<meta property=\"og:locale\" content=\"fr_FR\" \/>\n<meta property=\"og:type\" content=\"article\" \/>\n<meta property=\"og:title\" content=\"Politique de confidentialit\u00e9 - Campo Badajoz\" \/>\n<meta property=\"og:description\" content=\"Date d&rsquo;entr\u00e9e en vigueur : 19 juin 2023 Chez Campo &amp; Badajoz, nous appr\u00e9cions et respectons votre vie priv\u00e9e. La pr\u00e9sente politique de confidentialit\u00e9 d\u00e9crit la mani\u00e8re dont nous recueillons, utilisons et prot\u00e9geons les informations personnelles que nous collectons sur notre site web campobadajoz.es. En utilisant notre site web, vous acceptez les pratiques d\u00e9crites dans [&hellip;]\" \/>\n<meta property=\"og:url\" content=\"https:\/\/campobadajoz.es\/fr\/politique-de-confidentialite\/\" \/>\n<meta property=\"og:site_name\" content=\"Campo Badajoz\" \/>\n<meta property=\"article:publisher\" content=\"https:\/\/www.facebook.com\/campobadajoz.ibericodecampo\/\" \/>\n<meta property=\"og:image\" content=\"https:\/\/campobadajoz.es\/wp-content\/uploads\/2023\/06\/AdobeStock_320784754-scaled.webp\" \/>\n\t<meta property=\"og:image:width\" content=\"2560\" \/>\n\t<meta property=\"og:image:height\" content=\"1707\" \/>\n\t<meta property=\"og:image:type\" content=\"image\/webp\" \/>\n<meta name=\"twitter:card\" content=\"summary_large_image\" \/>\n<meta name=\"twitter:site\" content=\"@jamonibericos\" \/>\n<meta name=\"twitter:label1\" content=\"Dur\u00e9e de lecture estim\u00e9e\" \/>\n\t<meta name=\"twitter:data1\" content=\"2 minutes\" \/>\n<script type=\"application\/ld+json\" class=\"yoast-schema-graph\">{\"@context\":\"https:\\\/\\\/schema.org\",\"@graph\":[{\"@type\":\"WebPage\",\"@id\":\"https:\\\/\\\/campobadajoz.es\\\/fr\\\/politique-de-confidentialite\\\/\",\"url\":\"https:\\\/\\\/campobadajoz.es\\\/fr\\\/politique-de-confidentialite\\\/\",\"name\":\"Politique de confidentialit\u00e9 - Campo Badajoz\",\"isPartOf\":{\"@id\":\"https:\\\/\\\/campobadajoz.es\\\/fr\\\/#website\"},\"primaryImageOfPage\":{\"@id\":\"https:\\\/\\\/campobadajoz.es\\\/fr\\\/politique-de-confidentialite\\\/#primaryimage\"},\"image\":{\"@id\":\"https:\\\/\\\/campobadajoz.es\\\/fr\\\/politique-de-confidentialite\\\/#primaryimage\"},\"thumbnailUrl\":\"https:\\\/\\\/campobadajoz.es\\\/wp-content\\\/uploads\\\/2023\\\/06\\\/AdobeStock_130650104-1-scaled.webp\",\"datePublished\":\"2023-05-19T12:52:10+00:00\",\"breadcrumb\":{\"@id\":\"https:\\\/\\\/campobadajoz.es\\\/fr\\\/politique-de-confidentialite\\\/#breadcrumb\"},\"inLanguage\":\"fr-FR\",\"potentialAction\":[{\"@type\":\"ReadAction\",\"target\":[\"https:\\\/\\\/campobadajoz.es\\\/fr\\\/politique-de-confidentialite\\\/\"]}]},{\"@type\":\"ImageObject\",\"inLanguage\":\"fr-FR\",\"@id\":\"https:\\\/\\\/campobadajoz.es\\\/fr\\\/politique-de-confidentialite\\\/#primaryimage\",\"url\":\"https:\\\/\\\/campobadajoz.es\\\/wp-content\\\/uploads\\\/2023\\\/06\\\/AdobeStock_130650104-1-scaled.webp\",\"contentUrl\":\"https:\\\/\\\/campobadajoz.es\\\/wp-content\\\/uploads\\\/2023\\\/06\\\/AdobeStock_130650104-1-scaled.webp\",\"width\":2560,\"height\":1707,\"caption\":\"Dehesa Extreme\u00f1a Cerdos\"},{\"@type\":\"BreadcrumbList\",\"@id\":\"https:\\\/\\\/campobadajoz.es\\\/fr\\\/politique-de-confidentialite\\\/#breadcrumb\",\"itemListElement\":[{\"@type\":\"ListItem\",\"position\":1,\"name\":\"Portada\",\"item\":\"https:\\\/\\\/campobadajoz.es\\\/fr\\\/\"},{\"@type\":\"ListItem\",\"position\":2,\"name\":\"Politique de confidentialit\u00e9\"}]},{\"@type\":\"WebSite\",\"@id\":\"https:\\\/\\\/campobadajoz.es\\\/fr\\\/#website\",\"url\":\"https:\\\/\\\/campobadajoz.es\\\/fr\\\/\",\"name\":\"Campo Badajoz\",\"description\":\"Productos ib\u00e9ricos de calidad\",\"publisher\":{\"@id\":\"https:\\\/\\\/campobadajoz.es\\\/fr\\\/#organization\"},\"potentialAction\":[{\"@type\":\"SearchAction\",\"target\":{\"@type\":\"EntryPoint\",\"urlTemplate\":\"https:\\\/\\\/campobadajoz.es\\\/fr\\\/?s={search_term_string}\"},\"query-input\":{\"@type\":\"PropertyValueSpecification\",\"valueRequired\":true,\"valueName\":\"search_term_string\"}}],\"inLanguage\":\"fr-FR\"},{\"@type\":\"Organization\",\"@id\":\"https:\\\/\\\/campobadajoz.es\\\/fr\\\/#organization\",\"name\":\"Campo Badajoz\",\"url\":\"https:\\\/\\\/campobadajoz.es\\\/fr\\\/\",\"logo\":{\"@type\":\"ImageObject\",\"inLanguage\":\"fr-FR\",\"@id\":\"https:\\\/\\\/campobadajoz.es\\\/fr\\\/#\\\/schema\\\/logo\\\/image\\\/\",\"url\":\"https:\\\/\\\/campobadajoz.es\\\/wp-content\\\/uploads\\\/2023\\\/05\\\/logo_blanco_png-1.webp\",\"contentUrl\":\"https:\\\/\\\/campobadajoz.es\\\/wp-content\\\/uploads\\\/2023\\\/05\\\/logo_blanco_png-1.webp\",\"width\":800,\"height\":800,\"caption\":\"Campo Badajoz\"},\"image\":{\"@id\":\"https:\\\/\\\/campobadajoz.es\\\/fr\\\/#\\\/schema\\\/logo\\\/image\\\/\"},\"sameAs\":[\"https:\\\/\\\/www.facebook.com\\\/campobadajoz.ibericodecampo\\\/\",\"https:\\\/\\\/x.com\\\/jamonibericos\",\"https:\\\/\\\/www.linkedin.com\\\/company\\\/campo-&-badajoz\\\/about\\\/\",\"https:\\\/\\\/www.instagram.com\\\/campobadajoz\\\/\"]}]}<\/script>\n<!-- \/ Yoast SEO plugin. -->","yoast_head_json":{"title":"Politique de confidentialit\u00e9 - Campo Badajoz","robots":{"index":"index","follow":"follow","max-snippet":"max-snippet:-1","max-image-preview":"max-image-preview:large","max-video-preview":"max-video-preview:-1"},"canonical":"https:\/\/campobadajoz.es\/fr\/politique-de-confidentialite\/","og_locale":"fr_FR","og_type":"article","og_title":"Politique de confidentialit\u00e9 - Campo Badajoz","og_description":"Date d&rsquo;entr\u00e9e en vigueur : 19 juin 2023 Chez Campo &amp; Badajoz, nous appr\u00e9cions et respectons votre vie priv\u00e9e. La pr\u00e9sente politique de confidentialit\u00e9 d\u00e9crit la mani\u00e8re dont nous recueillons, utilisons et prot\u00e9geons les informations personnelles que nous collectons sur notre site web campobadajoz.es. En utilisant notre site web, vous acceptez les pratiques d\u00e9crites dans [&hellip;]","og_url":"https:\/\/campobadajoz.es\/fr\/politique-de-confidentialite\/","og_site_name":"Campo Badajoz","article_publisher":"https:\/\/www.facebook.com\/campobadajoz.ibericodecampo\/","og_image":[{"width":2560,"height":1707,"url":"https:\/\/campobadajoz.es\/wp-content\/uploads\/2023\/06\/AdobeStock_320784754-scaled.webp","type":"image\/webp"}],"twitter_card":"summary_large_image","twitter_site":"@jamonibericos","twitter_misc":{"Dur\u00e9e de lecture estim\u00e9e":"2 minutes"},"schema":{"@context":"https:\/\/schema.org","@graph":[{"@type":"WebPage","@id":"https:\/\/campobadajoz.es\/fr\/politique-de-confidentialite\/","url":"https:\/\/campobadajoz.es\/fr\/politique-de-confidentialite\/","name":"Politique de confidentialit\u00e9 - Campo Badajoz","isPartOf":{"@id":"https:\/\/campobadajoz.es\/fr\/#website"},"primaryImageOfPage":{"@id":"https:\/\/campobadajoz.es\/fr\/politique-de-confidentialite\/#primaryimage"},"image":{"@id":"https:\/\/campobadajoz.es\/fr\/politique-de-confidentialite\/#primaryimage"},"thumbnailUrl":"https:\/\/campobadajoz.es\/wp-content\/uploads\/2023\/06\/AdobeStock_130650104-1-scaled.webp","datePublished":"2023-05-19T12:52:10+00:00","breadcrumb":{"@id":"https:\/\/campobadajoz.es\/fr\/politique-de-confidentialite\/#breadcrumb"},"inLanguage":"fr-FR","potentialAction":[{"@type":"ReadAction","target":["https:\/\/campobadajoz.es\/fr\/politique-de-confidentialite\/"]}]},{"@type":"ImageObject","inLanguage":"fr-FR","@id":"https:\/\/campobadajoz.es\/fr\/politique-de-confidentialite\/#primaryimage","url":"https:\/\/campobadajoz.es\/wp-content\/uploads\/2023\/06\/AdobeStock_130650104-1-scaled.webp","contentUrl":"https:\/\/campobadajoz.es\/wp-content\/uploads\/2023\/06\/AdobeStock_130650104-1-scaled.webp","width":2560,"height":1707,"caption":"Dehesa Extreme\u00f1a Cerdos"},{"@type":"BreadcrumbList","@id":"https:\/\/campobadajoz.es\/fr\/politique-de-confidentialite\/#breadcrumb","itemListElement":[{"@type":"ListItem","position":1,"name":"Portada","item":"https:\/\/campobadajoz.es\/fr\/"},{"@type":"ListItem","position":2,"name":"Politique de confidentialit\u00e9"}]},{"@type":"WebSite","@id":"https:\/\/campobadajoz.es\/fr\/#website","url":"https:\/\/campobadajoz.es\/fr\/","name":"Campo Badajoz","description":"Productos ib\u00e9ricos de calidad","publisher":{"@id":"https:\/\/campobadajoz.es\/fr\/#organization"},"potentialAction":[{"@type":"SearchAction","target":{"@type":"EntryPoint","urlTemplate":"https:\/\/campobadajoz.es\/fr\/?s={search_term_string}"},"query-input":{"@type":"PropertyValueSpecification","valueRequired":true,"valueName":"search_term_string"}}],"inLanguage":"fr-FR"},{"@type":"Organization","@id":"https:\/\/campobadajoz.es\/fr\/#organization","name":"Campo Badajoz","url":"https:\/\/campobadajoz.es\/fr\/","logo":{"@type":"ImageObject","inLanguage":"fr-FR","@id":"https:\/\/campobadajoz.es\/fr\/#\/schema\/logo\/image\/","url":"https:\/\/campobadajoz.es\/wp-content\/uploads\/2023\/05\/logo_blanco_png-1.webp","contentUrl":"https:\/\/campobadajoz.es\/wp-content\/uploads\/2023\/05\/logo_blanco_png-1.webp","width":800,"height":800,"caption":"Campo Badajoz"},"image":{"@id":"https:\/\/campobadajoz.es\/fr\/#\/schema\/logo\/image\/"},"sameAs":["https:\/\/www.facebook.com\/campobadajoz.ibericodecampo\/","https:\/\/x.com\/jamonibericos","https:\/\/www.linkedin.com\/company\/campo-&-badajoz\/about\/","https:\/\/www.instagram.com\/campobadajoz\/"]}]}},"_links":{"self":[{"href":"https:\/\/campobadajoz.es\/fr\/wp-json\/wp\/v2\/pages\/2781","targetHints":{"allow":["GET"]}}],"collection":[{"href":"https:\/\/campobadajoz.es\/fr\/wp-json\/wp\/v2\/pages"}],"about":[{"href":"https:\/\/campobadajoz.es\/fr\/wp-json\/wp\/v2\/types\/page"}],"author":[{"embeddable":true,"href":"https:\/\/campobadajoz.es\/fr\/wp-json\/wp\/v2\/users\/1"}],"replies":[{"embeddable":true,"href":"https:\/\/campobadajoz.es\/fr\/wp-json\/wp\/v2\/comments?post=2781"}],"version-history":[{"count":0,"href":"https:\/\/campobadajoz.es\/fr\/wp-json\/wp\/v2\/pages\/2781\/revisions"}],"wp:featuredmedia":[{"embeddable":true,"href":"https:\/\/campobadajoz.es\/fr\/wp-json\/wp\/v2\/media\/2161"}],"wp:attachment":[{"href":"https:\/\/campobadajoz.es\/fr\/wp-json\/wp\/v2\/media?parent=2781"}],"curies":[{"name":"wp","href":"https:\/\/api.w.org\/{rel}","templated":true}]}}