{"id":675,"date":"2023-05-12T07:16:24","date_gmt":"2023-05-12T07:16:24","guid":{"rendered":"https:\/\/campobadajoz.es\/boutique\/"},"modified":"2023-09-05T04:57:28","modified_gmt":"2023-09-05T04:57:28","slug":"boutique","status":"publish","type":"page","link":"https:\/\/campobadajoz.es\/fr\/boutique\/","title":{"rendered":"Boutique"},"content":{"rendered":"\t\t<div data-elementor-type=\"wp-page\" data-elementor-id=\"675\" class=\"elementor elementor-675 elementor-13\" data-elementor-post-type=\"page\">\n\t\t\t\t\t\t<section class=\"elementor-section elementor-top-section elementor-element elementor-element-09ef056 elementor-section-full_width elementor-section-height-default elementor-section-height-default\" data-id=\"09ef056\" data-element_type=\"section\" data-e-type=\"section\" data-settings=\"{&quot;background_background&quot;:&quot;classic&quot;}\">\n\t\t\t\t\t\t<div class=\"elementor-container elementor-column-gap-default\">\n\t\t\t\t\t<div class=\"elementor-column elementor-col-100 elementor-top-column elementor-element elementor-element-0e1f2d4\" data-id=\"0e1f2d4\" data-element_type=\"column\" data-e-type=\"column\">\n\t\t\t<div class=\"elementor-widget-wrap elementor-element-populated\">\n\t\t\t\t\t\t<div class=\"elementor-element elementor-element-d9b228c home-third-block__title elementor-widget elementor-widget-heading\" data-id=\"d9b228c\" data-element_type=\"widget\" data-e-type=\"widget\" data-widget_type=\"heading.default\">\n\t\t\t\t<div class=\"elementor-widget-container\">\n\t\t\t\t\t<h2 class=\"elementor-heading-title elementor-size-default\"><span class=\"home-third-block__title__destacado\">Qualit\u00e9<span style=\"color: var( --e-global-color-secondary );font-family: Gilroy, sans-serif;font-style: normal\"><\/span><\/span> Ib\u00e9rique<\/h2>\t\t\t\t<\/div>\n\t\t\t\t<\/div>\n\t\t\t\t\t<\/div>\n\t\t<\/div>\n\t\t\t\t\t<\/div>\n\t\t<\/section>\n\t\t\t\t<section class=\"elementor-section elementor-top-section elementor-element elementor-element-346e638 elementor-section-full_width elementor-section-height-default elementor-section-height-default\" data-id=\"346e638\" data-element_type=\"section\" data-e-type=\"section\" data-settings=\"{&quot;background_background&quot;:&quot;classic&quot;}\">\n\t\t\t\t\t\t<div class=\"elementor-container elementor-column-gap-default\">\n\t\t\t\t\t<div class=\"elementor-column elementor-col-20 elementor-top-column elementor-element elementor-element-f41e16c shop-page__column\" data-id=\"f41e16c\" data-element_type=\"column\" data-e-type=\"column\">\n\t\t\t<div class=\"elementor-widget-wrap elementor-element-populated\">\n\t\t\t\t\t\t<div class=\"elementor-element elementor-element-5ed53fe shop-page__image elementor-widget elementor-widget-image\" data-id=\"5ed53fe\" data-element_type=\"widget\" data-e-type=\"widget\" data-widget_type=\"image.default\">\n\t\t\t\t<div class=\"elementor-widget-container\">\n\t\t\t\t\t\t\t\t\t\t\t\t\t\t\t\t<a href=\"https:\/\/campobadajoz.es\/categoria-producto\/jamones-y-paletas\/\">\n\t\t\t\t\t\t\t<img fetchpriority=\"high\" decoding=\"async\" width=\"1707\" height=\"2560\" src=\"https:\/\/campobadajoz.es\/wp-content\/uploads\/2023\/06\/jamon-scaled.webp\" class=\"attachment-full size-full wp-image-816\" alt=\"Disfruta del aut\u00e9ntico sabor ib\u00e9rico\" srcset=\"https:\/\/campobadajoz.es\/wp-content\/uploads\/2023\/06\/jamon-scaled.webp 1707w, https:\/\/campobadajoz.es\/wp-content\/uploads\/2023\/06\/jamon-scaled-600x900.webp 600w, https:\/\/campobadajoz.es\/wp-content\/uploads\/2023\/06\/jamon-200x300.webp 200w, https:\/\/campobadajoz.es\/wp-content\/uploads\/2023\/06\/jamon-683x1024.webp 683w, https:\/\/campobadajoz.es\/wp-content\/uploads\/2023\/06\/jamon-768x1152.webp 768w, https:\/\/campobadajoz.es\/wp-content\/uploads\/2023\/06\/jamon-1024x1536.webp 1024w, https:\/\/campobadajoz.es\/wp-content\/uploads\/2023\/06\/jamon-1365x2048.webp 1365w\" sizes=\"(max-width: 1707px) 100vw, 1707px\" \/>\t\t\t\t\t\t\t\t<\/a>\n\t\t\t\t\t\t\t\t\t\t\t\t\t\t\t<\/div>\n\t\t\t\t<\/div>\n\t\t\t\t<div class=\"elementor-element elementor-element-8a0b7db shop-page__title elementor-widget elementor-widget-heading\" data-id=\"8a0b7db\" data-element_type=\"widget\" data-e-type=\"widget\" data-widget_type=\"heading.default\">\n\t\t\t\t<div class=\"elementor-widget-container\">\n\t\t\t\t\t<h2 class=\"elementor-heading-title elementor-size-default\">JAMBONS ET \u00c9PAULES<\/h2>\t\t\t\t<\/div>\n\t\t\t\t<\/div>\n\t\t\t\t\t<\/div>\n\t\t<\/div>\n\t\t\t\t<div class=\"elementor-column elementor-col-20 elementor-top-column elementor-element elementor-element-2aebe2b shop-page__column\" data-id=\"2aebe2b\" data-element_type=\"column\" data-e-type=\"column\">\n\t\t\t<div class=\"elementor-widget-wrap elementor-element-populated\">\n\t\t\t\t\t\t<div class=\"elementor-element elementor-element-9d08110 shop-page__image elementor-widget elementor-widget-image\" data-id=\"9d08110\" data-element_type=\"widget\" data-e-type=\"widget\" data-widget_type=\"image.default\">\n\t\t\t\t<div class=\"elementor-widget-container\">\n\t\t\t\t\t\t\t\t\t\t\t\t\t\t\t\t<a href=\"https:\/\/campobadajoz.es\/categoria-producto\/embutidos\/\">\n\t\t\t\t\t\t\t<img decoding=\"async\" width=\"1710\" height=\"2560\" src=\"https:\/\/campobadajoz.es\/wp-content\/uploads\/2023\/06\/categoria_0.webp\" class=\"attachment-full size-full wp-image-2360\" alt=\"Disfruta del aut\u00e9ntico sabor ib\u00e9rico\" srcset=\"https:\/\/campobadajoz.es\/wp-content\/uploads\/2023\/06\/categoria_0.webp 1710w, https:\/\/campobadajoz.es\/wp-content\/uploads\/2023\/06\/categoria_0-200x300.webp 200w, https:\/\/campobadajoz.es\/wp-content\/uploads\/2023\/06\/categoria_0-684x1024.webp 684w, https:\/\/campobadajoz.es\/wp-content\/uploads\/2023\/06\/categoria_0-768x1150.webp 768w, https:\/\/campobadajoz.es\/wp-content\/uploads\/2023\/06\/categoria_0-1026x1536.webp 1026w, https:\/\/campobadajoz.es\/wp-content\/uploads\/2023\/06\/categoria_0-1368x2048.webp 1368w, https:\/\/campobadajoz.es\/wp-content\/uploads\/2023\/06\/categoria_0-600x898.webp 600w\" sizes=\"(max-width: 1710px) 100vw, 1710px\" \/>\t\t\t\t\t\t\t\t<\/a>\n\t\t\t\t\t\t\t\t\t\t\t\t\t\t\t<\/div>\n\t\t\t\t<\/div>\n\t\t\t\t<div class=\"elementor-element elementor-element-4c17045 shop-page__title elementor-widget elementor-widget-heading\" data-id=\"4c17045\" data-element_type=\"widget\" data-e-type=\"widget\" data-widget_type=\"heading.default\">\n\t\t\t\t<div class=\"elementor-widget-container\">\n\t\t\t\t\t<h2 class=\"elementor-heading-title elementor-size-default\">Saucisses<\/h2>\t\t\t\t<\/div>\n\t\t\t\t<\/div>\n\t\t\t\t\t<\/div>\n\t\t<\/div>\n\t\t\t\t<div class=\"elementor-column elementor-col-20 elementor-top-column elementor-element elementor-element-8df97d9 shop-page__column\" data-id=\"8df97d9\" data-element_type=\"column\" data-e-type=\"column\">\n\t\t\t<div class=\"elementor-widget-wrap elementor-element-populated\">\n\t\t\t\t\t\t<div class=\"elementor-element elementor-element-21e31fb shop-page__image elementor-widget elementor-widget-image\" data-id=\"21e31fb\" data-element_type=\"widget\" data-e-type=\"widget\" data-widget_type=\"image.default\">\n\t\t\t\t<div class=\"elementor-widget-container\">\n\t\t\t\t\t\t\t\t\t\t\t\t\t\t\t\t<a href=\"https:\/\/campobadajoz.es\/categoria-producto\/carnes\/\">\n\t\t\t\t\t\t\t<img decoding=\"async\" width=\"1708\" height=\"2560\" src=\"https:\/\/campobadajoz.es\/wp-content\/uploads\/2023\/06\/carne-scaled.webp\" class=\"attachment-full size-full wp-image-832\" alt=\"Disfruta del aut\u00e9ntico sabor ib\u00e9rico\" srcset=\"https:\/\/campobadajoz.es\/wp-content\/uploads\/2023\/06\/carne-scaled.webp 1708w, https:\/\/campobadajoz.es\/wp-content\/uploads\/2023\/06\/carne-scaled-600x899.webp 600w, https:\/\/campobadajoz.es\/wp-content\/uploads\/2023\/06\/carne-200x300.webp 200w, https:\/\/campobadajoz.es\/wp-content\/uploads\/2023\/06\/carne-683x1024.webp 683w, https:\/\/campobadajoz.es\/wp-content\/uploads\/2023\/06\/carne-768x1151.webp 768w, https:\/\/campobadajoz.es\/wp-content\/uploads\/2023\/06\/carne-1025x1536.webp 1025w, https:\/\/campobadajoz.es\/wp-content\/uploads\/2023\/06\/carne-1367x2048.webp 1367w\" sizes=\"(max-width: 1708px) 100vw, 1708px\" \/>\t\t\t\t\t\t\t\t<\/a>\n\t\t\t\t\t\t\t\t\t\t\t\t\t\t\t<\/div>\n\t\t\t\t<\/div>\n\t\t\t\t<div class=\"elementor-element elementor-element-9b0adb4 shop-page__title elementor-widget elementor-widget-heading\" data-id=\"9b0adb4\" data-element_type=\"widget\" data-e-type=\"widget\" data-widget_type=\"heading.default\">\n\t\t\t\t<div class=\"elementor-widget-container\">\n\t\t\t\t\t<h2 class=\"elementor-heading-title elementor-size-default\">Viande<\/h2>\t\t\t\t<\/div>\n\t\t\t\t<\/div>\n\t\t\t\t\t<\/div>\n\t\t<\/div>\n\t\t\t\t<div class=\"elementor-column elementor-col-20 elementor-top-column elementor-element elementor-element-573a35e shop-page__column\" data-id=\"573a35e\" data-element_type=\"column\" data-e-type=\"column\">\n\t\t\t<div class=\"elementor-widget-wrap elementor-element-populated\">\n\t\t\t\t\t\t<div class=\"elementor-element elementor-element-72effc3 shop-page__image elementor-widget elementor-widget-image\" data-id=\"72effc3\" data-element_type=\"widget\" data-e-type=\"widget\" data-widget_type=\"image.default\">\n\t\t\t\t<div class=\"elementor-widget-container\">\n\t\t\t\t\t\t\t\t\t\t\t\t\t\t\t\t<a href=\"https:\/\/campobadajoz.es\/categoria-producto\/aceites\/\">\n\t\t\t\t\t\t\t<img loading=\"lazy\" decoding=\"async\" width=\"1710\" height=\"2560\" src=\"https:\/\/campobadajoz.es\/wp-content\/uploads\/2023\/06\/categoria_1.webp\" class=\"attachment-full size-full wp-image-2344\" alt=\"\" srcset=\"https:\/\/campobadajoz.es\/wp-content\/uploads\/2023\/06\/categoria_1.webp 1710w, https:\/\/campobadajoz.es\/wp-content\/uploads\/2023\/06\/categoria_1-200x300.webp 200w, https:\/\/campobadajoz.es\/wp-content\/uploads\/2023\/06\/categoria_1-684x1024.webp 684w, https:\/\/campobadajoz.es\/wp-content\/uploads\/2023\/06\/categoria_1-768x1150.webp 768w, https:\/\/campobadajoz.es\/wp-content\/uploads\/2023\/06\/categoria_1-1026x1536.webp 1026w, https:\/\/campobadajoz.es\/wp-content\/uploads\/2023\/06\/categoria_1-1368x2048.webp 1368w, https:\/\/campobadajoz.es\/wp-content\/uploads\/2023\/06\/categoria_1-600x898.webp 600w\" sizes=\"(max-width: 1710px) 100vw, 1710px\" \/>\t\t\t\t\t\t\t\t<\/a>\n\t\t\t\t\t\t\t\t\t\t\t\t\t\t\t<\/div>\n\t\t\t\t<\/div>\n\t\t\t\t<div class=\"elementor-element elementor-element-eef5329 shop-page__title elementor-widget elementor-widget-heading\" data-id=\"eef5329\" data-element_type=\"widget\" data-e-type=\"widget\" data-widget_type=\"heading.default\">\n\t\t\t\t<div class=\"elementor-widget-container\">\n\t\t\t\t\t<h2 class=\"elementor-heading-title elementor-size-default\">huiles<\/h2>\t\t\t\t<\/div>\n\t\t\t\t<\/div>\n\t\t\t\t\t<\/div>\n\t\t<\/div>\n\t\t\t\t<div class=\"elementor-column elementor-col-20 elementor-top-column elementor-element elementor-element-2568820 shop-page__column\" data-id=\"2568820\" data-element_type=\"column\" data-e-type=\"column\">\n\t\t\t<div class=\"elementor-widget-wrap elementor-element-populated\">\n\t\t\t\t\t\t<div class=\"elementor-element elementor-element-c900ed5 shop-page__image elementor-widget elementor-widget-image\" data-id=\"c900ed5\" data-element_type=\"widget\" data-e-type=\"widget\" data-widget_type=\"image.default\">\n\t\t\t\t<div class=\"elementor-widget-container\">\n\t\t\t\t\t\t\t\t\t\t\t\t\t\t\t\t<a href=\"https:\/\/campobadajoz.es\/categoria-producto\/vinos\/\">\n\t\t\t\t\t\t\t<img loading=\"lazy\" decoding=\"async\" width=\"1710\" height=\"2560\" src=\"https:\/\/campobadajoz.es\/wp-content\/uploads\/2023\/06\/categoria_2.webp\" class=\"attachment-full size-full wp-image-2352\" alt=\"\" srcset=\"https:\/\/campobadajoz.es\/wp-content\/uploads\/2023\/06\/categoria_2.webp 1710w, https:\/\/campobadajoz.es\/wp-content\/uploads\/2023\/06\/categoria_2-200x300.webp 200w, https:\/\/campobadajoz.es\/wp-content\/uploads\/2023\/06\/categoria_2-684x1024.webp 684w, https:\/\/campobadajoz.es\/wp-content\/uploads\/2023\/06\/categoria_2-768x1150.webp 768w, https:\/\/campobadajoz.es\/wp-content\/uploads\/2023\/06\/categoria_2-1026x1536.webp 1026w, https:\/\/campobadajoz.es\/wp-content\/uploads\/2023\/06\/categoria_2-1368x2048.webp 1368w, https:\/\/campobadajoz.es\/wp-content\/uploads\/2023\/06\/categoria_2-600x898.webp 600w\" sizes=\"(max-width: 1710px) 100vw, 1710px\" \/>\t\t\t\t\t\t\t\t<\/a>\n\t\t\t\t\t\t\t\t\t\t\t\t\t\t\t<\/div>\n\t\t\t\t<\/div>\n\t\t\t\t<div class=\"elementor-element elementor-element-d15e04a shop-page__title elementor-widget elementor-widget-heading\" data-id=\"d15e04a\" data-element_type=\"widget\" data-e-type=\"widget\" data-widget_type=\"heading.default\">\n\t\t\t\t<div class=\"elementor-widget-container\">\n\t\t\t\t\t<h2 class=\"elementor-heading-title elementor-size-default\">Vins<\/h2>\t\t\t\t<\/div>\n\t\t\t\t<\/div>\n\t\t\t\t\t<\/div>\n\t\t<\/div>\n\t\t\t\t\t<\/div>\n\t\t<\/section>\n\t\t\t\t<\/div>\n\t\t","protected":false},"excerpt":{"rendered":"<p>Qualit\u00e9 Ib\u00e9rique JAMBONS ET \u00c9PAULES Saucisses Viande huiles Vins<\/p>\n","protected":false},"author":1,"featured_media":0,"parent":0,"menu_order":0,"comment_status":"closed","ping_status":"closed","template":"","meta":{"_acf_changed":false,"footnotes":""},"class_list":["post-675","page","type-page","status-publish","hentry"],"acf":[],"yoast_head":"<!-- This site is optimized with the Yoast SEO plugin v27.3 - https:\/\/yoast.com\/product\/yoast-seo-wordpress\/ -->\n<title>Boutique - Campo Badajoz<\/title>\n<meta name=\"robots\" content=\"index, follow, max-snippet:-1, max-image-preview:large, max-video-preview:-1\" \/>\n<link rel=\"canonical\" href=\"https:\/\/campobadajoz.es\/fr\/boutique\/\" \/>\n<meta property=\"og:locale\" content=\"fr_FR\" \/>\n<meta property=\"og:type\" content=\"article\" \/>\n<meta property=\"og:title\" content=\"Boutique - Campo Badajoz\" \/>\n<meta property=\"og:description\" content=\"Qualit\u00e9 Ib\u00e9rique JAMBONS ET \u00c9PAULES Saucisses Viande huiles Vins\" \/>\n<meta property=\"og:url\" content=\"https:\/\/campobadajoz.es\/fr\/boutique\/\" \/>\n<meta property=\"og:site_name\" content=\"Campo Badajoz\" \/>\n<meta property=\"article:publisher\" content=\"https:\/\/www.facebook.com\/campobadajoz.ibericodecampo\/\" \/>\n<meta property=\"article:modified_time\" content=\"2023-09-05T04:57:28+00:00\" \/>\n<meta property=\"og:image\" content=\"https:\/\/campobadajoz.es\/wp-content\/uploads\/2023\/06\/jamon-scaled.webp\" \/>\n<meta name=\"twitter:card\" content=\"summary_large_image\" \/>\n<meta name=\"twitter:site\" content=\"@jamonibericos\" \/>\n<script type=\"application\/ld+json\" class=\"yoast-schema-graph\">{\"@context\":\"https:\\\/\\\/schema.org\",\"@graph\":[{\"@type\":\"WebPage\",\"@id\":\"https:\\\/\\\/campobadajoz.es\\\/fr\\\/boutique\\\/\",\"url\":\"https:\\\/\\\/campobadajoz.es\\\/fr\\\/boutique\\\/\",\"name\":\"Boutique - Campo Badajoz\",\"isPartOf\":{\"@id\":\"https:\\\/\\\/campobadajoz.es\\\/fr\\\/#website\"},\"primaryImageOfPage\":{\"@id\":\"https:\\\/\\\/campobadajoz.es\\\/fr\\\/boutique\\\/#primaryimage\"},\"image\":{\"@id\":\"https:\\\/\\\/campobadajoz.es\\\/fr\\\/boutique\\\/#primaryimage\"},\"thumbnailUrl\":\"https:\\\/\\\/campobadajoz.es\\\/wp-content\\\/uploads\\\/2023\\\/06\\\/jamon-scaled.webp\",\"datePublished\":\"2023-05-12T07:16:24+00:00\",\"dateModified\":\"2023-09-05T04:57:28+00:00\",\"breadcrumb\":{\"@id\":\"https:\\\/\\\/campobadajoz.es\\\/fr\\\/boutique\\\/#breadcrumb\"},\"inLanguage\":\"fr-FR\",\"potentialAction\":[{\"@type\":\"ReadAction\",\"target\":[\"https:\\\/\\\/campobadajoz.es\\\/fr\\\/boutique\\\/\"]}]},{\"@type\":\"ImageObject\",\"inLanguage\":\"fr-FR\",\"@id\":\"https:\\\/\\\/campobadajoz.es\\\/fr\\\/boutique\\\/#primaryimage\",\"url\":\"https:\\\/\\\/campobadajoz.es\\\/wp-content\\\/uploads\\\/2023\\\/06\\\/jamon-scaled.webp\",\"contentUrl\":\"https:\\\/\\\/campobadajoz.es\\\/wp-content\\\/uploads\\\/2023\\\/06\\\/jamon-scaled.webp\"},{\"@type\":\"BreadcrumbList\",\"@id\":\"https:\\\/\\\/campobadajoz.es\\\/fr\\\/boutique\\\/#breadcrumb\",\"itemListElement\":[{\"@type\":\"ListItem\",\"position\":1,\"name\":\"Portada\",\"item\":\"https:\\\/\\\/campobadajoz.es\\\/fr\\\/\"},{\"@type\":\"ListItem\",\"position\":2,\"name\":\"Boutique\"}]},{\"@type\":\"WebSite\",\"@id\":\"https:\\\/\\\/campobadajoz.es\\\/fr\\\/#website\",\"url\":\"https:\\\/\\\/campobadajoz.es\\\/fr\\\/\",\"name\":\"Campo Badajoz\",\"description\":\"Productos ib\u00e9ricos de calidad\",\"publisher\":{\"@id\":\"https:\\\/\\\/campobadajoz.es\\\/fr\\\/#organization\"},\"potentialAction\":[{\"@type\":\"SearchAction\",\"target\":{\"@type\":\"EntryPoint\",\"urlTemplate\":\"https:\\\/\\\/campobadajoz.es\\\/fr\\\/?s={search_term_string}\"},\"query-input\":{\"@type\":\"PropertyValueSpecification\",\"valueRequired\":true,\"valueName\":\"search_term_string\"}}],\"inLanguage\":\"fr-FR\"},{\"@type\":\"Organization\",\"@id\":\"https:\\\/\\\/campobadajoz.es\\\/fr\\\/#organization\",\"name\":\"Campo Badajoz\",\"url\":\"https:\\\/\\\/campobadajoz.es\\\/fr\\\/\",\"logo\":{\"@type\":\"ImageObject\",\"inLanguage\":\"fr-FR\",\"@id\":\"https:\\\/\\\/campobadajoz.es\\\/fr\\\/#\\\/schema\\\/logo\\\/image\\\/\",\"url\":\"https:\\\/\\\/campobadajoz.es\\\/wp-content\\\/uploads\\\/2023\\\/05\\\/logo_blanco_png-1.webp\",\"contentUrl\":\"https:\\\/\\\/campobadajoz.es\\\/wp-content\\\/uploads\\\/2023\\\/05\\\/logo_blanco_png-1.webp\",\"width\":800,\"height\":800,\"caption\":\"Campo Badajoz\"},\"image\":{\"@id\":\"https:\\\/\\\/campobadajoz.es\\\/fr\\\/#\\\/schema\\\/logo\\\/image\\\/\"},\"sameAs\":[\"https:\\\/\\\/www.facebook.com\\\/campobadajoz.ibericodecampo\\\/\",\"https:\\\/\\\/x.com\\\/jamonibericos\",\"https:\\\/\\\/www.linkedin.com\\\/company\\\/campo-&-badajoz\\\/about\\\/\",\"https:\\\/\\\/www.instagram.com\\\/campobadajoz\\\/\"]}]}<\/script>\n<!-- \/ Yoast SEO plugin. -->","yoast_head_json":{"title":"Boutique - Campo Badajoz","robots":{"index":"index","follow":"follow","max-snippet":"max-snippet:-1","max-image-preview":"max-image-preview:large","max-video-preview":"max-video-preview:-1"},"canonical":"https:\/\/campobadajoz.es\/fr\/boutique\/","og_locale":"fr_FR","og_type":"article","og_title":"Boutique - Campo Badajoz","og_description":"Qualit\u00e9 Ib\u00e9rique JAMBONS ET \u00c9PAULES Saucisses Viande huiles Vins","og_url":"https:\/\/campobadajoz.es\/fr\/boutique\/","og_site_name":"Campo Badajoz","article_publisher":"https:\/\/www.facebook.com\/campobadajoz.ibericodecampo\/","article_modified_time":"2023-09-05T04:57:28+00:00","og_image":[{"url":"https:\/\/campobadajoz.es\/wp-content\/uploads\/2023\/06\/jamon-scaled.webp","type":"","width":"","height":""}],"twitter_card":"summary_large_image","twitter_site":"@jamonibericos","schema":{"@context":"https:\/\/schema.org","@graph":[{"@type":"WebPage","@id":"https:\/\/campobadajoz.es\/fr\/boutique\/","url":"https:\/\/campobadajoz.es\/fr\/boutique\/","name":"Boutique - Campo Badajoz","isPartOf":{"@id":"https:\/\/campobadajoz.es\/fr\/#website"},"primaryImageOfPage":{"@id":"https:\/\/campobadajoz.es\/fr\/boutique\/#primaryimage"},"image":{"@id":"https:\/\/campobadajoz.es\/fr\/boutique\/#primaryimage"},"thumbnailUrl":"https:\/\/campobadajoz.es\/wp-content\/uploads\/2023\/06\/jamon-scaled.webp","datePublished":"2023-05-12T07:16:24+00:00","dateModified":"2023-09-05T04:57:28+00:00","breadcrumb":{"@id":"https:\/\/campobadajoz.es\/fr\/boutique\/#breadcrumb"},"inLanguage":"fr-FR","potentialAction":[{"@type":"ReadAction","target":["https:\/\/campobadajoz.es\/fr\/boutique\/"]}]},{"@type":"ImageObject","inLanguage":"fr-FR","@id":"https:\/\/campobadajoz.es\/fr\/boutique\/#primaryimage","url":"https:\/\/campobadajoz.es\/wp-content\/uploads\/2023\/06\/jamon-scaled.webp","contentUrl":"https:\/\/campobadajoz.es\/wp-content\/uploads\/2023\/06\/jamon-scaled.webp"},{"@type":"BreadcrumbList","@id":"https:\/\/campobadajoz.es\/fr\/boutique\/#breadcrumb","itemListElement":[{"@type":"ListItem","position":1,"name":"Portada","item":"https:\/\/campobadajoz.es\/fr\/"},{"@type":"ListItem","position":2,"name":"Boutique"}]},{"@type":"WebSite","@id":"https:\/\/campobadajoz.es\/fr\/#website","url":"https:\/\/campobadajoz.es\/fr\/","name":"Campo Badajoz","description":"Productos ib\u00e9ricos de calidad","publisher":{"@id":"https:\/\/campobadajoz.es\/fr\/#organization"},"potentialAction":[{"@type":"SearchAction","target":{"@type":"EntryPoint","urlTemplate":"https:\/\/campobadajoz.es\/fr\/?s={search_term_string}"},"query-input":{"@type":"PropertyValueSpecification","valueRequired":true,"valueName":"search_term_string"}}],"inLanguage":"fr-FR"},{"@type":"Organization","@id":"https:\/\/campobadajoz.es\/fr\/#organization","name":"Campo Badajoz","url":"https:\/\/campobadajoz.es\/fr\/","logo":{"@type":"ImageObject","inLanguage":"fr-FR","@id":"https:\/\/campobadajoz.es\/fr\/#\/schema\/logo\/image\/","url":"https:\/\/campobadajoz.es\/wp-content\/uploads\/2023\/05\/logo_blanco_png-1.webp","contentUrl":"https:\/\/campobadajoz.es\/wp-content\/uploads\/2023\/05\/logo_blanco_png-1.webp","width":800,"height":800,"caption":"Campo Badajoz"},"image":{"@id":"https:\/\/campobadajoz.es\/fr\/#\/schema\/logo\/image\/"},"sameAs":["https:\/\/www.facebook.com\/campobadajoz.ibericodecampo\/","https:\/\/x.com\/jamonibericos","https:\/\/www.linkedin.com\/company\/campo-&-badajoz\/about\/","https:\/\/www.instagram.com\/campobadajoz\/"]}]}},"_links":{"self":[{"href":"https:\/\/campobadajoz.es\/fr\/wp-json\/wp\/v2\/pages\/675","targetHints":{"allow":["GET"]}}],"collection":[{"href":"https:\/\/campobadajoz.es\/fr\/wp-json\/wp\/v2\/pages"}],"about":[{"href":"https:\/\/campobadajoz.es\/fr\/wp-json\/wp\/v2\/types\/page"}],"author":[{"embeddable":true,"href":"https:\/\/campobadajoz.es\/fr\/wp-json\/wp\/v2\/users\/1"}],"replies":[{"embeddable":true,"href":"https:\/\/campobadajoz.es\/fr\/wp-json\/wp\/v2\/comments?post=675"}],"version-history":[{"count":0,"href":"https:\/\/campobadajoz.es\/fr\/wp-json\/wp\/v2\/pages\/675\/revisions"}],"wp:attachment":[{"href":"https:\/\/campobadajoz.es\/fr\/wp-json\/wp\/v2\/media?parent=675"}],"curies":[{"name":"wp","href":"https:\/\/api.w.org\/{rel}","templated":true}]}}