{"id":3821,"date":"2023-08-30T06:07:30","date_gmt":"2023-08-30T06:07:30","guid":{"rendered":"https:\/\/campobadajoz.es\/producto\/jamon-bellota-50-iberico\/"},"modified":"2023-10-25T10:47:33","modified_gmt":"2023-10-25T10:47:33","slug":"jamon-bellota-50-iberico","status":"publish","type":"product","link":"https:\/\/campobadajoz.es\/fr\/producto\/jamon-bellota-50-iberico\/","title":{"rendered":"JAM\u00d3N BELLOTA 50% IB\u00c9RICO"},"content":{"rendered":"<p>&nbsp;<\/p>\n<p style=\"text-align: left;\">\n","protected":false},"excerpt":{"rendered":"<h3 style=\"text-align: justify;\"><span style=\"font-family: 'times new roman', times, serif; font-size: 12pt;\"><em>Nuestro <strong>Jam\u00f3n de Bellota 50%<\/strong> es un verdadero tesoro culinario. Nacido de la crianza meticulosa de cerdos ib\u00e9ricos puros alimentados con bellota, es un imprescindible para disfrutar en cualquier ocasi\u00f3n.<\/em><\/span><\/h3>\n","protected":false},"featured_media":6368,"comment_status":"open","ping_status":"closed","template":"","meta":{"_acf_changed":false},"product_brand":[],"product_cat":[417],"product_tag":[],"class_list":{"0":"post-3821","1":"product","2":"type-product","3":"status-publish","4":"has-post-thumbnail","6":"product_cat-jambon-et-epaule-a-los","7":"pa_peso-700-750-kg-fr","8":"pa_peso-800-850-kg-fr","9":"pa_peso-850-900-kg-fr","10":"pa_peso-900-950-kg-fr","12":"first","13":"instock","14":"taxable","15":"shipping-taxable","16":"product-type-variable"},"acf":[],"yoast_head":"<!-- This site is optimized with the Yoast SEO plugin v27.3 - https:\/\/yoast.com\/product\/yoast-seo-wordpress\/ -->\n<title>JAM\u00d3N BELLOTA 50% IB\u00c9RICO - Campo Badajoz<\/title>\n<meta name=\"robots\" content=\"index, follow, max-snippet:-1, max-image-preview:large, max-video-preview:-1\" \/>\n<link rel=\"canonical\" href=\"https:\/\/campobadajoz.es\/fr\/producto\/jamon-bellota-50-iberico\/\" \/>\n<meta property=\"og:locale\" content=\"fr_FR\" \/>\n<meta property=\"og:type\" content=\"article\" \/>\n<meta property=\"og:title\" content=\"JAM\u00d3N BELLOTA 50% IB\u00c9RICO - Campo Badajoz\" \/>\n<meta property=\"og:description\" content=\"Nuestro Jam\u00f3n de Bellota 50% es un verdadero tesoro culinario. Nacido de la crianza meticulosa de cerdos ib\u00e9ricos puros alimentados con bellota, es un imprescindible para disfrutar en cualquier ocasi\u00f3n.\" \/>\n<meta property=\"og:url\" content=\"https:\/\/campobadajoz.es\/fr\/producto\/jamon-bellota-50-iberico\/\" \/>\n<meta property=\"og:site_name\" content=\"Campo Badajoz\" \/>\n<meta property=\"article:publisher\" content=\"https:\/\/www.facebook.com\/campobadajoz.ibericodecampo\/\" \/>\n<meta property=\"article:modified_time\" content=\"2023-10-25T10:47:33+00:00\" \/>\n<meta property=\"og:image\" content=\"https:\/\/campobadajoz.es\/wp-content\/uploads\/2023\/08\/RLF3532-Editar.jpg\" \/>\n\t<meta property=\"og:image:width\" content=\"1575\" \/>\n\t<meta property=\"og:image:height\" content=\"2362\" \/>\n\t<meta property=\"og:image:type\" content=\"image\/jpeg\" \/>\n<meta name=\"twitter:card\" content=\"summary_large_image\" \/>\n<meta name=\"twitter:site\" content=\"@jamonibericos\" \/>\n<script type=\"application\/ld+json\" class=\"yoast-schema-graph\">{\"@context\":\"https:\\\/\\\/schema.org\",\"@graph\":[{\"@type\":\"WebPage\",\"@id\":\"https:\\\/\\\/campobadajoz.es\\\/fr\\\/producto\\\/jamon-bellota-50-iberico\\\/\",\"url\":\"https:\\\/\\\/campobadajoz.es\\\/fr\\\/producto\\\/jamon-bellota-50-iberico\\\/\",\"name\":\"JAM\u00d3N BELLOTA 50% IB\u00c9RICO - Campo Badajoz\",\"isPartOf\":{\"@id\":\"https:\\\/\\\/campobadajoz.es\\\/fr\\\/#website\"},\"primaryImageOfPage\":{\"@id\":\"https:\\\/\\\/campobadajoz.es\\\/fr\\\/producto\\\/jamon-bellota-50-iberico\\\/#primaryimage\"},\"image\":{\"@id\":\"https:\\\/\\\/campobadajoz.es\\\/fr\\\/producto\\\/jamon-bellota-50-iberico\\\/#primaryimage\"},\"thumbnailUrl\":\"https:\\\/\\\/campobadajoz.es\\\/wp-content\\\/uploads\\\/2023\\\/08\\\/RLF3532-Editar.jpg\",\"datePublished\":\"2023-08-30T06:07:30+00:00\",\"dateModified\":\"2023-10-25T10:47:33+00:00\",\"breadcrumb\":{\"@id\":\"https:\\\/\\\/campobadajoz.es\\\/fr\\\/producto\\\/jamon-bellota-50-iberico\\\/#breadcrumb\"},\"inLanguage\":\"fr-FR\",\"potentialAction\":[{\"@type\":\"ReadAction\",\"target\":[\"https:\\\/\\\/campobadajoz.es\\\/fr\\\/producto\\\/jamon-bellota-50-iberico\\\/\"]}]},{\"@type\":\"ImageObject\",\"inLanguage\":\"fr-FR\",\"@id\":\"https:\\\/\\\/campobadajoz.es\\\/fr\\\/producto\\\/jamon-bellota-50-iberico\\\/#primaryimage\",\"url\":\"https:\\\/\\\/campobadajoz.es\\\/wp-content\\\/uploads\\\/2023\\\/08\\\/RLF3532-Editar.jpg\",\"contentUrl\":\"https:\\\/\\\/campobadajoz.es\\\/wp-content\\\/uploads\\\/2023\\\/08\\\/RLF3532-Editar.jpg\",\"width\":1575,\"height\":2362,\"caption\":\"Jamon Iberico 100%\"},{\"@type\":\"BreadcrumbList\",\"@id\":\"https:\\\/\\\/campobadajoz.es\\\/fr\\\/producto\\\/jamon-bellota-50-iberico\\\/#breadcrumb\",\"itemListElement\":[{\"@type\":\"ListItem\",\"position\":1,\"name\":\"Portada\",\"item\":\"https:\\\/\\\/campobadajoz.es\\\/fr\\\/\"},{\"@type\":\"ListItem\",\"position\":2,\"name\":\"Produits\",\"item\":\"https:\\\/\\\/campobadajoz.es\\\/fr\\\/shop\\\/\"},{\"@type\":\"ListItem\",\"position\":3,\"name\":\"JAM\u00d3N BELLOTA 50% IB\u00c9RICO\"}]},{\"@type\":\"WebSite\",\"@id\":\"https:\\\/\\\/campobadajoz.es\\\/fr\\\/#website\",\"url\":\"https:\\\/\\\/campobadajoz.es\\\/fr\\\/\",\"name\":\"Campo Badajoz\",\"description\":\"Productos ib\u00e9ricos de calidad\",\"publisher\":{\"@id\":\"https:\\\/\\\/campobadajoz.es\\\/fr\\\/#organization\"},\"potentialAction\":[{\"@type\":\"SearchAction\",\"target\":{\"@type\":\"EntryPoint\",\"urlTemplate\":\"https:\\\/\\\/campobadajoz.es\\\/fr\\\/?s={search_term_string}\"},\"query-input\":{\"@type\":\"PropertyValueSpecification\",\"valueRequired\":true,\"valueName\":\"search_term_string\"}}],\"inLanguage\":\"fr-FR\"},{\"@type\":\"Organization\",\"@id\":\"https:\\\/\\\/campobadajoz.es\\\/fr\\\/#organization\",\"name\":\"Campo Badajoz\",\"url\":\"https:\\\/\\\/campobadajoz.es\\\/fr\\\/\",\"logo\":{\"@type\":\"ImageObject\",\"inLanguage\":\"fr-FR\",\"@id\":\"https:\\\/\\\/campobadajoz.es\\\/fr\\\/#\\\/schema\\\/logo\\\/image\\\/\",\"url\":\"https:\\\/\\\/campobadajoz.es\\\/wp-content\\\/uploads\\\/2023\\\/05\\\/logo_blanco_png-1.webp\",\"contentUrl\":\"https:\\\/\\\/campobadajoz.es\\\/wp-content\\\/uploads\\\/2023\\\/05\\\/logo_blanco_png-1.webp\",\"width\":800,\"height\":800,\"caption\":\"Campo Badajoz\"},\"image\":{\"@id\":\"https:\\\/\\\/campobadajoz.es\\\/fr\\\/#\\\/schema\\\/logo\\\/image\\\/\"},\"sameAs\":[\"https:\\\/\\\/www.facebook.com\\\/campobadajoz.ibericodecampo\\\/\",\"https:\\\/\\\/x.com\\\/jamonibericos\",\"https:\\\/\\\/www.linkedin.com\\\/company\\\/campo-&-badajoz\\\/about\\\/\",\"https:\\\/\\\/www.instagram.com\\\/campobadajoz\\\/\"]}]}<\/script>\n<!-- \/ Yoast SEO plugin. -->","yoast_head_json":{"title":"JAM\u00d3N BELLOTA 50% IB\u00c9RICO - Campo Badajoz","robots":{"index":"index","follow":"follow","max-snippet":"max-snippet:-1","max-image-preview":"max-image-preview:large","max-video-preview":"max-video-preview:-1"},"canonical":"https:\/\/campobadajoz.es\/fr\/producto\/jamon-bellota-50-iberico\/","og_locale":"fr_FR","og_type":"article","og_title":"JAM\u00d3N BELLOTA 50% IB\u00c9RICO - Campo Badajoz","og_description":"Nuestro Jam\u00f3n de Bellota 50% es un verdadero tesoro culinario. Nacido de la crianza meticulosa de cerdos ib\u00e9ricos puros alimentados con bellota, es un imprescindible para disfrutar en cualquier ocasi\u00f3n.","og_url":"https:\/\/campobadajoz.es\/fr\/producto\/jamon-bellota-50-iberico\/","og_site_name":"Campo Badajoz","article_publisher":"https:\/\/www.facebook.com\/campobadajoz.ibericodecampo\/","article_modified_time":"2023-10-25T10:47:33+00:00","og_image":[{"width":1575,"height":2362,"url":"https:\/\/campobadajoz.es\/wp-content\/uploads\/2023\/08\/RLF3532-Editar.jpg","type":"image\/jpeg"}],"twitter_card":"summary_large_image","twitter_site":"@jamonibericos","schema":{"@context":"https:\/\/schema.org","@graph":[{"@type":"WebPage","@id":"https:\/\/campobadajoz.es\/fr\/producto\/jamon-bellota-50-iberico\/","url":"https:\/\/campobadajoz.es\/fr\/producto\/jamon-bellota-50-iberico\/","name":"JAM\u00d3N BELLOTA 50% IB\u00c9RICO - Campo Badajoz","isPartOf":{"@id":"https:\/\/campobadajoz.es\/fr\/#website"},"primaryImageOfPage":{"@id":"https:\/\/campobadajoz.es\/fr\/producto\/jamon-bellota-50-iberico\/#primaryimage"},"image":{"@id":"https:\/\/campobadajoz.es\/fr\/producto\/jamon-bellota-50-iberico\/#primaryimage"},"thumbnailUrl":"https:\/\/campobadajoz.es\/wp-content\/uploads\/2023\/08\/RLF3532-Editar.jpg","datePublished":"2023-08-30T06:07:30+00:00","dateModified":"2023-10-25T10:47:33+00:00","breadcrumb":{"@id":"https:\/\/campobadajoz.es\/fr\/producto\/jamon-bellota-50-iberico\/#breadcrumb"},"inLanguage":"fr-FR","potentialAction":[{"@type":"ReadAction","target":["https:\/\/campobadajoz.es\/fr\/producto\/jamon-bellota-50-iberico\/"]}]},{"@type":"ImageObject","inLanguage":"fr-FR","@id":"https:\/\/campobadajoz.es\/fr\/producto\/jamon-bellota-50-iberico\/#primaryimage","url":"https:\/\/campobadajoz.es\/wp-content\/uploads\/2023\/08\/RLF3532-Editar.jpg","contentUrl":"https:\/\/campobadajoz.es\/wp-content\/uploads\/2023\/08\/RLF3532-Editar.jpg","width":1575,"height":2362,"caption":"Jamon Iberico 100%"},{"@type":"BreadcrumbList","@id":"https:\/\/campobadajoz.es\/fr\/producto\/jamon-bellota-50-iberico\/#breadcrumb","itemListElement":[{"@type":"ListItem","position":1,"name":"Portada","item":"https:\/\/campobadajoz.es\/fr\/"},{"@type":"ListItem","position":2,"name":"Produits","item":"https:\/\/campobadajoz.es\/fr\/shop\/"},{"@type":"ListItem","position":3,"name":"JAM\u00d3N BELLOTA 50% IB\u00c9RICO"}]},{"@type":"WebSite","@id":"https:\/\/campobadajoz.es\/fr\/#website","url":"https:\/\/campobadajoz.es\/fr\/","name":"Campo Badajoz","description":"Productos ib\u00e9ricos de calidad","publisher":{"@id":"https:\/\/campobadajoz.es\/fr\/#organization"},"potentialAction":[{"@type":"SearchAction","target":{"@type":"EntryPoint","urlTemplate":"https:\/\/campobadajoz.es\/fr\/?s={search_term_string}"},"query-input":{"@type":"PropertyValueSpecification","valueRequired":true,"valueName":"search_term_string"}}],"inLanguage":"fr-FR"},{"@type":"Organization","@id":"https:\/\/campobadajoz.es\/fr\/#organization","name":"Campo Badajoz","url":"https:\/\/campobadajoz.es\/fr\/","logo":{"@type":"ImageObject","inLanguage":"fr-FR","@id":"https:\/\/campobadajoz.es\/fr\/#\/schema\/logo\/image\/","url":"https:\/\/campobadajoz.es\/wp-content\/uploads\/2023\/05\/logo_blanco_png-1.webp","contentUrl":"https:\/\/campobadajoz.es\/wp-content\/uploads\/2023\/05\/logo_blanco_png-1.webp","width":800,"height":800,"caption":"Campo Badajoz"},"image":{"@id":"https:\/\/campobadajoz.es\/fr\/#\/schema\/logo\/image\/"},"sameAs":["https:\/\/www.facebook.com\/campobadajoz.ibericodecampo\/","https:\/\/x.com\/jamonibericos","https:\/\/www.linkedin.com\/company\/campo-&-badajoz\/about\/","https:\/\/www.instagram.com\/campobadajoz\/"]}]}},"_links":{"self":[{"href":"https:\/\/campobadajoz.es\/fr\/wp-json\/wp\/v2\/product\/3821","targetHints":{"allow":["GET"]}}],"collection":[{"href":"https:\/\/campobadajoz.es\/fr\/wp-json\/wp\/v2\/product"}],"about":[{"href":"https:\/\/campobadajoz.es\/fr\/wp-json\/wp\/v2\/types\/product"}],"replies":[{"embeddable":true,"href":"https:\/\/campobadajoz.es\/fr\/wp-json\/wp\/v2\/comments?post=3821"}],"version-history":[{"count":1,"href":"https:\/\/campobadajoz.es\/fr\/wp-json\/wp\/v2\/product\/3821\/revisions"}],"predecessor-version":[{"id":6925,"href":"https:\/\/campobadajoz.es\/fr\/wp-json\/wp\/v2\/product\/3821\/revisions\/6925"}],"wp:featuredmedia":[{"embeddable":true,"href":"https:\/\/campobadajoz.es\/fr\/wp-json\/wp\/v2\/media\/6368"}],"wp:attachment":[{"href":"https:\/\/campobadajoz.es\/fr\/wp-json\/wp\/v2\/media?parent=3821"}],"wp:term":[{"taxonomy":"product_brand","embeddable":true,"href":"https:\/\/campobadajoz.es\/fr\/wp-json\/wp\/v2\/product_brand?post=3821"},{"taxonomy":"product_cat","embeddable":true,"href":"https:\/\/campobadajoz.es\/fr\/wp-json\/wp\/v2\/product_cat?post=3821"},{"taxonomy":"product_tag","embeddable":true,"href":"https:\/\/campobadajoz.es\/fr\/wp-json\/wp\/v2\/product_tag?post=3821"}],"curies":[{"name":"wp","href":"https:\/\/api.w.org\/{rel}","templated":true}]}}