{"id":3839,"date":"2023-08-30T06:15:45","date_gmt":"2023-08-30T06:15:45","guid":{"rendered":"https:\/\/campobadajoz.es\/producto\/jamon-campo-badajoz\/"},"modified":"2023-10-25T11:01:49","modified_gmt":"2023-10-25T11:01:49","slug":"jamon-campo-badajoz","status":"publish","type":"product","link":"https:\/\/campobadajoz.es\/fr\/producto\/jamon-campo-badajoz\/","title":{"rendered":"JAM\u00d3N CAMPO BADAJOZ"},"content":{"rendered":"<p>Chaque morceau de jambon est soigneusement s\u00e9lectionn\u00e9, garantissant qu&rsquo;il r\u00e9pond aux normes de qualit\u00e9 et de puret\u00e9 les plus exigeantes. L&rsquo;os du jambon apporte un caract\u00e8re distinctif, offrant une plus grande intensit\u00e9 de saveur et une texture juteuse et succulente.<\/p>\n<p>Nos ma\u00eetres jambonniers suivent le processus d&rsquo;affinage traditionnel avec d\u00e9vouement et ma\u00eetrise, permettant au jambon de m\u00fbrir lentement dans des conditions optimales. Ce processus, qui peut durer plusieurs ann\u00e9es, d\u00e9veloppe une complexit\u00e9 de saveurs et d&rsquo;ar\u00f4mes qui font du jambon ib\u00e9rique avec os un v\u00e9ritable d\u00e9lice.<\/p>\n<p>Chaque tranche de jambon offre une exp\u00e9rience sensorielle unique, avec sa saveur sucr\u00e9e-sal\u00e9e, sa texture d\u00e9licate et son ar\u00f4me enivrant. Le jambon ib\u00e9rique avec os est un v\u00e9ritable d\u00e9lice pour les amateurs de bonne cuisine et un incontournable \u00e0 toutes les tables pour les f\u00eates ou les \u00e9v\u00e9nements sp\u00e9ciaux.<\/p>\n<p>D\u00e9gustez notre jambon ib\u00e9rique avec os en fines tranches, en appr\u00e9ciant sa saveur exquise et sa fusion de notes intenses et \u00e9quilibr\u00e9es. Accompagnez-le de pain frais, d&rsquo;huile d&rsquo;olive extra vierge et de bons amis, et plongez dans la tradition et la savoureuse gastronomie espagnole authentique.<\/p>\n<p>Offrez-vous le luxe de savourer et de partager l&rsquo;excellence de notre jambon ib\u00e9rique avec os et d\u00e9couvrez pourquoi il est consid\u00e9r\u00e9 comme l&rsquo;un des mets les plus appr\u00e9ci\u00e9s au monde. Une exp\u00e9rience culinaire unique qui vous transportera dans les p\u00e2turages et vous fera profiter de la v\u00e9ritable essence du jambon ib\u00e9rique.<\/p>\n","protected":false},"excerpt":{"rendered":"<h3 style=\"text-align: justify\"><span style=\"font-size: 12pt\"><em><span style=\"font-family: 'times new roman', times, serif\"><span style=\"font-family: times new roman, times, serif\"><span style=\"font-size: 12pt\">Sin duda un <\/span><span style=\"font-size: 16px\">imprescindible<\/span><span style=\"font-size: 12pt\"> de la marca <strong>CAMPO BADAJOZ<\/strong>, tan bueno como bellota, compru\u00e9belo. Animales procedente de <\/span><\/span><strong style=\"font-family: 'times new roman', times, serif;font-size: 12pt\">nuestras fincas<\/strong><span style=\"font-family: times new roman, times, serif\"><span style=\"font-size: 12pt\">, criados en libertad en r\u00e9gimen extensivo alimentados con piensos naturales, hierbas y ra\u00edces que encuentran en el campo. <\/span><\/span> <\/span><\/em><\/span><\/h3>\n","protected":false},"featured_media":7829,"comment_status":"open","ping_status":"closed","template":"","meta":{"_acf_changed":false},"product_brand":[],"product_cat":[417],"product_tag":[],"class_list":{"0":"post-3839","1":"product","2":"type-product","3":"status-publish","4":"has-post-thumbnail","6":"product_cat-jambon-et-epaule-a-los","7":"pa_peso-700-750-kg-fr","8":"pa_peso-800-850-kg-fr","9":"pa_peso-850-900-kg-fr","10":"pa_peso-900-950-kg-fr","12":"first","13":"instock","14":"taxable","15":"shipping-taxable","16":"product-type-variable"},"acf":[],"yoast_head":"<!-- This site is optimized with the Yoast SEO plugin v27.4 - https:\/\/yoast.com\/product\/yoast-seo-wordpress\/ -->\n<title>JAM\u00d3N CAMPO BADAJOZ - Campo Badajoz<\/title>\n<meta name=\"robots\" content=\"index, follow, max-snippet:-1, max-image-preview:large, max-video-preview:-1\" \/>\n<link rel=\"canonical\" href=\"https:\/\/campobadajoz.es\/fr\/producto\/jamon-campo-badajoz\/\" \/>\n<meta property=\"og:locale\" content=\"fr_FR\" \/>\n<meta property=\"og:type\" content=\"article\" \/>\n<meta property=\"og:title\" content=\"JAM\u00d3N CAMPO BADAJOZ - Campo Badajoz\" \/>\n<meta property=\"og:description\" content=\"Sin duda un imprescindible de la marca CAMPO BADAJOZ, tan bueno como bellota, compru\u00e9belo. Animales procedente de nuestras fincas, criados en libertad en r\u00e9gimen extensivo alimentados con piensos naturales, hierbas y ra\u00edces que encuentran en el campo.\" \/>\n<meta property=\"og:url\" content=\"https:\/\/campobadajoz.es\/fr\/producto\/jamon-campo-badajoz\/\" \/>\n<meta property=\"og:site_name\" content=\"Campo Badajoz\" \/>\n<meta property=\"article:publisher\" content=\"https:\/\/www.facebook.com\/campobadajoz.ibericodecampo\/\" \/>\n<meta property=\"article:modified_time\" content=\"2023-10-25T11:01:49+00:00\" \/>\n<meta property=\"og:image\" content=\"https:\/\/campobadajoz.es\/wp-content\/uploads\/2023\/08\/RLF3532-Jamon-1.jpg\" \/>\n\t<meta property=\"og:image:width\" content=\"1575\" \/>\n\t<meta property=\"og:image:height\" content=\"2362\" \/>\n\t<meta property=\"og:image:type\" content=\"image\/jpeg\" \/>\n<meta name=\"twitter:card\" content=\"summary_large_image\" \/>\n<meta name=\"twitter:site\" content=\"@jamonibericos\" \/>\n<meta name=\"twitter:label1\" content=\"Dur\u00e9e de lecture estim\u00e9e\" \/>\n\t<meta name=\"twitter:data1\" content=\"1 minute\" \/>\n<script type=\"application\/ld+json\" class=\"yoast-schema-graph\">{\"@context\":\"https:\\\/\\\/schema.org\",\"@graph\":[{\"@type\":\"WebPage\",\"@id\":\"https:\\\/\\\/campobadajoz.es\\\/fr\\\/producto\\\/jamon-campo-badajoz\\\/\",\"url\":\"https:\\\/\\\/campobadajoz.es\\\/fr\\\/producto\\\/jamon-campo-badajoz\\\/\",\"name\":\"JAM\u00d3N CAMPO BADAJOZ - Campo Badajoz\",\"isPartOf\":{\"@id\":\"https:\\\/\\\/campobadajoz.es\\\/fr\\\/#website\"},\"primaryImageOfPage\":{\"@id\":\"https:\\\/\\\/campobadajoz.es\\\/fr\\\/producto\\\/jamon-campo-badajoz\\\/#primaryimage\"},\"image\":{\"@id\":\"https:\\\/\\\/campobadajoz.es\\\/fr\\\/producto\\\/jamon-campo-badajoz\\\/#primaryimage\"},\"thumbnailUrl\":\"https:\\\/\\\/campobadajoz.es\\\/wp-content\\\/uploads\\\/2023\\\/08\\\/RLF3532-Jamon-1.jpg\",\"datePublished\":\"2023-08-30T06:15:45+00:00\",\"dateModified\":\"2023-10-25T11:01:49+00:00\",\"breadcrumb\":{\"@id\":\"https:\\\/\\\/campobadajoz.es\\\/fr\\\/producto\\\/jamon-campo-badajoz\\\/#breadcrumb\"},\"inLanguage\":\"fr-FR\",\"potentialAction\":[{\"@type\":\"ReadAction\",\"target\":[\"https:\\\/\\\/campobadajoz.es\\\/fr\\\/producto\\\/jamon-campo-badajoz\\\/\"]}]},{\"@type\":\"ImageObject\",\"inLanguage\":\"fr-FR\",\"@id\":\"https:\\\/\\\/campobadajoz.es\\\/fr\\\/producto\\\/jamon-campo-badajoz\\\/#primaryimage\",\"url\":\"https:\\\/\\\/campobadajoz.es\\\/wp-content\\\/uploads\\\/2023\\\/08\\\/RLF3532-Jamon-1.jpg\",\"contentUrl\":\"https:\\\/\\\/campobadajoz.es\\\/wp-content\\\/uploads\\\/2023\\\/08\\\/RLF3532-Jamon-1.jpg\",\"width\":1575,\"height\":2362,\"caption\":\"Jam\u00f3n Campo Badajoz\"},{\"@type\":\"BreadcrumbList\",\"@id\":\"https:\\\/\\\/campobadajoz.es\\\/fr\\\/producto\\\/jamon-campo-badajoz\\\/#breadcrumb\",\"itemListElement\":[{\"@type\":\"ListItem\",\"position\":1,\"name\":\"Portada\",\"item\":\"https:\\\/\\\/campobadajoz.es\\\/fr\\\/\"},{\"@type\":\"ListItem\",\"position\":2,\"name\":\"Produits\",\"item\":\"https:\\\/\\\/campobadajoz.es\\\/fr\\\/shop\\\/\"},{\"@type\":\"ListItem\",\"position\":3,\"name\":\"JAM\u00d3N CAMPO BADAJOZ\"}]},{\"@type\":\"WebSite\",\"@id\":\"https:\\\/\\\/campobadajoz.es\\\/fr\\\/#website\",\"url\":\"https:\\\/\\\/campobadajoz.es\\\/fr\\\/\",\"name\":\"Campo Badajoz\",\"description\":\"Productos ib\u00e9ricos de calidad\",\"publisher\":{\"@id\":\"https:\\\/\\\/campobadajoz.es\\\/fr\\\/#organization\"},\"potentialAction\":[{\"@type\":\"SearchAction\",\"target\":{\"@type\":\"EntryPoint\",\"urlTemplate\":\"https:\\\/\\\/campobadajoz.es\\\/fr\\\/?s={search_term_string}\"},\"query-input\":{\"@type\":\"PropertyValueSpecification\",\"valueRequired\":true,\"valueName\":\"search_term_string\"}}],\"inLanguage\":\"fr-FR\"},{\"@type\":\"Organization\",\"@id\":\"https:\\\/\\\/campobadajoz.es\\\/fr\\\/#organization\",\"name\":\"Campo Badajoz\",\"url\":\"https:\\\/\\\/campobadajoz.es\\\/fr\\\/\",\"logo\":{\"@type\":\"ImageObject\",\"inLanguage\":\"fr-FR\",\"@id\":\"https:\\\/\\\/campobadajoz.es\\\/fr\\\/#\\\/schema\\\/logo\\\/image\\\/\",\"url\":\"https:\\\/\\\/campobadajoz.es\\\/wp-content\\\/uploads\\\/2023\\\/05\\\/logo_blanco_png-1.webp\",\"contentUrl\":\"https:\\\/\\\/campobadajoz.es\\\/wp-content\\\/uploads\\\/2023\\\/05\\\/logo_blanco_png-1.webp\",\"width\":800,\"height\":800,\"caption\":\"Campo Badajoz\"},\"image\":{\"@id\":\"https:\\\/\\\/campobadajoz.es\\\/fr\\\/#\\\/schema\\\/logo\\\/image\\\/\"},\"sameAs\":[\"https:\\\/\\\/www.facebook.com\\\/campobadajoz.ibericodecampo\\\/\",\"https:\\\/\\\/x.com\\\/jamonibericos\",\"https:\\\/\\\/www.linkedin.com\\\/company\\\/campo-&-badajoz\\\/about\\\/\",\"https:\\\/\\\/www.instagram.com\\\/campobadajoz\\\/\"]}]}<\/script>\n<!-- \/ Yoast SEO plugin. -->","yoast_head_json":{"title":"JAM\u00d3N CAMPO BADAJOZ - Campo Badajoz","robots":{"index":"index","follow":"follow","max-snippet":"max-snippet:-1","max-image-preview":"max-image-preview:large","max-video-preview":"max-video-preview:-1"},"canonical":"https:\/\/campobadajoz.es\/fr\/producto\/jamon-campo-badajoz\/","og_locale":"fr_FR","og_type":"article","og_title":"JAM\u00d3N CAMPO BADAJOZ - Campo Badajoz","og_description":"Sin duda un imprescindible de la marca CAMPO BADAJOZ, tan bueno como bellota, compru\u00e9belo. Animales procedente de nuestras fincas, criados en libertad en r\u00e9gimen extensivo alimentados con piensos naturales, hierbas y ra\u00edces que encuentran en el campo.","og_url":"https:\/\/campobadajoz.es\/fr\/producto\/jamon-campo-badajoz\/","og_site_name":"Campo Badajoz","article_publisher":"https:\/\/www.facebook.com\/campobadajoz.ibericodecampo\/","article_modified_time":"2023-10-25T11:01:49+00:00","og_image":[{"width":1575,"height":2362,"url":"https:\/\/campobadajoz.es\/wp-content\/uploads\/2023\/08\/RLF3532-Jamon-1.jpg","type":"image\/jpeg"}],"twitter_card":"summary_large_image","twitter_site":"@jamonibericos","twitter_misc":{"Dur\u00e9e de lecture estim\u00e9e":"1 minute"},"schema":{"@context":"https:\/\/schema.org","@graph":[{"@type":"WebPage","@id":"https:\/\/campobadajoz.es\/fr\/producto\/jamon-campo-badajoz\/","url":"https:\/\/campobadajoz.es\/fr\/producto\/jamon-campo-badajoz\/","name":"JAM\u00d3N CAMPO BADAJOZ - Campo Badajoz","isPartOf":{"@id":"https:\/\/campobadajoz.es\/fr\/#website"},"primaryImageOfPage":{"@id":"https:\/\/campobadajoz.es\/fr\/producto\/jamon-campo-badajoz\/#primaryimage"},"image":{"@id":"https:\/\/campobadajoz.es\/fr\/producto\/jamon-campo-badajoz\/#primaryimage"},"thumbnailUrl":"https:\/\/campobadajoz.es\/wp-content\/uploads\/2023\/08\/RLF3532-Jamon-1.jpg","datePublished":"2023-08-30T06:15:45+00:00","dateModified":"2023-10-25T11:01:49+00:00","breadcrumb":{"@id":"https:\/\/campobadajoz.es\/fr\/producto\/jamon-campo-badajoz\/#breadcrumb"},"inLanguage":"fr-FR","potentialAction":[{"@type":"ReadAction","target":["https:\/\/campobadajoz.es\/fr\/producto\/jamon-campo-badajoz\/"]}]},{"@type":"ImageObject","inLanguage":"fr-FR","@id":"https:\/\/campobadajoz.es\/fr\/producto\/jamon-campo-badajoz\/#primaryimage","url":"https:\/\/campobadajoz.es\/wp-content\/uploads\/2023\/08\/RLF3532-Jamon-1.jpg","contentUrl":"https:\/\/campobadajoz.es\/wp-content\/uploads\/2023\/08\/RLF3532-Jamon-1.jpg","width":1575,"height":2362,"caption":"Jam\u00f3n Campo Badajoz"},{"@type":"BreadcrumbList","@id":"https:\/\/campobadajoz.es\/fr\/producto\/jamon-campo-badajoz\/#breadcrumb","itemListElement":[{"@type":"ListItem","position":1,"name":"Portada","item":"https:\/\/campobadajoz.es\/fr\/"},{"@type":"ListItem","position":2,"name":"Produits","item":"https:\/\/campobadajoz.es\/fr\/shop\/"},{"@type":"ListItem","position":3,"name":"JAM\u00d3N CAMPO BADAJOZ"}]},{"@type":"WebSite","@id":"https:\/\/campobadajoz.es\/fr\/#website","url":"https:\/\/campobadajoz.es\/fr\/","name":"Campo Badajoz","description":"Productos ib\u00e9ricos de calidad","publisher":{"@id":"https:\/\/campobadajoz.es\/fr\/#organization"},"potentialAction":[{"@type":"SearchAction","target":{"@type":"EntryPoint","urlTemplate":"https:\/\/campobadajoz.es\/fr\/?s={search_term_string}"},"query-input":{"@type":"PropertyValueSpecification","valueRequired":true,"valueName":"search_term_string"}}],"inLanguage":"fr-FR"},{"@type":"Organization","@id":"https:\/\/campobadajoz.es\/fr\/#organization","name":"Campo Badajoz","url":"https:\/\/campobadajoz.es\/fr\/","logo":{"@type":"ImageObject","inLanguage":"fr-FR","@id":"https:\/\/campobadajoz.es\/fr\/#\/schema\/logo\/image\/","url":"https:\/\/campobadajoz.es\/wp-content\/uploads\/2023\/05\/logo_blanco_png-1.webp","contentUrl":"https:\/\/campobadajoz.es\/wp-content\/uploads\/2023\/05\/logo_blanco_png-1.webp","width":800,"height":800,"caption":"Campo Badajoz"},"image":{"@id":"https:\/\/campobadajoz.es\/fr\/#\/schema\/logo\/image\/"},"sameAs":["https:\/\/www.facebook.com\/campobadajoz.ibericodecampo\/","https:\/\/x.com\/jamonibericos","https:\/\/www.linkedin.com\/company\/campo-&-badajoz\/about\/","https:\/\/www.instagram.com\/campobadajoz\/"]}]}},"_links":{"self":[{"href":"https:\/\/campobadajoz.es\/fr\/wp-json\/wp\/v2\/product\/3839","targetHints":{"allow":["GET"]}}],"collection":[{"href":"https:\/\/campobadajoz.es\/fr\/wp-json\/wp\/v2\/product"}],"about":[{"href":"https:\/\/campobadajoz.es\/fr\/wp-json\/wp\/v2\/types\/product"}],"replies":[{"embeddable":true,"href":"https:\/\/campobadajoz.es\/fr\/wp-json\/wp\/v2\/comments?post=3839"}],"version-history":[{"count":1,"href":"https:\/\/campobadajoz.es\/fr\/wp-json\/wp\/v2\/product\/3839\/revisions"}],"predecessor-version":[{"id":6932,"href":"https:\/\/campobadajoz.es\/fr\/wp-json\/wp\/v2\/product\/3839\/revisions\/6932"}],"wp:featuredmedia":[{"embeddable":true,"href":"https:\/\/campobadajoz.es\/fr\/wp-json\/wp\/v2\/media\/7829"}],"wp:attachment":[{"href":"https:\/\/campobadajoz.es\/fr\/wp-json\/wp\/v2\/media?parent=3839"}],"wp:term":[{"taxonomy":"product_brand","embeddable":true,"href":"https:\/\/campobadajoz.es\/fr\/wp-json\/wp\/v2\/product_brand?post=3839"},{"taxonomy":"product_cat","embeddable":true,"href":"https:\/\/campobadajoz.es\/fr\/wp-json\/wp\/v2\/product_cat?post=3839"},{"taxonomy":"product_tag","embeddable":true,"href":"https:\/\/campobadajoz.es\/fr\/wp-json\/wp\/v2\/product_tag?post=3839"}],"curies":[{"name":"wp","href":"https:\/\/api.w.org\/{rel}","templated":true}]}}