{"id":3877,"date":"2023-08-30T06:30:48","date_gmt":"2023-08-30T06:30:48","guid":{"rendered":"https:\/\/campobadajoz.es\/producto\/paleta-bellota\/"},"modified":"2023-10-25T11:27:58","modified_gmt":"2023-10-25T11:27:58","slug":"paleta-bellota","status":"publish","type":"product","link":"https:\/\/campobadajoz.es\/fr\/producto\/paleta-bellota\/","title":{"rendered":"PALETA BELLOTA 50% IB\u00c9RICA"},"content":{"rendered":"<p>Chaque \u00e9paule est soigneusement s\u00e9lectionn\u00e9e, ce qui garantit la qualit\u00e9 supr\u00eame de notre viande. L&rsquo;\u00e9paule non d\u00e9soss\u00e9e apporte une plus grande intensit\u00e9 de saveur et une texture unique, offrant une exp\u00e9rience culinaire authentique et traditionnelle.<\/p>\n<p>Nos ma\u00eetres jambonniers suivent rigoureusement le processus d&rsquo;affinage traditionnel, permettant \u00e0 l&rsquo;\u00e9paule de m\u00fbrir lentement dans des conditions optimales. Ce processus de maturation naturelle permet d&rsquo;obtenir une texture tendre et juteuse et une combinaison parfaite de saveurs et d&rsquo;ar\u00f4mes.<\/p>\n<p>L&rsquo;\u00e9paule ib\u00e9rique avec os est parfaite pour ceux qui veulent appr\u00e9cier l&rsquo;essence de la cuisine ib\u00e9rique. Sa saveur \u00e9quilibr\u00e9e et profonde est compl\u00e9t\u00e9e par une infiltration de graisse qui lui conf\u00e8re une onctuosit\u00e9 in\u00e9gal\u00e9e.<\/p>\n<p>Savourez notre jambon ib\u00e9rique d&rsquo;\u00e9paule avec os en fines tranches, qui ravira vos sens par sa saveur et sa texture. Id\u00e9ale pour accompagner les plateaux de charcuterie, cr\u00e9er des plats de tapas gastronomiques ou tout simplement pour la d\u00e9gustation, cette palette ravira les palais les plus exigeants.<\/p>\n<p>Plongez dans la tradition et la qualit\u00e9 de notre \u00e9paule ib\u00e9rique \u00e0 l&rsquo;os et laissez-vous s\u00e9duire par la magie de l&rsquo;authentique cuisine espagnole. Un v\u00e9ritable tr\u00e9sor culinaire qui vous transportera dans les saveurs et les ar\u00f4mes uniques de la dehesa ib\u00e9rique.<\/p>\n","protected":false},"excerpt":{"rendered":"<h3 style=\"text-align: justify\"><span style=\"font-family: 'times new roman', times, serif;font-size: 12pt\"><em>Nuestra <strong>Paleta de Bellota 50%<\/strong> es un verdadero tesoro culinario. Nacida de la crianza meticulosa de cerdos ib\u00e9ricos puros alimentados con bellota, es imprescindible para disfrutar en cualquier ocasi\u00f3n.<\/em><\/span><\/h3>\n","protected":false},"featured_media":8085,"comment_status":"open","ping_status":"closed","template":"","meta":{"_acf_changed":false},"product_brand":[],"product_cat":[417],"product_tag":[],"class_list":{"0":"post-3877","1":"product","2":"type-product","3":"status-publish","4":"has-post-thumbnail","6":"product_cat-jambon-et-epaule-a-los","7":"pa_peso-450-500-kg-fr","8":"pa_peso-500-550-kg-fr","9":"pa_peso-550-600-kg-fr","10":"pa_peso-600-650-kg-fr","12":"first","13":"instock","14":"taxable","15":"shipping-taxable","16":"product-type-variable"},"acf":[],"yoast_head":"<!-- This site is optimized with the Yoast SEO plugin v27.4 - https:\/\/yoast.com\/product\/yoast-seo-wordpress\/ -->\n<title>PALETA BELLOTA 50% IB\u00c9RICA - Campo Badajoz<\/title>\n<meta name=\"robots\" content=\"index, follow, max-snippet:-1, max-image-preview:large, max-video-preview:-1\" \/>\n<link rel=\"canonical\" href=\"https:\/\/campobadajoz.es\/fr\/producto\/paleta-bellota\/\" \/>\n<meta property=\"og:locale\" content=\"fr_FR\" \/>\n<meta property=\"og:type\" content=\"article\" \/>\n<meta property=\"og:title\" content=\"PALETA BELLOTA 50% IB\u00c9RICA - Campo Badajoz\" \/>\n<meta property=\"og:description\" content=\"Nuestra Paleta de Bellota 50% es un verdadero tesoro culinario. Nacida de la crianza meticulosa de cerdos ib\u00e9ricos puros alimentados con bellota, es imprescindible para disfrutar en cualquier ocasi\u00f3n.\" \/>\n<meta property=\"og:url\" content=\"https:\/\/campobadajoz.es\/fr\/producto\/paleta-bellota\/\" \/>\n<meta property=\"og:site_name\" content=\"Campo Badajoz\" \/>\n<meta property=\"article:publisher\" content=\"https:\/\/www.facebook.com\/campobadajoz.ibericodecampo\/\" \/>\n<meta property=\"article:modified_time\" content=\"2023-10-25T11:27:58+00:00\" \/>\n<meta property=\"og:image\" content=\"https:\/\/campobadajoz.es\/wp-content\/uploads\/2023\/08\/RLF3520-Editar-1.jpg\" \/>\n\t<meta property=\"og:image:width\" content=\"1575\" \/>\n\t<meta property=\"og:image:height\" content=\"2362\" \/>\n\t<meta property=\"og:image:type\" content=\"image\/jpeg\" \/>\n<meta name=\"twitter:card\" content=\"summary_large_image\" \/>\n<meta name=\"twitter:site\" content=\"@jamonibericos\" \/>\n<meta name=\"twitter:label1\" content=\"Dur\u00e9e de lecture estim\u00e9e\" \/>\n\t<meta name=\"twitter:data1\" content=\"1 minute\" \/>\n<script type=\"application\/ld+json\" class=\"yoast-schema-graph\">{\"@context\":\"https:\\\/\\\/schema.org\",\"@graph\":[{\"@type\":\"WebPage\",\"@id\":\"https:\\\/\\\/campobadajoz.es\\\/fr\\\/producto\\\/paleta-bellota\\\/\",\"url\":\"https:\\\/\\\/campobadajoz.es\\\/fr\\\/producto\\\/paleta-bellota\\\/\",\"name\":\"PALETA BELLOTA 50% IB\u00c9RICA - Campo Badajoz\",\"isPartOf\":{\"@id\":\"https:\\\/\\\/campobadajoz.es\\\/fr\\\/#website\"},\"primaryImageOfPage\":{\"@id\":\"https:\\\/\\\/campobadajoz.es\\\/fr\\\/producto\\\/paleta-bellota\\\/#primaryimage\"},\"image\":{\"@id\":\"https:\\\/\\\/campobadajoz.es\\\/fr\\\/producto\\\/paleta-bellota\\\/#primaryimage\"},\"thumbnailUrl\":\"https:\\\/\\\/campobadajoz.es\\\/wp-content\\\/uploads\\\/2023\\\/08\\\/Paleta.jpg\",\"datePublished\":\"2023-08-30T06:30:48+00:00\",\"dateModified\":\"2023-10-25T11:27:58+00:00\",\"breadcrumb\":{\"@id\":\"https:\\\/\\\/campobadajoz.es\\\/fr\\\/producto\\\/paleta-bellota\\\/#breadcrumb\"},\"inLanguage\":\"fr-FR\",\"potentialAction\":[{\"@type\":\"ReadAction\",\"target\":[\"https:\\\/\\\/campobadajoz.es\\\/fr\\\/producto\\\/paleta-bellota\\\/\"]}]},{\"@type\":\"ImageObject\",\"inLanguage\":\"fr-FR\",\"@id\":\"https:\\\/\\\/campobadajoz.es\\\/fr\\\/producto\\\/paleta-bellota\\\/#primaryimage\",\"url\":\"https:\\\/\\\/campobadajoz.es\\\/wp-content\\\/uploads\\\/2023\\\/08\\\/Paleta.jpg\",\"contentUrl\":\"https:\\\/\\\/campobadajoz.es\\\/wp-content\\\/uploads\\\/2023\\\/08\\\/Paleta.jpg\",\"width\":916,\"height\":928},{\"@type\":\"BreadcrumbList\",\"@id\":\"https:\\\/\\\/campobadajoz.es\\\/fr\\\/producto\\\/paleta-bellota\\\/#breadcrumb\",\"itemListElement\":[{\"@type\":\"ListItem\",\"position\":1,\"name\":\"Portada\",\"item\":\"https:\\\/\\\/campobadajoz.es\\\/fr\\\/\"},{\"@type\":\"ListItem\",\"position\":2,\"name\":\"Produits\",\"item\":\"https:\\\/\\\/campobadajoz.es\\\/fr\\\/shop\\\/\"},{\"@type\":\"ListItem\",\"position\":3,\"name\":\"PALETA BELLOTA 50% IB\u00c9RICA\"}]},{\"@type\":\"WebSite\",\"@id\":\"https:\\\/\\\/campobadajoz.es\\\/fr\\\/#website\",\"url\":\"https:\\\/\\\/campobadajoz.es\\\/fr\\\/\",\"name\":\"Campo Badajoz\",\"description\":\"Productos ib\u00e9ricos de calidad\",\"publisher\":{\"@id\":\"https:\\\/\\\/campobadajoz.es\\\/fr\\\/#organization\"},\"potentialAction\":[{\"@type\":\"SearchAction\",\"target\":{\"@type\":\"EntryPoint\",\"urlTemplate\":\"https:\\\/\\\/campobadajoz.es\\\/fr\\\/?s={search_term_string}\"},\"query-input\":{\"@type\":\"PropertyValueSpecification\",\"valueRequired\":true,\"valueName\":\"search_term_string\"}}],\"inLanguage\":\"fr-FR\"},{\"@type\":\"Organization\",\"@id\":\"https:\\\/\\\/campobadajoz.es\\\/fr\\\/#organization\",\"name\":\"Campo Badajoz\",\"url\":\"https:\\\/\\\/campobadajoz.es\\\/fr\\\/\",\"logo\":{\"@type\":\"ImageObject\",\"inLanguage\":\"fr-FR\",\"@id\":\"https:\\\/\\\/campobadajoz.es\\\/fr\\\/#\\\/schema\\\/logo\\\/image\\\/\",\"url\":\"https:\\\/\\\/campobadajoz.es\\\/wp-content\\\/uploads\\\/2023\\\/05\\\/logo_blanco_png-1.webp\",\"contentUrl\":\"https:\\\/\\\/campobadajoz.es\\\/wp-content\\\/uploads\\\/2023\\\/05\\\/logo_blanco_png-1.webp\",\"width\":800,\"height\":800,\"caption\":\"Campo Badajoz\"},\"image\":{\"@id\":\"https:\\\/\\\/campobadajoz.es\\\/fr\\\/#\\\/schema\\\/logo\\\/image\\\/\"},\"sameAs\":[\"https:\\\/\\\/www.facebook.com\\\/campobadajoz.ibericodecampo\\\/\",\"https:\\\/\\\/x.com\\\/jamonibericos\",\"https:\\\/\\\/www.linkedin.com\\\/company\\\/campo-&-badajoz\\\/about\\\/\",\"https:\\\/\\\/www.instagram.com\\\/campobadajoz\\\/\"]}]}<\/script>\n<!-- \/ Yoast SEO plugin. -->","yoast_head_json":{"title":"PALETA BELLOTA 50% IB\u00c9RICA - Campo Badajoz","robots":{"index":"index","follow":"follow","max-snippet":"max-snippet:-1","max-image-preview":"max-image-preview:large","max-video-preview":"max-video-preview:-1"},"canonical":"https:\/\/campobadajoz.es\/fr\/producto\/paleta-bellota\/","og_locale":"fr_FR","og_type":"article","og_title":"PALETA BELLOTA 50% IB\u00c9RICA - Campo Badajoz","og_description":"Nuestra Paleta de Bellota 50% es un verdadero tesoro culinario. Nacida de la crianza meticulosa de cerdos ib\u00e9ricos puros alimentados con bellota, es imprescindible para disfrutar en cualquier ocasi\u00f3n.","og_url":"https:\/\/campobadajoz.es\/fr\/producto\/paleta-bellota\/","og_site_name":"Campo Badajoz","article_publisher":"https:\/\/www.facebook.com\/campobadajoz.ibericodecampo\/","article_modified_time":"2023-10-25T11:27:58+00:00","og_image":[{"width":1575,"height":2362,"url":"https:\/\/campobadajoz.es\/wp-content\/uploads\/2023\/08\/RLF3520-Editar-1.jpg","type":"image\/jpeg"}],"twitter_card":"summary_large_image","twitter_site":"@jamonibericos","twitter_misc":{"Dur\u00e9e de lecture estim\u00e9e":"1 minute"},"schema":{"@context":"https:\/\/schema.org","@graph":[{"@type":"WebPage","@id":"https:\/\/campobadajoz.es\/fr\/producto\/paleta-bellota\/","url":"https:\/\/campobadajoz.es\/fr\/producto\/paleta-bellota\/","name":"PALETA BELLOTA 50% IB\u00c9RICA - Campo Badajoz","isPartOf":{"@id":"https:\/\/campobadajoz.es\/fr\/#website"},"primaryImageOfPage":{"@id":"https:\/\/campobadajoz.es\/fr\/producto\/paleta-bellota\/#primaryimage"},"image":{"@id":"https:\/\/campobadajoz.es\/fr\/producto\/paleta-bellota\/#primaryimage"},"thumbnailUrl":"https:\/\/campobadajoz.es\/wp-content\/uploads\/2023\/08\/Paleta.jpg","datePublished":"2023-08-30T06:30:48+00:00","dateModified":"2023-10-25T11:27:58+00:00","breadcrumb":{"@id":"https:\/\/campobadajoz.es\/fr\/producto\/paleta-bellota\/#breadcrumb"},"inLanguage":"fr-FR","potentialAction":[{"@type":"ReadAction","target":["https:\/\/campobadajoz.es\/fr\/producto\/paleta-bellota\/"]}]},{"@type":"ImageObject","inLanguage":"fr-FR","@id":"https:\/\/campobadajoz.es\/fr\/producto\/paleta-bellota\/#primaryimage","url":"https:\/\/campobadajoz.es\/wp-content\/uploads\/2023\/08\/Paleta.jpg","contentUrl":"https:\/\/campobadajoz.es\/wp-content\/uploads\/2023\/08\/Paleta.jpg","width":916,"height":928},{"@type":"BreadcrumbList","@id":"https:\/\/campobadajoz.es\/fr\/producto\/paleta-bellota\/#breadcrumb","itemListElement":[{"@type":"ListItem","position":1,"name":"Portada","item":"https:\/\/campobadajoz.es\/fr\/"},{"@type":"ListItem","position":2,"name":"Produits","item":"https:\/\/campobadajoz.es\/fr\/shop\/"},{"@type":"ListItem","position":3,"name":"PALETA BELLOTA 50% IB\u00c9RICA"}]},{"@type":"WebSite","@id":"https:\/\/campobadajoz.es\/fr\/#website","url":"https:\/\/campobadajoz.es\/fr\/","name":"Campo Badajoz","description":"Productos ib\u00e9ricos de calidad","publisher":{"@id":"https:\/\/campobadajoz.es\/fr\/#organization"},"potentialAction":[{"@type":"SearchAction","target":{"@type":"EntryPoint","urlTemplate":"https:\/\/campobadajoz.es\/fr\/?s={search_term_string}"},"query-input":{"@type":"PropertyValueSpecification","valueRequired":true,"valueName":"search_term_string"}}],"inLanguage":"fr-FR"},{"@type":"Organization","@id":"https:\/\/campobadajoz.es\/fr\/#organization","name":"Campo Badajoz","url":"https:\/\/campobadajoz.es\/fr\/","logo":{"@type":"ImageObject","inLanguage":"fr-FR","@id":"https:\/\/campobadajoz.es\/fr\/#\/schema\/logo\/image\/","url":"https:\/\/campobadajoz.es\/wp-content\/uploads\/2023\/05\/logo_blanco_png-1.webp","contentUrl":"https:\/\/campobadajoz.es\/wp-content\/uploads\/2023\/05\/logo_blanco_png-1.webp","width":800,"height":800,"caption":"Campo Badajoz"},"image":{"@id":"https:\/\/campobadajoz.es\/fr\/#\/schema\/logo\/image\/"},"sameAs":["https:\/\/www.facebook.com\/campobadajoz.ibericodecampo\/","https:\/\/x.com\/jamonibericos","https:\/\/www.linkedin.com\/company\/campo-&-badajoz\/about\/","https:\/\/www.instagram.com\/campobadajoz\/"]}]}},"_links":{"self":[{"href":"https:\/\/campobadajoz.es\/fr\/wp-json\/wp\/v2\/product\/3877","targetHints":{"allow":["GET"]}}],"collection":[{"href":"https:\/\/campobadajoz.es\/fr\/wp-json\/wp\/v2\/product"}],"about":[{"href":"https:\/\/campobadajoz.es\/fr\/wp-json\/wp\/v2\/types\/product"}],"replies":[{"embeddable":true,"href":"https:\/\/campobadajoz.es\/fr\/wp-json\/wp\/v2\/comments?post=3877"}],"version-history":[{"count":1,"href":"https:\/\/campobadajoz.es\/fr\/wp-json\/wp\/v2\/product\/3877\/revisions"}],"predecessor-version":[{"id":6946,"href":"https:\/\/campobadajoz.es\/fr\/wp-json\/wp\/v2\/product\/3877\/revisions\/6946"}],"wp:featuredmedia":[{"embeddable":true,"href":"https:\/\/campobadajoz.es\/fr\/wp-json\/wp\/v2\/media\/8085"}],"wp:attachment":[{"href":"https:\/\/campobadajoz.es\/fr\/wp-json\/wp\/v2\/media?parent=3877"}],"wp:term":[{"taxonomy":"product_brand","embeddable":true,"href":"https:\/\/campobadajoz.es\/fr\/wp-json\/wp\/v2\/product_brand?post=3877"},{"taxonomy":"product_cat","embeddable":true,"href":"https:\/\/campobadajoz.es\/fr\/wp-json\/wp\/v2\/product_cat?post=3877"},{"taxonomy":"product_tag","embeddable":true,"href":"https:\/\/campobadajoz.es\/fr\/wp-json\/wp\/v2\/product_tag?post=3877"}],"curies":[{"name":"wp","href":"https:\/\/api.w.org\/{rel}","templated":true}]}}