{"id":3921,"date":"2023-08-30T06:57:32","date_gmt":"2023-08-30T06:57:32","guid":{"rendered":"https:\/\/campobadajoz.es\/producto\/jamon-bellota-100-iberico-deshuesado\/"},"modified":"2023-10-25T12:07:11","modified_gmt":"2023-10-25T12:07:11","slug":"jamon-bellota-100-iberico-deshuesado","status":"publish","type":"product","link":"https:\/\/campobadajoz.es\/fr\/producto\/jamon-bellota-100-iberico-deshuesado\/","title":{"rendered":"JAM\u00d3N BELLOTA 100% IB\u00c9RICO DESHUESADO"},"content":{"rendered":"<p>Chaque tranche de jambon ib\u00e9rique d\u00e9soss\u00e9 est un d\u00e9lice pour les sens. Sa couleur rouge profond et ses marbrures de graisse infiltr\u00e9e garantissent une exp\u00e9rience gustative unique. Chaque bouch\u00e9e r\u00e9v\u00e8le une combinaison de saveurs douces et profondes, avec des notes sucr\u00e9es et sal\u00e9es qui se lib\u00e8rent lentement en bouche.<\/p>\n<p>Ce jambon ib\u00e9rique d\u00e9soss\u00e9 est l&rsquo;accompagnement parfait pour toutes les occasions. Vous pouvez le d\u00e9guster dans une planche de charcuterie, dans des sandwichs gourmands ou encore comme ingr\u00e9dient vedette dans des plats de haute cuisine. Sa polyvalence vous permet de lib\u00e9rer votre cr\u00e9ativit\u00e9 culinaire et de surprendre vos invit\u00e9s avec de d\u00e9licieuses pr\u00e9parations.<\/p>\n<p>Le processus de d\u00e9sossage du jambon ib\u00e9rique exige comp\u00e9tence et pr\u00e9cision, et nos ma\u00eetres jambons experts sont charg\u00e9s de l&rsquo;ex\u00e9cuter avec minutie et dans le respect de la qualit\u00e9 du produit. Chaque tranche est emball\u00e9e sous vide pour garantir sa fra\u00eecheur et pr\u00e9server toutes ses qualit\u00e9s organoleptiques.<\/p>\n<p>D\u00e9couvrez l&rsquo;excellence du jambon ib\u00e9rique d\u00e9soss\u00e9 et plongez dans une exp\u00e9rience gastronomique unique. Savourez sa saveur exceptionnelle et sa texture d\u00e9licate, et laissez-vous s\u00e9duire par l&rsquo;un des tr\u00e9sors culinaires les plus appr\u00e9ci\u00e9s de la gastronomie espagnole.<\/p>\n","protected":false},"excerpt":{"rendered":"<h3 style=\"text-align: justify;\"><span style=\"font-family: 'times new roman', times, serif; font-size: 12pt;\"><em>Nuestro <strong>Jam\u00f3n de Bellota 100%<\/strong> es un verdadero tesoro culinario. <strong>Pieza deshuesada<\/strong> completa para un m\u00e1ximo rendimiento y f\u00e1cil almacenaje.<\/em><\/span><\/h3>\n","protected":false},"featured_media":6388,"comment_status":"open","ping_status":"closed","template":"","meta":{"_acf_changed":false},"product_brand":[],"product_cat":[424],"product_tag":[],"class_list":{"0":"post-3921","1":"product","2":"type-product","3":"status-publish","4":"has-post-thumbnail","6":"product_cat-jamon-y-paleta-sin-hueso-fr","8":"first","9":"instock","10":"taxable","11":"shipping-taxable","12":"product-type-simple"},"acf":[],"yoast_head":"<!-- This site is optimized with the Yoast SEO plugin v27.4 - https:\/\/yoast.com\/product\/yoast-seo-wordpress\/ -->\n<title>JAM\u00d3N BELLOTA 100% IB\u00c9RICO DESHUESADO - Campo Badajoz<\/title>\n<meta name=\"robots\" content=\"index, follow, max-snippet:-1, max-image-preview:large, max-video-preview:-1\" \/>\n<link rel=\"canonical\" href=\"https:\/\/campobadajoz.es\/fr\/producto\/jamon-bellota-100-iberico-deshuesado\/\" \/>\n<meta property=\"og:locale\" content=\"fr_FR\" \/>\n<meta property=\"og:type\" content=\"article\" \/>\n<meta property=\"og:title\" content=\"JAM\u00d3N BELLOTA 100% IB\u00c9RICO DESHUESADO - Campo Badajoz\" \/>\n<meta property=\"og:description\" content=\"Nuestro Jam\u00f3n de Bellota 100% es un verdadero tesoro culinario. Pieza deshuesada completa para un m\u00e1ximo rendimiento y f\u00e1cil almacenaje.\" \/>\n<meta property=\"og:url\" content=\"https:\/\/campobadajoz.es\/fr\/producto\/jamon-bellota-100-iberico-deshuesado\/\" \/>\n<meta property=\"og:site_name\" content=\"Campo Badajoz\" \/>\n<meta property=\"article:publisher\" content=\"https:\/\/www.facebook.com\/campobadajoz.ibericodecampo\/\" \/>\n<meta property=\"article:modified_time\" content=\"2023-10-25T12:07:11+00:00\" \/>\n<meta property=\"og:image\" content=\"https:\/\/campobadajoz.es\/wp-content\/uploads\/2023\/08\/Diseno-sin-titulo-2.jpg\" \/>\n\t<meta property=\"og:image:width\" content=\"1080\" \/>\n\t<meta property=\"og:image:height\" content=\"1080\" \/>\n\t<meta property=\"og:image:type\" content=\"image\/jpeg\" \/>\n<meta name=\"twitter:card\" content=\"summary_large_image\" \/>\n<meta name=\"twitter:site\" content=\"@jamonibericos\" \/>\n<meta name=\"twitter:label1\" content=\"Dur\u00e9e de lecture estim\u00e9e\" \/>\n\t<meta name=\"twitter:data1\" content=\"1 minute\" \/>\n<script type=\"application\/ld+json\" class=\"yoast-schema-graph\">{\"@context\":\"https:\\\/\\\/schema.org\",\"@graph\":[{\"@type\":\"WebPage\",\"@id\":\"https:\\\/\\\/campobadajoz.es\\\/fr\\\/producto\\\/jamon-bellota-100-iberico-deshuesado\\\/\",\"url\":\"https:\\\/\\\/campobadajoz.es\\\/fr\\\/producto\\\/jamon-bellota-100-iberico-deshuesado\\\/\",\"name\":\"JAM\u00d3N BELLOTA 100% IB\u00c9RICO DESHUESADO - Campo Badajoz\",\"isPartOf\":{\"@id\":\"https:\\\/\\\/campobadajoz.es\\\/fr\\\/#website\"},\"primaryImageOfPage\":{\"@id\":\"https:\\\/\\\/campobadajoz.es\\\/fr\\\/producto\\\/jamon-bellota-100-iberico-deshuesado\\\/#primaryimage\"},\"image\":{\"@id\":\"https:\\\/\\\/campobadajoz.es\\\/fr\\\/producto\\\/jamon-bellota-100-iberico-deshuesado\\\/#primaryimage\"},\"thumbnailUrl\":\"https:\\\/\\\/campobadajoz.es\\\/wp-content\\\/uploads\\\/2023\\\/08\\\/Diseno-sin-titulo-2.jpg\",\"datePublished\":\"2023-08-30T06:57:32+00:00\",\"dateModified\":\"2023-10-25T12:07:11+00:00\",\"breadcrumb\":{\"@id\":\"https:\\\/\\\/campobadajoz.es\\\/fr\\\/producto\\\/jamon-bellota-100-iberico-deshuesado\\\/#breadcrumb\"},\"inLanguage\":\"fr-FR\",\"potentialAction\":[{\"@type\":\"ReadAction\",\"target\":[\"https:\\\/\\\/campobadajoz.es\\\/fr\\\/producto\\\/jamon-bellota-100-iberico-deshuesado\\\/\"]}]},{\"@type\":\"ImageObject\",\"inLanguage\":\"fr-FR\",\"@id\":\"https:\\\/\\\/campobadajoz.es\\\/fr\\\/producto\\\/jamon-bellota-100-iberico-deshuesado\\\/#primaryimage\",\"url\":\"https:\\\/\\\/campobadajoz.es\\\/wp-content\\\/uploads\\\/2023\\\/08\\\/Diseno-sin-titulo-2.jpg\",\"contentUrl\":\"https:\\\/\\\/campobadajoz.es\\\/wp-content\\\/uploads\\\/2023\\\/08\\\/Diseno-sin-titulo-2.jpg\",\"width\":1080,\"height\":1080,\"caption\":\"Jam\u00f3n Ib\u00e9rico Bellota 100% Deshuesado\"},{\"@type\":\"BreadcrumbList\",\"@id\":\"https:\\\/\\\/campobadajoz.es\\\/fr\\\/producto\\\/jamon-bellota-100-iberico-deshuesado\\\/#breadcrumb\",\"itemListElement\":[{\"@type\":\"ListItem\",\"position\":1,\"name\":\"Portada\",\"item\":\"https:\\\/\\\/campobadajoz.es\\\/fr\\\/\"},{\"@type\":\"ListItem\",\"position\":2,\"name\":\"Produits\",\"item\":\"https:\\\/\\\/campobadajoz.es\\\/fr\\\/shop\\\/\"},{\"@type\":\"ListItem\",\"position\":3,\"name\":\"JAM\u00d3N BELLOTA 100% IB\u00c9RICO DESHUESADO\"}]},{\"@type\":\"WebSite\",\"@id\":\"https:\\\/\\\/campobadajoz.es\\\/fr\\\/#website\",\"url\":\"https:\\\/\\\/campobadajoz.es\\\/fr\\\/\",\"name\":\"Campo Badajoz\",\"description\":\"Productos ib\u00e9ricos de calidad\",\"publisher\":{\"@id\":\"https:\\\/\\\/campobadajoz.es\\\/fr\\\/#organization\"},\"potentialAction\":[{\"@type\":\"SearchAction\",\"target\":{\"@type\":\"EntryPoint\",\"urlTemplate\":\"https:\\\/\\\/campobadajoz.es\\\/fr\\\/?s={search_term_string}\"},\"query-input\":{\"@type\":\"PropertyValueSpecification\",\"valueRequired\":true,\"valueName\":\"search_term_string\"}}],\"inLanguage\":\"fr-FR\"},{\"@type\":\"Organization\",\"@id\":\"https:\\\/\\\/campobadajoz.es\\\/fr\\\/#organization\",\"name\":\"Campo Badajoz\",\"url\":\"https:\\\/\\\/campobadajoz.es\\\/fr\\\/\",\"logo\":{\"@type\":\"ImageObject\",\"inLanguage\":\"fr-FR\",\"@id\":\"https:\\\/\\\/campobadajoz.es\\\/fr\\\/#\\\/schema\\\/logo\\\/image\\\/\",\"url\":\"https:\\\/\\\/campobadajoz.es\\\/wp-content\\\/uploads\\\/2023\\\/05\\\/logo_blanco_png-1.webp\",\"contentUrl\":\"https:\\\/\\\/campobadajoz.es\\\/wp-content\\\/uploads\\\/2023\\\/05\\\/logo_blanco_png-1.webp\",\"width\":800,\"height\":800,\"caption\":\"Campo Badajoz\"},\"image\":{\"@id\":\"https:\\\/\\\/campobadajoz.es\\\/fr\\\/#\\\/schema\\\/logo\\\/image\\\/\"},\"sameAs\":[\"https:\\\/\\\/www.facebook.com\\\/campobadajoz.ibericodecampo\\\/\",\"https:\\\/\\\/x.com\\\/jamonibericos\",\"https:\\\/\\\/www.linkedin.com\\\/company\\\/campo-&-badajoz\\\/about\\\/\",\"https:\\\/\\\/www.instagram.com\\\/campobadajoz\\\/\"]}]}<\/script>\n<!-- \/ Yoast SEO plugin. -->","yoast_head_json":{"title":"JAM\u00d3N BELLOTA 100% IB\u00c9RICO DESHUESADO - Campo Badajoz","robots":{"index":"index","follow":"follow","max-snippet":"max-snippet:-1","max-image-preview":"max-image-preview:large","max-video-preview":"max-video-preview:-1"},"canonical":"https:\/\/campobadajoz.es\/fr\/producto\/jamon-bellota-100-iberico-deshuesado\/","og_locale":"fr_FR","og_type":"article","og_title":"JAM\u00d3N BELLOTA 100% IB\u00c9RICO DESHUESADO - Campo Badajoz","og_description":"Nuestro Jam\u00f3n de Bellota 100% es un verdadero tesoro culinario. Pieza deshuesada completa para un m\u00e1ximo rendimiento y f\u00e1cil almacenaje.","og_url":"https:\/\/campobadajoz.es\/fr\/producto\/jamon-bellota-100-iberico-deshuesado\/","og_site_name":"Campo Badajoz","article_publisher":"https:\/\/www.facebook.com\/campobadajoz.ibericodecampo\/","article_modified_time":"2023-10-25T12:07:11+00:00","og_image":[{"width":1080,"height":1080,"url":"https:\/\/campobadajoz.es\/wp-content\/uploads\/2023\/08\/Diseno-sin-titulo-2.jpg","type":"image\/jpeg"}],"twitter_card":"summary_large_image","twitter_site":"@jamonibericos","twitter_misc":{"Dur\u00e9e de lecture estim\u00e9e":"1 minute"},"schema":{"@context":"https:\/\/schema.org","@graph":[{"@type":"WebPage","@id":"https:\/\/campobadajoz.es\/fr\/producto\/jamon-bellota-100-iberico-deshuesado\/","url":"https:\/\/campobadajoz.es\/fr\/producto\/jamon-bellota-100-iberico-deshuesado\/","name":"JAM\u00d3N BELLOTA 100% IB\u00c9RICO DESHUESADO - Campo Badajoz","isPartOf":{"@id":"https:\/\/campobadajoz.es\/fr\/#website"},"primaryImageOfPage":{"@id":"https:\/\/campobadajoz.es\/fr\/producto\/jamon-bellota-100-iberico-deshuesado\/#primaryimage"},"image":{"@id":"https:\/\/campobadajoz.es\/fr\/producto\/jamon-bellota-100-iberico-deshuesado\/#primaryimage"},"thumbnailUrl":"https:\/\/campobadajoz.es\/wp-content\/uploads\/2023\/08\/Diseno-sin-titulo-2.jpg","datePublished":"2023-08-30T06:57:32+00:00","dateModified":"2023-10-25T12:07:11+00:00","breadcrumb":{"@id":"https:\/\/campobadajoz.es\/fr\/producto\/jamon-bellota-100-iberico-deshuesado\/#breadcrumb"},"inLanguage":"fr-FR","potentialAction":[{"@type":"ReadAction","target":["https:\/\/campobadajoz.es\/fr\/producto\/jamon-bellota-100-iberico-deshuesado\/"]}]},{"@type":"ImageObject","inLanguage":"fr-FR","@id":"https:\/\/campobadajoz.es\/fr\/producto\/jamon-bellota-100-iberico-deshuesado\/#primaryimage","url":"https:\/\/campobadajoz.es\/wp-content\/uploads\/2023\/08\/Diseno-sin-titulo-2.jpg","contentUrl":"https:\/\/campobadajoz.es\/wp-content\/uploads\/2023\/08\/Diseno-sin-titulo-2.jpg","width":1080,"height":1080,"caption":"Jam\u00f3n Ib\u00e9rico Bellota 100% Deshuesado"},{"@type":"BreadcrumbList","@id":"https:\/\/campobadajoz.es\/fr\/producto\/jamon-bellota-100-iberico-deshuesado\/#breadcrumb","itemListElement":[{"@type":"ListItem","position":1,"name":"Portada","item":"https:\/\/campobadajoz.es\/fr\/"},{"@type":"ListItem","position":2,"name":"Produits","item":"https:\/\/campobadajoz.es\/fr\/shop\/"},{"@type":"ListItem","position":3,"name":"JAM\u00d3N BELLOTA 100% IB\u00c9RICO DESHUESADO"}]},{"@type":"WebSite","@id":"https:\/\/campobadajoz.es\/fr\/#website","url":"https:\/\/campobadajoz.es\/fr\/","name":"Campo Badajoz","description":"Productos ib\u00e9ricos de calidad","publisher":{"@id":"https:\/\/campobadajoz.es\/fr\/#organization"},"potentialAction":[{"@type":"SearchAction","target":{"@type":"EntryPoint","urlTemplate":"https:\/\/campobadajoz.es\/fr\/?s={search_term_string}"},"query-input":{"@type":"PropertyValueSpecification","valueRequired":true,"valueName":"search_term_string"}}],"inLanguage":"fr-FR"},{"@type":"Organization","@id":"https:\/\/campobadajoz.es\/fr\/#organization","name":"Campo Badajoz","url":"https:\/\/campobadajoz.es\/fr\/","logo":{"@type":"ImageObject","inLanguage":"fr-FR","@id":"https:\/\/campobadajoz.es\/fr\/#\/schema\/logo\/image\/","url":"https:\/\/campobadajoz.es\/wp-content\/uploads\/2023\/05\/logo_blanco_png-1.webp","contentUrl":"https:\/\/campobadajoz.es\/wp-content\/uploads\/2023\/05\/logo_blanco_png-1.webp","width":800,"height":800,"caption":"Campo Badajoz"},"image":{"@id":"https:\/\/campobadajoz.es\/fr\/#\/schema\/logo\/image\/"},"sameAs":["https:\/\/www.facebook.com\/campobadajoz.ibericodecampo\/","https:\/\/x.com\/jamonibericos","https:\/\/www.linkedin.com\/company\/campo-&-badajoz\/about\/","https:\/\/www.instagram.com\/campobadajoz\/"]}]}},"_links":{"self":[{"href":"https:\/\/campobadajoz.es\/fr\/wp-json\/wp\/v2\/product\/3921","targetHints":{"allow":["GET"]}}],"collection":[{"href":"https:\/\/campobadajoz.es\/fr\/wp-json\/wp\/v2\/product"}],"about":[{"href":"https:\/\/campobadajoz.es\/fr\/wp-json\/wp\/v2\/types\/product"}],"replies":[{"embeddable":true,"href":"https:\/\/campobadajoz.es\/fr\/wp-json\/wp\/v2\/comments?post=3921"}],"version-history":[{"count":1,"href":"https:\/\/campobadajoz.es\/fr\/wp-json\/wp\/v2\/product\/3921\/revisions"}],"predecessor-version":[{"id":6961,"href":"https:\/\/campobadajoz.es\/fr\/wp-json\/wp\/v2\/product\/3921\/revisions\/6961"}],"wp:featuredmedia":[{"embeddable":true,"href":"https:\/\/campobadajoz.es\/fr\/wp-json\/wp\/v2\/media\/6388"}],"wp:attachment":[{"href":"https:\/\/campobadajoz.es\/fr\/wp-json\/wp\/v2\/media?parent=3921"}],"wp:term":[{"taxonomy":"product_brand","embeddable":true,"href":"https:\/\/campobadajoz.es\/fr\/wp-json\/wp\/v2\/product_brand?post=3921"},{"taxonomy":"product_cat","embeddable":true,"href":"https:\/\/campobadajoz.es\/fr\/wp-json\/wp\/v2\/product_cat?post=3921"},{"taxonomy":"product_tag","embeddable":true,"href":"https:\/\/campobadajoz.es\/fr\/wp-json\/wp\/v2\/product_tag?post=3921"}],"curies":[{"name":"wp","href":"https:\/\/api.w.org\/{rel}","templated":true}]}}