{"id":3961,"date":"2023-08-30T07:17:42","date_gmt":"2023-08-30T07:17:42","guid":{"rendered":"https:\/\/campobadajoz.es\/producto\/paleta-bellota-deshuesada\/"},"modified":"2023-10-26T11:36:10","modified_gmt":"2023-10-26T11:36:10","slug":"paleta-bellota-deshuesada","status":"publish","type":"product","link":"https:\/\/campobadajoz.es\/fr\/producto\/paleta-bellota-deshuesada\/","title":{"rendered":"PALETA BELLOTA 100% IB\u00c9RICA DESHUESADA"},"content":{"rendered":"<p>D\u00e9soss\u00e9e avec pr\u00e9cision par nos artisans experts, cette \u00e9paule offre la commodit\u00e9 de pouvoir la d\u00e9guster sans tracas, vous permettant de savourer chaque d\u00e9licieuse tranche sans entrave. Sa pr\u00e9sentation d\u00e9soss\u00e9e permet \u00e9galement de le d\u00e9couper facilement en portions et de l&rsquo;utiliser dans une grande vari\u00e9t\u00e9 de plats et de recettes.<\/p>\n<p>La Paleta Ib\u00e9rica Deshuesada est un v\u00e9ritable d\u00e9lice pour les palais exigeants. Sa saveur douce et \u00e9quilibr\u00e9e, avec des notes sucr\u00e9es et sal\u00e9es, s&rsquo;associe parfaitement \u00e0 sa texture juteuse et onctueuse. Chaque bouch\u00e9e vous transportera dans l&rsquo;essence de la tradition et de l&rsquo;excellence gastronomique.<\/p>\n<p>Ce produit est id\u00e9al pour ceux qui souhaitent appr\u00e9cier les saveurs uniques du porc ib\u00e9rique dans une pr\u00e9sentation pratique et facile \u00e0 utiliser. Vous pouvez l&rsquo;inclure dans des planches de charcuterie, des sandwichs gastronomiques, des salades ou l&rsquo;utiliser comme ingr\u00e9dient vedette dans vos plats pr\u00e9f\u00e9r\u00e9s.<\/p>\n<p>La Paleta Ib\u00e9rica Deshuesada est synonyme de qualit\u00e9 et d&rsquo;authenticit\u00e9. Chaque tranche t\u00e9moigne du d\u00e9vouement et du soin avec lesquels ce produit a \u00e9t\u00e9 \u00e9labor\u00e9, dans le respect des traditions ancestrales et selon des m\u00e9thodes artisanales qui en garantissent l&rsquo;excellence.<\/p>\n<p>D\u00e9couvrez l&rsquo;excellence de la Paleta Ib\u00e9rica Deshuesada et laissez-vous s\u00e9duire par sa saveur in\u00e9gal\u00e9e. Savourez l&rsquo;exp\u00e9rience authentique du porc ib\u00e9rique \u00e0 chaque bouch\u00e9e et surprenez vos invit\u00e9s avec ce mets unique et d\u00e9licieux.<\/p>\n","protected":false},"excerpt":{"rendered":"<h3 style=\"text-align: justify;\"><span style=\"font-family: 'times new roman', times, serif; font-size: 12pt;\"><em>Nuestra <strong>Paleta de Bellota 100%<\/strong> es un verdadero tesoro culinario. <strong>Pieza deshuesada<\/strong> para un m\u00e1ximo rendimiento y f\u00e1cil almacenaje.<\/em><\/span><\/h3>\n","protected":false},"featured_media":6004,"comment_status":"open","ping_status":"closed","template":"","meta":{"_acf_changed":false},"product_brand":[],"product_cat":[424],"product_tag":[],"class_list":{"0":"post-3961","1":"product","2":"type-product","3":"status-publish","4":"has-post-thumbnail","6":"product_cat-jamon-y-paleta-sin-hueso-fr","8":"first","9":"instock","10":"taxable","11":"shipping-taxable","12":"product-type-simple"},"acf":[],"yoast_head":"<!-- This site is optimized with the Yoast SEO plugin v27.4 - https:\/\/yoast.com\/product\/yoast-seo-wordpress\/ -->\n<title>PALETA BELLOTA 100% IB\u00c9RICA DESHUESADA - Campo Badajoz<\/title>\n<meta name=\"robots\" content=\"index, follow, max-snippet:-1, max-image-preview:large, max-video-preview:-1\" \/>\n<link rel=\"canonical\" href=\"https:\/\/campobadajoz.es\/fr\/producto\/paleta-bellota-deshuesada\/\" \/>\n<meta property=\"og:locale\" content=\"fr_FR\" \/>\n<meta property=\"og:type\" content=\"article\" \/>\n<meta property=\"og:title\" content=\"PALETA BELLOTA 100% IB\u00c9RICA DESHUESADA - Campo Badajoz\" \/>\n<meta property=\"og:description\" content=\"Nuestra Paleta de Bellota 100% es un verdadero tesoro culinario. Pieza deshuesada para un m\u00e1ximo rendimiento y f\u00e1cil almacenaje.\" \/>\n<meta property=\"og:url\" content=\"https:\/\/campobadajoz.es\/fr\/producto\/paleta-bellota-deshuesada\/\" \/>\n<meta property=\"og:site_name\" content=\"Campo Badajoz\" \/>\n<meta property=\"article:publisher\" content=\"https:\/\/www.facebook.com\/campobadajoz.ibericodecampo\/\" \/>\n<meta property=\"article:modified_time\" content=\"2023-10-26T11:36:10+00:00\" \/>\n<meta property=\"og:image\" content=\"https:\/\/campobadajoz.es\/wp-content\/uploads\/2023\/08\/Documento-A4-Notas-Bloc-Hoja-Carta-Verde-Menta-bonito.png\" \/>\n\t<meta property=\"og:image:width\" content=\"1414\" \/>\n\t<meta property=\"og:image:height\" content=\"2000\" \/>\n\t<meta property=\"og:image:type\" content=\"image\/png\" \/>\n<meta name=\"twitter:card\" content=\"summary_large_image\" \/>\n<meta name=\"twitter:site\" content=\"@jamonibericos\" \/>\n<meta name=\"twitter:label1\" content=\"Dur\u00e9e de lecture estim\u00e9e\" \/>\n\t<meta name=\"twitter:data1\" content=\"1 minute\" \/>\n<script type=\"application\/ld+json\" class=\"yoast-schema-graph\">{\"@context\":\"https:\\\/\\\/schema.org\",\"@graph\":[{\"@type\":\"WebPage\",\"@id\":\"https:\\\/\\\/campobadajoz.es\\\/fr\\\/producto\\\/paleta-bellota-deshuesada\\\/\",\"url\":\"https:\\\/\\\/campobadajoz.es\\\/fr\\\/producto\\\/paleta-bellota-deshuesada\\\/\",\"name\":\"PALETA BELLOTA 100% IB\u00c9RICA DESHUESADA - Campo Badajoz\",\"isPartOf\":{\"@id\":\"https:\\\/\\\/campobadajoz.es\\\/fr\\\/#website\"},\"primaryImageOfPage\":{\"@id\":\"https:\\\/\\\/campobadajoz.es\\\/fr\\\/producto\\\/paleta-bellota-deshuesada\\\/#primaryimage\"},\"image\":{\"@id\":\"https:\\\/\\\/campobadajoz.es\\\/fr\\\/producto\\\/paleta-bellota-deshuesada\\\/#primaryimage\"},\"thumbnailUrl\":\"https:\\\/\\\/campobadajoz.es\\\/wp-content\\\/uploads\\\/2023\\\/08\\\/Documento-A4-Notas-Bloc-Hoja-Carta-Verde-Menta-bonito.png\",\"datePublished\":\"2023-08-30T07:17:42+00:00\",\"dateModified\":\"2023-10-26T11:36:10+00:00\",\"breadcrumb\":{\"@id\":\"https:\\\/\\\/campobadajoz.es\\\/fr\\\/producto\\\/paleta-bellota-deshuesada\\\/#breadcrumb\"},\"inLanguage\":\"fr-FR\",\"potentialAction\":[{\"@type\":\"ReadAction\",\"target\":[\"https:\\\/\\\/campobadajoz.es\\\/fr\\\/producto\\\/paleta-bellota-deshuesada\\\/\"]}]},{\"@type\":\"ImageObject\",\"inLanguage\":\"fr-FR\",\"@id\":\"https:\\\/\\\/campobadajoz.es\\\/fr\\\/producto\\\/paleta-bellota-deshuesada\\\/#primaryimage\",\"url\":\"https:\\\/\\\/campobadajoz.es\\\/wp-content\\\/uploads\\\/2023\\\/08\\\/Documento-A4-Notas-Bloc-Hoja-Carta-Verde-Menta-bonito.png\",\"contentUrl\":\"https:\\\/\\\/campobadajoz.es\\\/wp-content\\\/uploads\\\/2023\\\/08\\\/Documento-A4-Notas-Bloc-Hoja-Carta-Verde-Menta-bonito.png\",\"width\":1414,\"height\":2000,\"caption\":\"Paleta Bellota 100% Ib\u00e9rica Deshuesada\"},{\"@type\":\"BreadcrumbList\",\"@id\":\"https:\\\/\\\/campobadajoz.es\\\/fr\\\/producto\\\/paleta-bellota-deshuesada\\\/#breadcrumb\",\"itemListElement\":[{\"@type\":\"ListItem\",\"position\":1,\"name\":\"Portada\",\"item\":\"https:\\\/\\\/campobadajoz.es\\\/fr\\\/\"},{\"@type\":\"ListItem\",\"position\":2,\"name\":\"Produits\",\"item\":\"https:\\\/\\\/campobadajoz.es\\\/fr\\\/shop\\\/\"},{\"@type\":\"ListItem\",\"position\":3,\"name\":\"PALETA BELLOTA 100% IB\u00c9RICA DESHUESADA\"}]},{\"@type\":\"WebSite\",\"@id\":\"https:\\\/\\\/campobadajoz.es\\\/fr\\\/#website\",\"url\":\"https:\\\/\\\/campobadajoz.es\\\/fr\\\/\",\"name\":\"Campo Badajoz\",\"description\":\"Productos ib\u00e9ricos de calidad\",\"publisher\":{\"@id\":\"https:\\\/\\\/campobadajoz.es\\\/fr\\\/#organization\"},\"potentialAction\":[{\"@type\":\"SearchAction\",\"target\":{\"@type\":\"EntryPoint\",\"urlTemplate\":\"https:\\\/\\\/campobadajoz.es\\\/fr\\\/?s={search_term_string}\"},\"query-input\":{\"@type\":\"PropertyValueSpecification\",\"valueRequired\":true,\"valueName\":\"search_term_string\"}}],\"inLanguage\":\"fr-FR\"},{\"@type\":\"Organization\",\"@id\":\"https:\\\/\\\/campobadajoz.es\\\/fr\\\/#organization\",\"name\":\"Campo Badajoz\",\"url\":\"https:\\\/\\\/campobadajoz.es\\\/fr\\\/\",\"logo\":{\"@type\":\"ImageObject\",\"inLanguage\":\"fr-FR\",\"@id\":\"https:\\\/\\\/campobadajoz.es\\\/fr\\\/#\\\/schema\\\/logo\\\/image\\\/\",\"url\":\"https:\\\/\\\/campobadajoz.es\\\/wp-content\\\/uploads\\\/2023\\\/05\\\/logo_blanco_png-1.webp\",\"contentUrl\":\"https:\\\/\\\/campobadajoz.es\\\/wp-content\\\/uploads\\\/2023\\\/05\\\/logo_blanco_png-1.webp\",\"width\":800,\"height\":800,\"caption\":\"Campo Badajoz\"},\"image\":{\"@id\":\"https:\\\/\\\/campobadajoz.es\\\/fr\\\/#\\\/schema\\\/logo\\\/image\\\/\"},\"sameAs\":[\"https:\\\/\\\/www.facebook.com\\\/campobadajoz.ibericodecampo\\\/\",\"https:\\\/\\\/x.com\\\/jamonibericos\",\"https:\\\/\\\/www.linkedin.com\\\/company\\\/campo-&-badajoz\\\/about\\\/\",\"https:\\\/\\\/www.instagram.com\\\/campobadajoz\\\/\"]}]}<\/script>\n<!-- \/ Yoast SEO plugin. -->","yoast_head_json":{"title":"PALETA BELLOTA 100% IB\u00c9RICA DESHUESADA - Campo Badajoz","robots":{"index":"index","follow":"follow","max-snippet":"max-snippet:-1","max-image-preview":"max-image-preview:large","max-video-preview":"max-video-preview:-1"},"canonical":"https:\/\/campobadajoz.es\/fr\/producto\/paleta-bellota-deshuesada\/","og_locale":"fr_FR","og_type":"article","og_title":"PALETA BELLOTA 100% IB\u00c9RICA DESHUESADA - Campo Badajoz","og_description":"Nuestra Paleta de Bellota 100% es un verdadero tesoro culinario. Pieza deshuesada para un m\u00e1ximo rendimiento y f\u00e1cil almacenaje.","og_url":"https:\/\/campobadajoz.es\/fr\/producto\/paleta-bellota-deshuesada\/","og_site_name":"Campo Badajoz","article_publisher":"https:\/\/www.facebook.com\/campobadajoz.ibericodecampo\/","article_modified_time":"2023-10-26T11:36:10+00:00","og_image":[{"width":1414,"height":2000,"url":"https:\/\/campobadajoz.es\/wp-content\/uploads\/2023\/08\/Documento-A4-Notas-Bloc-Hoja-Carta-Verde-Menta-bonito.png","type":"image\/png"}],"twitter_card":"summary_large_image","twitter_site":"@jamonibericos","twitter_misc":{"Dur\u00e9e de lecture estim\u00e9e":"1 minute"},"schema":{"@context":"https:\/\/schema.org","@graph":[{"@type":"WebPage","@id":"https:\/\/campobadajoz.es\/fr\/producto\/paleta-bellota-deshuesada\/","url":"https:\/\/campobadajoz.es\/fr\/producto\/paleta-bellota-deshuesada\/","name":"PALETA BELLOTA 100% IB\u00c9RICA DESHUESADA - Campo Badajoz","isPartOf":{"@id":"https:\/\/campobadajoz.es\/fr\/#website"},"primaryImageOfPage":{"@id":"https:\/\/campobadajoz.es\/fr\/producto\/paleta-bellota-deshuesada\/#primaryimage"},"image":{"@id":"https:\/\/campobadajoz.es\/fr\/producto\/paleta-bellota-deshuesada\/#primaryimage"},"thumbnailUrl":"https:\/\/campobadajoz.es\/wp-content\/uploads\/2023\/08\/Documento-A4-Notas-Bloc-Hoja-Carta-Verde-Menta-bonito.png","datePublished":"2023-08-30T07:17:42+00:00","dateModified":"2023-10-26T11:36:10+00:00","breadcrumb":{"@id":"https:\/\/campobadajoz.es\/fr\/producto\/paleta-bellota-deshuesada\/#breadcrumb"},"inLanguage":"fr-FR","potentialAction":[{"@type":"ReadAction","target":["https:\/\/campobadajoz.es\/fr\/producto\/paleta-bellota-deshuesada\/"]}]},{"@type":"ImageObject","inLanguage":"fr-FR","@id":"https:\/\/campobadajoz.es\/fr\/producto\/paleta-bellota-deshuesada\/#primaryimage","url":"https:\/\/campobadajoz.es\/wp-content\/uploads\/2023\/08\/Documento-A4-Notas-Bloc-Hoja-Carta-Verde-Menta-bonito.png","contentUrl":"https:\/\/campobadajoz.es\/wp-content\/uploads\/2023\/08\/Documento-A4-Notas-Bloc-Hoja-Carta-Verde-Menta-bonito.png","width":1414,"height":2000,"caption":"Paleta Bellota 100% Ib\u00e9rica Deshuesada"},{"@type":"BreadcrumbList","@id":"https:\/\/campobadajoz.es\/fr\/producto\/paleta-bellota-deshuesada\/#breadcrumb","itemListElement":[{"@type":"ListItem","position":1,"name":"Portada","item":"https:\/\/campobadajoz.es\/fr\/"},{"@type":"ListItem","position":2,"name":"Produits","item":"https:\/\/campobadajoz.es\/fr\/shop\/"},{"@type":"ListItem","position":3,"name":"PALETA BELLOTA 100% IB\u00c9RICA DESHUESADA"}]},{"@type":"WebSite","@id":"https:\/\/campobadajoz.es\/fr\/#website","url":"https:\/\/campobadajoz.es\/fr\/","name":"Campo Badajoz","description":"Productos ib\u00e9ricos de calidad","publisher":{"@id":"https:\/\/campobadajoz.es\/fr\/#organization"},"potentialAction":[{"@type":"SearchAction","target":{"@type":"EntryPoint","urlTemplate":"https:\/\/campobadajoz.es\/fr\/?s={search_term_string}"},"query-input":{"@type":"PropertyValueSpecification","valueRequired":true,"valueName":"search_term_string"}}],"inLanguage":"fr-FR"},{"@type":"Organization","@id":"https:\/\/campobadajoz.es\/fr\/#organization","name":"Campo Badajoz","url":"https:\/\/campobadajoz.es\/fr\/","logo":{"@type":"ImageObject","inLanguage":"fr-FR","@id":"https:\/\/campobadajoz.es\/fr\/#\/schema\/logo\/image\/","url":"https:\/\/campobadajoz.es\/wp-content\/uploads\/2023\/05\/logo_blanco_png-1.webp","contentUrl":"https:\/\/campobadajoz.es\/wp-content\/uploads\/2023\/05\/logo_blanco_png-1.webp","width":800,"height":800,"caption":"Campo Badajoz"},"image":{"@id":"https:\/\/campobadajoz.es\/fr\/#\/schema\/logo\/image\/"},"sameAs":["https:\/\/www.facebook.com\/campobadajoz.ibericodecampo\/","https:\/\/x.com\/jamonibericos","https:\/\/www.linkedin.com\/company\/campo-&-badajoz\/about\/","https:\/\/www.instagram.com\/campobadajoz\/"]}]}},"_links":{"self":[{"href":"https:\/\/campobadajoz.es\/fr\/wp-json\/wp\/v2\/product\/3961","targetHints":{"allow":["GET"]}}],"collection":[{"href":"https:\/\/campobadajoz.es\/fr\/wp-json\/wp\/v2\/product"}],"about":[{"href":"https:\/\/campobadajoz.es\/fr\/wp-json\/wp\/v2\/types\/product"}],"replies":[{"embeddable":true,"href":"https:\/\/campobadajoz.es\/fr\/wp-json\/wp\/v2\/comments?post=3961"}],"version-history":[{"count":1,"href":"https:\/\/campobadajoz.es\/fr\/wp-json\/wp\/v2\/product\/3961\/revisions"}],"predecessor-version":[{"id":6975,"href":"https:\/\/campobadajoz.es\/fr\/wp-json\/wp\/v2\/product\/3961\/revisions\/6975"}],"wp:featuredmedia":[{"embeddable":true,"href":"https:\/\/campobadajoz.es\/fr\/wp-json\/wp\/v2\/media\/6004"}],"wp:attachment":[{"href":"https:\/\/campobadajoz.es\/fr\/wp-json\/wp\/v2\/media?parent=3961"}],"wp:term":[{"taxonomy":"product_brand","embeddable":true,"href":"https:\/\/campobadajoz.es\/fr\/wp-json\/wp\/v2\/product_brand?post=3961"},{"taxonomy":"product_cat","embeddable":true,"href":"https:\/\/campobadajoz.es\/fr\/wp-json\/wp\/v2\/product_cat?post=3961"},{"taxonomy":"product_tag","embeddable":true,"href":"https:\/\/campobadajoz.es\/fr\/wp-json\/wp\/v2\/product_tag?post=3961"}],"curies":[{"name":"wp","href":"https:\/\/api.w.org\/{rel}","templated":true}]}}