{"id":4135,"date":"2023-08-30T09:27:46","date_gmt":"2023-08-30T09:27:46","guid":{"rendered":"https:\/\/campobadajoz.es\/producto\/chips-de-jambon\/"},"modified":"2023-08-30T09:27:46","modified_gmt":"2023-08-30T09:27:46","slug":"virutas-de-jamon","status":"publish","type":"product","link":"https:\/\/campobadajoz.es\/fr\/producto\/virutas-de-jamon\/","title":{"rendered":"Chips de jambon"},"content":{"rendered":"<p>Ces chips de croquettes sont tr\u00e8s polyvalentes et peuvent \u00eatre utilis\u00e9es dans une grande vari\u00e9t\u00e9 de recettes. Il suffit de m\u00e9langer les garnitures \u00e0 une p\u00e2te b\u00e9chamel, d&rsquo;ajouter vos ingr\u00e9dients pr\u00e9f\u00e9r\u00e9s tels que du jambon, du poulet, des champignons ou d&rsquo;autres condiments, puis de fa\u00e7onner les croquettes avant de les faire frire. Le r\u00e9sultat sera une bouch\u00e9e irr\u00e9sistible avec un int\u00e9rieur cr\u00e9meux et un ext\u00e9rieur croustillant.<\/p>\n<p>Les garnitures\/frites de croquettes sont id\u00e9ales pour ceux qui souhaitent valoriser les produits ib\u00e9riques et ajouter une touche gourmande \u00e0 leurs plats maison. Gr\u00e2ce \u00e0 leur saveur intense et \u00e0 leur qualit\u00e9 exceptionnelle, ces chips rehausseront toute recette de croquettes, la transformant en une exp\u00e9rience culinaire unique et d\u00e9licieuse.<\/p>\n<p>Savourez des croquettes maison de haute qualit\u00e9 et surprenez vos invit\u00e9s avec le go\u00fbt exquis des garnitures\/chips de croquettes !<\/p>\n","protected":false},"excerpt":{"rendered":"<p>Ces chips de croquettes sont tr\u00e8s polyvalentes et peuvent \u00eatre utilis\u00e9es dans une grande vari\u00e9t\u00e9 de recettes. Il suffit de m\u00e9langer les garnitures \u00e0 une p\u00e2te b\u00e9chamel, d&rsquo;ajouter vos ingr\u00e9dients pr\u00e9f\u00e9r\u00e9s tels que du jambon, du poulet, des champignons ou d&rsquo;autres condiments, puis de fa\u00e7onner les croquettes avant de les faire frire. Le r\u00e9sultat sera [&hellip;]<\/p>\n","protected":false},"featured_media":6296,"comment_status":"open","ping_status":"closed","template":"","meta":{"_acf_changed":false},"product_brand":[],"product_cat":[431],"product_tag":[],"class_list":{"0":"post-4135","1":"product","2":"type-product","3":"status-publish","4":"has-post-thumbnail","6":"product_cat-loncheados-fr","8":"first","9":"instock","10":"taxable","11":"shipping-taxable","12":"product-type-simple"},"acf":[],"yoast_head":"<!-- This site is optimized with the Yoast SEO plugin v27.4 - https:\/\/yoast.com\/product\/yoast-seo-wordpress\/ -->\n<title>Chips de jambon - Campo Badajoz<\/title>\n<meta name=\"robots\" content=\"index, follow, max-snippet:-1, max-image-preview:large, max-video-preview:-1\" \/>\n<link rel=\"canonical\" href=\"https:\/\/campobadajoz.es\/fr\/producto\/virutas-de-jamon\/\" \/>\n<meta property=\"og:locale\" content=\"fr_FR\" \/>\n<meta property=\"og:type\" content=\"article\" \/>\n<meta property=\"og:title\" content=\"Chips de jambon - Campo Badajoz\" \/>\n<meta property=\"og:description\" content=\"Ces chips de croquettes sont tr\u00e8s polyvalentes et peuvent \u00eatre utilis\u00e9es dans une grande vari\u00e9t\u00e9 de recettes. Il suffit de m\u00e9langer les garnitures \u00e0 une p\u00e2te b\u00e9chamel, d&rsquo;ajouter vos ingr\u00e9dients pr\u00e9f\u00e9r\u00e9s tels que du jambon, du poulet, des champignons ou d&rsquo;autres condiments, puis de fa\u00e7onner les croquettes avant de les faire frire. Le r\u00e9sultat sera [&hellip;]\" \/>\n<meta property=\"og:url\" content=\"https:\/\/campobadajoz.es\/fr\/producto\/virutas-de-jamon\/\" \/>\n<meta property=\"og:site_name\" content=\"Campo Badajoz\" \/>\n<meta property=\"article:publisher\" content=\"https:\/\/www.facebook.com\/campobadajoz.ibericodecampo\/\" \/>\n<meta property=\"og:image\" content=\"https:\/\/campobadajoz.es\/wp-content\/uploads\/2023\/08\/RLF2734.jpg\" \/>\n\t<meta property=\"og:image:width\" content=\"1575\" \/>\n\t<meta property=\"og:image:height\" content=\"2362\" \/>\n\t<meta property=\"og:image:type\" content=\"image\/jpeg\" \/>\n<meta name=\"twitter:card\" content=\"summary_large_image\" \/>\n<meta name=\"twitter:site\" content=\"@jamonibericos\" \/>\n<meta name=\"twitter:label1\" content=\"Dur\u00e9e de lecture estim\u00e9e\" \/>\n\t<meta name=\"twitter:data1\" content=\"1 minute\" \/>\n<script type=\"application\/ld+json\" class=\"yoast-schema-graph\">{\"@context\":\"https:\\\/\\\/schema.org\",\"@graph\":[{\"@type\":\"WebPage\",\"@id\":\"https:\\\/\\\/campobadajoz.es\\\/fr\\\/producto\\\/virutas-de-jamon\\\/\",\"url\":\"https:\\\/\\\/campobadajoz.es\\\/fr\\\/producto\\\/virutas-de-jamon\\\/\",\"name\":\"Chips de jambon - Campo Badajoz\",\"isPartOf\":{\"@id\":\"https:\\\/\\\/campobadajoz.es\\\/fr\\\/#website\"},\"primaryImageOfPage\":{\"@id\":\"https:\\\/\\\/campobadajoz.es\\\/fr\\\/producto\\\/virutas-de-jamon\\\/#primaryimage\"},\"image\":{\"@id\":\"https:\\\/\\\/campobadajoz.es\\\/fr\\\/producto\\\/virutas-de-jamon\\\/#primaryimage\"},\"thumbnailUrl\":\"https:\\\/\\\/campobadajoz.es\\\/wp-content\\\/uploads\\\/2023\\\/08\\\/RLF2734.jpg\",\"datePublished\":\"2023-08-30T09:27:46+00:00\",\"breadcrumb\":{\"@id\":\"https:\\\/\\\/campobadajoz.es\\\/fr\\\/producto\\\/virutas-de-jamon\\\/#breadcrumb\"},\"inLanguage\":\"fr-FR\",\"potentialAction\":[{\"@type\":\"ReadAction\",\"target\":[\"https:\\\/\\\/campobadajoz.es\\\/fr\\\/producto\\\/virutas-de-jamon\\\/\"]}]},{\"@type\":\"ImageObject\",\"inLanguage\":\"fr-FR\",\"@id\":\"https:\\\/\\\/campobadajoz.es\\\/fr\\\/producto\\\/virutas-de-jamon\\\/#primaryimage\",\"url\":\"https:\\\/\\\/campobadajoz.es\\\/wp-content\\\/uploads\\\/2023\\\/08\\\/RLF2734.jpg\",\"contentUrl\":\"https:\\\/\\\/campobadajoz.es\\\/wp-content\\\/uploads\\\/2023\\\/08\\\/RLF2734.jpg\",\"width\":1575,\"height\":2362},{\"@type\":\"BreadcrumbList\",\"@id\":\"https:\\\/\\\/campobadajoz.es\\\/fr\\\/producto\\\/virutas-de-jamon\\\/#breadcrumb\",\"itemListElement\":[{\"@type\":\"ListItem\",\"position\":1,\"name\":\"Portada\",\"item\":\"https:\\\/\\\/campobadajoz.es\\\/fr\\\/\"},{\"@type\":\"ListItem\",\"position\":2,\"name\":\"Produits\",\"item\":\"https:\\\/\\\/campobadajoz.es\\\/fr\\\/shop\\\/\"},{\"@type\":\"ListItem\",\"position\":3,\"name\":\"Chips de jambon\"}]},{\"@type\":\"WebSite\",\"@id\":\"https:\\\/\\\/campobadajoz.es\\\/fr\\\/#website\",\"url\":\"https:\\\/\\\/campobadajoz.es\\\/fr\\\/\",\"name\":\"Campo Badajoz\",\"description\":\"Productos ib\u00e9ricos de calidad\",\"publisher\":{\"@id\":\"https:\\\/\\\/campobadajoz.es\\\/fr\\\/#organization\"},\"potentialAction\":[{\"@type\":\"SearchAction\",\"target\":{\"@type\":\"EntryPoint\",\"urlTemplate\":\"https:\\\/\\\/campobadajoz.es\\\/fr\\\/?s={search_term_string}\"},\"query-input\":{\"@type\":\"PropertyValueSpecification\",\"valueRequired\":true,\"valueName\":\"search_term_string\"}}],\"inLanguage\":\"fr-FR\"},{\"@type\":\"Organization\",\"@id\":\"https:\\\/\\\/campobadajoz.es\\\/fr\\\/#organization\",\"name\":\"Campo Badajoz\",\"url\":\"https:\\\/\\\/campobadajoz.es\\\/fr\\\/\",\"logo\":{\"@type\":\"ImageObject\",\"inLanguage\":\"fr-FR\",\"@id\":\"https:\\\/\\\/campobadajoz.es\\\/fr\\\/#\\\/schema\\\/logo\\\/image\\\/\",\"url\":\"https:\\\/\\\/campobadajoz.es\\\/wp-content\\\/uploads\\\/2023\\\/05\\\/logo_blanco_png-1.webp\",\"contentUrl\":\"https:\\\/\\\/campobadajoz.es\\\/wp-content\\\/uploads\\\/2023\\\/05\\\/logo_blanco_png-1.webp\",\"width\":800,\"height\":800,\"caption\":\"Campo Badajoz\"},\"image\":{\"@id\":\"https:\\\/\\\/campobadajoz.es\\\/fr\\\/#\\\/schema\\\/logo\\\/image\\\/\"},\"sameAs\":[\"https:\\\/\\\/www.facebook.com\\\/campobadajoz.ibericodecampo\\\/\",\"https:\\\/\\\/x.com\\\/jamonibericos\",\"https:\\\/\\\/www.linkedin.com\\\/company\\\/campo-&-badajoz\\\/about\\\/\",\"https:\\\/\\\/www.instagram.com\\\/campobadajoz\\\/\"]}]}<\/script>\n<!-- \/ Yoast SEO plugin. -->","yoast_head_json":{"title":"Chips de jambon - Campo Badajoz","robots":{"index":"index","follow":"follow","max-snippet":"max-snippet:-1","max-image-preview":"max-image-preview:large","max-video-preview":"max-video-preview:-1"},"canonical":"https:\/\/campobadajoz.es\/fr\/producto\/virutas-de-jamon\/","og_locale":"fr_FR","og_type":"article","og_title":"Chips de jambon - Campo Badajoz","og_description":"Ces chips de croquettes sont tr\u00e8s polyvalentes et peuvent \u00eatre utilis\u00e9es dans une grande vari\u00e9t\u00e9 de recettes. Il suffit de m\u00e9langer les garnitures \u00e0 une p\u00e2te b\u00e9chamel, d&rsquo;ajouter vos ingr\u00e9dients pr\u00e9f\u00e9r\u00e9s tels que du jambon, du poulet, des champignons ou d&rsquo;autres condiments, puis de fa\u00e7onner les croquettes avant de les faire frire. Le r\u00e9sultat sera [&hellip;]","og_url":"https:\/\/campobadajoz.es\/fr\/producto\/virutas-de-jamon\/","og_site_name":"Campo Badajoz","article_publisher":"https:\/\/www.facebook.com\/campobadajoz.ibericodecampo\/","og_image":[{"width":1575,"height":2362,"url":"https:\/\/campobadajoz.es\/wp-content\/uploads\/2023\/08\/RLF2734.jpg","type":"image\/jpeg"}],"twitter_card":"summary_large_image","twitter_site":"@jamonibericos","twitter_misc":{"Dur\u00e9e de lecture estim\u00e9e":"1 minute"},"schema":{"@context":"https:\/\/schema.org","@graph":[{"@type":"WebPage","@id":"https:\/\/campobadajoz.es\/fr\/producto\/virutas-de-jamon\/","url":"https:\/\/campobadajoz.es\/fr\/producto\/virutas-de-jamon\/","name":"Chips de jambon - Campo Badajoz","isPartOf":{"@id":"https:\/\/campobadajoz.es\/fr\/#website"},"primaryImageOfPage":{"@id":"https:\/\/campobadajoz.es\/fr\/producto\/virutas-de-jamon\/#primaryimage"},"image":{"@id":"https:\/\/campobadajoz.es\/fr\/producto\/virutas-de-jamon\/#primaryimage"},"thumbnailUrl":"https:\/\/campobadajoz.es\/wp-content\/uploads\/2023\/08\/RLF2734.jpg","datePublished":"2023-08-30T09:27:46+00:00","breadcrumb":{"@id":"https:\/\/campobadajoz.es\/fr\/producto\/virutas-de-jamon\/#breadcrumb"},"inLanguage":"fr-FR","potentialAction":[{"@type":"ReadAction","target":["https:\/\/campobadajoz.es\/fr\/producto\/virutas-de-jamon\/"]}]},{"@type":"ImageObject","inLanguage":"fr-FR","@id":"https:\/\/campobadajoz.es\/fr\/producto\/virutas-de-jamon\/#primaryimage","url":"https:\/\/campobadajoz.es\/wp-content\/uploads\/2023\/08\/RLF2734.jpg","contentUrl":"https:\/\/campobadajoz.es\/wp-content\/uploads\/2023\/08\/RLF2734.jpg","width":1575,"height":2362},{"@type":"BreadcrumbList","@id":"https:\/\/campobadajoz.es\/fr\/producto\/virutas-de-jamon\/#breadcrumb","itemListElement":[{"@type":"ListItem","position":1,"name":"Portada","item":"https:\/\/campobadajoz.es\/fr\/"},{"@type":"ListItem","position":2,"name":"Produits","item":"https:\/\/campobadajoz.es\/fr\/shop\/"},{"@type":"ListItem","position":3,"name":"Chips de jambon"}]},{"@type":"WebSite","@id":"https:\/\/campobadajoz.es\/fr\/#website","url":"https:\/\/campobadajoz.es\/fr\/","name":"Campo Badajoz","description":"Productos ib\u00e9ricos de calidad","publisher":{"@id":"https:\/\/campobadajoz.es\/fr\/#organization"},"potentialAction":[{"@type":"SearchAction","target":{"@type":"EntryPoint","urlTemplate":"https:\/\/campobadajoz.es\/fr\/?s={search_term_string}"},"query-input":{"@type":"PropertyValueSpecification","valueRequired":true,"valueName":"search_term_string"}}],"inLanguage":"fr-FR"},{"@type":"Organization","@id":"https:\/\/campobadajoz.es\/fr\/#organization","name":"Campo Badajoz","url":"https:\/\/campobadajoz.es\/fr\/","logo":{"@type":"ImageObject","inLanguage":"fr-FR","@id":"https:\/\/campobadajoz.es\/fr\/#\/schema\/logo\/image\/","url":"https:\/\/campobadajoz.es\/wp-content\/uploads\/2023\/05\/logo_blanco_png-1.webp","contentUrl":"https:\/\/campobadajoz.es\/wp-content\/uploads\/2023\/05\/logo_blanco_png-1.webp","width":800,"height":800,"caption":"Campo Badajoz"},"image":{"@id":"https:\/\/campobadajoz.es\/fr\/#\/schema\/logo\/image\/"},"sameAs":["https:\/\/www.facebook.com\/campobadajoz.ibericodecampo\/","https:\/\/x.com\/jamonibericos","https:\/\/www.linkedin.com\/company\/campo-&-badajoz\/about\/","https:\/\/www.instagram.com\/campobadajoz\/"]}]}},"_links":{"self":[{"href":"https:\/\/campobadajoz.es\/fr\/wp-json\/wp\/v2\/product\/4135","targetHints":{"allow":["GET"]}}],"collection":[{"href":"https:\/\/campobadajoz.es\/fr\/wp-json\/wp\/v2\/product"}],"about":[{"href":"https:\/\/campobadajoz.es\/fr\/wp-json\/wp\/v2\/types\/product"}],"replies":[{"embeddable":true,"href":"https:\/\/campobadajoz.es\/fr\/wp-json\/wp\/v2\/comments?post=4135"}],"version-history":[{"count":0,"href":"https:\/\/campobadajoz.es\/fr\/wp-json\/wp\/v2\/product\/4135\/revisions"}],"wp:featuredmedia":[{"embeddable":true,"href":"https:\/\/campobadajoz.es\/fr\/wp-json\/wp\/v2\/media\/6296"}],"wp:attachment":[{"href":"https:\/\/campobadajoz.es\/fr\/wp-json\/wp\/v2\/media?parent=4135"}],"wp:term":[{"taxonomy":"product_brand","embeddable":true,"href":"https:\/\/campobadajoz.es\/fr\/wp-json\/wp\/v2\/product_brand?post=4135"},{"taxonomy":"product_cat","embeddable":true,"href":"https:\/\/campobadajoz.es\/fr\/wp-json\/wp\/v2\/product_cat?post=4135"},{"taxonomy":"product_tag","embeddable":true,"href":"https:\/\/campobadajoz.es\/fr\/wp-json\/wp\/v2\/product_tag?post=4135"}],"curies":[{"name":"wp","href":"https:\/\/api.w.org\/{rel}","templated":true}]}}