{"id":4162,"date":"2023-08-30T09:47:30","date_gmt":"2023-08-30T09:47:30","guid":{"rendered":"https:\/\/campobadajoz.es\/producto\/a-propos-de-bellota-100-iberian-palette-coupe-au-couteau-80-gr\/"},"modified":"2023-08-30T09:47:30","modified_gmt":"2023-08-30T09:47:30","slug":"sobre-paleta-bellota-100-iberica-cortado-a-cuchillo-80-gr","status":"publish","type":"product","link":"https:\/\/campobadajoz.es\/fr\/producto\/sobre-paleta-bellota-100-iberica-cortado-a-cuchillo-80-gr\/","title":{"rendered":"A propos de BELLOTA 100% IBERIAN PALETTE, coupe au couteau (80 gr)"},"content":{"rendered":"<p>Chaque tranche de ce jambon pr\u00e9sente un \u00e9quilibre parfait entre la texture lisse et juteuse et la saveur intense caract\u00e9ristique du porc ib\u00e9rique. Son ar\u00f4me enivrant et son go\u00fbt exquis font de ce produit un v\u00e9ritable joyau culinaire.<\/p>\n<p>Le jambon ib\u00e9rique en tranches est parfait pour toutes les occasions. Vous pouvez le servir en ap\u00e9ritif, accompagn\u00e9 de pain croustillant et d&rsquo;un bon vin, ou comme ingr\u00e9dient vedette de vos plats pr\u00e9f\u00e9r\u00e9s. Sa polyvalence vous permet de cr\u00e9er de merveilleuses combinaisons gastronomiques et de surprendre vos invit\u00e9s par sa saveur exquise.<\/p>\n<p>Chaque tranche a \u00e9t\u00e9 coup\u00e9e avec pr\u00e9cision, ce qui permet d&rsquo;appr\u00e9cier la beaut\u00e9 de son veinage et garantit une exp\u00e9rience de d\u00e9gustation unique. De plus, sa pr\u00e9sentation en tranches le rend facile \u00e0 manger et vous permet de d\u00e9guster ce d\u00e9licieux mets d&rsquo;une mani\u00e8re commode et pratique.<\/p>\n<p>Le jambon ib\u00e9rique en tranches est le cadeau id\u00e9al pour les gourmets et un excellent choix pour ajouter une touche de distinction \u00e0 vos plats. D\u00e9couvrez l&rsquo;essence authentique du jambon ib\u00e9rique \u00e0 chaque bouch\u00e9e et laissez-vous s\u00e9duire par sa saveur incomparable.<\/p>\n","protected":false},"excerpt":{"rendered":"<p>Chaque tranche de ce jambon pr\u00e9sente un \u00e9quilibre parfait entre la texture lisse et juteuse et la saveur intense caract\u00e9ristique du porc ib\u00e9rique. Son ar\u00f4me enivrant et son go\u00fbt exquis font de ce produit un v\u00e9ritable joyau culinaire. Le jambon ib\u00e9rique en tranches est parfait pour toutes les occasions. Vous pouvez le servir en ap\u00e9ritif, [&hellip;]<\/p>\n","protected":false},"featured_media":6312,"comment_status":"open","ping_status":"closed","template":"","meta":{"_acf_changed":false},"product_brand":[],"product_cat":[431],"product_tag":[],"class_list":{"0":"post-4162","1":"product","2":"type-product","3":"status-publish","4":"has-post-thumbnail","6":"product_cat-loncheados-fr","8":"first","9":"instock","10":"taxable","11":"shipping-taxable","12":"product-type-simple"},"acf":[],"yoast_head":"<!-- This site is optimized with the Yoast SEO plugin v27.4 - https:\/\/yoast.com\/product\/yoast-seo-wordpress\/ -->\n<title>A propos de BELLOTA 100% IBERIAN PALETTE, coupe au couteau (80 gr) - Campo Badajoz<\/title>\n<meta name=\"robots\" content=\"index, follow, max-snippet:-1, max-image-preview:large, max-video-preview:-1\" \/>\n<link rel=\"canonical\" href=\"https:\/\/campobadajoz.es\/fr\/producto\/sobre-paleta-bellota-100-iberica-cortado-a-cuchillo-80-gr\/\" \/>\n<meta property=\"og:locale\" content=\"fr_FR\" \/>\n<meta property=\"og:type\" content=\"article\" \/>\n<meta property=\"og:title\" content=\"A propos de BELLOTA 100% IBERIAN PALETTE, coupe au couteau (80 gr) - Campo Badajoz\" \/>\n<meta property=\"og:description\" content=\"Chaque tranche de ce jambon pr\u00e9sente un \u00e9quilibre parfait entre la texture lisse et juteuse et la saveur intense caract\u00e9ristique du porc ib\u00e9rique. Son ar\u00f4me enivrant et son go\u00fbt exquis font de ce produit un v\u00e9ritable joyau culinaire. Le jambon ib\u00e9rique en tranches est parfait pour toutes les occasions. Vous pouvez le servir en ap\u00e9ritif, [&hellip;]\" \/>\n<meta property=\"og:url\" content=\"https:\/\/campobadajoz.es\/fr\/producto\/sobre-paleta-bellota-100-iberica-cortado-a-cuchillo-80-gr\/\" \/>\n<meta property=\"og:site_name\" content=\"Campo Badajoz\" \/>\n<meta property=\"article:publisher\" content=\"https:\/\/www.facebook.com\/campobadajoz.ibericodecampo\/\" \/>\n<meta property=\"og:image\" content=\"https:\/\/campobadajoz.es\/wp-content\/uploads\/2023\/08\/RLF2716-1.jpg\" \/>\n\t<meta property=\"og:image:width\" content=\"1575\" \/>\n\t<meta property=\"og:image:height\" content=\"2362\" \/>\n\t<meta property=\"og:image:type\" content=\"image\/jpeg\" \/>\n<meta name=\"twitter:card\" content=\"summary_large_image\" \/>\n<meta name=\"twitter:site\" content=\"@jamonibericos\" \/>\n<meta name=\"twitter:label1\" content=\"Dur\u00e9e de lecture estim\u00e9e\" \/>\n\t<meta name=\"twitter:data1\" content=\"1 minute\" \/>\n<script type=\"application\/ld+json\" class=\"yoast-schema-graph\">{\"@context\":\"https:\\\/\\\/schema.org\",\"@graph\":[{\"@type\":\"WebPage\",\"@id\":\"https:\\\/\\\/campobadajoz.es\\\/fr\\\/producto\\\/sobre-paleta-bellota-100-iberica-cortado-a-cuchillo-80-gr\\\/\",\"url\":\"https:\\\/\\\/campobadajoz.es\\\/fr\\\/producto\\\/sobre-paleta-bellota-100-iberica-cortado-a-cuchillo-80-gr\\\/\",\"name\":\"A propos de BELLOTA 100% IBERIAN PALETTE, coupe au couteau (80 gr) - Campo Badajoz\",\"isPartOf\":{\"@id\":\"https:\\\/\\\/campobadajoz.es\\\/fr\\\/#website\"},\"primaryImageOfPage\":{\"@id\":\"https:\\\/\\\/campobadajoz.es\\\/fr\\\/producto\\\/sobre-paleta-bellota-100-iberica-cortado-a-cuchillo-80-gr\\\/#primaryimage\"},\"image\":{\"@id\":\"https:\\\/\\\/campobadajoz.es\\\/fr\\\/producto\\\/sobre-paleta-bellota-100-iberica-cortado-a-cuchillo-80-gr\\\/#primaryimage\"},\"thumbnailUrl\":\"https:\\\/\\\/campobadajoz.es\\\/wp-content\\\/uploads\\\/2023\\\/08\\\/RLF2716-1.jpg\",\"datePublished\":\"2023-08-30T09:47:30+00:00\",\"breadcrumb\":{\"@id\":\"https:\\\/\\\/campobadajoz.es\\\/fr\\\/producto\\\/sobre-paleta-bellota-100-iberica-cortado-a-cuchillo-80-gr\\\/#breadcrumb\"},\"inLanguage\":\"fr-FR\",\"potentialAction\":[{\"@type\":\"ReadAction\",\"target\":[\"https:\\\/\\\/campobadajoz.es\\\/fr\\\/producto\\\/sobre-paleta-bellota-100-iberica-cortado-a-cuchillo-80-gr\\\/\"]}]},{\"@type\":\"ImageObject\",\"inLanguage\":\"fr-FR\",\"@id\":\"https:\\\/\\\/campobadajoz.es\\\/fr\\\/producto\\\/sobre-paleta-bellota-100-iberica-cortado-a-cuchillo-80-gr\\\/#primaryimage\",\"url\":\"https:\\\/\\\/campobadajoz.es\\\/wp-content\\\/uploads\\\/2023\\\/08\\\/RLF2716-1.jpg\",\"contentUrl\":\"https:\\\/\\\/campobadajoz.es\\\/wp-content\\\/uploads\\\/2023\\\/08\\\/RLF2716-1.jpg\",\"width\":1575,\"height\":2362},{\"@type\":\"BreadcrumbList\",\"@id\":\"https:\\\/\\\/campobadajoz.es\\\/fr\\\/producto\\\/sobre-paleta-bellota-100-iberica-cortado-a-cuchillo-80-gr\\\/#breadcrumb\",\"itemListElement\":[{\"@type\":\"ListItem\",\"position\":1,\"name\":\"Portada\",\"item\":\"https:\\\/\\\/campobadajoz.es\\\/fr\\\/\"},{\"@type\":\"ListItem\",\"position\":2,\"name\":\"Produits\",\"item\":\"https:\\\/\\\/campobadajoz.es\\\/fr\\\/shop\\\/\"},{\"@type\":\"ListItem\",\"position\":3,\"name\":\"A propos de BELLOTA 100% IBERIAN PALETTE, coupe au couteau (80 gr)\"}]},{\"@type\":\"WebSite\",\"@id\":\"https:\\\/\\\/campobadajoz.es\\\/fr\\\/#website\",\"url\":\"https:\\\/\\\/campobadajoz.es\\\/fr\\\/\",\"name\":\"Campo Badajoz\",\"description\":\"Productos ib\u00e9ricos de calidad\",\"publisher\":{\"@id\":\"https:\\\/\\\/campobadajoz.es\\\/fr\\\/#organization\"},\"potentialAction\":[{\"@type\":\"SearchAction\",\"target\":{\"@type\":\"EntryPoint\",\"urlTemplate\":\"https:\\\/\\\/campobadajoz.es\\\/fr\\\/?s={search_term_string}\"},\"query-input\":{\"@type\":\"PropertyValueSpecification\",\"valueRequired\":true,\"valueName\":\"search_term_string\"}}],\"inLanguage\":\"fr-FR\"},{\"@type\":\"Organization\",\"@id\":\"https:\\\/\\\/campobadajoz.es\\\/fr\\\/#organization\",\"name\":\"Campo Badajoz\",\"url\":\"https:\\\/\\\/campobadajoz.es\\\/fr\\\/\",\"logo\":{\"@type\":\"ImageObject\",\"inLanguage\":\"fr-FR\",\"@id\":\"https:\\\/\\\/campobadajoz.es\\\/fr\\\/#\\\/schema\\\/logo\\\/image\\\/\",\"url\":\"https:\\\/\\\/campobadajoz.es\\\/wp-content\\\/uploads\\\/2023\\\/05\\\/logo_blanco_png-1.webp\",\"contentUrl\":\"https:\\\/\\\/campobadajoz.es\\\/wp-content\\\/uploads\\\/2023\\\/05\\\/logo_blanco_png-1.webp\",\"width\":800,\"height\":800,\"caption\":\"Campo Badajoz\"},\"image\":{\"@id\":\"https:\\\/\\\/campobadajoz.es\\\/fr\\\/#\\\/schema\\\/logo\\\/image\\\/\"},\"sameAs\":[\"https:\\\/\\\/www.facebook.com\\\/campobadajoz.ibericodecampo\\\/\",\"https:\\\/\\\/x.com\\\/jamonibericos\",\"https:\\\/\\\/www.linkedin.com\\\/company\\\/campo-&-badajoz\\\/about\\\/\",\"https:\\\/\\\/www.instagram.com\\\/campobadajoz\\\/\"]}]}<\/script>\n<!-- \/ Yoast SEO plugin. -->","yoast_head_json":{"title":"A propos de BELLOTA 100% IBERIAN PALETTE, coupe au couteau (80 gr) - Campo Badajoz","robots":{"index":"index","follow":"follow","max-snippet":"max-snippet:-1","max-image-preview":"max-image-preview:large","max-video-preview":"max-video-preview:-1"},"canonical":"https:\/\/campobadajoz.es\/fr\/producto\/sobre-paleta-bellota-100-iberica-cortado-a-cuchillo-80-gr\/","og_locale":"fr_FR","og_type":"article","og_title":"A propos de BELLOTA 100% IBERIAN PALETTE, coupe au couteau (80 gr) - Campo Badajoz","og_description":"Chaque tranche de ce jambon pr\u00e9sente un \u00e9quilibre parfait entre la texture lisse et juteuse et la saveur intense caract\u00e9ristique du porc ib\u00e9rique. Son ar\u00f4me enivrant et son go\u00fbt exquis font de ce produit un v\u00e9ritable joyau culinaire. Le jambon ib\u00e9rique en tranches est parfait pour toutes les occasions. Vous pouvez le servir en ap\u00e9ritif, [&hellip;]","og_url":"https:\/\/campobadajoz.es\/fr\/producto\/sobre-paleta-bellota-100-iberica-cortado-a-cuchillo-80-gr\/","og_site_name":"Campo Badajoz","article_publisher":"https:\/\/www.facebook.com\/campobadajoz.ibericodecampo\/","og_image":[{"width":1575,"height":2362,"url":"https:\/\/campobadajoz.es\/wp-content\/uploads\/2023\/08\/RLF2716-1.jpg","type":"image\/jpeg"}],"twitter_card":"summary_large_image","twitter_site":"@jamonibericos","twitter_misc":{"Dur\u00e9e de lecture estim\u00e9e":"1 minute"},"schema":{"@context":"https:\/\/schema.org","@graph":[{"@type":"WebPage","@id":"https:\/\/campobadajoz.es\/fr\/producto\/sobre-paleta-bellota-100-iberica-cortado-a-cuchillo-80-gr\/","url":"https:\/\/campobadajoz.es\/fr\/producto\/sobre-paleta-bellota-100-iberica-cortado-a-cuchillo-80-gr\/","name":"A propos de BELLOTA 100% IBERIAN PALETTE, coupe au couteau (80 gr) - Campo Badajoz","isPartOf":{"@id":"https:\/\/campobadajoz.es\/fr\/#website"},"primaryImageOfPage":{"@id":"https:\/\/campobadajoz.es\/fr\/producto\/sobre-paleta-bellota-100-iberica-cortado-a-cuchillo-80-gr\/#primaryimage"},"image":{"@id":"https:\/\/campobadajoz.es\/fr\/producto\/sobre-paleta-bellota-100-iberica-cortado-a-cuchillo-80-gr\/#primaryimage"},"thumbnailUrl":"https:\/\/campobadajoz.es\/wp-content\/uploads\/2023\/08\/RLF2716-1.jpg","datePublished":"2023-08-30T09:47:30+00:00","breadcrumb":{"@id":"https:\/\/campobadajoz.es\/fr\/producto\/sobre-paleta-bellota-100-iberica-cortado-a-cuchillo-80-gr\/#breadcrumb"},"inLanguage":"fr-FR","potentialAction":[{"@type":"ReadAction","target":["https:\/\/campobadajoz.es\/fr\/producto\/sobre-paleta-bellota-100-iberica-cortado-a-cuchillo-80-gr\/"]}]},{"@type":"ImageObject","inLanguage":"fr-FR","@id":"https:\/\/campobadajoz.es\/fr\/producto\/sobre-paleta-bellota-100-iberica-cortado-a-cuchillo-80-gr\/#primaryimage","url":"https:\/\/campobadajoz.es\/wp-content\/uploads\/2023\/08\/RLF2716-1.jpg","contentUrl":"https:\/\/campobadajoz.es\/wp-content\/uploads\/2023\/08\/RLF2716-1.jpg","width":1575,"height":2362},{"@type":"BreadcrumbList","@id":"https:\/\/campobadajoz.es\/fr\/producto\/sobre-paleta-bellota-100-iberica-cortado-a-cuchillo-80-gr\/#breadcrumb","itemListElement":[{"@type":"ListItem","position":1,"name":"Portada","item":"https:\/\/campobadajoz.es\/fr\/"},{"@type":"ListItem","position":2,"name":"Produits","item":"https:\/\/campobadajoz.es\/fr\/shop\/"},{"@type":"ListItem","position":3,"name":"A propos de BELLOTA 100% IBERIAN PALETTE, coupe au couteau (80 gr)"}]},{"@type":"WebSite","@id":"https:\/\/campobadajoz.es\/fr\/#website","url":"https:\/\/campobadajoz.es\/fr\/","name":"Campo Badajoz","description":"Productos ib\u00e9ricos de calidad","publisher":{"@id":"https:\/\/campobadajoz.es\/fr\/#organization"},"potentialAction":[{"@type":"SearchAction","target":{"@type":"EntryPoint","urlTemplate":"https:\/\/campobadajoz.es\/fr\/?s={search_term_string}"},"query-input":{"@type":"PropertyValueSpecification","valueRequired":true,"valueName":"search_term_string"}}],"inLanguage":"fr-FR"},{"@type":"Organization","@id":"https:\/\/campobadajoz.es\/fr\/#organization","name":"Campo Badajoz","url":"https:\/\/campobadajoz.es\/fr\/","logo":{"@type":"ImageObject","inLanguage":"fr-FR","@id":"https:\/\/campobadajoz.es\/fr\/#\/schema\/logo\/image\/","url":"https:\/\/campobadajoz.es\/wp-content\/uploads\/2023\/05\/logo_blanco_png-1.webp","contentUrl":"https:\/\/campobadajoz.es\/wp-content\/uploads\/2023\/05\/logo_blanco_png-1.webp","width":800,"height":800,"caption":"Campo Badajoz"},"image":{"@id":"https:\/\/campobadajoz.es\/fr\/#\/schema\/logo\/image\/"},"sameAs":["https:\/\/www.facebook.com\/campobadajoz.ibericodecampo\/","https:\/\/x.com\/jamonibericos","https:\/\/www.linkedin.com\/company\/campo-&-badajoz\/about\/","https:\/\/www.instagram.com\/campobadajoz\/"]}]}},"_links":{"self":[{"href":"https:\/\/campobadajoz.es\/fr\/wp-json\/wp\/v2\/product\/4162","targetHints":{"allow":["GET"]}}],"collection":[{"href":"https:\/\/campobadajoz.es\/fr\/wp-json\/wp\/v2\/product"}],"about":[{"href":"https:\/\/campobadajoz.es\/fr\/wp-json\/wp\/v2\/types\/product"}],"replies":[{"embeddable":true,"href":"https:\/\/campobadajoz.es\/fr\/wp-json\/wp\/v2\/comments?post=4162"}],"version-history":[{"count":0,"href":"https:\/\/campobadajoz.es\/fr\/wp-json\/wp\/v2\/product\/4162\/revisions"}],"wp:featuredmedia":[{"embeddable":true,"href":"https:\/\/campobadajoz.es\/fr\/wp-json\/wp\/v2\/media\/6312"}],"wp:attachment":[{"href":"https:\/\/campobadajoz.es\/fr\/wp-json\/wp\/v2\/media?parent=4162"}],"wp:term":[{"taxonomy":"product_brand","embeddable":true,"href":"https:\/\/campobadajoz.es\/fr\/wp-json\/wp\/v2\/product_brand?post=4162"},{"taxonomy":"product_cat","embeddable":true,"href":"https:\/\/campobadajoz.es\/fr\/wp-json\/wp\/v2\/product_cat?post=4162"},{"taxonomy":"product_tag","embeddable":true,"href":"https:\/\/campobadajoz.es\/fr\/wp-json\/wp\/v2\/product_tag?post=4162"}],"curies":[{"name":"wp","href":"https:\/\/api.w.org\/{rel}","templated":true}]}}