{"id":2744,"date":"2023-05-19T12:44:30","date_gmt":"2023-05-19T12:44:30","guid":{"rendered":"https:\/\/campobadajoz.es\/avviso-legale\/"},"modified":"2023-08-28T11:42:04","modified_gmt":"2023-08-28T11:42:04","slug":"avviso-legale","status":"publish","type":"page","link":"https:\/\/campobadajoz.es\/it\/avviso-legale\/","title":{"rendered":"Avviso legale"},"content":{"rendered":"<p><span lang=\"IT\" xml:lang=\"IT\">In conformit\u00e0 con l&#8217;articolo 10 della Legge 34\/2002, dell&#8217;11 luglio, sui servizi della societ\u00e0 dell&#8217;informazione e del commercio elettronico (LSSICE), i dati identificativi della societ\u00e0 sono riportati di seguito.<\/span><\/p>\n<p><strong>Nome commerciale:<\/strong><\/p>\n<p>Campo Badajoz<\/p>\n<p><strong><span lang=\"IT\" xml:lang=\"IT\">Nome della societ\u00e0:<\/span><\/strong><\/p>\n<p><span lang=\"IT\" xml:lang=\"IT\">Porvi\u00f1a 2000 SL<\/span><\/p>\n<p><strong><span lang=\"IT\" xml:lang=\"IT\">Numero di identificazione fiscale:<\/span><\/strong><\/p>\n<p><span lang=\"IT\" xml:lang=\"IT\">B06334205<\/span><\/p>\n<p><strong><span lang=\"IT\" xml:lang=\"IT\">Sede legale:<\/span><\/strong><\/p>\n<p><span lang=\"IT\" xml:lang=\"IT\">Avenida De La Estaci\u00f3n 4<\/span><\/p>\n<p><span lang=\"IT\" xml:lang=\"IT\">06300 Zafra<\/span><\/p>\n<p><strong><span lang=\"IT\" xml:lang=\"IT\">E-mail:<\/span><\/strong><\/p>\n<p><span lang=\"IT\" xml:lang=\"IT\">jm@campobadajoz.com<\/span><\/p>\n<p><strong><span lang=\"IT\" xml:lang=\"IT\">Telefono: <\/span><\/strong><\/p>\n<p><span lang=\"IT\" xml:lang=\"IT\">(0034) 924 55 00 22 &#8211; (0034) 649 46 24 27<\/span><\/p>\n<p><strong><span lang=\"IT\" xml:lang=\"IT\">Fax:<\/span><\/strong><\/p>\n<p><span lang=\"IT\" xml:lang=\"IT\">(0034) 924 55 00 22<\/span><\/p>\n<p><strong>Dettagli dell&#8217;iscrizione nel registro delle imprese:<\/strong><\/p>\n<p><span lang=\"IT\" xml:lang=\"IT\">Campo &amp; Badajoz &#8211; Porvi\u00f1a 2000 SL, Societ\u00e0 per Azioni costituita a Zafra, nel 2000, con atto pubblico.<\/span><\/p>\n<p><span lang=\"IT\" xml:lang=\"IT\">Registrato nel Registro Mercantile di Badajoz nel volume 218, foglio 36, pagina BA-11268, iscrizione 1.<\/span><\/p>\n<p><strong><span lang=\"IT\" xml:lang=\"IT\">Dati relativi all&#8217;autorizzazione amministrativa preventiva per l&#8217;esercizio dell&#8217;attivit\u00e0:<\/span><\/strong><\/p>\n<p>Registrazione sanitaria 1023618\/BA<\/p>\n<p><span lang=\"NL\" xml:lang=\"NL\">Questo sito web \u00e8 stato creato dalla societ\u00e0 Campo &amp; Badajoz a scopo informativo e per l&#8217;uso personale degli utenti, con l&#8217;obiettivo di regolare l&#8217;accesso e l&#8217;uso di questo sito web, nonch\u00e9 il rapporto tra il sito web e i suoi utenti. <\/span><span lang=\"IT\" xml:lang=\"IT\">Accedendo a questo sito web si accettano i seguenti termini e condizioni: L&#8217;accesso a questo sito web \u00e8 di esclusiva responsabilit\u00e0 degli utenti.<\/span><\/p>\n<p><span lang=\"IT\" xml:lang=\"IT\">Il semplice accesso a questo sito web non implica alcun tipo di rapporto commerciale tra Campo &amp; Badajoz e l&#8217;utente.<\/span><\/p>\n<p><span lang=\"IT\" xml:lang=\"IT\">L&#8217;accesso e la navigazione in questo sito web implicano l&#8217;accettazione e la conoscenza delle avvertenze legali, delle condizioni e dei termini di utilizzo in esso contenuti.<\/span><\/p>\n<p><span lang=\"IT\" xml:lang=\"IT\">Il proprietario del sito web pu\u00f2 offrire servizi o prodotti che possono essere soggetti a condizioni particolari che, a seconda dei casi, possono sostituire, completare e\/o modificare le presenti condizioni e di cui l&#8217;utente sar\u00e0 informato in ogni caso specifico.<\/span><\/p>\n","protected":false},"excerpt":{"rendered":"<p>In conformit\u00e0 con l&#8217;articolo 10 della Legge 34\/2002, dell&#8217;11 luglio, sui servizi della societ\u00e0 dell&#8217;informazione e del commercio elettronico (LSSICE), i dati identificativi della societ\u00e0 sono riportati di seguito. Nome commerciale: Campo Badajoz Nome della societ\u00e0: Porvi\u00f1a 2000 SL Numero di identificazione fiscale: B06334205 Sede legale: Avenida De La Estaci\u00f3n 4 06300 Zafra E-mail: jm@campobadajoz.com [&hellip;]<\/p>\n","protected":false},"author":1,"featured_media":2163,"parent":0,"menu_order":0,"comment_status":"closed","ping_status":"closed","template":"","meta":{"_acf_changed":false,"footnotes":""},"class_list":["post-2744","page","type-page","status-publish","has-post-thumbnail","hentry"],"acf":[],"yoast_head":"<!-- This site is optimized with the Yoast SEO plugin v27.4 - https:\/\/yoast.com\/product\/yoast-seo-wordpress\/ -->\n<title>Avviso legale - Campo Badajoz<\/title>\n<meta name=\"robots\" content=\"index, follow, max-snippet:-1, max-image-preview:large, max-video-preview:-1\" \/>\n<link rel=\"canonical\" href=\"https:\/\/campobadajoz.es\/it\/avviso-legale\/\" \/>\n<meta property=\"og:locale\" content=\"it_IT\" \/>\n<meta property=\"og:type\" content=\"article\" \/>\n<meta property=\"og:title\" content=\"Avviso legale - Campo Badajoz\" \/>\n<meta property=\"og:description\" content=\"In conformit\u00e0 con l&#8217;articolo 10 della Legge 34\/2002, dell&#8217;11 luglio, sui servizi della societ\u00e0 dell&#8217;informazione e del commercio elettronico (LSSICE), i dati identificativi della societ\u00e0 sono riportati di seguito. Nome commerciale: Campo Badajoz Nome della societ\u00e0: Porvi\u00f1a 2000 SL Numero di identificazione fiscale: B06334205 Sede legale: Avenida De La Estaci\u00f3n 4 06300 Zafra E-mail: jm@campobadajoz.com [&hellip;]\" \/>\n<meta property=\"og:url\" content=\"https:\/\/campobadajoz.es\/it\/avviso-legale\/\" \/>\n<meta property=\"og:site_name\" content=\"Campo Badajoz\" \/>\n<meta property=\"article:publisher\" content=\"https:\/\/www.facebook.com\/campobadajoz.ibericodecampo\/\" \/>\n<meta property=\"article:modified_time\" content=\"2023-08-28T11:42:04+00:00\" \/>\n<meta property=\"og:image\" content=\"https:\/\/campobadajoz.es\/wp-content\/uploads\/2023\/06\/AdobeStock_130650104-1-scaled.webp\" \/>\n\t<meta property=\"og:image:width\" content=\"2560\" \/>\n\t<meta property=\"og:image:height\" content=\"1707\" \/>\n\t<meta property=\"og:image:type\" content=\"image\/webp\" \/>\n<meta name=\"twitter:card\" content=\"summary_large_image\" \/>\n<meta name=\"twitter:site\" content=\"@jamonibericos\" \/>\n<meta name=\"twitter:label1\" content=\"Est. reading time\" \/>\n\t<meta name=\"twitter:data1\" content=\"1 minuto\" \/>\n<script type=\"application\/ld+json\" class=\"yoast-schema-graph\">{\"@context\":\"https:\\\/\\\/schema.org\",\"@graph\":[{\"@type\":\"WebPage\",\"@id\":\"https:\\\/\\\/campobadajoz.es\\\/it\\\/avviso-legale\\\/\",\"url\":\"https:\\\/\\\/campobadajoz.es\\\/it\\\/avviso-legale\\\/\",\"name\":\"Avviso legale - Campo Badajoz\",\"isPartOf\":{\"@id\":\"https:\\\/\\\/campobadajoz.es\\\/it\\\/#website\"},\"primaryImageOfPage\":{\"@id\":\"https:\\\/\\\/campobadajoz.es\\\/it\\\/avviso-legale\\\/#primaryimage\"},\"image\":{\"@id\":\"https:\\\/\\\/campobadajoz.es\\\/it\\\/avviso-legale\\\/#primaryimage\"},\"thumbnailUrl\":\"https:\\\/\\\/campobadajoz.es\\\/wp-content\\\/uploads\\\/2023\\\/06\\\/AdobeStock_130650104-1-scaled.webp\",\"datePublished\":\"2023-05-19T12:44:30+00:00\",\"dateModified\":\"2023-08-28T11:42:04+00:00\",\"breadcrumb\":{\"@id\":\"https:\\\/\\\/campobadajoz.es\\\/it\\\/avviso-legale\\\/#breadcrumb\"},\"inLanguage\":\"it-IT\",\"potentialAction\":[{\"@type\":\"ReadAction\",\"target\":[\"https:\\\/\\\/campobadajoz.es\\\/it\\\/avviso-legale\\\/\"]}]},{\"@type\":\"ImageObject\",\"inLanguage\":\"it-IT\",\"@id\":\"https:\\\/\\\/campobadajoz.es\\\/it\\\/avviso-legale\\\/#primaryimage\",\"url\":\"https:\\\/\\\/campobadajoz.es\\\/wp-content\\\/uploads\\\/2023\\\/06\\\/AdobeStock_130650104-1-scaled.webp\",\"contentUrl\":\"https:\\\/\\\/campobadajoz.es\\\/wp-content\\\/uploads\\\/2023\\\/06\\\/AdobeStock_130650104-1-scaled.webp\",\"width\":2560,\"height\":1707,\"caption\":\"Dehesa Extreme\u00f1a Cerdos\"},{\"@type\":\"BreadcrumbList\",\"@id\":\"https:\\\/\\\/campobadajoz.es\\\/it\\\/avviso-legale\\\/#breadcrumb\",\"itemListElement\":[{\"@type\":\"ListItem\",\"position\":1,\"name\":\"Portada\",\"item\":\"https:\\\/\\\/campobadajoz.es\\\/it\\\/\"},{\"@type\":\"ListItem\",\"position\":2,\"name\":\"Avviso legale\"}]},{\"@type\":\"WebSite\",\"@id\":\"https:\\\/\\\/campobadajoz.es\\\/it\\\/#website\",\"url\":\"https:\\\/\\\/campobadajoz.es\\\/it\\\/\",\"name\":\"Campo Badajoz\",\"description\":\"Productos ib\u00e9ricos de calidad\",\"publisher\":{\"@id\":\"https:\\\/\\\/campobadajoz.es\\\/it\\\/#organization\"},\"potentialAction\":[{\"@type\":\"SearchAction\",\"target\":{\"@type\":\"EntryPoint\",\"urlTemplate\":\"https:\\\/\\\/campobadajoz.es\\\/it\\\/?s={search_term_string}\"},\"query-input\":{\"@type\":\"PropertyValueSpecification\",\"valueRequired\":true,\"valueName\":\"search_term_string\"}}],\"inLanguage\":\"it-IT\"},{\"@type\":\"Organization\",\"@id\":\"https:\\\/\\\/campobadajoz.es\\\/it\\\/#organization\",\"name\":\"Campo Badajoz\",\"url\":\"https:\\\/\\\/campobadajoz.es\\\/it\\\/\",\"logo\":{\"@type\":\"ImageObject\",\"inLanguage\":\"it-IT\",\"@id\":\"https:\\\/\\\/campobadajoz.es\\\/it\\\/#\\\/schema\\\/logo\\\/image\\\/\",\"url\":\"https:\\\/\\\/campobadajoz.es\\\/wp-content\\\/uploads\\\/2023\\\/05\\\/logo_blanco_png-1.webp\",\"contentUrl\":\"https:\\\/\\\/campobadajoz.es\\\/wp-content\\\/uploads\\\/2023\\\/05\\\/logo_blanco_png-1.webp\",\"width\":800,\"height\":800,\"caption\":\"Campo Badajoz\"},\"image\":{\"@id\":\"https:\\\/\\\/campobadajoz.es\\\/it\\\/#\\\/schema\\\/logo\\\/image\\\/\"},\"sameAs\":[\"https:\\\/\\\/www.facebook.com\\\/campobadajoz.ibericodecampo\\\/\",\"https:\\\/\\\/x.com\\\/jamonibericos\",\"https:\\\/\\\/www.linkedin.com\\\/company\\\/campo-&-badajoz\\\/about\\\/\",\"https:\\\/\\\/www.instagram.com\\\/campobadajoz\\\/\"]}]}<\/script>\n<!-- \/ Yoast SEO plugin. -->","yoast_head_json":{"title":"Avviso legale - Campo Badajoz","robots":{"index":"index","follow":"follow","max-snippet":"max-snippet:-1","max-image-preview":"max-image-preview:large","max-video-preview":"max-video-preview:-1"},"canonical":"https:\/\/campobadajoz.es\/it\/avviso-legale\/","og_locale":"it_IT","og_type":"article","og_title":"Avviso legale - Campo Badajoz","og_description":"In conformit\u00e0 con l&#8217;articolo 10 della Legge 34\/2002, dell&#8217;11 luglio, sui servizi della societ\u00e0 dell&#8217;informazione e del commercio elettronico (LSSICE), i dati identificativi della societ\u00e0 sono riportati di seguito. Nome commerciale: Campo Badajoz Nome della societ\u00e0: Porvi\u00f1a 2000 SL Numero di identificazione fiscale: B06334205 Sede legale: Avenida De La Estaci\u00f3n 4 06300 Zafra E-mail: jm@campobadajoz.com [&hellip;]","og_url":"https:\/\/campobadajoz.es\/it\/avviso-legale\/","og_site_name":"Campo Badajoz","article_publisher":"https:\/\/www.facebook.com\/campobadajoz.ibericodecampo\/","article_modified_time":"2023-08-28T11:42:04+00:00","og_image":[{"width":2560,"height":1707,"url":"https:\/\/campobadajoz.es\/wp-content\/uploads\/2023\/06\/AdobeStock_130650104-1-scaled.webp","type":"image\/webp"}],"twitter_card":"summary_large_image","twitter_site":"@jamonibericos","twitter_misc":{"Est. reading time":"1 minuto"},"schema":{"@context":"https:\/\/schema.org","@graph":[{"@type":"WebPage","@id":"https:\/\/campobadajoz.es\/it\/avviso-legale\/","url":"https:\/\/campobadajoz.es\/it\/avviso-legale\/","name":"Avviso legale - Campo Badajoz","isPartOf":{"@id":"https:\/\/campobadajoz.es\/it\/#website"},"primaryImageOfPage":{"@id":"https:\/\/campobadajoz.es\/it\/avviso-legale\/#primaryimage"},"image":{"@id":"https:\/\/campobadajoz.es\/it\/avviso-legale\/#primaryimage"},"thumbnailUrl":"https:\/\/campobadajoz.es\/wp-content\/uploads\/2023\/06\/AdobeStock_130650104-1-scaled.webp","datePublished":"2023-05-19T12:44:30+00:00","dateModified":"2023-08-28T11:42:04+00:00","breadcrumb":{"@id":"https:\/\/campobadajoz.es\/it\/avviso-legale\/#breadcrumb"},"inLanguage":"it-IT","potentialAction":[{"@type":"ReadAction","target":["https:\/\/campobadajoz.es\/it\/avviso-legale\/"]}]},{"@type":"ImageObject","inLanguage":"it-IT","@id":"https:\/\/campobadajoz.es\/it\/avviso-legale\/#primaryimage","url":"https:\/\/campobadajoz.es\/wp-content\/uploads\/2023\/06\/AdobeStock_130650104-1-scaled.webp","contentUrl":"https:\/\/campobadajoz.es\/wp-content\/uploads\/2023\/06\/AdobeStock_130650104-1-scaled.webp","width":2560,"height":1707,"caption":"Dehesa Extreme\u00f1a Cerdos"},{"@type":"BreadcrumbList","@id":"https:\/\/campobadajoz.es\/it\/avviso-legale\/#breadcrumb","itemListElement":[{"@type":"ListItem","position":1,"name":"Portada","item":"https:\/\/campobadajoz.es\/it\/"},{"@type":"ListItem","position":2,"name":"Avviso legale"}]},{"@type":"WebSite","@id":"https:\/\/campobadajoz.es\/it\/#website","url":"https:\/\/campobadajoz.es\/it\/","name":"Campo Badajoz","description":"Productos ib\u00e9ricos de calidad","publisher":{"@id":"https:\/\/campobadajoz.es\/it\/#organization"},"potentialAction":[{"@type":"SearchAction","target":{"@type":"EntryPoint","urlTemplate":"https:\/\/campobadajoz.es\/it\/?s={search_term_string}"},"query-input":{"@type":"PropertyValueSpecification","valueRequired":true,"valueName":"search_term_string"}}],"inLanguage":"it-IT"},{"@type":"Organization","@id":"https:\/\/campobadajoz.es\/it\/#organization","name":"Campo Badajoz","url":"https:\/\/campobadajoz.es\/it\/","logo":{"@type":"ImageObject","inLanguage":"it-IT","@id":"https:\/\/campobadajoz.es\/it\/#\/schema\/logo\/image\/","url":"https:\/\/campobadajoz.es\/wp-content\/uploads\/2023\/05\/logo_blanco_png-1.webp","contentUrl":"https:\/\/campobadajoz.es\/wp-content\/uploads\/2023\/05\/logo_blanco_png-1.webp","width":800,"height":800,"caption":"Campo Badajoz"},"image":{"@id":"https:\/\/campobadajoz.es\/it\/#\/schema\/logo\/image\/"},"sameAs":["https:\/\/www.facebook.com\/campobadajoz.ibericodecampo\/","https:\/\/x.com\/jamonibericos","https:\/\/www.linkedin.com\/company\/campo-&-badajoz\/about\/","https:\/\/www.instagram.com\/campobadajoz\/"]}]}},"_links":{"self":[{"href":"https:\/\/campobadajoz.es\/it\/wp-json\/wp\/v2\/pages\/2744","targetHints":{"allow":["GET"]}}],"collection":[{"href":"https:\/\/campobadajoz.es\/it\/wp-json\/wp\/v2\/pages"}],"about":[{"href":"https:\/\/campobadajoz.es\/it\/wp-json\/wp\/v2\/types\/page"}],"author":[{"embeddable":true,"href":"https:\/\/campobadajoz.es\/it\/wp-json\/wp\/v2\/users\/1"}],"replies":[{"embeddable":true,"href":"https:\/\/campobadajoz.es\/it\/wp-json\/wp\/v2\/comments?post=2744"}],"version-history":[{"count":0,"href":"https:\/\/campobadajoz.es\/it\/wp-json\/wp\/v2\/pages\/2744\/revisions"}],"wp:featuredmedia":[{"embeddable":true,"href":"https:\/\/campobadajoz.es\/it\/wp-json\/wp\/v2\/media\/2163"}],"wp:attachment":[{"href":"https:\/\/campobadajoz.es\/it\/wp-json\/wp\/v2\/media?parent=2744"}],"curies":[{"name":"wp","href":"https:\/\/api.w.org\/{rel}","templated":true}]}}