{"id":3796,"date":"2023-08-30T05:51:57","date_gmt":"2023-08-30T05:51:57","guid":{"rendered":"https:\/\/campobadajoz.es\/producto\/jamon-bellota-100-iberico-d-o\/"},"modified":"2023-10-07T10:02:41","modified_gmt":"2023-10-07T10:02:41","slug":"jamon-bellota-100-iberico-d-o","status":"publish","type":"product","link":"https:\/\/campobadajoz.es\/it\/producto\/jamon-bellota-100-iberico-d-o\/","title":{"rendered":"JAM\u00d3N BELLOTA 100% IB\u00c9RICO D.O."},"content":{"rendered":"<p>Ogni pezzo di prosciutto viene selezionato con cura, per garantire il rispetto dei pi\u00f9 alti standard di qualit\u00e0 e purezza. L&#8217;osso del prosciutto conferisce al prodotto un carattere distintivo, garantendo una maggiore intensit\u00e0 di sapore e una consistenza succulenta.<\/p>\n<p>I nostri maestri prosciuttifici seguono con dedizione e maestria il processo di stagionatura tradizionale, permettendo al prosciutto di maturare lentamente in condizioni ottimali. Questo processo, che pu\u00f2 durare diversi anni, sviluppa una complessit\u00e0 di sapori e aromi che rendono il prosciutto iberico con osso una vera prelibatezza.<\/p>\n<p>Ogni fetta di prosciutto offre un&#8217;esperienza sensoriale unica, con il suo gusto dolce e salato, la sua consistenza delicata e il suo aroma inebriante. Il prosciutto iberico con osso \u00e8 una vera delizia per gli amanti della buona cucina e un must per ogni tavola di festa o evento speciale.<\/p>\n<p>Gustate il nostro prosciutto iberico con osso in fette sottili, apprezzando il suo sapore squisito e la sua fusione di note intense ed equilibrate. Accompagnate il tutto con pane appena sfornato, olio extravergine d&#8217;oliva e qualche buon amico, e immergetevi nella tradizione e nella squisitezza dell&#8217;autentica gastronomia spagnola.<\/p>\n<p>Concedetevi il lusso di assaggiare e condividere l&#8217;eccellenza del nostro prosciutto iberico con osso e scoprite perch\u00e9 \u00e8 considerato una delle prelibatezze pi\u00f9 apprezzate al mondo. Un&#8217;esperienza culinaria unica che vi trasporter\u00e0 nei campi dei pascoli e vi far\u00e0 assaporare la vera essenza del prosciutto iberico.<\/p>\n","protected":false},"excerpt":{"rendered":"<h3 style=\"text-align: justify\"><span style=\"font-size: 12pt\"><em><span style=\"font-family: 'times new roman', times, serif\">Nuestro <strong>Jam\u00f3n de Bellota 100%<\/strong> Ib\u00e9rico D.O. Extremadura cuenta con todas las garant\u00edas de la reconocida <strong>Denominaci\u00f3n de Origen Jam\u00f3n de Extremadura<\/strong>. Una gran elecci\u00f3n para los paladares que buscan un sabor \u00fanico, proveniente de las mejores dehesas de nuestra regi\u00f3n.<\/span><\/em><\/span><\/h3>\n","protected":false},"featured_media":6370,"comment_status":"open","ping_status":"closed","template":"","meta":{"_acf_changed":false},"product_brand":[],"product_cat":[419],"product_tag":[],"class_list":{"0":"post-3796","1":"product","2":"type-product","3":"status-publish","4":"has-post-thumbnail","6":"product_cat-prosciutto-e-spalla-con-osso","7":"pa_peso-700-750-kg-it","8":"pa_peso-800-850-kg-it","9":"pa_peso-850-900-kg-it","10":"pa_peso-900-950-kg-it","12":"first","13":"instock","14":"taxable","15":"shipping-taxable","16":"product-type-variable","17":"has-default-attributes"},"acf":[],"yoast_head":"<!-- This site is optimized with the Yoast SEO plugin v27.4 - https:\/\/yoast.com\/product\/yoast-seo-wordpress\/ -->\n<title>JAM\u00d3N BELLOTA 100% IB\u00c9RICO D.O. - Campo Badajoz<\/title>\n<meta name=\"robots\" content=\"index, follow, max-snippet:-1, max-image-preview:large, max-video-preview:-1\" \/>\n<link rel=\"canonical\" href=\"https:\/\/campobadajoz.es\/it\/producto\/jamon-bellota-100-iberico-d-o\/\" \/>\n<meta property=\"og:locale\" content=\"it_IT\" \/>\n<meta property=\"og:type\" content=\"article\" \/>\n<meta property=\"og:title\" content=\"JAM\u00d3N BELLOTA 100% IB\u00c9RICO D.O. - Campo Badajoz\" \/>\n<meta property=\"og:description\" content=\"Nuestro Jam\u00f3n de Bellota 100% Ib\u00e9rico D.O. Extremadura cuenta con todas las garant\u00edas de la reconocida Denominaci\u00f3n de Origen Jam\u00f3n de Extremadura. Una gran elecci\u00f3n para los paladares que buscan un sabor \u00fanico, proveniente de las mejores dehesas de nuestra regi\u00f3n.\" \/>\n<meta property=\"og:url\" content=\"https:\/\/campobadajoz.es\/it\/producto\/jamon-bellota-100-iberico-d-o\/\" \/>\n<meta property=\"og:site_name\" content=\"Campo Badajoz\" \/>\n<meta property=\"article:publisher\" content=\"https:\/\/www.facebook.com\/campobadajoz.ibericodecampo\/\" \/>\n<meta property=\"article:modified_time\" content=\"2023-10-07T10:02:41+00:00\" \/>\n<meta property=\"og:image\" content=\"https:\/\/campobadajoz.es\/wp-content\/uploads\/2023\/08\/RLF3532-Editar.jpg\" \/>\n\t<meta property=\"og:image:width\" content=\"1575\" \/>\n\t<meta property=\"og:image:height\" content=\"2362\" \/>\n\t<meta property=\"og:image:type\" content=\"image\/jpeg\" \/>\n<meta name=\"twitter:card\" content=\"summary_large_image\" \/>\n<meta name=\"twitter:site\" content=\"@jamonibericos\" \/>\n<meta name=\"twitter:label1\" content=\"Est. reading time\" \/>\n\t<meta name=\"twitter:data1\" content=\"1 minuto\" \/>\n<script type=\"application\/ld+json\" class=\"yoast-schema-graph\">{\"@context\":\"https:\\\/\\\/schema.org\",\"@graph\":[{\"@type\":\"WebPage\",\"@id\":\"https:\\\/\\\/campobadajoz.es\\\/it\\\/producto\\\/jamon-bellota-100-iberico-d-o\\\/\",\"url\":\"https:\\\/\\\/campobadajoz.es\\\/it\\\/producto\\\/jamon-bellota-100-iberico-d-o\\\/\",\"name\":\"JAM\u00d3N BELLOTA 100% IB\u00c9RICO D.O. - Campo Badajoz\",\"isPartOf\":{\"@id\":\"https:\\\/\\\/campobadajoz.es\\\/it\\\/#website\"},\"primaryImageOfPage\":{\"@id\":\"https:\\\/\\\/campobadajoz.es\\\/it\\\/producto\\\/jamon-bellota-100-iberico-d-o\\\/#primaryimage\"},\"image\":{\"@id\":\"https:\\\/\\\/campobadajoz.es\\\/it\\\/producto\\\/jamon-bellota-100-iberico-d-o\\\/#primaryimage\"},\"thumbnailUrl\":\"https:\\\/\\\/campobadajoz.es\\\/wp-content\\\/uploads\\\/2023\\\/08\\\/RLF3532-Editar.jpg\",\"datePublished\":\"2023-08-30T05:51:57+00:00\",\"dateModified\":\"2023-10-07T10:02:41+00:00\",\"breadcrumb\":{\"@id\":\"https:\\\/\\\/campobadajoz.es\\\/it\\\/producto\\\/jamon-bellota-100-iberico-d-o\\\/#breadcrumb\"},\"inLanguage\":\"it-IT\",\"potentialAction\":[{\"@type\":\"ReadAction\",\"target\":[\"https:\\\/\\\/campobadajoz.es\\\/it\\\/producto\\\/jamon-bellota-100-iberico-d-o\\\/\"]}]},{\"@type\":\"ImageObject\",\"inLanguage\":\"it-IT\",\"@id\":\"https:\\\/\\\/campobadajoz.es\\\/it\\\/producto\\\/jamon-bellota-100-iberico-d-o\\\/#primaryimage\",\"url\":\"https:\\\/\\\/campobadajoz.es\\\/wp-content\\\/uploads\\\/2023\\\/08\\\/RLF3532-Editar.jpg\",\"contentUrl\":\"https:\\\/\\\/campobadajoz.es\\\/wp-content\\\/uploads\\\/2023\\\/08\\\/RLF3532-Editar.jpg\",\"width\":1575,\"height\":2362,\"caption\":\"Jamon Iberico 100%\"},{\"@type\":\"BreadcrumbList\",\"@id\":\"https:\\\/\\\/campobadajoz.es\\\/it\\\/producto\\\/jamon-bellota-100-iberico-d-o\\\/#breadcrumb\",\"itemListElement\":[{\"@type\":\"ListItem\",\"position\":1,\"name\":\"Portada\",\"item\":\"https:\\\/\\\/campobadajoz.es\\\/it\\\/\"},{\"@type\":\"ListItem\",\"position\":2,\"name\":\"Prodotti\",\"item\":\"https:\\\/\\\/campobadajoz.es\\\/it\\\/shop\\\/\"},{\"@type\":\"ListItem\",\"position\":3,\"name\":\"JAM\u00d3N BELLOTA 100% IB\u00c9RICO D.O.\"}]},{\"@type\":\"WebSite\",\"@id\":\"https:\\\/\\\/campobadajoz.es\\\/it\\\/#website\",\"url\":\"https:\\\/\\\/campobadajoz.es\\\/it\\\/\",\"name\":\"Campo Badajoz\",\"description\":\"Productos ib\u00e9ricos de calidad\",\"publisher\":{\"@id\":\"https:\\\/\\\/campobadajoz.es\\\/it\\\/#organization\"},\"potentialAction\":[{\"@type\":\"SearchAction\",\"target\":{\"@type\":\"EntryPoint\",\"urlTemplate\":\"https:\\\/\\\/campobadajoz.es\\\/it\\\/?s={search_term_string}\"},\"query-input\":{\"@type\":\"PropertyValueSpecification\",\"valueRequired\":true,\"valueName\":\"search_term_string\"}}],\"inLanguage\":\"it-IT\"},{\"@type\":\"Organization\",\"@id\":\"https:\\\/\\\/campobadajoz.es\\\/it\\\/#organization\",\"name\":\"Campo Badajoz\",\"url\":\"https:\\\/\\\/campobadajoz.es\\\/it\\\/\",\"logo\":{\"@type\":\"ImageObject\",\"inLanguage\":\"it-IT\",\"@id\":\"https:\\\/\\\/campobadajoz.es\\\/it\\\/#\\\/schema\\\/logo\\\/image\\\/\",\"url\":\"https:\\\/\\\/campobadajoz.es\\\/wp-content\\\/uploads\\\/2023\\\/05\\\/logo_blanco_png-1.webp\",\"contentUrl\":\"https:\\\/\\\/campobadajoz.es\\\/wp-content\\\/uploads\\\/2023\\\/05\\\/logo_blanco_png-1.webp\",\"width\":800,\"height\":800,\"caption\":\"Campo Badajoz\"},\"image\":{\"@id\":\"https:\\\/\\\/campobadajoz.es\\\/it\\\/#\\\/schema\\\/logo\\\/image\\\/\"},\"sameAs\":[\"https:\\\/\\\/www.facebook.com\\\/campobadajoz.ibericodecampo\\\/\",\"https:\\\/\\\/x.com\\\/jamonibericos\",\"https:\\\/\\\/www.linkedin.com\\\/company\\\/campo-&-badajoz\\\/about\\\/\",\"https:\\\/\\\/www.instagram.com\\\/campobadajoz\\\/\"]}]}<\/script>\n<!-- \/ Yoast SEO plugin. -->","yoast_head_json":{"title":"JAM\u00d3N BELLOTA 100% IB\u00c9RICO D.O. - Campo Badajoz","robots":{"index":"index","follow":"follow","max-snippet":"max-snippet:-1","max-image-preview":"max-image-preview:large","max-video-preview":"max-video-preview:-1"},"canonical":"https:\/\/campobadajoz.es\/it\/producto\/jamon-bellota-100-iberico-d-o\/","og_locale":"it_IT","og_type":"article","og_title":"JAM\u00d3N BELLOTA 100% IB\u00c9RICO D.O. - Campo Badajoz","og_description":"Nuestro Jam\u00f3n de Bellota 100% Ib\u00e9rico D.O. Extremadura cuenta con todas las garant\u00edas de la reconocida Denominaci\u00f3n de Origen Jam\u00f3n de Extremadura. Una gran elecci\u00f3n para los paladares que buscan un sabor \u00fanico, proveniente de las mejores dehesas de nuestra regi\u00f3n.","og_url":"https:\/\/campobadajoz.es\/it\/producto\/jamon-bellota-100-iberico-d-o\/","og_site_name":"Campo Badajoz","article_publisher":"https:\/\/www.facebook.com\/campobadajoz.ibericodecampo\/","article_modified_time":"2023-10-07T10:02:41+00:00","og_image":[{"width":1575,"height":2362,"url":"https:\/\/campobadajoz.es\/wp-content\/uploads\/2023\/08\/RLF3532-Editar.jpg","type":"image\/jpeg"}],"twitter_card":"summary_large_image","twitter_site":"@jamonibericos","twitter_misc":{"Est. reading time":"1 minuto"},"schema":{"@context":"https:\/\/schema.org","@graph":[{"@type":"WebPage","@id":"https:\/\/campobadajoz.es\/it\/producto\/jamon-bellota-100-iberico-d-o\/","url":"https:\/\/campobadajoz.es\/it\/producto\/jamon-bellota-100-iberico-d-o\/","name":"JAM\u00d3N BELLOTA 100% IB\u00c9RICO D.O. - Campo Badajoz","isPartOf":{"@id":"https:\/\/campobadajoz.es\/it\/#website"},"primaryImageOfPage":{"@id":"https:\/\/campobadajoz.es\/it\/producto\/jamon-bellota-100-iberico-d-o\/#primaryimage"},"image":{"@id":"https:\/\/campobadajoz.es\/it\/producto\/jamon-bellota-100-iberico-d-o\/#primaryimage"},"thumbnailUrl":"https:\/\/campobadajoz.es\/wp-content\/uploads\/2023\/08\/RLF3532-Editar.jpg","datePublished":"2023-08-30T05:51:57+00:00","dateModified":"2023-10-07T10:02:41+00:00","breadcrumb":{"@id":"https:\/\/campobadajoz.es\/it\/producto\/jamon-bellota-100-iberico-d-o\/#breadcrumb"},"inLanguage":"it-IT","potentialAction":[{"@type":"ReadAction","target":["https:\/\/campobadajoz.es\/it\/producto\/jamon-bellota-100-iberico-d-o\/"]}]},{"@type":"ImageObject","inLanguage":"it-IT","@id":"https:\/\/campobadajoz.es\/it\/producto\/jamon-bellota-100-iberico-d-o\/#primaryimage","url":"https:\/\/campobadajoz.es\/wp-content\/uploads\/2023\/08\/RLF3532-Editar.jpg","contentUrl":"https:\/\/campobadajoz.es\/wp-content\/uploads\/2023\/08\/RLF3532-Editar.jpg","width":1575,"height":2362,"caption":"Jamon Iberico 100%"},{"@type":"BreadcrumbList","@id":"https:\/\/campobadajoz.es\/it\/producto\/jamon-bellota-100-iberico-d-o\/#breadcrumb","itemListElement":[{"@type":"ListItem","position":1,"name":"Portada","item":"https:\/\/campobadajoz.es\/it\/"},{"@type":"ListItem","position":2,"name":"Prodotti","item":"https:\/\/campobadajoz.es\/it\/shop\/"},{"@type":"ListItem","position":3,"name":"JAM\u00d3N BELLOTA 100% IB\u00c9RICO D.O."}]},{"@type":"WebSite","@id":"https:\/\/campobadajoz.es\/it\/#website","url":"https:\/\/campobadajoz.es\/it\/","name":"Campo Badajoz","description":"Productos ib\u00e9ricos de calidad","publisher":{"@id":"https:\/\/campobadajoz.es\/it\/#organization"},"potentialAction":[{"@type":"SearchAction","target":{"@type":"EntryPoint","urlTemplate":"https:\/\/campobadajoz.es\/it\/?s={search_term_string}"},"query-input":{"@type":"PropertyValueSpecification","valueRequired":true,"valueName":"search_term_string"}}],"inLanguage":"it-IT"},{"@type":"Organization","@id":"https:\/\/campobadajoz.es\/it\/#organization","name":"Campo Badajoz","url":"https:\/\/campobadajoz.es\/it\/","logo":{"@type":"ImageObject","inLanguage":"it-IT","@id":"https:\/\/campobadajoz.es\/it\/#\/schema\/logo\/image\/","url":"https:\/\/campobadajoz.es\/wp-content\/uploads\/2023\/05\/logo_blanco_png-1.webp","contentUrl":"https:\/\/campobadajoz.es\/wp-content\/uploads\/2023\/05\/logo_blanco_png-1.webp","width":800,"height":800,"caption":"Campo Badajoz"},"image":{"@id":"https:\/\/campobadajoz.es\/it\/#\/schema\/logo\/image\/"},"sameAs":["https:\/\/www.facebook.com\/campobadajoz.ibericodecampo\/","https:\/\/x.com\/jamonibericos","https:\/\/www.linkedin.com\/company\/campo-&-badajoz\/about\/","https:\/\/www.instagram.com\/campobadajoz\/"]}]}},"_links":{"self":[{"href":"https:\/\/campobadajoz.es\/it\/wp-json\/wp\/v2\/product\/3796","targetHints":{"allow":["GET"]}}],"collection":[{"href":"https:\/\/campobadajoz.es\/it\/wp-json\/wp\/v2\/product"}],"about":[{"href":"https:\/\/campobadajoz.es\/it\/wp-json\/wp\/v2\/types\/product"}],"replies":[{"embeddable":true,"href":"https:\/\/campobadajoz.es\/it\/wp-json\/wp\/v2\/comments?post=3796"}],"version-history":[{"count":1,"href":"https:\/\/campobadajoz.es\/it\/wp-json\/wp\/v2\/product\/3796\/revisions"}],"predecessor-version":[{"id":6691,"href":"https:\/\/campobadajoz.es\/it\/wp-json\/wp\/v2\/product\/3796\/revisions\/6691"}],"wp:featuredmedia":[{"embeddable":true,"href":"https:\/\/campobadajoz.es\/it\/wp-json\/wp\/v2\/media\/6370"}],"wp:attachment":[{"href":"https:\/\/campobadajoz.es\/it\/wp-json\/wp\/v2\/media?parent=3796"}],"wp:term":[{"taxonomy":"product_brand","embeddable":true,"href":"https:\/\/campobadajoz.es\/it\/wp-json\/wp\/v2\/product_brand?post=3796"},{"taxonomy":"product_cat","embeddable":true,"href":"https:\/\/campobadajoz.es\/it\/wp-json\/wp\/v2\/product_cat?post=3796"},{"taxonomy":"product_tag","embeddable":true,"href":"https:\/\/campobadajoz.es\/it\/wp-json\/wp\/v2\/product_tag?post=3796"}],"curies":[{"name":"wp","href":"https:\/\/api.w.org\/{rel}","templated":true}]}}