{"id":3897,"date":"2023-08-30T06:40:42","date_gmt":"2023-08-30T06:40:42","guid":{"rendered":"https:\/\/campobadajoz.es\/producto\/paleta-campo-badajoz\/"},"modified":"2023-10-25T11:47:26","modified_gmt":"2023-10-25T11:47:26","slug":"paleta-campo-badajoz","status":"publish","type":"product","link":"https:\/\/campobadajoz.es\/it\/producto\/paleta-campo-badajoz\/","title":{"rendered":"PALETA CAMPO BADAJOZ"},"content":{"rendered":"<p>Ogni spalla viene selezionata con cura, garantendo la massima qualit\u00e0 della nostra carne. La spalla con osso conferisce una maggiore intensit\u00e0 di sapore e una consistenza unica, offrendo un&#8217;esperienza culinaria autentica e tradizionale.<\/p>\n<p>I nostri maestri prosciuttai seguono rigorosamente il processo di stagionatura tradizionale, permettendo alla spalla di maturare lentamente in condizioni ottimali. Questo processo di stagionatura naturale garantisce una consistenza tenera e succosa e una perfetta combinazione di sapori e aromi.<\/p>\n<p>La spalla iberica con osso \u00e8 perfetta per chi vuole apprezzare l&#8217;essenza della cucina iberica. Il suo sapore equilibrato e profondo \u00e8 completato da un&#8217;infiltrazione di grasso che gli conferisce una morbidezza ineguagliabile.<\/p>\n<p>Gustate il nostro prosciutto di spalla iberico con osso in fette sottili, deliziando i vostri sensi con il suo sapore e la sua consistenza. Ideale per accompagnare taglieri di salumi, per creare piatti di tapas gourmet o semplicemente per essere degustata da sola, questa tavolozza delizier\u00e0 i palati pi\u00f9 esigenti.<\/p>\n<p>Immergetevi nella tradizione e nella qualit\u00e0 della nostra spalla iberica con osso e lasciatevi sedurre dalla magia dell&#8217;autentica cucina spagnola. Un vero tesoro culinario che vi trasporter\u00e0 nei sapori e negli aromi unici della dehesa iberica.<\/p>\n","protected":false},"excerpt":{"rendered":"<h3 style=\"text-align: justify\"><span style=\"font-family: 'times new roman', times, serif;font-size: 12pt\"><em>Sin duda una imprescindible de la marca <strong>CAMPO BADAJOZ<\/strong>, tan buena como bellota, compru\u00e9belo. Animales procedente de <strong>nuestras fincas<\/strong>, criados en libertad en r\u00e9gimen extensivo alimentados con piensos naturales, hierbas y ra\u00edces que encuentran en el campo. <\/em><\/span><\/h3>\n","protected":false},"featured_media":8087,"comment_status":"open","ping_status":"closed","template":"","meta":{"_acf_changed":false},"product_brand":[],"product_cat":[419],"product_tag":[],"class_list":{"0":"post-3897","1":"product","2":"type-product","3":"status-publish","4":"has-post-thumbnail","6":"product_cat-prosciutto-e-spalla-con-osso","7":"pa_peso-450-500-kg-it","8":"pa_peso-500-550-kg-it","9":"pa_peso-550-600-kg-it","10":"pa_peso-600-650-kg-it","12":"first","13":"instock","14":"taxable","15":"shipping-taxable","16":"product-type-variable"},"acf":[],"yoast_head":"<!-- This site is optimized with the Yoast SEO plugin v27.4 - https:\/\/yoast.com\/product\/yoast-seo-wordpress\/ -->\n<title>PALETA CAMPO BADAJOZ - Campo Badajoz<\/title>\n<meta name=\"robots\" content=\"index, follow, max-snippet:-1, max-image-preview:large, max-video-preview:-1\" \/>\n<link rel=\"canonical\" href=\"https:\/\/campobadajoz.es\/it\/producto\/paleta-campo-badajoz\/\" \/>\n<meta property=\"og:locale\" content=\"it_IT\" \/>\n<meta property=\"og:type\" content=\"article\" \/>\n<meta property=\"og:title\" content=\"PALETA CAMPO BADAJOZ - Campo Badajoz\" \/>\n<meta property=\"og:description\" content=\"Sin duda una imprescindible de la marca CAMPO BADAJOZ, tan buena como bellota, compru\u00e9belo. Animales procedente de nuestras fincas, criados en libertad en r\u00e9gimen extensivo alimentados con piensos naturales, hierbas y ra\u00edces que encuentran en el campo.\" \/>\n<meta property=\"og:url\" content=\"https:\/\/campobadajoz.es\/it\/producto\/paleta-campo-badajoz\/\" \/>\n<meta property=\"og:site_name\" content=\"Campo Badajoz\" \/>\n<meta property=\"article:publisher\" content=\"https:\/\/www.facebook.com\/campobadajoz.ibericodecampo\/\" \/>\n<meta property=\"article:modified_time\" content=\"2023-10-25T11:47:26+00:00\" \/>\n<meta property=\"og:image\" content=\"https:\/\/campobadajoz.es\/wp-content\/uploads\/2023\/08\/RLF3522-Paleta-Atras-2.jpg\" \/>\n\t<meta property=\"og:image:width\" content=\"1575\" \/>\n\t<meta property=\"og:image:height\" content=\"2362\" \/>\n\t<meta property=\"og:image:type\" content=\"image\/jpeg\" \/>\n<meta name=\"twitter:card\" content=\"summary_large_image\" \/>\n<meta name=\"twitter:site\" content=\"@jamonibericos\" \/>\n<meta name=\"twitter:label1\" content=\"Est. reading time\" \/>\n\t<meta name=\"twitter:data1\" content=\"1 minuto\" \/>\n<script type=\"application\/ld+json\" class=\"yoast-schema-graph\">{\"@context\":\"https:\\\/\\\/schema.org\",\"@graph\":[{\"@type\":\"WebPage\",\"@id\":\"https:\\\/\\\/campobadajoz.es\\\/it\\\/producto\\\/paleta-campo-badajoz\\\/\",\"url\":\"https:\\\/\\\/campobadajoz.es\\\/it\\\/producto\\\/paleta-campo-badajoz\\\/\",\"name\":\"PALETA CAMPO BADAJOZ - Campo Badajoz\",\"isPartOf\":{\"@id\":\"https:\\\/\\\/campobadajoz.es\\\/it\\\/#website\"},\"primaryImageOfPage\":{\"@id\":\"https:\\\/\\\/campobadajoz.es\\\/it\\\/producto\\\/paleta-campo-badajoz\\\/#primaryimage\"},\"image\":{\"@id\":\"https:\\\/\\\/campobadajoz.es\\\/it\\\/producto\\\/paleta-campo-badajoz\\\/#primaryimage\"},\"thumbnailUrl\":\"https:\\\/\\\/campobadajoz.es\\\/wp-content\\\/uploads\\\/2023\\\/08\\\/Paleta.jpg\",\"datePublished\":\"2023-08-30T06:40:42+00:00\",\"dateModified\":\"2023-10-25T11:47:26+00:00\",\"breadcrumb\":{\"@id\":\"https:\\\/\\\/campobadajoz.es\\\/it\\\/producto\\\/paleta-campo-badajoz\\\/#breadcrumb\"},\"inLanguage\":\"it-IT\",\"potentialAction\":[{\"@type\":\"ReadAction\",\"target\":[\"https:\\\/\\\/campobadajoz.es\\\/it\\\/producto\\\/paleta-campo-badajoz\\\/\"]}]},{\"@type\":\"ImageObject\",\"inLanguage\":\"it-IT\",\"@id\":\"https:\\\/\\\/campobadajoz.es\\\/it\\\/producto\\\/paleta-campo-badajoz\\\/#primaryimage\",\"url\":\"https:\\\/\\\/campobadajoz.es\\\/wp-content\\\/uploads\\\/2023\\\/08\\\/Paleta.jpg\",\"contentUrl\":\"https:\\\/\\\/campobadajoz.es\\\/wp-content\\\/uploads\\\/2023\\\/08\\\/Paleta.jpg\",\"width\":916,\"height\":928},{\"@type\":\"BreadcrumbList\",\"@id\":\"https:\\\/\\\/campobadajoz.es\\\/it\\\/producto\\\/paleta-campo-badajoz\\\/#breadcrumb\",\"itemListElement\":[{\"@type\":\"ListItem\",\"position\":1,\"name\":\"Portada\",\"item\":\"https:\\\/\\\/campobadajoz.es\\\/it\\\/\"},{\"@type\":\"ListItem\",\"position\":2,\"name\":\"Prodotti\",\"item\":\"https:\\\/\\\/campobadajoz.es\\\/it\\\/shop\\\/\"},{\"@type\":\"ListItem\",\"position\":3,\"name\":\"PALETA CAMPO BADAJOZ\"}]},{\"@type\":\"WebSite\",\"@id\":\"https:\\\/\\\/campobadajoz.es\\\/it\\\/#website\",\"url\":\"https:\\\/\\\/campobadajoz.es\\\/it\\\/\",\"name\":\"Campo Badajoz\",\"description\":\"Productos ib\u00e9ricos de calidad\",\"publisher\":{\"@id\":\"https:\\\/\\\/campobadajoz.es\\\/it\\\/#organization\"},\"potentialAction\":[{\"@type\":\"SearchAction\",\"target\":{\"@type\":\"EntryPoint\",\"urlTemplate\":\"https:\\\/\\\/campobadajoz.es\\\/it\\\/?s={search_term_string}\"},\"query-input\":{\"@type\":\"PropertyValueSpecification\",\"valueRequired\":true,\"valueName\":\"search_term_string\"}}],\"inLanguage\":\"it-IT\"},{\"@type\":\"Organization\",\"@id\":\"https:\\\/\\\/campobadajoz.es\\\/it\\\/#organization\",\"name\":\"Campo Badajoz\",\"url\":\"https:\\\/\\\/campobadajoz.es\\\/it\\\/\",\"logo\":{\"@type\":\"ImageObject\",\"inLanguage\":\"it-IT\",\"@id\":\"https:\\\/\\\/campobadajoz.es\\\/it\\\/#\\\/schema\\\/logo\\\/image\\\/\",\"url\":\"https:\\\/\\\/campobadajoz.es\\\/wp-content\\\/uploads\\\/2023\\\/05\\\/logo_blanco_png-1.webp\",\"contentUrl\":\"https:\\\/\\\/campobadajoz.es\\\/wp-content\\\/uploads\\\/2023\\\/05\\\/logo_blanco_png-1.webp\",\"width\":800,\"height\":800,\"caption\":\"Campo Badajoz\"},\"image\":{\"@id\":\"https:\\\/\\\/campobadajoz.es\\\/it\\\/#\\\/schema\\\/logo\\\/image\\\/\"},\"sameAs\":[\"https:\\\/\\\/www.facebook.com\\\/campobadajoz.ibericodecampo\\\/\",\"https:\\\/\\\/x.com\\\/jamonibericos\",\"https:\\\/\\\/www.linkedin.com\\\/company\\\/campo-&-badajoz\\\/about\\\/\",\"https:\\\/\\\/www.instagram.com\\\/campobadajoz\\\/\"]}]}<\/script>\n<!-- \/ Yoast SEO plugin. -->","yoast_head_json":{"title":"PALETA CAMPO BADAJOZ - Campo Badajoz","robots":{"index":"index","follow":"follow","max-snippet":"max-snippet:-1","max-image-preview":"max-image-preview:large","max-video-preview":"max-video-preview:-1"},"canonical":"https:\/\/campobadajoz.es\/it\/producto\/paleta-campo-badajoz\/","og_locale":"it_IT","og_type":"article","og_title":"PALETA CAMPO BADAJOZ - Campo Badajoz","og_description":"Sin duda una imprescindible de la marca CAMPO BADAJOZ, tan buena como bellota, compru\u00e9belo. Animales procedente de nuestras fincas, criados en libertad en r\u00e9gimen extensivo alimentados con piensos naturales, hierbas y ra\u00edces que encuentran en el campo.","og_url":"https:\/\/campobadajoz.es\/it\/producto\/paleta-campo-badajoz\/","og_site_name":"Campo Badajoz","article_publisher":"https:\/\/www.facebook.com\/campobadajoz.ibericodecampo\/","article_modified_time":"2023-10-25T11:47:26+00:00","og_image":[{"width":1575,"height":2362,"url":"https:\/\/campobadajoz.es\/wp-content\/uploads\/2023\/08\/RLF3522-Paleta-Atras-2.jpg","type":"image\/jpeg"}],"twitter_card":"summary_large_image","twitter_site":"@jamonibericos","twitter_misc":{"Est. reading time":"1 minuto"},"schema":{"@context":"https:\/\/schema.org","@graph":[{"@type":"WebPage","@id":"https:\/\/campobadajoz.es\/it\/producto\/paleta-campo-badajoz\/","url":"https:\/\/campobadajoz.es\/it\/producto\/paleta-campo-badajoz\/","name":"PALETA CAMPO BADAJOZ - Campo Badajoz","isPartOf":{"@id":"https:\/\/campobadajoz.es\/it\/#website"},"primaryImageOfPage":{"@id":"https:\/\/campobadajoz.es\/it\/producto\/paleta-campo-badajoz\/#primaryimage"},"image":{"@id":"https:\/\/campobadajoz.es\/it\/producto\/paleta-campo-badajoz\/#primaryimage"},"thumbnailUrl":"https:\/\/campobadajoz.es\/wp-content\/uploads\/2023\/08\/Paleta.jpg","datePublished":"2023-08-30T06:40:42+00:00","dateModified":"2023-10-25T11:47:26+00:00","breadcrumb":{"@id":"https:\/\/campobadajoz.es\/it\/producto\/paleta-campo-badajoz\/#breadcrumb"},"inLanguage":"it-IT","potentialAction":[{"@type":"ReadAction","target":["https:\/\/campobadajoz.es\/it\/producto\/paleta-campo-badajoz\/"]}]},{"@type":"ImageObject","inLanguage":"it-IT","@id":"https:\/\/campobadajoz.es\/it\/producto\/paleta-campo-badajoz\/#primaryimage","url":"https:\/\/campobadajoz.es\/wp-content\/uploads\/2023\/08\/Paleta.jpg","contentUrl":"https:\/\/campobadajoz.es\/wp-content\/uploads\/2023\/08\/Paleta.jpg","width":916,"height":928},{"@type":"BreadcrumbList","@id":"https:\/\/campobadajoz.es\/it\/producto\/paleta-campo-badajoz\/#breadcrumb","itemListElement":[{"@type":"ListItem","position":1,"name":"Portada","item":"https:\/\/campobadajoz.es\/it\/"},{"@type":"ListItem","position":2,"name":"Prodotti","item":"https:\/\/campobadajoz.es\/it\/shop\/"},{"@type":"ListItem","position":3,"name":"PALETA CAMPO BADAJOZ"}]},{"@type":"WebSite","@id":"https:\/\/campobadajoz.es\/it\/#website","url":"https:\/\/campobadajoz.es\/it\/","name":"Campo Badajoz","description":"Productos ib\u00e9ricos de calidad","publisher":{"@id":"https:\/\/campobadajoz.es\/it\/#organization"},"potentialAction":[{"@type":"SearchAction","target":{"@type":"EntryPoint","urlTemplate":"https:\/\/campobadajoz.es\/it\/?s={search_term_string}"},"query-input":{"@type":"PropertyValueSpecification","valueRequired":true,"valueName":"search_term_string"}}],"inLanguage":"it-IT"},{"@type":"Organization","@id":"https:\/\/campobadajoz.es\/it\/#organization","name":"Campo Badajoz","url":"https:\/\/campobadajoz.es\/it\/","logo":{"@type":"ImageObject","inLanguage":"it-IT","@id":"https:\/\/campobadajoz.es\/it\/#\/schema\/logo\/image\/","url":"https:\/\/campobadajoz.es\/wp-content\/uploads\/2023\/05\/logo_blanco_png-1.webp","contentUrl":"https:\/\/campobadajoz.es\/wp-content\/uploads\/2023\/05\/logo_blanco_png-1.webp","width":800,"height":800,"caption":"Campo Badajoz"},"image":{"@id":"https:\/\/campobadajoz.es\/it\/#\/schema\/logo\/image\/"},"sameAs":["https:\/\/www.facebook.com\/campobadajoz.ibericodecampo\/","https:\/\/x.com\/jamonibericos","https:\/\/www.linkedin.com\/company\/campo-&-badajoz\/about\/","https:\/\/www.instagram.com\/campobadajoz\/"]}]}},"_links":{"self":[{"href":"https:\/\/campobadajoz.es\/it\/wp-json\/wp\/v2\/product\/3897","targetHints":{"allow":["GET"]}}],"collection":[{"href":"https:\/\/campobadajoz.es\/it\/wp-json\/wp\/v2\/product"}],"about":[{"href":"https:\/\/campobadajoz.es\/it\/wp-json\/wp\/v2\/types\/product"}],"replies":[{"embeddable":true,"href":"https:\/\/campobadajoz.es\/it\/wp-json\/wp\/v2\/comments?post=3897"}],"version-history":[{"count":1,"href":"https:\/\/campobadajoz.es\/it\/wp-json\/wp\/v2\/product\/3897\/revisions"}],"predecessor-version":[{"id":6949,"href":"https:\/\/campobadajoz.es\/it\/wp-json\/wp\/v2\/product\/3897\/revisions\/6949"}],"wp:featuredmedia":[{"embeddable":true,"href":"https:\/\/campobadajoz.es\/it\/wp-json\/wp\/v2\/media\/8087"}],"wp:attachment":[{"href":"https:\/\/campobadajoz.es\/it\/wp-json\/wp\/v2\/media?parent=3897"}],"wp:term":[{"taxonomy":"product_brand","embeddable":true,"href":"https:\/\/campobadajoz.es\/it\/wp-json\/wp\/v2\/product_brand?post=3897"},{"taxonomy":"product_cat","embeddable":true,"href":"https:\/\/campobadajoz.es\/it\/wp-json\/wp\/v2\/product_cat?post=3897"},{"taxonomy":"product_tag","embeddable":true,"href":"https:\/\/campobadajoz.es\/it\/wp-json\/wp\/v2\/product_tag?post=3897"}],"curies":[{"name":"wp","href":"https:\/\/api.w.org\/{rel}","templated":true}]}}