{"id":3923,"date":"2023-08-30T06:57:32","date_gmt":"2023-08-30T06:57:32","guid":{"rendered":"https:\/\/campobadajoz.es\/producto\/jamon-bellota-100-iberico-deshuesado\/"},"modified":"2023-10-25T12:01:13","modified_gmt":"2023-10-25T12:01:13","slug":"jamon-bellota-100-iberico-deshuesado","status":"publish","type":"product","link":"https:\/\/campobadajoz.es\/it\/producto\/jamon-bellota-100-iberico-deshuesado\/","title":{"rendered":"JAM\u00d3N BELLOTA 100% IB\u00c9RICO DESHUESADO"},"content":{"rendered":"<p>Ogni fetta di prosciutto iberico disossato \u00e8 una delizia per i sensi. Il suo colore rosso intenso e la marmorizzazione del grasso infiltrato garantiscono un&#8217;esperienza di gusto unica. Ogni boccone rivela una combinazione di sapori morbidi e profondi, con note dolci e salate che si sprigionano lentamente al palato.<\/p>\n<p>Questo prosciutto iberico disossato \u00e8 l&#8217;accompagnamento perfetto per ogni occasione. Si pu\u00f2 gustare come parte di un tagliere di salumi, in panini gourmet o addirittura come ingrediente protagonista di piatti di alta cucina. La sua versatilit\u00e0 vi permette di liberare la vostra creativit\u00e0 culinaria e di sorprendere i vostri ospiti con preparazioni deliziose.<\/p>\n<p>Il processo di disossamento del prosciutto iberico richiede abilit\u00e0 e precisione, e i nostri esperti maestri del prosciutto hanno il compito di eseguirlo con meticolosit\u00e0 e rispetto per la qualit\u00e0 del prodotto. Ogni fetta \u00e8 confezionata sottovuoto per garantirne la freschezza e preservarne tutte le qualit\u00e0 organolettiche.<\/p>\n<p>Scoprite l&#8217;eccellenza del prosciutto iberico disossato e immergetevi in un&#8217;esperienza gastronomica unica. Assaporate il suo sapore eccezionale e la sua consistenza delicata e lasciatevi conquistare da uno dei tesori culinari pi\u00f9 apprezzati della gastronomia spagnola.<\/p>\n","protected":false},"excerpt":{"rendered":"<h3 style=\"text-align: justify;\"><span style=\"font-family: 'times new roman', times, serif; font-size: 12pt;\"><em>Nuestro <strong>Jam\u00f3n de Bellota 100%<\/strong> es un verdadero tesoro culinario. <strong>Pieza deshuesada<\/strong> completa para un m\u00e1ximo rendimiento y f\u00e1cil almacenaje.<\/em><\/span><\/h3>\n","protected":false},"featured_media":6390,"comment_status":"open","ping_status":"closed","template":"","meta":{"_acf_changed":false},"product_brand":[],"product_cat":[426],"product_tag":[],"class_list":{"0":"post-3923","1":"product","2":"type-product","3":"status-publish","4":"has-post-thumbnail","6":"product_cat-jamon-y-paleta-sin-hueso-it","8":"first","9":"instock","10":"taxable","11":"shipping-taxable","12":"product-type-simple"},"acf":[],"yoast_head":"<!-- This site is optimized with the Yoast SEO plugin v27.4 - https:\/\/yoast.com\/product\/yoast-seo-wordpress\/ -->\n<title>JAM\u00d3N BELLOTA 100% IB\u00c9RICO DESHUESADO - Campo Badajoz<\/title>\n<meta name=\"robots\" content=\"index, follow, max-snippet:-1, max-image-preview:large, max-video-preview:-1\" \/>\n<link rel=\"canonical\" href=\"https:\/\/campobadajoz.es\/it\/producto\/jamon-bellota-100-iberico-deshuesado\/\" \/>\n<meta property=\"og:locale\" content=\"it_IT\" \/>\n<meta property=\"og:type\" content=\"article\" \/>\n<meta property=\"og:title\" content=\"JAM\u00d3N BELLOTA 100% IB\u00c9RICO DESHUESADO - Campo Badajoz\" \/>\n<meta property=\"og:description\" content=\"Nuestro Jam\u00f3n de Bellota 100% es un verdadero tesoro culinario. Pieza deshuesada completa para un m\u00e1ximo rendimiento y f\u00e1cil almacenaje.\" \/>\n<meta property=\"og:url\" content=\"https:\/\/campobadajoz.es\/it\/producto\/jamon-bellota-100-iberico-deshuesado\/\" \/>\n<meta property=\"og:site_name\" content=\"Campo Badajoz\" \/>\n<meta property=\"article:publisher\" content=\"https:\/\/www.facebook.com\/campobadajoz.ibericodecampo\/\" \/>\n<meta property=\"article:modified_time\" content=\"2023-10-25T12:01:13+00:00\" \/>\n<meta property=\"og:image\" content=\"https:\/\/campobadajoz.es\/wp-content\/uploads\/2023\/08\/Diseno-sin-titulo-2.jpg\" \/>\n\t<meta property=\"og:image:width\" content=\"1080\" \/>\n\t<meta property=\"og:image:height\" content=\"1080\" \/>\n\t<meta property=\"og:image:type\" content=\"image\/jpeg\" \/>\n<meta name=\"twitter:card\" content=\"summary_large_image\" \/>\n<meta name=\"twitter:site\" content=\"@jamonibericos\" \/>\n<meta name=\"twitter:label1\" content=\"Est. reading time\" \/>\n\t<meta name=\"twitter:data1\" content=\"1 minuto\" \/>\n<script type=\"application\/ld+json\" class=\"yoast-schema-graph\">{\"@context\":\"https:\\\/\\\/schema.org\",\"@graph\":[{\"@type\":\"WebPage\",\"@id\":\"https:\\\/\\\/campobadajoz.es\\\/it\\\/producto\\\/jamon-bellota-100-iberico-deshuesado\\\/\",\"url\":\"https:\\\/\\\/campobadajoz.es\\\/it\\\/producto\\\/jamon-bellota-100-iberico-deshuesado\\\/\",\"name\":\"JAM\u00d3N BELLOTA 100% IB\u00c9RICO DESHUESADO - Campo Badajoz\",\"isPartOf\":{\"@id\":\"https:\\\/\\\/campobadajoz.es\\\/it\\\/#website\"},\"primaryImageOfPage\":{\"@id\":\"https:\\\/\\\/campobadajoz.es\\\/it\\\/producto\\\/jamon-bellota-100-iberico-deshuesado\\\/#primaryimage\"},\"image\":{\"@id\":\"https:\\\/\\\/campobadajoz.es\\\/it\\\/producto\\\/jamon-bellota-100-iberico-deshuesado\\\/#primaryimage\"},\"thumbnailUrl\":\"https:\\\/\\\/campobadajoz.es\\\/wp-content\\\/uploads\\\/2023\\\/08\\\/Diseno-sin-titulo-2.jpg\",\"datePublished\":\"2023-08-30T06:57:32+00:00\",\"dateModified\":\"2023-10-25T12:01:13+00:00\",\"breadcrumb\":{\"@id\":\"https:\\\/\\\/campobadajoz.es\\\/it\\\/producto\\\/jamon-bellota-100-iberico-deshuesado\\\/#breadcrumb\"},\"inLanguage\":\"it-IT\",\"potentialAction\":[{\"@type\":\"ReadAction\",\"target\":[\"https:\\\/\\\/campobadajoz.es\\\/it\\\/producto\\\/jamon-bellota-100-iberico-deshuesado\\\/\"]}]},{\"@type\":\"ImageObject\",\"inLanguage\":\"it-IT\",\"@id\":\"https:\\\/\\\/campobadajoz.es\\\/it\\\/producto\\\/jamon-bellota-100-iberico-deshuesado\\\/#primaryimage\",\"url\":\"https:\\\/\\\/campobadajoz.es\\\/wp-content\\\/uploads\\\/2023\\\/08\\\/Diseno-sin-titulo-2.jpg\",\"contentUrl\":\"https:\\\/\\\/campobadajoz.es\\\/wp-content\\\/uploads\\\/2023\\\/08\\\/Diseno-sin-titulo-2.jpg\",\"width\":1080,\"height\":1080,\"caption\":\"Jam\u00f3n Ib\u00e9rico Bellota 100% Deshuesado\"},{\"@type\":\"BreadcrumbList\",\"@id\":\"https:\\\/\\\/campobadajoz.es\\\/it\\\/producto\\\/jamon-bellota-100-iberico-deshuesado\\\/#breadcrumb\",\"itemListElement\":[{\"@type\":\"ListItem\",\"position\":1,\"name\":\"Portada\",\"item\":\"https:\\\/\\\/campobadajoz.es\\\/it\\\/\"},{\"@type\":\"ListItem\",\"position\":2,\"name\":\"Prodotti\",\"item\":\"https:\\\/\\\/campobadajoz.es\\\/it\\\/shop\\\/\"},{\"@type\":\"ListItem\",\"position\":3,\"name\":\"JAM\u00d3N BELLOTA 100% IB\u00c9RICO DESHUESADO\"}]},{\"@type\":\"WebSite\",\"@id\":\"https:\\\/\\\/campobadajoz.es\\\/it\\\/#website\",\"url\":\"https:\\\/\\\/campobadajoz.es\\\/it\\\/\",\"name\":\"Campo Badajoz\",\"description\":\"Productos ib\u00e9ricos de calidad\",\"publisher\":{\"@id\":\"https:\\\/\\\/campobadajoz.es\\\/it\\\/#organization\"},\"potentialAction\":[{\"@type\":\"SearchAction\",\"target\":{\"@type\":\"EntryPoint\",\"urlTemplate\":\"https:\\\/\\\/campobadajoz.es\\\/it\\\/?s={search_term_string}\"},\"query-input\":{\"@type\":\"PropertyValueSpecification\",\"valueRequired\":true,\"valueName\":\"search_term_string\"}}],\"inLanguage\":\"it-IT\"},{\"@type\":\"Organization\",\"@id\":\"https:\\\/\\\/campobadajoz.es\\\/it\\\/#organization\",\"name\":\"Campo Badajoz\",\"url\":\"https:\\\/\\\/campobadajoz.es\\\/it\\\/\",\"logo\":{\"@type\":\"ImageObject\",\"inLanguage\":\"it-IT\",\"@id\":\"https:\\\/\\\/campobadajoz.es\\\/it\\\/#\\\/schema\\\/logo\\\/image\\\/\",\"url\":\"https:\\\/\\\/campobadajoz.es\\\/wp-content\\\/uploads\\\/2023\\\/05\\\/logo_blanco_png-1.webp\",\"contentUrl\":\"https:\\\/\\\/campobadajoz.es\\\/wp-content\\\/uploads\\\/2023\\\/05\\\/logo_blanco_png-1.webp\",\"width\":800,\"height\":800,\"caption\":\"Campo Badajoz\"},\"image\":{\"@id\":\"https:\\\/\\\/campobadajoz.es\\\/it\\\/#\\\/schema\\\/logo\\\/image\\\/\"},\"sameAs\":[\"https:\\\/\\\/www.facebook.com\\\/campobadajoz.ibericodecampo\\\/\",\"https:\\\/\\\/x.com\\\/jamonibericos\",\"https:\\\/\\\/www.linkedin.com\\\/company\\\/campo-&-badajoz\\\/about\\\/\",\"https:\\\/\\\/www.instagram.com\\\/campobadajoz\\\/\"]}]}<\/script>\n<!-- \/ Yoast SEO plugin. -->","yoast_head_json":{"title":"JAM\u00d3N BELLOTA 100% IB\u00c9RICO DESHUESADO - Campo Badajoz","robots":{"index":"index","follow":"follow","max-snippet":"max-snippet:-1","max-image-preview":"max-image-preview:large","max-video-preview":"max-video-preview:-1"},"canonical":"https:\/\/campobadajoz.es\/it\/producto\/jamon-bellota-100-iberico-deshuesado\/","og_locale":"it_IT","og_type":"article","og_title":"JAM\u00d3N BELLOTA 100% IB\u00c9RICO DESHUESADO - Campo Badajoz","og_description":"Nuestro Jam\u00f3n de Bellota 100% es un verdadero tesoro culinario. Pieza deshuesada completa para un m\u00e1ximo rendimiento y f\u00e1cil almacenaje.","og_url":"https:\/\/campobadajoz.es\/it\/producto\/jamon-bellota-100-iberico-deshuesado\/","og_site_name":"Campo Badajoz","article_publisher":"https:\/\/www.facebook.com\/campobadajoz.ibericodecampo\/","article_modified_time":"2023-10-25T12:01:13+00:00","og_image":[{"width":1080,"height":1080,"url":"https:\/\/campobadajoz.es\/wp-content\/uploads\/2023\/08\/Diseno-sin-titulo-2.jpg","type":"image\/jpeg"}],"twitter_card":"summary_large_image","twitter_site":"@jamonibericos","twitter_misc":{"Est. reading time":"1 minuto"},"schema":{"@context":"https:\/\/schema.org","@graph":[{"@type":"WebPage","@id":"https:\/\/campobadajoz.es\/it\/producto\/jamon-bellota-100-iberico-deshuesado\/","url":"https:\/\/campobadajoz.es\/it\/producto\/jamon-bellota-100-iberico-deshuesado\/","name":"JAM\u00d3N BELLOTA 100% IB\u00c9RICO DESHUESADO - Campo Badajoz","isPartOf":{"@id":"https:\/\/campobadajoz.es\/it\/#website"},"primaryImageOfPage":{"@id":"https:\/\/campobadajoz.es\/it\/producto\/jamon-bellota-100-iberico-deshuesado\/#primaryimage"},"image":{"@id":"https:\/\/campobadajoz.es\/it\/producto\/jamon-bellota-100-iberico-deshuesado\/#primaryimage"},"thumbnailUrl":"https:\/\/campobadajoz.es\/wp-content\/uploads\/2023\/08\/Diseno-sin-titulo-2.jpg","datePublished":"2023-08-30T06:57:32+00:00","dateModified":"2023-10-25T12:01:13+00:00","breadcrumb":{"@id":"https:\/\/campobadajoz.es\/it\/producto\/jamon-bellota-100-iberico-deshuesado\/#breadcrumb"},"inLanguage":"it-IT","potentialAction":[{"@type":"ReadAction","target":["https:\/\/campobadajoz.es\/it\/producto\/jamon-bellota-100-iberico-deshuesado\/"]}]},{"@type":"ImageObject","inLanguage":"it-IT","@id":"https:\/\/campobadajoz.es\/it\/producto\/jamon-bellota-100-iberico-deshuesado\/#primaryimage","url":"https:\/\/campobadajoz.es\/wp-content\/uploads\/2023\/08\/Diseno-sin-titulo-2.jpg","contentUrl":"https:\/\/campobadajoz.es\/wp-content\/uploads\/2023\/08\/Diseno-sin-titulo-2.jpg","width":1080,"height":1080,"caption":"Jam\u00f3n Ib\u00e9rico Bellota 100% Deshuesado"},{"@type":"BreadcrumbList","@id":"https:\/\/campobadajoz.es\/it\/producto\/jamon-bellota-100-iberico-deshuesado\/#breadcrumb","itemListElement":[{"@type":"ListItem","position":1,"name":"Portada","item":"https:\/\/campobadajoz.es\/it\/"},{"@type":"ListItem","position":2,"name":"Prodotti","item":"https:\/\/campobadajoz.es\/it\/shop\/"},{"@type":"ListItem","position":3,"name":"JAM\u00d3N BELLOTA 100% IB\u00c9RICO DESHUESADO"}]},{"@type":"WebSite","@id":"https:\/\/campobadajoz.es\/it\/#website","url":"https:\/\/campobadajoz.es\/it\/","name":"Campo Badajoz","description":"Productos ib\u00e9ricos de calidad","publisher":{"@id":"https:\/\/campobadajoz.es\/it\/#organization"},"potentialAction":[{"@type":"SearchAction","target":{"@type":"EntryPoint","urlTemplate":"https:\/\/campobadajoz.es\/it\/?s={search_term_string}"},"query-input":{"@type":"PropertyValueSpecification","valueRequired":true,"valueName":"search_term_string"}}],"inLanguage":"it-IT"},{"@type":"Organization","@id":"https:\/\/campobadajoz.es\/it\/#organization","name":"Campo Badajoz","url":"https:\/\/campobadajoz.es\/it\/","logo":{"@type":"ImageObject","inLanguage":"it-IT","@id":"https:\/\/campobadajoz.es\/it\/#\/schema\/logo\/image\/","url":"https:\/\/campobadajoz.es\/wp-content\/uploads\/2023\/05\/logo_blanco_png-1.webp","contentUrl":"https:\/\/campobadajoz.es\/wp-content\/uploads\/2023\/05\/logo_blanco_png-1.webp","width":800,"height":800,"caption":"Campo Badajoz"},"image":{"@id":"https:\/\/campobadajoz.es\/it\/#\/schema\/logo\/image\/"},"sameAs":["https:\/\/www.facebook.com\/campobadajoz.ibericodecampo\/","https:\/\/x.com\/jamonibericos","https:\/\/www.linkedin.com\/company\/campo-&-badajoz\/about\/","https:\/\/www.instagram.com\/campobadajoz\/"]}]}},"_links":{"self":[{"href":"https:\/\/campobadajoz.es\/it\/wp-json\/wp\/v2\/product\/3923","targetHints":{"allow":["GET"]}}],"collection":[{"href":"https:\/\/campobadajoz.es\/it\/wp-json\/wp\/v2\/product"}],"about":[{"href":"https:\/\/campobadajoz.es\/it\/wp-json\/wp\/v2\/types\/product"}],"replies":[{"embeddable":true,"href":"https:\/\/campobadajoz.es\/it\/wp-json\/wp\/v2\/comments?post=3923"}],"version-history":[{"count":1,"href":"https:\/\/campobadajoz.es\/it\/wp-json\/wp\/v2\/product\/3923\/revisions"}],"predecessor-version":[{"id":6956,"href":"https:\/\/campobadajoz.es\/it\/wp-json\/wp\/v2\/product\/3923\/revisions\/6956"}],"wp:featuredmedia":[{"embeddable":true,"href":"https:\/\/campobadajoz.es\/it\/wp-json\/wp\/v2\/media\/6390"}],"wp:attachment":[{"href":"https:\/\/campobadajoz.es\/it\/wp-json\/wp\/v2\/media?parent=3923"}],"wp:term":[{"taxonomy":"product_brand","embeddable":true,"href":"https:\/\/campobadajoz.es\/it\/wp-json\/wp\/v2\/product_brand?post=3923"},{"taxonomy":"product_cat","embeddable":true,"href":"https:\/\/campobadajoz.es\/it\/wp-json\/wp\/v2\/product_cat?post=3923"},{"taxonomy":"product_tag","embeddable":true,"href":"https:\/\/campobadajoz.es\/it\/wp-json\/wp\/v2\/product_tag?post=3923"}],"curies":[{"name":"wp","href":"https:\/\/api.w.org\/{rel}","templated":true}]}}