{"id":3982,"date":"2023-08-30T07:24:51","date_gmt":"2023-08-30T07:24:51","guid":{"rendered":"https:\/\/campobadajoz.es\/producto\/paleta-campo-badajoz-deshuesada\/"},"modified":"2023-08-30T07:24:51","modified_gmt":"2023-08-30T07:24:51","slug":"paleta-campo-badajoz-deshuesada","status":"publish","type":"product","link":"https:\/\/campobadajoz.es\/it\/producto\/paleta-campo-badajoz-deshuesada\/","title":{"rendered":"Paleta CAMPO BADAJOZ Deshuesada"},"content":{"rendered":"<p>Disossata con precisione dai nostri esperti artigiani, questa spalla offre la comodit\u00e0 di poterla gustare senza problemi, permettendovi di assaporare ogni deliziosa fetta senza ostacoli. La sua presentazione disossata lo rende facile da tagliare in porzioni e da utilizzare in una variet\u00e0 di piatti e ricette.<\/p>\n<p>La Paleta Ib\u00e9rica Deshuesada \u00e8 una vera delizia per i palati pi\u00f9 esigenti. Il suo sapore delicato ed equilibrato, con note dolci e salate, si combina perfettamente con la sua consistenza succosa e morbida. Ogni boccone vi trasporter\u00e0 nell&#8217;essenza della tradizione e dell&#8217;eccellenza gastronomica.<\/p>\n<p>Questo prodotto \u00e8 ideale per chi desidera gustare i sapori unici della carne di maiale iberica in una presentazione pratica e facile da usare. Potete inserirlo in taglieri di salumi, panini gourmet, insalate o usarlo come ingrediente principale dei vostri piatti preferiti.<\/p>\n<p>La Paleta Ib\u00e9rica Deshuesada \u00e8 sinonimo di qualit\u00e0 e autenticit\u00e0. Ogni fetta \u00e8 una testimonianza della dedizione e della cura con cui questo prodotto \u00e8 stato realizzato, nel rispetto delle tradizioni ancestrali e con metodi artigianali che ne garantiscono l&#8217;eccellenza.<\/p>\n<p>Scoprite l&#8217;eccellenza della Paleta Ib\u00e9rica Deshuesada e lasciatevi sedurre dal suo sapore ineguagliabile. Godetevi l&#8217;autentica esperienza della carne di maiale iberica in ogni boccone e sorprendete i vostri ospiti con questa prelibatezza unica e deliziosa.<\/p>\n","protected":false},"excerpt":{"rendered":"<p>Disossata con precisione dai nostri esperti artigiani, questa spalla offre la comodit\u00e0 di poterla gustare senza problemi, permettendovi di assaporare ogni deliziosa fetta senza ostacoli. La sua presentazione disossata lo rende facile da tagliare in porzioni e da utilizzare in una variet\u00e0 di piatti e ricette. La Paleta Ib\u00e9rica Deshuesada \u00e8 una vera delizia per [&hellip;]<\/p>\n","protected":false},"featured_media":6006,"comment_status":"open","ping_status":"closed","template":"","meta":{"_acf_changed":false},"product_brand":[],"product_cat":[426],"product_tag":[],"class_list":{"0":"post-3982","1":"product","2":"type-product","3":"status-publish","4":"has-post-thumbnail","6":"product_cat-jamon-y-paleta-sin-hueso-it","8":"first","9":"instock","10":"taxable","11":"shipping-taxable","12":"product-type-simple"},"acf":[],"yoast_head":"<!-- This site is optimized with the Yoast SEO plugin v27.3 - https:\/\/yoast.com\/product\/yoast-seo-wordpress\/ -->\n<title>Paleta CAMPO BADAJOZ Deshuesada - Campo Badajoz<\/title>\n<meta name=\"robots\" content=\"index, follow, max-snippet:-1, max-image-preview:large, max-video-preview:-1\" \/>\n<link rel=\"canonical\" href=\"https:\/\/campobadajoz.es\/it\/producto\/paleta-campo-badajoz-deshuesada\/\" \/>\n<meta property=\"og:locale\" content=\"it_IT\" \/>\n<meta property=\"og:type\" content=\"article\" \/>\n<meta property=\"og:title\" content=\"Paleta CAMPO BADAJOZ Deshuesada - Campo Badajoz\" \/>\n<meta property=\"og:description\" content=\"Disossata con precisione dai nostri esperti artigiani, questa spalla offre la comodit\u00e0 di poterla gustare senza problemi, permettendovi di assaporare ogni deliziosa fetta senza ostacoli. La sua presentazione disossata lo rende facile da tagliare in porzioni e da utilizzare in una variet\u00e0 di piatti e ricette. La Paleta Ib\u00e9rica Deshuesada \u00e8 una vera delizia per [&hellip;]\" \/>\n<meta property=\"og:url\" content=\"https:\/\/campobadajoz.es\/it\/producto\/paleta-campo-badajoz-deshuesada\/\" \/>\n<meta property=\"og:site_name\" content=\"Campo Badajoz\" \/>\n<meta property=\"article:publisher\" content=\"https:\/\/www.facebook.com\/campobadajoz.ibericodecampo\/\" \/>\n<meta property=\"og:image\" content=\"https:\/\/campobadajoz.es\/wp-content\/uploads\/2023\/08\/Documento-A4-Notas-Bloc-Hoja-Carta-Verde-Menta-bonito.png\" \/>\n\t<meta property=\"og:image:width\" content=\"1414\" \/>\n\t<meta property=\"og:image:height\" content=\"2000\" \/>\n\t<meta property=\"og:image:type\" content=\"image\/png\" \/>\n<meta name=\"twitter:card\" content=\"summary_large_image\" \/>\n<meta name=\"twitter:site\" content=\"@jamonibericos\" \/>\n<meta name=\"twitter:label1\" content=\"Tempo di lettura stimato\" \/>\n\t<meta name=\"twitter:data1\" content=\"1 minuto\" \/>\n<script type=\"application\/ld+json\" class=\"yoast-schema-graph\">{\"@context\":\"https:\\\/\\\/schema.org\",\"@graph\":[{\"@type\":\"WebPage\",\"@id\":\"https:\\\/\\\/campobadajoz.es\\\/it\\\/producto\\\/paleta-campo-badajoz-deshuesada\\\/\",\"url\":\"https:\\\/\\\/campobadajoz.es\\\/it\\\/producto\\\/paleta-campo-badajoz-deshuesada\\\/\",\"name\":\"Paleta CAMPO BADAJOZ Deshuesada - Campo Badajoz\",\"isPartOf\":{\"@id\":\"https:\\\/\\\/campobadajoz.es\\\/it\\\/#website\"},\"primaryImageOfPage\":{\"@id\":\"https:\\\/\\\/campobadajoz.es\\\/it\\\/producto\\\/paleta-campo-badajoz-deshuesada\\\/#primaryimage\"},\"image\":{\"@id\":\"https:\\\/\\\/campobadajoz.es\\\/it\\\/producto\\\/paleta-campo-badajoz-deshuesada\\\/#primaryimage\"},\"thumbnailUrl\":\"https:\\\/\\\/campobadajoz.es\\\/wp-content\\\/uploads\\\/2023\\\/08\\\/Documento-A4-Notas-Bloc-Hoja-Carta-Verde-Menta-bonito.png\",\"datePublished\":\"2023-08-30T07:24:51+00:00\",\"breadcrumb\":{\"@id\":\"https:\\\/\\\/campobadajoz.es\\\/it\\\/producto\\\/paleta-campo-badajoz-deshuesada\\\/#breadcrumb\"},\"inLanguage\":\"it-IT\",\"potentialAction\":[{\"@type\":\"ReadAction\",\"target\":[\"https:\\\/\\\/campobadajoz.es\\\/it\\\/producto\\\/paleta-campo-badajoz-deshuesada\\\/\"]}]},{\"@type\":\"ImageObject\",\"inLanguage\":\"it-IT\",\"@id\":\"https:\\\/\\\/campobadajoz.es\\\/it\\\/producto\\\/paleta-campo-badajoz-deshuesada\\\/#primaryimage\",\"url\":\"https:\\\/\\\/campobadajoz.es\\\/wp-content\\\/uploads\\\/2023\\\/08\\\/Documento-A4-Notas-Bloc-Hoja-Carta-Verde-Menta-bonito.png\",\"contentUrl\":\"https:\\\/\\\/campobadajoz.es\\\/wp-content\\\/uploads\\\/2023\\\/08\\\/Documento-A4-Notas-Bloc-Hoja-Carta-Verde-Menta-bonito.png\",\"width\":1414,\"height\":2000,\"caption\":\"Paleta Bellota 100% Ib\u00e9rica Deshuesada\"},{\"@type\":\"BreadcrumbList\",\"@id\":\"https:\\\/\\\/campobadajoz.es\\\/it\\\/producto\\\/paleta-campo-badajoz-deshuesada\\\/#breadcrumb\",\"itemListElement\":[{\"@type\":\"ListItem\",\"position\":1,\"name\":\"Portada\",\"item\":\"https:\\\/\\\/campobadajoz.es\\\/it\\\/\"},{\"@type\":\"ListItem\",\"position\":2,\"name\":\"Prodotti\",\"item\":\"https:\\\/\\\/campobadajoz.es\\\/it\\\/shop\\\/\"},{\"@type\":\"ListItem\",\"position\":3,\"name\":\"Paleta CAMPO BADAJOZ Deshuesada\"}]},{\"@type\":\"WebSite\",\"@id\":\"https:\\\/\\\/campobadajoz.es\\\/it\\\/#website\",\"url\":\"https:\\\/\\\/campobadajoz.es\\\/it\\\/\",\"name\":\"Campo Badajoz\",\"description\":\"Productos ib\u00e9ricos de calidad\",\"publisher\":{\"@id\":\"https:\\\/\\\/campobadajoz.es\\\/it\\\/#organization\"},\"potentialAction\":[{\"@type\":\"SearchAction\",\"target\":{\"@type\":\"EntryPoint\",\"urlTemplate\":\"https:\\\/\\\/campobadajoz.es\\\/it\\\/?s={search_term_string}\"},\"query-input\":{\"@type\":\"PropertyValueSpecification\",\"valueRequired\":true,\"valueName\":\"search_term_string\"}}],\"inLanguage\":\"it-IT\"},{\"@type\":\"Organization\",\"@id\":\"https:\\\/\\\/campobadajoz.es\\\/it\\\/#organization\",\"name\":\"Campo Badajoz\",\"url\":\"https:\\\/\\\/campobadajoz.es\\\/it\\\/\",\"logo\":{\"@type\":\"ImageObject\",\"inLanguage\":\"it-IT\",\"@id\":\"https:\\\/\\\/campobadajoz.es\\\/it\\\/#\\\/schema\\\/logo\\\/image\\\/\",\"url\":\"https:\\\/\\\/campobadajoz.es\\\/wp-content\\\/uploads\\\/2023\\\/05\\\/logo_blanco_png-1.webp\",\"contentUrl\":\"https:\\\/\\\/campobadajoz.es\\\/wp-content\\\/uploads\\\/2023\\\/05\\\/logo_blanco_png-1.webp\",\"width\":800,\"height\":800,\"caption\":\"Campo Badajoz\"},\"image\":{\"@id\":\"https:\\\/\\\/campobadajoz.es\\\/it\\\/#\\\/schema\\\/logo\\\/image\\\/\"},\"sameAs\":[\"https:\\\/\\\/www.facebook.com\\\/campobadajoz.ibericodecampo\\\/\",\"https:\\\/\\\/x.com\\\/jamonibericos\",\"https:\\\/\\\/www.linkedin.com\\\/company\\\/campo-&-badajoz\\\/about\\\/\",\"https:\\\/\\\/www.instagram.com\\\/campobadajoz\\\/\"]}]}<\/script>\n<!-- \/ Yoast SEO plugin. -->","yoast_head_json":{"title":"Paleta CAMPO BADAJOZ Deshuesada - Campo Badajoz","robots":{"index":"index","follow":"follow","max-snippet":"max-snippet:-1","max-image-preview":"max-image-preview:large","max-video-preview":"max-video-preview:-1"},"canonical":"https:\/\/campobadajoz.es\/it\/producto\/paleta-campo-badajoz-deshuesada\/","og_locale":"it_IT","og_type":"article","og_title":"Paleta CAMPO BADAJOZ Deshuesada - Campo Badajoz","og_description":"Disossata con precisione dai nostri esperti artigiani, questa spalla offre la comodit\u00e0 di poterla gustare senza problemi, permettendovi di assaporare ogni deliziosa fetta senza ostacoli. La sua presentazione disossata lo rende facile da tagliare in porzioni e da utilizzare in una variet\u00e0 di piatti e ricette. La Paleta Ib\u00e9rica Deshuesada \u00e8 una vera delizia per [&hellip;]","og_url":"https:\/\/campobadajoz.es\/it\/producto\/paleta-campo-badajoz-deshuesada\/","og_site_name":"Campo Badajoz","article_publisher":"https:\/\/www.facebook.com\/campobadajoz.ibericodecampo\/","og_image":[{"width":1414,"height":2000,"url":"https:\/\/campobadajoz.es\/wp-content\/uploads\/2023\/08\/Documento-A4-Notas-Bloc-Hoja-Carta-Verde-Menta-bonito.png","type":"image\/png"}],"twitter_card":"summary_large_image","twitter_site":"@jamonibericos","twitter_misc":{"Tempo di lettura stimato":"1 minuto"},"schema":{"@context":"https:\/\/schema.org","@graph":[{"@type":"WebPage","@id":"https:\/\/campobadajoz.es\/it\/producto\/paleta-campo-badajoz-deshuesada\/","url":"https:\/\/campobadajoz.es\/it\/producto\/paleta-campo-badajoz-deshuesada\/","name":"Paleta CAMPO BADAJOZ Deshuesada - Campo Badajoz","isPartOf":{"@id":"https:\/\/campobadajoz.es\/it\/#website"},"primaryImageOfPage":{"@id":"https:\/\/campobadajoz.es\/it\/producto\/paleta-campo-badajoz-deshuesada\/#primaryimage"},"image":{"@id":"https:\/\/campobadajoz.es\/it\/producto\/paleta-campo-badajoz-deshuesada\/#primaryimage"},"thumbnailUrl":"https:\/\/campobadajoz.es\/wp-content\/uploads\/2023\/08\/Documento-A4-Notas-Bloc-Hoja-Carta-Verde-Menta-bonito.png","datePublished":"2023-08-30T07:24:51+00:00","breadcrumb":{"@id":"https:\/\/campobadajoz.es\/it\/producto\/paleta-campo-badajoz-deshuesada\/#breadcrumb"},"inLanguage":"it-IT","potentialAction":[{"@type":"ReadAction","target":["https:\/\/campobadajoz.es\/it\/producto\/paleta-campo-badajoz-deshuesada\/"]}]},{"@type":"ImageObject","inLanguage":"it-IT","@id":"https:\/\/campobadajoz.es\/it\/producto\/paleta-campo-badajoz-deshuesada\/#primaryimage","url":"https:\/\/campobadajoz.es\/wp-content\/uploads\/2023\/08\/Documento-A4-Notas-Bloc-Hoja-Carta-Verde-Menta-bonito.png","contentUrl":"https:\/\/campobadajoz.es\/wp-content\/uploads\/2023\/08\/Documento-A4-Notas-Bloc-Hoja-Carta-Verde-Menta-bonito.png","width":1414,"height":2000,"caption":"Paleta Bellota 100% Ib\u00e9rica Deshuesada"},{"@type":"BreadcrumbList","@id":"https:\/\/campobadajoz.es\/it\/producto\/paleta-campo-badajoz-deshuesada\/#breadcrumb","itemListElement":[{"@type":"ListItem","position":1,"name":"Portada","item":"https:\/\/campobadajoz.es\/it\/"},{"@type":"ListItem","position":2,"name":"Prodotti","item":"https:\/\/campobadajoz.es\/it\/shop\/"},{"@type":"ListItem","position":3,"name":"Paleta CAMPO BADAJOZ Deshuesada"}]},{"@type":"WebSite","@id":"https:\/\/campobadajoz.es\/it\/#website","url":"https:\/\/campobadajoz.es\/it\/","name":"Campo Badajoz","description":"Productos ib\u00e9ricos de calidad","publisher":{"@id":"https:\/\/campobadajoz.es\/it\/#organization"},"potentialAction":[{"@type":"SearchAction","target":{"@type":"EntryPoint","urlTemplate":"https:\/\/campobadajoz.es\/it\/?s={search_term_string}"},"query-input":{"@type":"PropertyValueSpecification","valueRequired":true,"valueName":"search_term_string"}}],"inLanguage":"it-IT"},{"@type":"Organization","@id":"https:\/\/campobadajoz.es\/it\/#organization","name":"Campo Badajoz","url":"https:\/\/campobadajoz.es\/it\/","logo":{"@type":"ImageObject","inLanguage":"it-IT","@id":"https:\/\/campobadajoz.es\/it\/#\/schema\/logo\/image\/","url":"https:\/\/campobadajoz.es\/wp-content\/uploads\/2023\/05\/logo_blanco_png-1.webp","contentUrl":"https:\/\/campobadajoz.es\/wp-content\/uploads\/2023\/05\/logo_blanco_png-1.webp","width":800,"height":800,"caption":"Campo Badajoz"},"image":{"@id":"https:\/\/campobadajoz.es\/it\/#\/schema\/logo\/image\/"},"sameAs":["https:\/\/www.facebook.com\/campobadajoz.ibericodecampo\/","https:\/\/x.com\/jamonibericos","https:\/\/www.linkedin.com\/company\/campo-&-badajoz\/about\/","https:\/\/www.instagram.com\/campobadajoz\/"]}]}},"_links":{"self":[{"href":"https:\/\/campobadajoz.es\/it\/wp-json\/wp\/v2\/product\/3982","targetHints":{"allow":["GET"]}}],"collection":[{"href":"https:\/\/campobadajoz.es\/it\/wp-json\/wp\/v2\/product"}],"about":[{"href":"https:\/\/campobadajoz.es\/it\/wp-json\/wp\/v2\/types\/product"}],"replies":[{"embeddable":true,"href":"https:\/\/campobadajoz.es\/it\/wp-json\/wp\/v2\/comments?post=3982"}],"version-history":[{"count":0,"href":"https:\/\/campobadajoz.es\/it\/wp-json\/wp\/v2\/product\/3982\/revisions"}],"wp:featuredmedia":[{"embeddable":true,"href":"https:\/\/campobadajoz.es\/it\/wp-json\/wp\/v2\/media\/6006"}],"wp:attachment":[{"href":"https:\/\/campobadajoz.es\/it\/wp-json\/wp\/v2\/media?parent=3982"}],"wp:term":[{"taxonomy":"product_brand","embeddable":true,"href":"https:\/\/campobadajoz.es\/it\/wp-json\/wp\/v2\/product_brand?post=3982"},{"taxonomy":"product_cat","embeddable":true,"href":"https:\/\/campobadajoz.es\/it\/wp-json\/wp\/v2\/product_cat?post=3982"},{"taxonomy":"product_tag","embeddable":true,"href":"https:\/\/campobadajoz.es\/it\/wp-json\/wp\/v2\/product_tag?post=3982"}],"curies":[{"name":"wp","href":"https:\/\/api.w.org\/{rel}","templated":true}]}}