{"id":3797,"date":"2023-08-30T05:51:57","date_gmt":"2023-08-30T05:51:57","guid":{"rendered":"https:\/\/campobadajoz.es\/producto\/jamon-bellota-100-iberico-d-o\/"},"modified":"2023-10-07T10:03:48","modified_gmt":"2023-10-07T10:03:48","slug":"jamon-bellota-100-iberico-d-o","status":"publish","type":"product","link":"https:\/\/campobadajoz.es\/ja\/producto\/jamon-bellota-100-iberico-d-o\/","title":{"rendered":"JAM\u00d3N BELLOTA 100% IB\u00c9RICO D.O."},"content":{"rendered":"<p>\u751f\u30cf\u30e0\u306f1\u679a1\u679a\u53b3\u9078\u3055\u308c\u3001\u6700\u9ad8\u6c34\u6e96\u306e\u54c1\u8cea\u3068\u7d14\u5ea6\u3092\u4fdd\u8a3c\u3057\u3066\u3044\u308b\u3002 \u9aa8\u4ed8\u304d\u30cf\u30e0\u306f\u72ec\u7279\u306e\u7279\u5fb4\u3092\u6301\u3061\u3001\u98a8\u5473\u306e\u5f37\u3055\u3068\u30b8\u30e5\u30fc\u30b7\u30fc\u306a\u98df\u611f\u3092\u63d0\u4f9b\u3059\u308b\u3002<\/p>\n<p>\u79c1\u305f\u3061\u306e\u719f\u7df4\u3057\u305f\u30cf\u30e0\u8077\u4eba\u306f\u3001\u4f1d\u7d71\u7684\u306a\u719f\u6210\u5de5\u7a0b\u3092\u732e\u8eab\u7684\u304b\u3064\u719f\u7df4\u3057\u305f\u6280\u8853\u3067\u884c\u3044\u3001\u30cf\u30e0\u3092\u6700\u9069\u306a\u72b6\u614b\u3067\u3086\u3063\u304f\u308a\u3068\u719f\u6210\u3055\u305b\u308b\u3002 \u3053\u306e\u5de5\u7a0b\u306f\u6570\u5e74\u304b\u304b\u308b\u3053\u3068\u3082\u3042\u308a\u3001\u8907\u96d1\u306a\u98a8\u5473\u3068\u30a2\u30ed\u30de\u3092\u91b8\u3057\u51fa\u3057\u3001\u30a4\u30d9\u30ea\u30b3\u8c5a\u306e\u9aa8\u4ed8\u304d\u30cf\u30e0\u3092\u672c\u7269\u306e\u73cd\u5473\u306b\u3057\u3066\u3044\u308b\u3002<\/p>\n<p>\u30cf\u30e0\u306e\u4e00\u5207\u308c\u4e00\u5207\u308c\u304c\u3001\u7518\u307f\u3068\u5869\u5473\u3001\u7e4a\u7d30\u306a\u820c\u89e6\u308a\u3001\u9154\u308f\u305b\u308b\u9999\u308a\u306a\u3069\u3001\u30e6\u30cb\u30fc\u30af\u306a\u611f\u899a\u3092\u4f53\u9a13\u3055\u305b\u3066\u304f\u308c\u308b\u3002 \u30a4\u30d9\u30ea\u30b3\u8c5a\u306e\u9aa8\u4ed8\u304d\u30cf\u30e0\u306f\u3001\u7f8e\u5473\u3057\u3044\u3082\u306e\u304c\u597d\u304d\u306a\u4eba\u306b\u3068\u3063\u3066\u672c\u5f53\u306b\u5b09\u3057\u3044\u3082\u306e\u3067\u3001\u304a\u795d\u3044\u306e\u5e2d\u3084\u7279\u5225\u306a\u30a4\u30d9\u30f3\u30c8\u306b\u306f\u6b20\u304b\u305b\u306a\u3044\u3002<\/p>\n<p>\u30a4\u30d9\u30ea\u30b3\u8c5a\u306e\u9aa8\u4ed8\u304d\u30cf\u30e0\u3092\u8584\u5207\u308a\u306b\u3057\u3066\u3001\u305d\u306e\u7d76\u5999\u306a\u98a8\u5473\u3068\u3001\u6fc3\u539a\u3067\u30d0\u30e9\u30f3\u30b9\u306e\u53d6\u308c\u305f\u9999\u308a\u306e\u878d\u5408\u3092\u304a\u697d\u3057\u307f\u304f\u3060\u3055\u3044\u3002 \u713c\u304d\u305f\u3066\u306e\u30d1\u30f3\u3001\u30a8\u30ad\u30b9\u30c8\u30e9\u30d0\u30fc\u30b8\u30f3\u30aa\u30ea\u30fc\u30d6\u30aa\u30a4\u30eb\u3001\u305d\u3057\u3066\u6c17\u306e\u7f6e\u3051\u306a\u3044\u53cb\u4eba\u305f\u3061\u3068\u4e00\u7dd2\u306b\u3001\u672c\u5834\u30b9\u30da\u30a4\u30f3\u306e\u4f1d\u7d71\u3068\u7f8e\u98df\u306b\u6d78\u308d\u3046\u3002<\/p>\n<p>\u30a4\u30d9\u30ea\u30b3\u8c5a\u306e\u9aa8\u4ed8\u304d\u751f\u30cf\u30e0\u306e\u7d20\u6674\u3089\u3057\u3055\u3092\u5473\u308f\u3044\u3001\u5206\u304b\u3061\u5408\u3046\u8d05\u6ca2\u306a\u3072\u3068\u3068\u304d\u3092\u304a\u904e\u3054\u3057\u304f\u3060\u3055\u3044\u3002 \u30a4\u30d9\u30ea\u30b3\u8c5a\u306e\u751f\u30cf\u30e0\u306e\u771f\u9ac4\u3092\u5473\u308f\u3046\u3053\u3068\u304c\u3067\u304d\u308b\u3002<\/p>\n","protected":false},"excerpt":{"rendered":"<h3 style=\"text-align: justify\"><span style=\"font-size: 12pt\"><em><span style=\"font-family: 'times new roman', times, serif\">Nuestro <strong>Jam\u00f3n de Bellota 100%<\/strong> Ib\u00e9rico D.O. Extremadura cuenta con todas las garant\u00edas de la reconocida <strong>Denominaci\u00f3n de Origen Jam\u00f3n de Extremadura<\/strong>. Una gran elecci\u00f3n para los paladares que buscan un sabor \u00fanico, proveniente de las mejores dehesas de nuestra regi\u00f3n.<\/span><\/em><\/span><\/h3>\n","protected":false},"featured_media":6371,"comment_status":"open","ping_status":"closed","template":"","meta":{"_acf_changed":false},"product_brand":[],"product_cat":[420],"product_tag":[],"class_list":{"0":"post-3797","1":"product","2":"type-product","3":"status-publish","4":"has-post-thumbnail","6":"product_cat-420","7":"pa_peso-700-750-kg-ja","8":"pa_peso-800-850-kg-ja","9":"pa_peso-850-900-kg-ja","10":"pa_peso-900-950-kg-ja","12":"first","13":"instock","14":"taxable","15":"shipping-taxable","16":"product-type-variable","17":"has-default-attributes"},"acf":[],"yoast_head":"<!-- This site is optimized with the Yoast SEO plugin v27.4 - https:\/\/yoast.com\/product\/yoast-seo-wordpress\/ -->\n<title>JAM\u00d3N BELLOTA 100% IB\u00c9RICO D.O. - Campo Badajoz<\/title>\n<meta name=\"robots\" content=\"index, follow, max-snippet:-1, max-image-preview:large, max-video-preview:-1\" \/>\n<link rel=\"canonical\" href=\"https:\/\/campobadajoz.es\/ja\/producto\/jamon-bellota-100-iberico-d-o\/\" \/>\n<meta property=\"og:locale\" content=\"ja_JP\" \/>\n<meta property=\"og:type\" content=\"article\" \/>\n<meta property=\"og:title\" content=\"JAM\u00d3N BELLOTA 100% IB\u00c9RICO D.O. - Campo Badajoz\" \/>\n<meta property=\"og:description\" content=\"Nuestro Jam\u00f3n de Bellota 100% Ib\u00e9rico D.O. Extremadura cuenta con todas las garant\u00edas de la reconocida Denominaci\u00f3n de Origen Jam\u00f3n de Extremadura. Una gran elecci\u00f3n para los paladares que buscan un sabor \u00fanico, proveniente de las mejores dehesas de nuestra regi\u00f3n.\" \/>\n<meta property=\"og:url\" content=\"https:\/\/campobadajoz.es\/ja\/producto\/jamon-bellota-100-iberico-d-o\/\" \/>\n<meta property=\"og:site_name\" content=\"Campo Badajoz\" \/>\n<meta property=\"article:publisher\" content=\"https:\/\/www.facebook.com\/campobadajoz.ibericodecampo\/\" \/>\n<meta property=\"article:modified_time\" content=\"2023-10-07T10:03:48+00:00\" \/>\n<meta property=\"og:image\" content=\"https:\/\/campobadajoz.es\/wp-content\/uploads\/2023\/08\/RLF3532-Editar.jpg\" \/>\n\t<meta property=\"og:image:width\" content=\"1575\" \/>\n\t<meta property=\"og:image:height\" content=\"2362\" \/>\n\t<meta property=\"og:image:type\" content=\"image\/jpeg\" \/>\n<meta name=\"twitter:card\" content=\"summary_large_image\" \/>\n<meta name=\"twitter:site\" content=\"@jamonibericos\" \/>\n<script type=\"application\/ld+json\" class=\"yoast-schema-graph\">{\"@context\":\"https:\\\/\\\/schema.org\",\"@graph\":[{\"@type\":\"WebPage\",\"@id\":\"https:\\\/\\\/campobadajoz.es\\\/ja\\\/producto\\\/jamon-bellota-100-iberico-d-o\\\/\",\"url\":\"https:\\\/\\\/campobadajoz.es\\\/ja\\\/producto\\\/jamon-bellota-100-iberico-d-o\\\/\",\"name\":\"JAM\u00d3N BELLOTA 100% IB\u00c9RICO D.O. - Campo Badajoz\",\"isPartOf\":{\"@id\":\"https:\\\/\\\/campobadajoz.es\\\/ja\\\/#website\"},\"primaryImageOfPage\":{\"@id\":\"https:\\\/\\\/campobadajoz.es\\\/ja\\\/producto\\\/jamon-bellota-100-iberico-d-o\\\/#primaryimage\"},\"image\":{\"@id\":\"https:\\\/\\\/campobadajoz.es\\\/ja\\\/producto\\\/jamon-bellota-100-iberico-d-o\\\/#primaryimage\"},\"thumbnailUrl\":\"https:\\\/\\\/campobadajoz.es\\\/wp-content\\\/uploads\\\/2023\\\/08\\\/RLF3532-Editar.jpg\",\"datePublished\":\"2023-08-30T05:51:57+00:00\",\"dateModified\":\"2023-10-07T10:03:48+00:00\",\"breadcrumb\":{\"@id\":\"https:\\\/\\\/campobadajoz.es\\\/ja\\\/producto\\\/jamon-bellota-100-iberico-d-o\\\/#breadcrumb\"},\"inLanguage\":\"ja\",\"potentialAction\":[{\"@type\":\"ReadAction\",\"target\":[\"https:\\\/\\\/campobadajoz.es\\\/ja\\\/producto\\\/jamon-bellota-100-iberico-d-o\\\/\"]}]},{\"@type\":\"ImageObject\",\"inLanguage\":\"ja\",\"@id\":\"https:\\\/\\\/campobadajoz.es\\\/ja\\\/producto\\\/jamon-bellota-100-iberico-d-o\\\/#primaryimage\",\"url\":\"https:\\\/\\\/campobadajoz.es\\\/wp-content\\\/uploads\\\/2023\\\/08\\\/RLF3532-Editar.jpg\",\"contentUrl\":\"https:\\\/\\\/campobadajoz.es\\\/wp-content\\\/uploads\\\/2023\\\/08\\\/RLF3532-Editar.jpg\",\"width\":1575,\"height\":2362,\"caption\":\"Jamon Iberico 100%\"},{\"@type\":\"BreadcrumbList\",\"@id\":\"https:\\\/\\\/campobadajoz.es\\\/ja\\\/producto\\\/jamon-bellota-100-iberico-d-o\\\/#breadcrumb\",\"itemListElement\":[{\"@type\":\"ListItem\",\"position\":1,\"name\":\"Portada\",\"item\":\"https:\\\/\\\/campobadajoz.es\\\/ja\\\/\"},{\"@type\":\"ListItem\",\"position\":2,\"name\":\"\u5546\u54c1\",\"item\":\"https:\\\/\\\/campobadajoz.es\\\/ja\\\/shop\\\/\"},{\"@type\":\"ListItem\",\"position\":3,\"name\":\"JAM\u00d3N BELLOTA 100% IB\u00c9RICO D.O.\"}]},{\"@type\":\"WebSite\",\"@id\":\"https:\\\/\\\/campobadajoz.es\\\/ja\\\/#website\",\"url\":\"https:\\\/\\\/campobadajoz.es\\\/ja\\\/\",\"name\":\"Campo Badajoz\",\"description\":\"Productos ib\u00e9ricos de calidad\",\"publisher\":{\"@id\":\"https:\\\/\\\/campobadajoz.es\\\/ja\\\/#organization\"},\"potentialAction\":[{\"@type\":\"SearchAction\",\"target\":{\"@type\":\"EntryPoint\",\"urlTemplate\":\"https:\\\/\\\/campobadajoz.es\\\/ja\\\/?s={search_term_string}\"},\"query-input\":{\"@type\":\"PropertyValueSpecification\",\"valueRequired\":true,\"valueName\":\"search_term_string\"}}],\"inLanguage\":\"ja\"},{\"@type\":\"Organization\",\"@id\":\"https:\\\/\\\/campobadajoz.es\\\/ja\\\/#organization\",\"name\":\"Campo Badajoz\",\"url\":\"https:\\\/\\\/campobadajoz.es\\\/ja\\\/\",\"logo\":{\"@type\":\"ImageObject\",\"inLanguage\":\"ja\",\"@id\":\"https:\\\/\\\/campobadajoz.es\\\/ja\\\/#\\\/schema\\\/logo\\\/image\\\/\",\"url\":\"https:\\\/\\\/campobadajoz.es\\\/wp-content\\\/uploads\\\/2023\\\/05\\\/logo_blanco_png-1.webp\",\"contentUrl\":\"https:\\\/\\\/campobadajoz.es\\\/wp-content\\\/uploads\\\/2023\\\/05\\\/logo_blanco_png-1.webp\",\"width\":800,\"height\":800,\"caption\":\"Campo Badajoz\"},\"image\":{\"@id\":\"https:\\\/\\\/campobadajoz.es\\\/ja\\\/#\\\/schema\\\/logo\\\/image\\\/\"},\"sameAs\":[\"https:\\\/\\\/www.facebook.com\\\/campobadajoz.ibericodecampo\\\/\",\"https:\\\/\\\/x.com\\\/jamonibericos\",\"https:\\\/\\\/www.linkedin.com\\\/company\\\/campo-&-badajoz\\\/about\\\/\",\"https:\\\/\\\/www.instagram.com\\\/campobadajoz\\\/\"]}]}<\/script>\n<!-- \/ Yoast SEO plugin. -->","yoast_head_json":{"title":"JAM\u00d3N BELLOTA 100% IB\u00c9RICO D.O. - Campo Badajoz","robots":{"index":"index","follow":"follow","max-snippet":"max-snippet:-1","max-image-preview":"max-image-preview:large","max-video-preview":"max-video-preview:-1"},"canonical":"https:\/\/campobadajoz.es\/ja\/producto\/jamon-bellota-100-iberico-d-o\/","og_locale":"ja_JP","og_type":"article","og_title":"JAM\u00d3N BELLOTA 100% IB\u00c9RICO D.O. - Campo Badajoz","og_description":"Nuestro Jam\u00f3n de Bellota 100% Ib\u00e9rico D.O. Extremadura cuenta con todas las garant\u00edas de la reconocida Denominaci\u00f3n de Origen Jam\u00f3n de Extremadura. Una gran elecci\u00f3n para los paladares que buscan un sabor \u00fanico, proveniente de las mejores dehesas de nuestra regi\u00f3n.","og_url":"https:\/\/campobadajoz.es\/ja\/producto\/jamon-bellota-100-iberico-d-o\/","og_site_name":"Campo Badajoz","article_publisher":"https:\/\/www.facebook.com\/campobadajoz.ibericodecampo\/","article_modified_time":"2023-10-07T10:03:48+00:00","og_image":[{"width":1575,"height":2362,"url":"https:\/\/campobadajoz.es\/wp-content\/uploads\/2023\/08\/RLF3532-Editar.jpg","type":"image\/jpeg"}],"twitter_card":"summary_large_image","twitter_site":"@jamonibericos","schema":{"@context":"https:\/\/schema.org","@graph":[{"@type":"WebPage","@id":"https:\/\/campobadajoz.es\/ja\/producto\/jamon-bellota-100-iberico-d-o\/","url":"https:\/\/campobadajoz.es\/ja\/producto\/jamon-bellota-100-iberico-d-o\/","name":"JAM\u00d3N BELLOTA 100% IB\u00c9RICO D.O. - Campo Badajoz","isPartOf":{"@id":"https:\/\/campobadajoz.es\/ja\/#website"},"primaryImageOfPage":{"@id":"https:\/\/campobadajoz.es\/ja\/producto\/jamon-bellota-100-iberico-d-o\/#primaryimage"},"image":{"@id":"https:\/\/campobadajoz.es\/ja\/producto\/jamon-bellota-100-iberico-d-o\/#primaryimage"},"thumbnailUrl":"https:\/\/campobadajoz.es\/wp-content\/uploads\/2023\/08\/RLF3532-Editar.jpg","datePublished":"2023-08-30T05:51:57+00:00","dateModified":"2023-10-07T10:03:48+00:00","breadcrumb":{"@id":"https:\/\/campobadajoz.es\/ja\/producto\/jamon-bellota-100-iberico-d-o\/#breadcrumb"},"inLanguage":"ja","potentialAction":[{"@type":"ReadAction","target":["https:\/\/campobadajoz.es\/ja\/producto\/jamon-bellota-100-iberico-d-o\/"]}]},{"@type":"ImageObject","inLanguage":"ja","@id":"https:\/\/campobadajoz.es\/ja\/producto\/jamon-bellota-100-iberico-d-o\/#primaryimage","url":"https:\/\/campobadajoz.es\/wp-content\/uploads\/2023\/08\/RLF3532-Editar.jpg","contentUrl":"https:\/\/campobadajoz.es\/wp-content\/uploads\/2023\/08\/RLF3532-Editar.jpg","width":1575,"height":2362,"caption":"Jamon Iberico 100%"},{"@type":"BreadcrumbList","@id":"https:\/\/campobadajoz.es\/ja\/producto\/jamon-bellota-100-iberico-d-o\/#breadcrumb","itemListElement":[{"@type":"ListItem","position":1,"name":"Portada","item":"https:\/\/campobadajoz.es\/ja\/"},{"@type":"ListItem","position":2,"name":"\u5546\u54c1","item":"https:\/\/campobadajoz.es\/ja\/shop\/"},{"@type":"ListItem","position":3,"name":"JAM\u00d3N BELLOTA 100% IB\u00c9RICO D.O."}]},{"@type":"WebSite","@id":"https:\/\/campobadajoz.es\/ja\/#website","url":"https:\/\/campobadajoz.es\/ja\/","name":"Campo Badajoz","description":"Productos ib\u00e9ricos de calidad","publisher":{"@id":"https:\/\/campobadajoz.es\/ja\/#organization"},"potentialAction":[{"@type":"SearchAction","target":{"@type":"EntryPoint","urlTemplate":"https:\/\/campobadajoz.es\/ja\/?s={search_term_string}"},"query-input":{"@type":"PropertyValueSpecification","valueRequired":true,"valueName":"search_term_string"}}],"inLanguage":"ja"},{"@type":"Organization","@id":"https:\/\/campobadajoz.es\/ja\/#organization","name":"Campo Badajoz","url":"https:\/\/campobadajoz.es\/ja\/","logo":{"@type":"ImageObject","inLanguage":"ja","@id":"https:\/\/campobadajoz.es\/ja\/#\/schema\/logo\/image\/","url":"https:\/\/campobadajoz.es\/wp-content\/uploads\/2023\/05\/logo_blanco_png-1.webp","contentUrl":"https:\/\/campobadajoz.es\/wp-content\/uploads\/2023\/05\/logo_blanco_png-1.webp","width":800,"height":800,"caption":"Campo Badajoz"},"image":{"@id":"https:\/\/campobadajoz.es\/ja\/#\/schema\/logo\/image\/"},"sameAs":["https:\/\/www.facebook.com\/campobadajoz.ibericodecampo\/","https:\/\/x.com\/jamonibericos","https:\/\/www.linkedin.com\/company\/campo-&-badajoz\/about\/","https:\/\/www.instagram.com\/campobadajoz\/"]}]}},"_links":{"self":[{"href":"https:\/\/campobadajoz.es\/ja\/wp-json\/wp\/v2\/product\/3797","targetHints":{"allow":["GET"]}}],"collection":[{"href":"https:\/\/campobadajoz.es\/ja\/wp-json\/wp\/v2\/product"}],"about":[{"href":"https:\/\/campobadajoz.es\/ja\/wp-json\/wp\/v2\/types\/product"}],"replies":[{"embeddable":true,"href":"https:\/\/campobadajoz.es\/ja\/wp-json\/wp\/v2\/comments?post=3797"}],"version-history":[{"count":1,"href":"https:\/\/campobadajoz.es\/ja\/wp-json\/wp\/v2\/product\/3797\/revisions"}],"predecessor-version":[{"id":6692,"href":"https:\/\/campobadajoz.es\/ja\/wp-json\/wp\/v2\/product\/3797\/revisions\/6692"}],"wp:featuredmedia":[{"embeddable":true,"href":"https:\/\/campobadajoz.es\/ja\/wp-json\/wp\/v2\/media\/6371"}],"wp:attachment":[{"href":"https:\/\/campobadajoz.es\/ja\/wp-json\/wp\/v2\/media?parent=3797"}],"wp:term":[{"taxonomy":"product_brand","embeddable":true,"href":"https:\/\/campobadajoz.es\/ja\/wp-json\/wp\/v2\/product_brand?post=3797"},{"taxonomy":"product_cat","embeddable":true,"href":"https:\/\/campobadajoz.es\/ja\/wp-json\/wp\/v2\/product_cat?post=3797"},{"taxonomy":"product_tag","embeddable":true,"href":"https:\/\/campobadajoz.es\/ja\/wp-json\/wp\/v2\/product_tag?post=3797"}],"curies":[{"name":"wp","href":"https:\/\/api.w.org\/{rel}","templated":true}]}}