{"id":3924,"date":"2023-08-30T06:57:32","date_gmt":"2023-08-30T06:57:32","guid":{"rendered":"https:\/\/campobadajoz.es\/producto\/jamon-bellota-100-iberico-deshuesado\/"},"modified":"2023-10-25T12:03:00","modified_gmt":"2023-10-25T12:03:00","slug":"jamon-bellota-100-iberico-deshuesado","status":"publish","type":"product","link":"https:\/\/campobadajoz.es\/ja\/producto\/jamon-bellota-100-iberico-deshuesado\/","title":{"rendered":"JAM\u00d3N BELLOTA 100% IB\u00c9RICO DESHUESADO"},"content":{"rendered":"<p>\u30a4\u30d9\u30ea\u30b3\u8c5a\u306e\u30dc\u30f3\u30ec\u30b9\u30cf\u30e0\u306f\u3001\u4e00\u5207\u308c\u4e00\u5207\u308c\u304c\u4e94\u611f\u3092\u697d\u3057\u307e\u305b\u3066\u304f\u308c\u308b\u3002 \u305d\u306e\u6df1\u3044\u8d64\u8272\u3068\u6d78\u900f\u3057\u305f\u8102\u80aa\u306e\u971c\u964d\u308a\u306f\u3001\u72ec\u7279\u306e\u5473\u899a\u3092\u4fdd\u8a3c\u3059\u308b\u3002 \u4e00\u53e3\u98f2\u3080\u3054\u3068\u306b\u3001\u30bd\u30d5\u30c8\u3067\u6df1\u307f\u306e\u3042\u308b\u98a8\u5473\u3068\u3001\u7518\u304f\u9999\u3070\u3057\u3044\u30ce\u30fc\u30c8\u306e\u7d44\u307f\u5408\u308f\u305b\u304c\u53e3\u306e\u4e2d\u3067\u3086\u3063\u304f\u308a\u3068\u89e3\u304d\u653e\u305f\u308c\u308b\u3002<\/p>\n<p>\u3053\u306e\u30a4\u30d9\u30ea\u30b3\u8c5a\u306e\u30dc\u30f3\u30ec\u30b9\u30cf\u30e0\u306f\u3001\u3069\u3093\u306a\u30b7\u30fc\u30f3\u306b\u3082\u3074\u3063\u305f\u308a\u3002 \u30b7\u30e3\u30eb\u30ad\u30e5\u30c8\u30ea\u30fc\u30dc\u30fc\u30c9\u306e\u4e00\u90e8\u3068\u3057\u3066\u3001\u30b0\u30eb\u30e1\u30b5\u30f3\u30c9\u30a4\u30c3\u30c1\u306b\u3001\u3042\u308b\u3044\u306f\u9ad8\u7d1a\u6599\u7406\u306e\u4e3b\u5f79\u3068\u3057\u3066\u697d\u3057\u3080\u3053\u3068\u304c\u3067\u304d\u308b\u3002 \u305d\u306e\u591a\u7528\u9014\u6027\u306b\u3088\u308a\u3001\u6599\u7406\u306e\u5275\u9020\u6027\u3092\u81ea\u7531\u306b\u767a\u63ee\u3057\u3001\u7f8e\u5473\u3057\u3044\u6599\u7406\u3067\u30b2\u30b9\u30c8\u3092\u9a5a\u304b\u305b\u308b\u3053\u3068\u304c\u3067\u304d\u307e\u3059\u3002<\/p>\n<p>\u30a4\u30d9\u30ea\u30b3\u8c5a\u306e\u751f\u30cf\u30e0\u3092\u9aa8\u629c\u304d\u306b\u3059\u308b\u4f5c\u696d\u306b\u306f\u3001\u719f\u7df4\u3057\u305f\u6280\u8853\u3068\u6b63\u78ba\u3055\u304c\u8981\u6c42\u3055\u308c\u308b\u304c\u3001\u5f53\u5e97\u306e\u719f\u7df4\u3057\u305f\u751f\u30cf\u30e0\u8077\u4eba\u306f\u3001\u7d30\u5fc3\u306e\u6ce8\u610f\u3092\u6255\u3044\u3001\u88fd\u54c1\u306e\u54c1\u8cea\u306b\u656c\u610f\u3092\u6255\u3044\u306a\u304c\u3089\u3001\u3053\u306e\u4f5c\u696d\u3092\u884c\u3046\u8cac\u4efb\u3092\u8ca0\u3063\u3066\u3044\u308b\u3002 \u5404\u30b9\u30e9\u30a4\u30b9\u306f\u771f\u7a7a\u30d1\u30c3\u30af\u3055\u308c\u3001\u9bae\u5ea6\u304c\u4fdd\u8a3c\u3055\u308c\u3001\u3059\u3079\u3066\u306e\u6709\u6a5f\u7684\u54c1\u8cea\u304c\u4fdd\u6301\u3055\u308c\u308b\u3002<\/p>\n<p>\u30a4\u30d9\u30ea\u30b3\u8c5a\u306e\u30dc\u30f3\u30ec\u30b9\u30cf\u30e0\u306e\u7d20\u6674\u3089\u3057\u3055\u3092\u77e5\u308a\u3001\u30e6\u30cb\u30fc\u30af\u306a\u30b0\u30eb\u30e1\u4f53\u9a13\u306b\u6d78\u3063\u3066\u304f\u3060\u3055\u3044\u3002 \u305d\u306e\u5353\u8d8a\u3057\u305f\u98a8\u5473\u3068\u7e4a\u7d30\u306a\u820c\u89e6\u308a\u3092\u582a\u80fd\u3057\u3001\u30b9\u30da\u30a4\u30f3\u7f8e\u98df\u306e\u81f3\u5b9d\u306e\u3072\u3068\u3064\u306b\u9b45\u4e86\u3055\u308c\u3088\u3046\u3002<\/p>\n","protected":false},"excerpt":{"rendered":"<h3 style=\"text-align: justify;\"><span style=\"font-family: 'times new roman', times, serif; font-size: 12pt;\"><em>Nuestro <strong>Jam\u00f3n de Bellota 100%<\/strong> es un verdadero tesoro culinario. <strong>Pieza deshuesada<\/strong> completa para un m\u00e1ximo rendimiento y f\u00e1cil almacenaje.<\/em><\/span><\/h3>\n","protected":false},"featured_media":6391,"comment_status":"open","ping_status":"closed","template":"","meta":{"_acf_changed":false},"product_brand":[],"product_cat":[427],"product_tag":[],"class_list":{"0":"post-3924","1":"product","2":"type-product","3":"status-publish","4":"has-post-thumbnail","6":"product_cat-jamon-y-paleta-sin-hueso-ja","8":"first","9":"instock","10":"taxable","11":"shipping-taxable","12":"product-type-simple"},"acf":[],"yoast_head":"<!-- This site is optimized with the Yoast SEO plugin v27.4 - https:\/\/yoast.com\/product\/yoast-seo-wordpress\/ -->\n<title>JAM\u00d3N BELLOTA 100% IB\u00c9RICO DESHUESADO - Campo Badajoz<\/title>\n<meta name=\"robots\" content=\"index, follow, max-snippet:-1, max-image-preview:large, max-video-preview:-1\" \/>\n<link rel=\"canonical\" href=\"https:\/\/campobadajoz.es\/ja\/producto\/jamon-bellota-100-iberico-deshuesado\/\" \/>\n<meta property=\"og:locale\" content=\"ja_JP\" \/>\n<meta property=\"og:type\" content=\"article\" \/>\n<meta property=\"og:title\" content=\"JAM\u00d3N BELLOTA 100% IB\u00c9RICO DESHUESADO - Campo Badajoz\" \/>\n<meta property=\"og:description\" content=\"Nuestro Jam\u00f3n de Bellota 100% es un verdadero tesoro culinario. Pieza deshuesada completa para un m\u00e1ximo rendimiento y f\u00e1cil almacenaje.\" \/>\n<meta property=\"og:url\" content=\"https:\/\/campobadajoz.es\/ja\/producto\/jamon-bellota-100-iberico-deshuesado\/\" \/>\n<meta property=\"og:site_name\" content=\"Campo Badajoz\" \/>\n<meta property=\"article:publisher\" content=\"https:\/\/www.facebook.com\/campobadajoz.ibericodecampo\/\" \/>\n<meta property=\"article:modified_time\" content=\"2023-10-25T12:03:00+00:00\" \/>\n<meta property=\"og:image\" content=\"https:\/\/campobadajoz.es\/wp-content\/uploads\/2023\/08\/Diseno-sin-titulo-2.jpg\" \/>\n\t<meta property=\"og:image:width\" content=\"1080\" \/>\n\t<meta property=\"og:image:height\" content=\"1080\" \/>\n\t<meta property=\"og:image:type\" content=\"image\/jpeg\" \/>\n<meta name=\"twitter:card\" content=\"summary_large_image\" \/>\n<meta name=\"twitter:site\" content=\"@jamonibericos\" \/>\n<script type=\"application\/ld+json\" class=\"yoast-schema-graph\">{\"@context\":\"https:\\\/\\\/schema.org\",\"@graph\":[{\"@type\":\"WebPage\",\"@id\":\"https:\\\/\\\/campobadajoz.es\\\/ja\\\/producto\\\/jamon-bellota-100-iberico-deshuesado\\\/\",\"url\":\"https:\\\/\\\/campobadajoz.es\\\/ja\\\/producto\\\/jamon-bellota-100-iberico-deshuesado\\\/\",\"name\":\"JAM\u00d3N BELLOTA 100% IB\u00c9RICO DESHUESADO - Campo Badajoz\",\"isPartOf\":{\"@id\":\"https:\\\/\\\/campobadajoz.es\\\/ja\\\/#website\"},\"primaryImageOfPage\":{\"@id\":\"https:\\\/\\\/campobadajoz.es\\\/ja\\\/producto\\\/jamon-bellota-100-iberico-deshuesado\\\/#primaryimage\"},\"image\":{\"@id\":\"https:\\\/\\\/campobadajoz.es\\\/ja\\\/producto\\\/jamon-bellota-100-iberico-deshuesado\\\/#primaryimage\"},\"thumbnailUrl\":\"https:\\\/\\\/campobadajoz.es\\\/wp-content\\\/uploads\\\/2023\\\/08\\\/Diseno-sin-titulo-2.jpg\",\"datePublished\":\"2023-08-30T06:57:32+00:00\",\"dateModified\":\"2023-10-25T12:03:00+00:00\",\"breadcrumb\":{\"@id\":\"https:\\\/\\\/campobadajoz.es\\\/ja\\\/producto\\\/jamon-bellota-100-iberico-deshuesado\\\/#breadcrumb\"},\"inLanguage\":\"ja\",\"potentialAction\":[{\"@type\":\"ReadAction\",\"target\":[\"https:\\\/\\\/campobadajoz.es\\\/ja\\\/producto\\\/jamon-bellota-100-iberico-deshuesado\\\/\"]}]},{\"@type\":\"ImageObject\",\"inLanguage\":\"ja\",\"@id\":\"https:\\\/\\\/campobadajoz.es\\\/ja\\\/producto\\\/jamon-bellota-100-iberico-deshuesado\\\/#primaryimage\",\"url\":\"https:\\\/\\\/campobadajoz.es\\\/wp-content\\\/uploads\\\/2023\\\/08\\\/Diseno-sin-titulo-2.jpg\",\"contentUrl\":\"https:\\\/\\\/campobadajoz.es\\\/wp-content\\\/uploads\\\/2023\\\/08\\\/Diseno-sin-titulo-2.jpg\",\"width\":1080,\"height\":1080,\"caption\":\"Jam\u00f3n Ib\u00e9rico Bellota 100% Deshuesado\"},{\"@type\":\"BreadcrumbList\",\"@id\":\"https:\\\/\\\/campobadajoz.es\\\/ja\\\/producto\\\/jamon-bellota-100-iberico-deshuesado\\\/#breadcrumb\",\"itemListElement\":[{\"@type\":\"ListItem\",\"position\":1,\"name\":\"Portada\",\"item\":\"https:\\\/\\\/campobadajoz.es\\\/ja\\\/\"},{\"@type\":\"ListItem\",\"position\":2,\"name\":\"\u5546\u54c1\",\"item\":\"https:\\\/\\\/campobadajoz.es\\\/ja\\\/shop\\\/\"},{\"@type\":\"ListItem\",\"position\":3,\"name\":\"JAM\u00d3N BELLOTA 100% IB\u00c9RICO DESHUESADO\"}]},{\"@type\":\"WebSite\",\"@id\":\"https:\\\/\\\/campobadajoz.es\\\/ja\\\/#website\",\"url\":\"https:\\\/\\\/campobadajoz.es\\\/ja\\\/\",\"name\":\"Campo Badajoz\",\"description\":\"Productos ib\u00e9ricos de calidad\",\"publisher\":{\"@id\":\"https:\\\/\\\/campobadajoz.es\\\/ja\\\/#organization\"},\"potentialAction\":[{\"@type\":\"SearchAction\",\"target\":{\"@type\":\"EntryPoint\",\"urlTemplate\":\"https:\\\/\\\/campobadajoz.es\\\/ja\\\/?s={search_term_string}\"},\"query-input\":{\"@type\":\"PropertyValueSpecification\",\"valueRequired\":true,\"valueName\":\"search_term_string\"}}],\"inLanguage\":\"ja\"},{\"@type\":\"Organization\",\"@id\":\"https:\\\/\\\/campobadajoz.es\\\/ja\\\/#organization\",\"name\":\"Campo Badajoz\",\"url\":\"https:\\\/\\\/campobadajoz.es\\\/ja\\\/\",\"logo\":{\"@type\":\"ImageObject\",\"inLanguage\":\"ja\",\"@id\":\"https:\\\/\\\/campobadajoz.es\\\/ja\\\/#\\\/schema\\\/logo\\\/image\\\/\",\"url\":\"https:\\\/\\\/campobadajoz.es\\\/wp-content\\\/uploads\\\/2023\\\/05\\\/logo_blanco_png-1.webp\",\"contentUrl\":\"https:\\\/\\\/campobadajoz.es\\\/wp-content\\\/uploads\\\/2023\\\/05\\\/logo_blanco_png-1.webp\",\"width\":800,\"height\":800,\"caption\":\"Campo Badajoz\"},\"image\":{\"@id\":\"https:\\\/\\\/campobadajoz.es\\\/ja\\\/#\\\/schema\\\/logo\\\/image\\\/\"},\"sameAs\":[\"https:\\\/\\\/www.facebook.com\\\/campobadajoz.ibericodecampo\\\/\",\"https:\\\/\\\/x.com\\\/jamonibericos\",\"https:\\\/\\\/www.linkedin.com\\\/company\\\/campo-&-badajoz\\\/about\\\/\",\"https:\\\/\\\/www.instagram.com\\\/campobadajoz\\\/\"]}]}<\/script>\n<!-- \/ Yoast SEO plugin. -->","yoast_head_json":{"title":"JAM\u00d3N BELLOTA 100% IB\u00c9RICO DESHUESADO - Campo Badajoz","robots":{"index":"index","follow":"follow","max-snippet":"max-snippet:-1","max-image-preview":"max-image-preview:large","max-video-preview":"max-video-preview:-1"},"canonical":"https:\/\/campobadajoz.es\/ja\/producto\/jamon-bellota-100-iberico-deshuesado\/","og_locale":"ja_JP","og_type":"article","og_title":"JAM\u00d3N BELLOTA 100% IB\u00c9RICO DESHUESADO - Campo Badajoz","og_description":"Nuestro Jam\u00f3n de Bellota 100% es un verdadero tesoro culinario. Pieza deshuesada completa para un m\u00e1ximo rendimiento y f\u00e1cil almacenaje.","og_url":"https:\/\/campobadajoz.es\/ja\/producto\/jamon-bellota-100-iberico-deshuesado\/","og_site_name":"Campo Badajoz","article_publisher":"https:\/\/www.facebook.com\/campobadajoz.ibericodecampo\/","article_modified_time":"2023-10-25T12:03:00+00:00","og_image":[{"width":1080,"height":1080,"url":"https:\/\/campobadajoz.es\/wp-content\/uploads\/2023\/08\/Diseno-sin-titulo-2.jpg","type":"image\/jpeg"}],"twitter_card":"summary_large_image","twitter_site":"@jamonibericos","schema":{"@context":"https:\/\/schema.org","@graph":[{"@type":"WebPage","@id":"https:\/\/campobadajoz.es\/ja\/producto\/jamon-bellota-100-iberico-deshuesado\/","url":"https:\/\/campobadajoz.es\/ja\/producto\/jamon-bellota-100-iberico-deshuesado\/","name":"JAM\u00d3N BELLOTA 100% IB\u00c9RICO DESHUESADO - Campo Badajoz","isPartOf":{"@id":"https:\/\/campobadajoz.es\/ja\/#website"},"primaryImageOfPage":{"@id":"https:\/\/campobadajoz.es\/ja\/producto\/jamon-bellota-100-iberico-deshuesado\/#primaryimage"},"image":{"@id":"https:\/\/campobadajoz.es\/ja\/producto\/jamon-bellota-100-iberico-deshuesado\/#primaryimage"},"thumbnailUrl":"https:\/\/campobadajoz.es\/wp-content\/uploads\/2023\/08\/Diseno-sin-titulo-2.jpg","datePublished":"2023-08-30T06:57:32+00:00","dateModified":"2023-10-25T12:03:00+00:00","breadcrumb":{"@id":"https:\/\/campobadajoz.es\/ja\/producto\/jamon-bellota-100-iberico-deshuesado\/#breadcrumb"},"inLanguage":"ja","potentialAction":[{"@type":"ReadAction","target":["https:\/\/campobadajoz.es\/ja\/producto\/jamon-bellota-100-iberico-deshuesado\/"]}]},{"@type":"ImageObject","inLanguage":"ja","@id":"https:\/\/campobadajoz.es\/ja\/producto\/jamon-bellota-100-iberico-deshuesado\/#primaryimage","url":"https:\/\/campobadajoz.es\/wp-content\/uploads\/2023\/08\/Diseno-sin-titulo-2.jpg","contentUrl":"https:\/\/campobadajoz.es\/wp-content\/uploads\/2023\/08\/Diseno-sin-titulo-2.jpg","width":1080,"height":1080,"caption":"Jam\u00f3n Ib\u00e9rico Bellota 100% Deshuesado"},{"@type":"BreadcrumbList","@id":"https:\/\/campobadajoz.es\/ja\/producto\/jamon-bellota-100-iberico-deshuesado\/#breadcrumb","itemListElement":[{"@type":"ListItem","position":1,"name":"Portada","item":"https:\/\/campobadajoz.es\/ja\/"},{"@type":"ListItem","position":2,"name":"\u5546\u54c1","item":"https:\/\/campobadajoz.es\/ja\/shop\/"},{"@type":"ListItem","position":3,"name":"JAM\u00d3N BELLOTA 100% IB\u00c9RICO DESHUESADO"}]},{"@type":"WebSite","@id":"https:\/\/campobadajoz.es\/ja\/#website","url":"https:\/\/campobadajoz.es\/ja\/","name":"Campo Badajoz","description":"Productos ib\u00e9ricos de calidad","publisher":{"@id":"https:\/\/campobadajoz.es\/ja\/#organization"},"potentialAction":[{"@type":"SearchAction","target":{"@type":"EntryPoint","urlTemplate":"https:\/\/campobadajoz.es\/ja\/?s={search_term_string}"},"query-input":{"@type":"PropertyValueSpecification","valueRequired":true,"valueName":"search_term_string"}}],"inLanguage":"ja"},{"@type":"Organization","@id":"https:\/\/campobadajoz.es\/ja\/#organization","name":"Campo Badajoz","url":"https:\/\/campobadajoz.es\/ja\/","logo":{"@type":"ImageObject","inLanguage":"ja","@id":"https:\/\/campobadajoz.es\/ja\/#\/schema\/logo\/image\/","url":"https:\/\/campobadajoz.es\/wp-content\/uploads\/2023\/05\/logo_blanco_png-1.webp","contentUrl":"https:\/\/campobadajoz.es\/wp-content\/uploads\/2023\/05\/logo_blanco_png-1.webp","width":800,"height":800,"caption":"Campo Badajoz"},"image":{"@id":"https:\/\/campobadajoz.es\/ja\/#\/schema\/logo\/image\/"},"sameAs":["https:\/\/www.facebook.com\/campobadajoz.ibericodecampo\/","https:\/\/x.com\/jamonibericos","https:\/\/www.linkedin.com\/company\/campo-&-badajoz\/about\/","https:\/\/www.instagram.com\/campobadajoz\/"]}]}},"_links":{"self":[{"href":"https:\/\/campobadajoz.es\/ja\/wp-json\/wp\/v2\/product\/3924","targetHints":{"allow":["GET"]}}],"collection":[{"href":"https:\/\/campobadajoz.es\/ja\/wp-json\/wp\/v2\/product"}],"about":[{"href":"https:\/\/campobadajoz.es\/ja\/wp-json\/wp\/v2\/types\/product"}],"replies":[{"embeddable":true,"href":"https:\/\/campobadajoz.es\/ja\/wp-json\/wp\/v2\/comments?post=3924"}],"version-history":[{"count":1,"href":"https:\/\/campobadajoz.es\/ja\/wp-json\/wp\/v2\/product\/3924\/revisions"}],"predecessor-version":[{"id":6957,"href":"https:\/\/campobadajoz.es\/ja\/wp-json\/wp\/v2\/product\/3924\/revisions\/6957"}],"wp:featuredmedia":[{"embeddable":true,"href":"https:\/\/campobadajoz.es\/ja\/wp-json\/wp\/v2\/media\/6391"}],"wp:attachment":[{"href":"https:\/\/campobadajoz.es\/ja\/wp-json\/wp\/v2\/media?parent=3924"}],"wp:term":[{"taxonomy":"product_brand","embeddable":true,"href":"https:\/\/campobadajoz.es\/ja\/wp-json\/wp\/v2\/product_brand?post=3924"},{"taxonomy":"product_cat","embeddable":true,"href":"https:\/\/campobadajoz.es\/ja\/wp-json\/wp\/v2\/product_cat?post=3924"},{"taxonomy":"product_tag","embeddable":true,"href":"https:\/\/campobadajoz.es\/ja\/wp-json\/wp\/v2\/product_tag?post=3924"}],"curies":[{"name":"wp","href":"https:\/\/api.w.org\/{rel}","templated":true}]}}