{"id":2778,"date":"2023-05-12T07:16:24","date_gmt":"2023-05-12T07:16:24","guid":{"rendered":"https:\/\/campobadajoz.es\/politica-de-devolucao-e-reembolso\/"},"modified":"2023-08-01T05:39:30","modified_gmt":"2023-08-01T05:39:30","slug":"politica-de-devolucao-e-reembolso","status":"publish","type":"page","link":"https:\/\/campobadajoz.es\/pt-br\/politica-de-devolucao-e-reembolso\/","title":{"rendered":"Pol\u00edtica de devolu\u00e7\u00e3o e reembolso"},"content":{"rendered":"&#13;\n<h2><strong>Informaci\u00f3n general<\/strong><\/h2>&#13;\n<p>A nossa pol\u00edtica de reembolso e devolu\u00e7\u00e3o tem uma dura\u00e7\u00e3o de 30 dias. Se tiverem passado 30 dias ap\u00f3s a compra, n\u00e3o podemos oferecer-lhe um reembolso total ou uma troca.<\/p>&#13;\n<p>Para ser eleg\u00edvel para uma devolu\u00e7\u00e3o, o artigo n\u00e3o deve ser utilizado e deve estar nas mesmas condi\u00e7\u00f5es em que o recebeu. Al\u00e9m disso, deve estar na sua embalagem original.<\/p>&#13;\n<p>Existem v\u00e1rios tipos de produtos que n\u00e3o podem ser devolvidos. Os bens perec\u00edveis, tais como alimentos, flores, jornais ou revistas, n\u00e3o podem ser devolvidos. Tamb\u00e9m n\u00e3o aceitamos produtos \u00edntimos ou sanit\u00e1rios, materiais perigosos ou l\u00edquidos ou gases inflam\u00e1veis.<\/p>&#13;\n<p><strong>Artigos adicionais n\u00e3o recuper\u00e1veis:<\/strong><\/p>&#13;\n<p>Cart\u00f5es de oferta<br\/>Produtos de software descarreg\u00e1veis<br\/>Alguns artigos de sa\u00fade e de cuidados pessoais<\/p>&#13;\n<p>Para efetuar a sua devolu\u00e7\u00e3o, necessitamos de um recibo ou prova de compra.<\/p>&#13;\n<p>N\u00e3o envie a sua compra para o fabricante.<\/p>&#13;\n<p><strong>Em determinadas situa\u00e7\u00f5es, s\u00f3 s\u00e3o concedidos reembolsos parciais:<\/strong><\/p>&#13;\n<p>Livro com sinais evidentes de utiliza\u00e7\u00e3o<br\/>CD, DVD, fita VHS, software, jogo de v\u00eddeo, cassete ou disco de vinil que tenha sido aberto.<br\/>Qualquer artigo que n\u00e3o esteja no seu estado original, que esteja danificado ou que faltem pe\u00e7as por raz\u00f5es que n\u00e3o se devam a um erro nosso.<br\/>Qualquer artigo que seja devolvido mais de 30 dias ap\u00f3s a entrega<\/p>&#13;\n&#13;\n<h2>Devoluciones<\/h2>&#13;\n<p>Assim que tivermos recebido e inspeccionado a sua devolu\u00e7\u00e3o, enviar-lhe-emos um e-mail para o notificar de que recebemos o seu artigo devolvido. Tamb\u00e9m o notificaremos da aprova\u00e7\u00e3o ou rejei\u00e7\u00e3o do seu reembolso.<\/p>&#13;\n<p>Se for aprovado, o reembolso ser\u00e1 processado e um cr\u00e9dito ser\u00e1 automaticamente aplicado ao seu cart\u00e3o de cr\u00e9dito ou m\u00e9todo de pagamento original dentro de um determinado n\u00famero de dias.<\/p>&#13;\n<p>Reembolsos em atraso ou n\u00e3o recebidos<\/p>&#13;\n<p>Se ainda n\u00e3o recebeu o seu reembolso, verifique primeiro a sua conta banc\u00e1ria.<\/p>&#13;\n<p>Em seguida, contacte a empresa do seu cart\u00e3o de cr\u00e9dito.<\/p>&#13;\n<p>Em seguida, contacte o seu banco. \u00c9 frequente demorar algum tempo at\u00e9 que o reembolso seja contabilizado.<\/p>&#13;\n<p>Se tiver feito tudo isto e ainda n\u00e3o tiver recebido o seu reembolso, contacte-nos atrav\u00e9s de <a href=\"mailto:campobadajoz@campobadajoz.com\"><span class=\"elementor-icon-list-text\">campobadajoz@campobadajoz.com<\/span><\/a>.<\/p>&#13;\n<p>Artigos em oferta<\/p>&#13;\n<p>Apenas os artigos de pre\u00e7o normal ser\u00e3o reembolsados. Os artigos em oferta n\u00e3o s\u00e3o reembols\u00e1veis.<\/p>&#13;\n&#13;\n<h2>Cambios<\/h2>&#13;\n<p>S\u00f3 trocamos artigos se estiverem defeituosos ou danificados. Se precisar de o trocar pelo mesmo artigo, envie-nos um e-mail para <a href=\"mailto:campobadajoz@campobadajoz.com\"><span class=\"elementor-icon-list-text\">campobadajoz@campobadajoz.com<\/span><\/a> e envie o seu artigo para: Pol. Ind. Los Ca\u00f1os 06300 Zafra, Badajoz.<\/p>&#13;\n&#13;\n<h2><strong>Regalos<\/strong><\/h2>&#13;\n<p>Se o artigo tiver sido marcado como um presente quando foi comprado e enviado diretamente para si, receber\u00e1 um cr\u00e9dito de presente no valor da sua devolu\u00e7\u00e3o. Ap\u00f3s a rece\u00e7\u00e3o do artigo devolvido, ser-lhe-\u00e1 enviado um vale de oferta.<\/p>&#13;\n<p>Se o artigo n\u00e3o tiver sido marcado como presente no momento da compra, ou se a pessoa que fez o presente tiver enviado a encomenda a si pr\u00f3pria para lhe ser entregue mais tarde, enviaremos um reembolso \u00e0 pessoa que fez o presente e ela ter\u00e1 conhecimento da sua devolu\u00e7\u00e3o.<\/p>&#13;\n&#13;\n<h2>Env\u00edo de devoluciones<\/h2>&#13;\n<p>Para devolver o seu produto, deve envi\u00e1-lo por correio para a Pol. Ind. Los Ca\u00f1os 06300 Zafra, Badajoz.<\/p>&#13;\n<p>O utilizador ser\u00e1 respons\u00e1vel pelo pagamento dos seus pr\u00f3prios custos de envio para devolver o artigo. Os custos de envio n\u00e3o s\u00e3o reembols\u00e1veis. Se receber um reembolso, o custo do envio da devolu\u00e7\u00e3o ser\u00e1 deduzido do seu reembolso.<\/p>&#13;\n<p>Dependendo do local onde vive, o tempo que pode demorar a chegar o produto trocado pode variar.<\/p>&#13;\n<p>Se devolver artigos mais caros, pode utilizar um servi\u00e7o de envio rastre\u00e1vel ou subscrever um seguro de transporte. N\u00e3o garantimos a rece\u00e7\u00e3o do artigo devolvido.<\/p>&#13;\n&#13;\n<h2><strong>\u00bfNecesita ayuda?<\/strong><\/h2>&#13;\n<p>Por favor, contacte-nos em <a href=\"mailto:campobadajoz@campobadajoz.com\"><span class=\"elementor-icon-list-text\">campobadajoz@campobadajoz.com<\/span><\/a> para quest\u00f5es relacionadas com reembolsos e devolu\u00e7\u00f5es.<\/p>&#13;\n","protected":false},"excerpt":{"rendered":"<p>&#13; Informaci\u00f3n general &#13; A nossa pol\u00edtica de reembolso e devolu\u00e7\u00e3o tem uma dura\u00e7\u00e3o de 30 dias. Se tiverem passado 30 dias ap\u00f3s a compra, n\u00e3o podemos oferecer-lhe um reembolso total ou uma troca. &#13; Para ser eleg\u00edvel para uma devolu\u00e7\u00e3o, o artigo n\u00e3o deve ser utilizado e deve estar nas mesmas condi\u00e7\u00f5es em que [&hellip;]<\/p>\n","protected":false},"author":1,"featured_media":2165,"parent":0,"menu_order":0,"comment_status":"closed","ping_status":"closed","template":"","meta":{"_acf_changed":false,"footnotes":""},"class_list":["post-2778","page","type-page","status-publish","has-post-thumbnail","hentry"],"acf":[],"yoast_head":"<!-- This site is optimized with the Yoast SEO plugin v27.4 - https:\/\/yoast.com\/product\/yoast-seo-wordpress\/ -->\n<title>Pol\u00edtica de devolu\u00e7\u00e3o e reembolso - Campo Badajoz<\/title>\n<meta name=\"robots\" content=\"index, follow, max-snippet:-1, max-image-preview:large, max-video-preview:-1\" \/>\n<link rel=\"canonical\" href=\"https:\/\/campobadajoz.es\/pt-br\/politica-de-devolucao-e-reembolso\/\" \/>\n<meta property=\"og:locale\" content=\"pt_BR\" \/>\n<meta property=\"og:type\" content=\"article\" \/>\n<meta property=\"og:title\" content=\"Pol\u00edtica de devolu\u00e7\u00e3o e reembolso - Campo Badajoz\" \/>\n<meta property=\"og:description\" content=\"&#013; Informaci\u00f3n general &#013; A nossa pol\u00edtica de reembolso e devolu\u00e7\u00e3o tem uma dura\u00e7\u00e3o de 30 dias. Se tiverem passado 30 dias ap\u00f3s a compra, n\u00e3o podemos oferecer-lhe um reembolso total ou uma troca. &#013; Para ser eleg\u00edvel para uma devolu\u00e7\u00e3o, o artigo n\u00e3o deve ser utilizado e deve estar nas mesmas condi\u00e7\u00f5es em que [&hellip;]\" \/>\n<meta property=\"og:url\" content=\"https:\/\/campobadajoz.es\/pt-br\/politica-de-devolucao-e-reembolso\/\" \/>\n<meta property=\"og:site_name\" content=\"Campo Badajoz\" \/>\n<meta property=\"article:publisher\" content=\"https:\/\/www.facebook.com\/campobadajoz.ibericodecampo\/\" \/>\n<meta property=\"article:modified_time\" content=\"2023-08-01T05:39:30+00:00\" \/>\n<meta property=\"og:image\" content=\"https:\/\/campobadajoz.es\/wp-content\/uploads\/2023\/06\/AdobeStock_130650104-1-scaled.webp\" \/>\n\t<meta property=\"og:image:width\" content=\"2560\" \/>\n\t<meta property=\"og:image:height\" content=\"1707\" \/>\n\t<meta property=\"og:image:type\" content=\"image\/webp\" \/>\n<meta name=\"twitter:card\" content=\"summary_large_image\" \/>\n<meta name=\"twitter:site\" content=\"@jamonibericos\" \/>\n<meta name=\"twitter:label1\" content=\"Est. reading time\" \/>\n\t<meta name=\"twitter:data1\" content=\"3 minutos\" \/>\n<script type=\"application\/ld+json\" class=\"yoast-schema-graph\">{\"@context\":\"https:\\\/\\\/schema.org\",\"@graph\":[{\"@type\":\"WebPage\",\"@id\":\"https:\\\/\\\/campobadajoz.es\\\/pt-br\\\/politica-de-devolucao-e-reembolso\\\/\",\"url\":\"https:\\\/\\\/campobadajoz.es\\\/pt-br\\\/politica-de-devolucao-e-reembolso\\\/\",\"name\":\"Pol\u00edtica de devolu\u00e7\u00e3o e reembolso - Campo Badajoz\",\"isPartOf\":{\"@id\":\"https:\\\/\\\/campobadajoz.es\\\/pt-br\\\/#website\"},\"primaryImageOfPage\":{\"@id\":\"https:\\\/\\\/campobadajoz.es\\\/pt-br\\\/politica-de-devolucao-e-reembolso\\\/#primaryimage\"},\"image\":{\"@id\":\"https:\\\/\\\/campobadajoz.es\\\/pt-br\\\/politica-de-devolucao-e-reembolso\\\/#primaryimage\"},\"thumbnailUrl\":\"https:\\\/\\\/campobadajoz.es\\\/wp-content\\\/uploads\\\/2023\\\/06\\\/AdobeStock_130650104-1-scaled.webp\",\"datePublished\":\"2023-05-12T07:16:24+00:00\",\"dateModified\":\"2023-08-01T05:39:30+00:00\",\"breadcrumb\":{\"@id\":\"https:\\\/\\\/campobadajoz.es\\\/pt-br\\\/politica-de-devolucao-e-reembolso\\\/#breadcrumb\"},\"inLanguage\":\"pt-BR\",\"potentialAction\":[{\"@type\":\"ReadAction\",\"target\":[\"https:\\\/\\\/campobadajoz.es\\\/pt-br\\\/politica-de-devolucao-e-reembolso\\\/\"]}]},{\"@type\":\"ImageObject\",\"inLanguage\":\"pt-BR\",\"@id\":\"https:\\\/\\\/campobadajoz.es\\\/pt-br\\\/politica-de-devolucao-e-reembolso\\\/#primaryimage\",\"url\":\"https:\\\/\\\/campobadajoz.es\\\/wp-content\\\/uploads\\\/2023\\\/06\\\/AdobeStock_130650104-1-scaled.webp\",\"contentUrl\":\"https:\\\/\\\/campobadajoz.es\\\/wp-content\\\/uploads\\\/2023\\\/06\\\/AdobeStock_130650104-1-scaled.webp\",\"width\":2560,\"height\":1707,\"caption\":\"Dehesa Extreme\u00f1a Cerdos\"},{\"@type\":\"BreadcrumbList\",\"@id\":\"https:\\\/\\\/campobadajoz.es\\\/pt-br\\\/politica-de-devolucao-e-reembolso\\\/#breadcrumb\",\"itemListElement\":[{\"@type\":\"ListItem\",\"position\":1,\"name\":\"Portada\",\"item\":\"https:\\\/\\\/campobadajoz.es\\\/pt-br\\\/\"},{\"@type\":\"ListItem\",\"position\":2,\"name\":\"Pol\u00edtica de devolu\u00e7\u00e3o e reembolso\"}]},{\"@type\":\"WebSite\",\"@id\":\"https:\\\/\\\/campobadajoz.es\\\/pt-br\\\/#website\",\"url\":\"https:\\\/\\\/campobadajoz.es\\\/pt-br\\\/\",\"name\":\"Campo Badajoz\",\"description\":\"Productos ib\u00e9ricos de calidad\",\"publisher\":{\"@id\":\"https:\\\/\\\/campobadajoz.es\\\/pt-br\\\/#organization\"},\"potentialAction\":[{\"@type\":\"SearchAction\",\"target\":{\"@type\":\"EntryPoint\",\"urlTemplate\":\"https:\\\/\\\/campobadajoz.es\\\/pt-br\\\/?s={search_term_string}\"},\"query-input\":{\"@type\":\"PropertyValueSpecification\",\"valueRequired\":true,\"valueName\":\"search_term_string\"}}],\"inLanguage\":\"pt-BR\"},{\"@type\":\"Organization\",\"@id\":\"https:\\\/\\\/campobadajoz.es\\\/pt-br\\\/#organization\",\"name\":\"Campo Badajoz\",\"url\":\"https:\\\/\\\/campobadajoz.es\\\/pt-br\\\/\",\"logo\":{\"@type\":\"ImageObject\",\"inLanguage\":\"pt-BR\",\"@id\":\"https:\\\/\\\/campobadajoz.es\\\/pt-br\\\/#\\\/schema\\\/logo\\\/image\\\/\",\"url\":\"https:\\\/\\\/campobadajoz.es\\\/wp-content\\\/uploads\\\/2023\\\/05\\\/logo_blanco_png-1.webp\",\"contentUrl\":\"https:\\\/\\\/campobadajoz.es\\\/wp-content\\\/uploads\\\/2023\\\/05\\\/logo_blanco_png-1.webp\",\"width\":800,\"height\":800,\"caption\":\"Campo Badajoz\"},\"image\":{\"@id\":\"https:\\\/\\\/campobadajoz.es\\\/pt-br\\\/#\\\/schema\\\/logo\\\/image\\\/\"},\"sameAs\":[\"https:\\\/\\\/www.facebook.com\\\/campobadajoz.ibericodecampo\\\/\",\"https:\\\/\\\/x.com\\\/jamonibericos\",\"https:\\\/\\\/www.linkedin.com\\\/company\\\/campo-&-badajoz\\\/about\\\/\",\"https:\\\/\\\/www.instagram.com\\\/campobadajoz\\\/\"]}]}<\/script>\n<!-- \/ Yoast SEO plugin. -->","yoast_head_json":{"title":"Pol\u00edtica de devolu\u00e7\u00e3o e reembolso - Campo Badajoz","robots":{"index":"index","follow":"follow","max-snippet":"max-snippet:-1","max-image-preview":"max-image-preview:large","max-video-preview":"max-video-preview:-1"},"canonical":"https:\/\/campobadajoz.es\/pt-br\/politica-de-devolucao-e-reembolso\/","og_locale":"pt_BR","og_type":"article","og_title":"Pol\u00edtica de devolu\u00e7\u00e3o e reembolso - Campo Badajoz","og_description":"&#13; Informaci\u00f3n general &#13; A nossa pol\u00edtica de reembolso e devolu\u00e7\u00e3o tem uma dura\u00e7\u00e3o de 30 dias. Se tiverem passado 30 dias ap\u00f3s a compra, n\u00e3o podemos oferecer-lhe um reembolso total ou uma troca. &#13; Para ser eleg\u00edvel para uma devolu\u00e7\u00e3o, o artigo n\u00e3o deve ser utilizado e deve estar nas mesmas condi\u00e7\u00f5es em que [&hellip;]","og_url":"https:\/\/campobadajoz.es\/pt-br\/politica-de-devolucao-e-reembolso\/","og_site_name":"Campo Badajoz","article_publisher":"https:\/\/www.facebook.com\/campobadajoz.ibericodecampo\/","article_modified_time":"2023-08-01T05:39:30+00:00","og_image":[{"width":2560,"height":1707,"url":"https:\/\/campobadajoz.es\/wp-content\/uploads\/2023\/06\/AdobeStock_130650104-1-scaled.webp","type":"image\/webp"}],"twitter_card":"summary_large_image","twitter_site":"@jamonibericos","twitter_misc":{"Est. reading time":"3 minutos"},"schema":{"@context":"https:\/\/schema.org","@graph":[{"@type":"WebPage","@id":"https:\/\/campobadajoz.es\/pt-br\/politica-de-devolucao-e-reembolso\/","url":"https:\/\/campobadajoz.es\/pt-br\/politica-de-devolucao-e-reembolso\/","name":"Pol\u00edtica de devolu\u00e7\u00e3o e reembolso - Campo Badajoz","isPartOf":{"@id":"https:\/\/campobadajoz.es\/pt-br\/#website"},"primaryImageOfPage":{"@id":"https:\/\/campobadajoz.es\/pt-br\/politica-de-devolucao-e-reembolso\/#primaryimage"},"image":{"@id":"https:\/\/campobadajoz.es\/pt-br\/politica-de-devolucao-e-reembolso\/#primaryimage"},"thumbnailUrl":"https:\/\/campobadajoz.es\/wp-content\/uploads\/2023\/06\/AdobeStock_130650104-1-scaled.webp","datePublished":"2023-05-12T07:16:24+00:00","dateModified":"2023-08-01T05:39:30+00:00","breadcrumb":{"@id":"https:\/\/campobadajoz.es\/pt-br\/politica-de-devolucao-e-reembolso\/#breadcrumb"},"inLanguage":"pt-BR","potentialAction":[{"@type":"ReadAction","target":["https:\/\/campobadajoz.es\/pt-br\/politica-de-devolucao-e-reembolso\/"]}]},{"@type":"ImageObject","inLanguage":"pt-BR","@id":"https:\/\/campobadajoz.es\/pt-br\/politica-de-devolucao-e-reembolso\/#primaryimage","url":"https:\/\/campobadajoz.es\/wp-content\/uploads\/2023\/06\/AdobeStock_130650104-1-scaled.webp","contentUrl":"https:\/\/campobadajoz.es\/wp-content\/uploads\/2023\/06\/AdobeStock_130650104-1-scaled.webp","width":2560,"height":1707,"caption":"Dehesa Extreme\u00f1a Cerdos"},{"@type":"BreadcrumbList","@id":"https:\/\/campobadajoz.es\/pt-br\/politica-de-devolucao-e-reembolso\/#breadcrumb","itemListElement":[{"@type":"ListItem","position":1,"name":"Portada","item":"https:\/\/campobadajoz.es\/pt-br\/"},{"@type":"ListItem","position":2,"name":"Pol\u00edtica de devolu\u00e7\u00e3o e reembolso"}]},{"@type":"WebSite","@id":"https:\/\/campobadajoz.es\/pt-br\/#website","url":"https:\/\/campobadajoz.es\/pt-br\/","name":"Campo Badajoz","description":"Productos ib\u00e9ricos de calidad","publisher":{"@id":"https:\/\/campobadajoz.es\/pt-br\/#organization"},"potentialAction":[{"@type":"SearchAction","target":{"@type":"EntryPoint","urlTemplate":"https:\/\/campobadajoz.es\/pt-br\/?s={search_term_string}"},"query-input":{"@type":"PropertyValueSpecification","valueRequired":true,"valueName":"search_term_string"}}],"inLanguage":"pt-BR"},{"@type":"Organization","@id":"https:\/\/campobadajoz.es\/pt-br\/#organization","name":"Campo Badajoz","url":"https:\/\/campobadajoz.es\/pt-br\/","logo":{"@type":"ImageObject","inLanguage":"pt-BR","@id":"https:\/\/campobadajoz.es\/pt-br\/#\/schema\/logo\/image\/","url":"https:\/\/campobadajoz.es\/wp-content\/uploads\/2023\/05\/logo_blanco_png-1.webp","contentUrl":"https:\/\/campobadajoz.es\/wp-content\/uploads\/2023\/05\/logo_blanco_png-1.webp","width":800,"height":800,"caption":"Campo Badajoz"},"image":{"@id":"https:\/\/campobadajoz.es\/pt-br\/#\/schema\/logo\/image\/"},"sameAs":["https:\/\/www.facebook.com\/campobadajoz.ibericodecampo\/","https:\/\/x.com\/jamonibericos","https:\/\/www.linkedin.com\/company\/campo-&-badajoz\/about\/","https:\/\/www.instagram.com\/campobadajoz\/"]}]}},"_links":{"self":[{"href":"https:\/\/campobadajoz.es\/pt-br\/wp-json\/wp\/v2\/pages\/2778","targetHints":{"allow":["GET"]}}],"collection":[{"href":"https:\/\/campobadajoz.es\/pt-br\/wp-json\/wp\/v2\/pages"}],"about":[{"href":"https:\/\/campobadajoz.es\/pt-br\/wp-json\/wp\/v2\/types\/page"}],"author":[{"embeddable":true,"href":"https:\/\/campobadajoz.es\/pt-br\/wp-json\/wp\/v2\/users\/1"}],"replies":[{"embeddable":true,"href":"https:\/\/campobadajoz.es\/pt-br\/wp-json\/wp\/v2\/comments?post=2778"}],"version-history":[{"count":0,"href":"https:\/\/campobadajoz.es\/pt-br\/wp-json\/wp\/v2\/pages\/2778\/revisions"}],"wp:featuredmedia":[{"embeddable":true,"href":"https:\/\/campobadajoz.es\/pt-br\/wp-json\/wp\/v2\/media\/2165"}],"wp:attachment":[{"href":"https:\/\/campobadajoz.es\/pt-br\/wp-json\/wp\/v2\/media?parent=2778"}],"curies":[{"name":"wp","href":"https:\/\/api.w.org\/{rel}","templated":true}]}}