{"id":3798,"date":"2023-08-30T05:51:57","date_gmt":"2023-08-30T05:51:57","guid":{"rendered":"https:\/\/campobadajoz.es\/producto\/jamon-bellota-100-iberico-d-o\/"},"modified":"2023-10-07T10:04:45","modified_gmt":"2023-10-07T10:04:45","slug":"jamon-bellota-100-iberico-d-o","status":"publish","type":"product","link":"https:\/\/campobadajoz.es\/pt-br\/producto\/jamon-bellota-100-iberico-d-o\/","title":{"rendered":"JAM\u00d3N BELLOTA 100% IB\u00c9RICO D.O."},"content":{"rendered":"<p>Cada pe\u00e7a de presunto \u00e9 cuidadosamente selecionada, garantindo que cumpre os mais elevados padr\u00f5es de qualidade e pureza. O osso do presunto confere-lhe um car\u00e1cter distintivo, proporcionando uma maior intensidade de sabor e uma textura suculenta e suculenta.<\/p>\n<p>Os nossos mestres de presunto seguem o processo de cura tradicional com dedica\u00e7\u00e3o e mestria, permitindo que o presunto amadure\u00e7a lentamente em condi\u00e7\u00f5es \u00f3ptimas. Este processo, que pode durar v\u00e1rios anos, desenvolve uma complexidade de sabores e aromas que fazem do presunto ib\u00e9rico com osso uma verdadeira iguaria.<\/p>\n<p>Cada fatia de presunto oferece uma experi\u00eancia sensorial \u00fanica, com o seu sabor doce e salgado, a sua textura delicada e o seu aroma inebriante. O presunto ib\u00e9rico com osso \u00e9 uma verdadeira del\u00edcia para os amantes da boa mesa e um elemento obrigat\u00f3rio em qualquer mesa de festa ou evento especial.<\/p>\n<p>Desfrute do nosso presunto ib\u00e9rico com osso em fatias finas, apreciando o seu sabor requintado e a sua fus\u00e3o de notas intensas e equilibradas. Acompanhe-o com p\u00e3o acabado de cozer, azeite virgem extra e alguns bons amigos, e mergulhe na tradi\u00e7\u00e3o e no requinte da aut\u00eantica gastronomia espanhola.<\/p>\n<p>D\u00ea-se ao luxo de provar e partilhar a excel\u00eancia do nosso presunto ib\u00e9rico com osso e descubra porque \u00e9 considerado uma das iguarias mais apreciadas do mundo. Uma experi\u00eancia culin\u00e1ria \u00fanica que o transportar\u00e1 para os campos de pastagem e o far\u00e1 apreciar a verdadeira ess\u00eancia do presunto ib\u00e9rico.<\/p>\n","protected":false},"excerpt":{"rendered":"<h3 style=\"text-align: justify\"><span style=\"font-size: 12pt\"><em><span style=\"font-family: 'times new roman', times, serif\">Nuestro <strong>Jam\u00f3n de Bellota 100%<\/strong> Ib\u00e9rico D.O. Extremadura cuenta con todas las garant\u00edas de la reconocida <strong>Denominaci\u00f3n de Origen Jam\u00f3n de Extremadura<\/strong>. Una gran elecci\u00f3n para los paladares que buscan un sabor \u00fanico, proveniente de las mejores dehesas de nuestra regi\u00f3n.<\/span><\/em><\/span><\/h3>\n","protected":false},"featured_media":6372,"comment_status":"open","ping_status":"closed","template":"","meta":{"_acf_changed":false},"product_brand":[],"product_cat":[421],"product_tag":[],"class_list":{"0":"post-3798","1":"product","2":"type-product","3":"status-publish","4":"has-post-thumbnail","6":"product_cat-presunto-e-ombro-com-osso","7":"pa_peso-700-750-kg-pt-br","8":"pa_peso-800-850-kg-pt-br","9":"pa_peso-850-900-kg-pt-br","10":"pa_peso-900-950-kg-pt-br","12":"first","13":"instock","14":"taxable","15":"shipping-taxable","16":"product-type-variable","17":"has-default-attributes"},"acf":[],"yoast_head":"<!-- This site is optimized with the Yoast SEO plugin v27.5 - https:\/\/yoast.com\/product\/yoast-seo-wordpress\/ -->\n<title>JAM\u00d3N BELLOTA 100% IB\u00c9RICO D.O. - Campo Badajoz<\/title>\n<meta name=\"robots\" content=\"index, follow, max-snippet:-1, max-image-preview:large, max-video-preview:-1\" \/>\n<link rel=\"canonical\" href=\"https:\/\/campobadajoz.es\/pt-br\/producto\/jamon-bellota-100-iberico-d-o\/\" \/>\n<meta property=\"og:locale\" content=\"pt_BR\" \/>\n<meta property=\"og:type\" content=\"article\" \/>\n<meta property=\"og:title\" content=\"JAM\u00d3N BELLOTA 100% IB\u00c9RICO D.O. - Campo Badajoz\" \/>\n<meta property=\"og:description\" content=\"Nuestro Jam\u00f3n de Bellota 100% Ib\u00e9rico D.O. Extremadura cuenta con todas las garant\u00edas de la reconocida Denominaci\u00f3n de Origen Jam\u00f3n de Extremadura. Una gran elecci\u00f3n para los paladares que buscan un sabor \u00fanico, proveniente de las mejores dehesas de nuestra regi\u00f3n.\" \/>\n<meta property=\"og:url\" content=\"https:\/\/campobadajoz.es\/pt-br\/producto\/jamon-bellota-100-iberico-d-o\/\" \/>\n<meta property=\"og:site_name\" content=\"Campo Badajoz\" \/>\n<meta property=\"article:publisher\" content=\"https:\/\/www.facebook.com\/campobadajoz.ibericodecampo\/\" \/>\n<meta property=\"article:modified_time\" content=\"2023-10-07T10:04:45+00:00\" \/>\n<meta property=\"og:image\" content=\"https:\/\/campobadajoz.es\/wp-content\/uploads\/2023\/08\/RLF3532-Editar.jpg\" \/>\n\t<meta property=\"og:image:width\" content=\"1575\" \/>\n\t<meta property=\"og:image:height\" content=\"2362\" \/>\n\t<meta property=\"og:image:type\" content=\"image\/jpeg\" \/>\n<meta name=\"twitter:card\" content=\"summary_large_image\" \/>\n<meta name=\"twitter:site\" content=\"@jamonibericos\" \/>\n<meta name=\"twitter:label1\" content=\"Est. reading time\" \/>\n\t<meta name=\"twitter:data1\" content=\"1 minuto\" \/>\n<script type=\"application\/ld+json\" class=\"yoast-schema-graph\">{\"@context\":\"https:\\\/\\\/schema.org\",\"@graph\":[{\"@type\":\"WebPage\",\"@id\":\"https:\\\/\\\/campobadajoz.es\\\/pt-br\\\/producto\\\/jamon-bellota-100-iberico-d-o\\\/\",\"url\":\"https:\\\/\\\/campobadajoz.es\\\/pt-br\\\/producto\\\/jamon-bellota-100-iberico-d-o\\\/\",\"name\":\"JAM\u00d3N BELLOTA 100% IB\u00c9RICO D.O. - Campo Badajoz\",\"isPartOf\":{\"@id\":\"https:\\\/\\\/campobadajoz.es\\\/pt-br\\\/#website\"},\"primaryImageOfPage\":{\"@id\":\"https:\\\/\\\/campobadajoz.es\\\/pt-br\\\/producto\\\/jamon-bellota-100-iberico-d-o\\\/#primaryimage\"},\"image\":{\"@id\":\"https:\\\/\\\/campobadajoz.es\\\/pt-br\\\/producto\\\/jamon-bellota-100-iberico-d-o\\\/#primaryimage\"},\"thumbnailUrl\":\"https:\\\/\\\/campobadajoz.es\\\/wp-content\\\/uploads\\\/2023\\\/08\\\/RLF3532-Editar.jpg\",\"datePublished\":\"2023-08-30T05:51:57+00:00\",\"dateModified\":\"2023-10-07T10:04:45+00:00\",\"breadcrumb\":{\"@id\":\"https:\\\/\\\/campobadajoz.es\\\/pt-br\\\/producto\\\/jamon-bellota-100-iberico-d-o\\\/#breadcrumb\"},\"inLanguage\":\"pt-BR\",\"potentialAction\":[{\"@type\":\"ReadAction\",\"target\":[\"https:\\\/\\\/campobadajoz.es\\\/pt-br\\\/producto\\\/jamon-bellota-100-iberico-d-o\\\/\"]}]},{\"@type\":\"ImageObject\",\"inLanguage\":\"pt-BR\",\"@id\":\"https:\\\/\\\/campobadajoz.es\\\/pt-br\\\/producto\\\/jamon-bellota-100-iberico-d-o\\\/#primaryimage\",\"url\":\"https:\\\/\\\/campobadajoz.es\\\/wp-content\\\/uploads\\\/2023\\\/08\\\/RLF3532-Editar.jpg\",\"contentUrl\":\"https:\\\/\\\/campobadajoz.es\\\/wp-content\\\/uploads\\\/2023\\\/08\\\/RLF3532-Editar.jpg\",\"width\":1575,\"height\":2362,\"caption\":\"Jamon Iberico 100%\"},{\"@type\":\"BreadcrumbList\",\"@id\":\"https:\\\/\\\/campobadajoz.es\\\/pt-br\\\/producto\\\/jamon-bellota-100-iberico-d-o\\\/#breadcrumb\",\"itemListElement\":[{\"@type\":\"ListItem\",\"position\":1,\"name\":\"Portada\",\"item\":\"https:\\\/\\\/campobadajoz.es\\\/pt-br\\\/\"},{\"@type\":\"ListItem\",\"position\":2,\"name\":\"Produtos\",\"item\":\"https:\\\/\\\/campobadajoz.es\\\/pt-br\\\/shop\\\/\"},{\"@type\":\"ListItem\",\"position\":3,\"name\":\"JAM\u00d3N BELLOTA 100% IB\u00c9RICO D.O.\"}]},{\"@type\":\"WebSite\",\"@id\":\"https:\\\/\\\/campobadajoz.es\\\/pt-br\\\/#website\",\"url\":\"https:\\\/\\\/campobadajoz.es\\\/pt-br\\\/\",\"name\":\"Campo Badajoz\",\"description\":\"Productos ib\u00e9ricos de calidad\",\"publisher\":{\"@id\":\"https:\\\/\\\/campobadajoz.es\\\/pt-br\\\/#organization\"},\"potentialAction\":[{\"@type\":\"SearchAction\",\"target\":{\"@type\":\"EntryPoint\",\"urlTemplate\":\"https:\\\/\\\/campobadajoz.es\\\/pt-br\\\/?s={search_term_string}\"},\"query-input\":{\"@type\":\"PropertyValueSpecification\",\"valueRequired\":true,\"valueName\":\"search_term_string\"}}],\"inLanguage\":\"pt-BR\"},{\"@type\":\"Organization\",\"@id\":\"https:\\\/\\\/campobadajoz.es\\\/pt-br\\\/#organization\",\"name\":\"Campo Badajoz\",\"url\":\"https:\\\/\\\/campobadajoz.es\\\/pt-br\\\/\",\"logo\":{\"@type\":\"ImageObject\",\"inLanguage\":\"pt-BR\",\"@id\":\"https:\\\/\\\/campobadajoz.es\\\/pt-br\\\/#\\\/schema\\\/logo\\\/image\\\/\",\"url\":\"https:\\\/\\\/campobadajoz.es\\\/wp-content\\\/uploads\\\/2023\\\/05\\\/logo_blanco_png-1.webp\",\"contentUrl\":\"https:\\\/\\\/campobadajoz.es\\\/wp-content\\\/uploads\\\/2023\\\/05\\\/logo_blanco_png-1.webp\",\"width\":800,\"height\":800,\"caption\":\"Campo Badajoz\"},\"image\":{\"@id\":\"https:\\\/\\\/campobadajoz.es\\\/pt-br\\\/#\\\/schema\\\/logo\\\/image\\\/\"},\"sameAs\":[\"https:\\\/\\\/www.facebook.com\\\/campobadajoz.ibericodecampo\\\/\",\"https:\\\/\\\/x.com\\\/jamonibericos\",\"https:\\\/\\\/www.linkedin.com\\\/company\\\/campo-&-badajoz\\\/about\\\/\",\"https:\\\/\\\/www.instagram.com\\\/campobadajoz\\\/\"]}]}<\/script>\n<!-- \/ Yoast SEO plugin. -->","yoast_head_json":{"title":"JAM\u00d3N BELLOTA 100% IB\u00c9RICO D.O. - Campo Badajoz","robots":{"index":"index","follow":"follow","max-snippet":"max-snippet:-1","max-image-preview":"max-image-preview:large","max-video-preview":"max-video-preview:-1"},"canonical":"https:\/\/campobadajoz.es\/pt-br\/producto\/jamon-bellota-100-iberico-d-o\/","og_locale":"pt_BR","og_type":"article","og_title":"JAM\u00d3N BELLOTA 100% IB\u00c9RICO D.O. - Campo Badajoz","og_description":"Nuestro Jam\u00f3n de Bellota 100% Ib\u00e9rico D.O. Extremadura cuenta con todas las garant\u00edas de la reconocida Denominaci\u00f3n de Origen Jam\u00f3n de Extremadura. Una gran elecci\u00f3n para los paladares que buscan un sabor \u00fanico, proveniente de las mejores dehesas de nuestra regi\u00f3n.","og_url":"https:\/\/campobadajoz.es\/pt-br\/producto\/jamon-bellota-100-iberico-d-o\/","og_site_name":"Campo Badajoz","article_publisher":"https:\/\/www.facebook.com\/campobadajoz.ibericodecampo\/","article_modified_time":"2023-10-07T10:04:45+00:00","og_image":[{"width":1575,"height":2362,"url":"https:\/\/campobadajoz.es\/wp-content\/uploads\/2023\/08\/RLF3532-Editar.jpg","type":"image\/jpeg"}],"twitter_card":"summary_large_image","twitter_site":"@jamonibericos","twitter_misc":{"Est. reading time":"1 minuto"},"schema":{"@context":"https:\/\/schema.org","@graph":[{"@type":"WebPage","@id":"https:\/\/campobadajoz.es\/pt-br\/producto\/jamon-bellota-100-iberico-d-o\/","url":"https:\/\/campobadajoz.es\/pt-br\/producto\/jamon-bellota-100-iberico-d-o\/","name":"JAM\u00d3N BELLOTA 100% IB\u00c9RICO D.O. - Campo Badajoz","isPartOf":{"@id":"https:\/\/campobadajoz.es\/pt-br\/#website"},"primaryImageOfPage":{"@id":"https:\/\/campobadajoz.es\/pt-br\/producto\/jamon-bellota-100-iberico-d-o\/#primaryimage"},"image":{"@id":"https:\/\/campobadajoz.es\/pt-br\/producto\/jamon-bellota-100-iberico-d-o\/#primaryimage"},"thumbnailUrl":"https:\/\/campobadajoz.es\/wp-content\/uploads\/2023\/08\/RLF3532-Editar.jpg","datePublished":"2023-08-30T05:51:57+00:00","dateModified":"2023-10-07T10:04:45+00:00","breadcrumb":{"@id":"https:\/\/campobadajoz.es\/pt-br\/producto\/jamon-bellota-100-iberico-d-o\/#breadcrumb"},"inLanguage":"pt-BR","potentialAction":[{"@type":"ReadAction","target":["https:\/\/campobadajoz.es\/pt-br\/producto\/jamon-bellota-100-iberico-d-o\/"]}]},{"@type":"ImageObject","inLanguage":"pt-BR","@id":"https:\/\/campobadajoz.es\/pt-br\/producto\/jamon-bellota-100-iberico-d-o\/#primaryimage","url":"https:\/\/campobadajoz.es\/wp-content\/uploads\/2023\/08\/RLF3532-Editar.jpg","contentUrl":"https:\/\/campobadajoz.es\/wp-content\/uploads\/2023\/08\/RLF3532-Editar.jpg","width":1575,"height":2362,"caption":"Jamon Iberico 100%"},{"@type":"BreadcrumbList","@id":"https:\/\/campobadajoz.es\/pt-br\/producto\/jamon-bellota-100-iberico-d-o\/#breadcrumb","itemListElement":[{"@type":"ListItem","position":1,"name":"Portada","item":"https:\/\/campobadajoz.es\/pt-br\/"},{"@type":"ListItem","position":2,"name":"Produtos","item":"https:\/\/campobadajoz.es\/pt-br\/shop\/"},{"@type":"ListItem","position":3,"name":"JAM\u00d3N BELLOTA 100% IB\u00c9RICO D.O."}]},{"@type":"WebSite","@id":"https:\/\/campobadajoz.es\/pt-br\/#website","url":"https:\/\/campobadajoz.es\/pt-br\/","name":"Campo Badajoz","description":"Productos ib\u00e9ricos de calidad","publisher":{"@id":"https:\/\/campobadajoz.es\/pt-br\/#organization"},"potentialAction":[{"@type":"SearchAction","target":{"@type":"EntryPoint","urlTemplate":"https:\/\/campobadajoz.es\/pt-br\/?s={search_term_string}"},"query-input":{"@type":"PropertyValueSpecification","valueRequired":true,"valueName":"search_term_string"}}],"inLanguage":"pt-BR"},{"@type":"Organization","@id":"https:\/\/campobadajoz.es\/pt-br\/#organization","name":"Campo Badajoz","url":"https:\/\/campobadajoz.es\/pt-br\/","logo":{"@type":"ImageObject","inLanguage":"pt-BR","@id":"https:\/\/campobadajoz.es\/pt-br\/#\/schema\/logo\/image\/","url":"https:\/\/campobadajoz.es\/wp-content\/uploads\/2023\/05\/logo_blanco_png-1.webp","contentUrl":"https:\/\/campobadajoz.es\/wp-content\/uploads\/2023\/05\/logo_blanco_png-1.webp","width":800,"height":800,"caption":"Campo Badajoz"},"image":{"@id":"https:\/\/campobadajoz.es\/pt-br\/#\/schema\/logo\/image\/"},"sameAs":["https:\/\/www.facebook.com\/campobadajoz.ibericodecampo\/","https:\/\/x.com\/jamonibericos","https:\/\/www.linkedin.com\/company\/campo-&-badajoz\/about\/","https:\/\/www.instagram.com\/campobadajoz\/"]}]}},"_links":{"self":[{"href":"https:\/\/campobadajoz.es\/pt-br\/wp-json\/wp\/v2\/product\/3798","targetHints":{"allow":["GET"]}}],"collection":[{"href":"https:\/\/campobadajoz.es\/pt-br\/wp-json\/wp\/v2\/product"}],"about":[{"href":"https:\/\/campobadajoz.es\/pt-br\/wp-json\/wp\/v2\/types\/product"}],"replies":[{"embeddable":true,"href":"https:\/\/campobadajoz.es\/pt-br\/wp-json\/wp\/v2\/comments?post=3798"}],"version-history":[{"count":1,"href":"https:\/\/campobadajoz.es\/pt-br\/wp-json\/wp\/v2\/product\/3798\/revisions"}],"predecessor-version":[{"id":6693,"href":"https:\/\/campobadajoz.es\/pt-br\/wp-json\/wp\/v2\/product\/3798\/revisions\/6693"}],"wp:featuredmedia":[{"embeddable":true,"href":"https:\/\/campobadajoz.es\/pt-br\/wp-json\/wp\/v2\/media\/6372"}],"wp:attachment":[{"href":"https:\/\/campobadajoz.es\/pt-br\/wp-json\/wp\/v2\/media?parent=3798"}],"wp:term":[{"taxonomy":"product_brand","embeddable":true,"href":"https:\/\/campobadajoz.es\/pt-br\/wp-json\/wp\/v2\/product_brand?post=3798"},{"taxonomy":"product_cat","embeddable":true,"href":"https:\/\/campobadajoz.es\/pt-br\/wp-json\/wp\/v2\/product_cat?post=3798"},{"taxonomy":"product_tag","embeddable":true,"href":"https:\/\/campobadajoz.es\/pt-br\/wp-json\/wp\/v2\/product_tag?post=3798"}],"curies":[{"name":"wp","href":"https:\/\/api.w.org\/{rel}","templated":true}]}}