{"id":3945,"date":"2023-08-30T07:10:38","date_gmt":"2023-08-30T07:10:38","guid":{"rendered":"https:\/\/campobadajoz.es\/producto\/jamon-campo-badajoz-deshuesado\/"},"modified":"2023-10-25T12:16:47","modified_gmt":"2023-10-25T12:16:47","slug":"jamon-campo-badajoz-deshuesado","status":"publish","type":"product","link":"https:\/\/campobadajoz.es\/pt-br\/producto\/jamon-campo-badajoz-deshuesado\/","title":{"rendered":"JAM\u00d3N CAMPO BADAJOZ DESHUESADO"},"content":{"rendered":"<p>Cada fatia de presunto ib\u00e9rico desossado \u00e9 um deleite para os sentidos. A sua cor vermelha profunda e o seu marmoreado de gordura infiltrada garantem uma experi\u00eancia gustativa \u00fanica. Cada bocado revela uma combina\u00e7\u00e3o de sabores suaves e profundos, com notas doces e salgadas que se libertam lentamente no palato.<\/p>\n<p>Este presunto ib\u00e9rico desossado \u00e9 o acompanhamento perfeito para qualquer ocasi\u00e3o. Pode ser apreciado como parte de uma t\u00e1bua de charcutaria, em sandu\u00edches gourmet ou mesmo como ingrediente principal em pratos de alta cozinha. A sua versatilidade permite-lhe dar largas \u00e0 sua criatividade culin\u00e1ria e surpreender os seus convidados com prepara\u00e7\u00f5es deliciosas.<\/p>\n<p>O processo de desossar o presunto ib\u00e9rico requer per\u00edcia e precis\u00e3o, e os nossos mestres de presunto especializados tratam deste processo com meticulosidade e respeito pela qualidade do produto. Cada fatia \u00e9 embalada em v\u00e1cuo para garantir a sua frescura e preservar todas as suas qualidades organol\u00e9pticas.<\/p>\n<p>Descubra a excel\u00eancia do presunto ib\u00e9rico desossado e mergulhe numa experi\u00eancia gourmet \u00fanica. Desfrute do seu sabor excecional e da sua textura delicada e deixe-se cativar por um dos tesouros culin\u00e1rios mais apreciados da gastronomia espanhola.<\/p>\n","protected":false},"excerpt":{"rendered":"<h3 style=\"text-align: justify;\"><span style=\"font-family: 'times new roman', times, serif; font-size: 12pt;\"><em>Nuestra pieza imprescindible de la marca <strong>CAMPO BADAJOZ<\/strong>, ahora puedes adquirirlo deshuesado.<\/em><\/span><span style=\"font-family: 'times new roman', times, serif; font-size: 12pt;\"><em>Adquiera esta pieza para sacarle el m\u00e1ximo rendimiento.<\/em><\/span><\/h3>\n","protected":false},"featured_media":6392,"comment_status":"open","ping_status":"closed","template":"","meta":{"_acf_changed":false},"product_brand":[],"product_cat":[428],"product_tag":[],"class_list":{"0":"post-3945","1":"product","2":"type-product","3":"status-publish","4":"has-post-thumbnail","6":"product_cat-jamon-y-paleta-sin-hueso-pt-br","8":"first","9":"instock","10":"taxable","11":"shipping-taxable","12":"product-type-simple"},"acf":[],"yoast_head":"<!-- This site is optimized with the Yoast SEO plugin v27.4 - https:\/\/yoast.com\/product\/yoast-seo-wordpress\/ -->\n<title>JAM\u00d3N CAMPO BADAJOZ DESHUESADO - Campo Badajoz<\/title>\n<meta name=\"robots\" content=\"index, follow, max-snippet:-1, max-image-preview:large, max-video-preview:-1\" \/>\n<link rel=\"canonical\" href=\"https:\/\/campobadajoz.es\/pt-br\/producto\/jamon-campo-badajoz-deshuesado\/\" \/>\n<meta property=\"og:locale\" content=\"pt_BR\" \/>\n<meta property=\"og:type\" content=\"article\" \/>\n<meta property=\"og:title\" content=\"JAM\u00d3N CAMPO BADAJOZ DESHUESADO - Campo Badajoz\" \/>\n<meta property=\"og:description\" content=\"Nuestra pieza imprescindible de la marca CAMPO BADAJOZ, ahora puedes adquirirlo deshuesado.Adquiera esta pieza para sacarle el m\u00e1ximo rendimiento.\" \/>\n<meta property=\"og:url\" content=\"https:\/\/campobadajoz.es\/pt-br\/producto\/jamon-campo-badajoz-deshuesado\/\" \/>\n<meta property=\"og:site_name\" content=\"Campo Badajoz\" \/>\n<meta property=\"article:publisher\" content=\"https:\/\/www.facebook.com\/campobadajoz.ibericodecampo\/\" \/>\n<meta property=\"article:modified_time\" content=\"2023-10-25T12:16:47+00:00\" \/>\n<meta property=\"og:image\" content=\"https:\/\/campobadajoz.es\/wp-content\/uploads\/2023\/08\/Diseno-sin-titulo-2.jpg\" \/>\n\t<meta property=\"og:image:width\" content=\"1080\" \/>\n\t<meta property=\"og:image:height\" content=\"1080\" \/>\n\t<meta property=\"og:image:type\" content=\"image\/jpeg\" \/>\n<meta name=\"twitter:card\" content=\"summary_large_image\" \/>\n<meta name=\"twitter:site\" content=\"@jamonibericos\" \/>\n<meta name=\"twitter:label1\" content=\"Est. reading time\" \/>\n\t<meta name=\"twitter:data1\" content=\"1 minuto\" \/>\n<script type=\"application\/ld+json\" class=\"yoast-schema-graph\">{\"@context\":\"https:\\\/\\\/schema.org\",\"@graph\":[{\"@type\":\"WebPage\",\"@id\":\"https:\\\/\\\/campobadajoz.es\\\/pt-br\\\/producto\\\/jamon-campo-badajoz-deshuesado\\\/\",\"url\":\"https:\\\/\\\/campobadajoz.es\\\/pt-br\\\/producto\\\/jamon-campo-badajoz-deshuesado\\\/\",\"name\":\"JAM\u00d3N CAMPO BADAJOZ DESHUESADO - Campo Badajoz\",\"isPartOf\":{\"@id\":\"https:\\\/\\\/campobadajoz.es\\\/pt-br\\\/#website\"},\"primaryImageOfPage\":{\"@id\":\"https:\\\/\\\/campobadajoz.es\\\/pt-br\\\/producto\\\/jamon-campo-badajoz-deshuesado\\\/#primaryimage\"},\"image\":{\"@id\":\"https:\\\/\\\/campobadajoz.es\\\/pt-br\\\/producto\\\/jamon-campo-badajoz-deshuesado\\\/#primaryimage\"},\"thumbnailUrl\":\"https:\\\/\\\/campobadajoz.es\\\/wp-content\\\/uploads\\\/2023\\\/08\\\/Diseno-sin-titulo-2.jpg\",\"datePublished\":\"2023-08-30T07:10:38+00:00\",\"dateModified\":\"2023-10-25T12:16:47+00:00\",\"breadcrumb\":{\"@id\":\"https:\\\/\\\/campobadajoz.es\\\/pt-br\\\/producto\\\/jamon-campo-badajoz-deshuesado\\\/#breadcrumb\"},\"inLanguage\":\"pt-BR\",\"potentialAction\":[{\"@type\":\"ReadAction\",\"target\":[\"https:\\\/\\\/campobadajoz.es\\\/pt-br\\\/producto\\\/jamon-campo-badajoz-deshuesado\\\/\"]}]},{\"@type\":\"ImageObject\",\"inLanguage\":\"pt-BR\",\"@id\":\"https:\\\/\\\/campobadajoz.es\\\/pt-br\\\/producto\\\/jamon-campo-badajoz-deshuesado\\\/#primaryimage\",\"url\":\"https:\\\/\\\/campobadajoz.es\\\/wp-content\\\/uploads\\\/2023\\\/08\\\/Diseno-sin-titulo-2.jpg\",\"contentUrl\":\"https:\\\/\\\/campobadajoz.es\\\/wp-content\\\/uploads\\\/2023\\\/08\\\/Diseno-sin-titulo-2.jpg\",\"width\":1080,\"height\":1080,\"caption\":\"Jam\u00f3n Ib\u00e9rico Bellota 100% Deshuesado\"},{\"@type\":\"BreadcrumbList\",\"@id\":\"https:\\\/\\\/campobadajoz.es\\\/pt-br\\\/producto\\\/jamon-campo-badajoz-deshuesado\\\/#breadcrumb\",\"itemListElement\":[{\"@type\":\"ListItem\",\"position\":1,\"name\":\"Portada\",\"item\":\"https:\\\/\\\/campobadajoz.es\\\/pt-br\\\/\"},{\"@type\":\"ListItem\",\"position\":2,\"name\":\"Produtos\",\"item\":\"https:\\\/\\\/campobadajoz.es\\\/pt-br\\\/shop\\\/\"},{\"@type\":\"ListItem\",\"position\":3,\"name\":\"JAM\u00d3N CAMPO BADAJOZ DESHUESADO\"}]},{\"@type\":\"WebSite\",\"@id\":\"https:\\\/\\\/campobadajoz.es\\\/pt-br\\\/#website\",\"url\":\"https:\\\/\\\/campobadajoz.es\\\/pt-br\\\/\",\"name\":\"Campo Badajoz\",\"description\":\"Productos ib\u00e9ricos de calidad\",\"publisher\":{\"@id\":\"https:\\\/\\\/campobadajoz.es\\\/pt-br\\\/#organization\"},\"potentialAction\":[{\"@type\":\"SearchAction\",\"target\":{\"@type\":\"EntryPoint\",\"urlTemplate\":\"https:\\\/\\\/campobadajoz.es\\\/pt-br\\\/?s={search_term_string}\"},\"query-input\":{\"@type\":\"PropertyValueSpecification\",\"valueRequired\":true,\"valueName\":\"search_term_string\"}}],\"inLanguage\":\"pt-BR\"},{\"@type\":\"Organization\",\"@id\":\"https:\\\/\\\/campobadajoz.es\\\/pt-br\\\/#organization\",\"name\":\"Campo Badajoz\",\"url\":\"https:\\\/\\\/campobadajoz.es\\\/pt-br\\\/\",\"logo\":{\"@type\":\"ImageObject\",\"inLanguage\":\"pt-BR\",\"@id\":\"https:\\\/\\\/campobadajoz.es\\\/pt-br\\\/#\\\/schema\\\/logo\\\/image\\\/\",\"url\":\"https:\\\/\\\/campobadajoz.es\\\/wp-content\\\/uploads\\\/2023\\\/05\\\/logo_blanco_png-1.webp\",\"contentUrl\":\"https:\\\/\\\/campobadajoz.es\\\/wp-content\\\/uploads\\\/2023\\\/05\\\/logo_blanco_png-1.webp\",\"width\":800,\"height\":800,\"caption\":\"Campo Badajoz\"},\"image\":{\"@id\":\"https:\\\/\\\/campobadajoz.es\\\/pt-br\\\/#\\\/schema\\\/logo\\\/image\\\/\"},\"sameAs\":[\"https:\\\/\\\/www.facebook.com\\\/campobadajoz.ibericodecampo\\\/\",\"https:\\\/\\\/x.com\\\/jamonibericos\",\"https:\\\/\\\/www.linkedin.com\\\/company\\\/campo-&-badajoz\\\/about\\\/\",\"https:\\\/\\\/www.instagram.com\\\/campobadajoz\\\/\"]}]}<\/script>\n<!-- \/ Yoast SEO plugin. -->","yoast_head_json":{"title":"JAM\u00d3N CAMPO BADAJOZ DESHUESADO - Campo Badajoz","robots":{"index":"index","follow":"follow","max-snippet":"max-snippet:-1","max-image-preview":"max-image-preview:large","max-video-preview":"max-video-preview:-1"},"canonical":"https:\/\/campobadajoz.es\/pt-br\/producto\/jamon-campo-badajoz-deshuesado\/","og_locale":"pt_BR","og_type":"article","og_title":"JAM\u00d3N CAMPO BADAJOZ DESHUESADO - Campo Badajoz","og_description":"Nuestra pieza imprescindible de la marca CAMPO BADAJOZ, ahora puedes adquirirlo deshuesado.Adquiera esta pieza para sacarle el m\u00e1ximo rendimiento.","og_url":"https:\/\/campobadajoz.es\/pt-br\/producto\/jamon-campo-badajoz-deshuesado\/","og_site_name":"Campo Badajoz","article_publisher":"https:\/\/www.facebook.com\/campobadajoz.ibericodecampo\/","article_modified_time":"2023-10-25T12:16:47+00:00","og_image":[{"width":1080,"height":1080,"url":"https:\/\/campobadajoz.es\/wp-content\/uploads\/2023\/08\/Diseno-sin-titulo-2.jpg","type":"image\/jpeg"}],"twitter_card":"summary_large_image","twitter_site":"@jamonibericos","twitter_misc":{"Est. reading time":"1 minuto"},"schema":{"@context":"https:\/\/schema.org","@graph":[{"@type":"WebPage","@id":"https:\/\/campobadajoz.es\/pt-br\/producto\/jamon-campo-badajoz-deshuesado\/","url":"https:\/\/campobadajoz.es\/pt-br\/producto\/jamon-campo-badajoz-deshuesado\/","name":"JAM\u00d3N CAMPO BADAJOZ DESHUESADO - Campo Badajoz","isPartOf":{"@id":"https:\/\/campobadajoz.es\/pt-br\/#website"},"primaryImageOfPage":{"@id":"https:\/\/campobadajoz.es\/pt-br\/producto\/jamon-campo-badajoz-deshuesado\/#primaryimage"},"image":{"@id":"https:\/\/campobadajoz.es\/pt-br\/producto\/jamon-campo-badajoz-deshuesado\/#primaryimage"},"thumbnailUrl":"https:\/\/campobadajoz.es\/wp-content\/uploads\/2023\/08\/Diseno-sin-titulo-2.jpg","datePublished":"2023-08-30T07:10:38+00:00","dateModified":"2023-10-25T12:16:47+00:00","breadcrumb":{"@id":"https:\/\/campobadajoz.es\/pt-br\/producto\/jamon-campo-badajoz-deshuesado\/#breadcrumb"},"inLanguage":"pt-BR","potentialAction":[{"@type":"ReadAction","target":["https:\/\/campobadajoz.es\/pt-br\/producto\/jamon-campo-badajoz-deshuesado\/"]}]},{"@type":"ImageObject","inLanguage":"pt-BR","@id":"https:\/\/campobadajoz.es\/pt-br\/producto\/jamon-campo-badajoz-deshuesado\/#primaryimage","url":"https:\/\/campobadajoz.es\/wp-content\/uploads\/2023\/08\/Diseno-sin-titulo-2.jpg","contentUrl":"https:\/\/campobadajoz.es\/wp-content\/uploads\/2023\/08\/Diseno-sin-titulo-2.jpg","width":1080,"height":1080,"caption":"Jam\u00f3n Ib\u00e9rico Bellota 100% Deshuesado"},{"@type":"BreadcrumbList","@id":"https:\/\/campobadajoz.es\/pt-br\/producto\/jamon-campo-badajoz-deshuesado\/#breadcrumb","itemListElement":[{"@type":"ListItem","position":1,"name":"Portada","item":"https:\/\/campobadajoz.es\/pt-br\/"},{"@type":"ListItem","position":2,"name":"Produtos","item":"https:\/\/campobadajoz.es\/pt-br\/shop\/"},{"@type":"ListItem","position":3,"name":"JAM\u00d3N CAMPO BADAJOZ DESHUESADO"}]},{"@type":"WebSite","@id":"https:\/\/campobadajoz.es\/pt-br\/#website","url":"https:\/\/campobadajoz.es\/pt-br\/","name":"Campo Badajoz","description":"Productos ib\u00e9ricos de calidad","publisher":{"@id":"https:\/\/campobadajoz.es\/pt-br\/#organization"},"potentialAction":[{"@type":"SearchAction","target":{"@type":"EntryPoint","urlTemplate":"https:\/\/campobadajoz.es\/pt-br\/?s={search_term_string}"},"query-input":{"@type":"PropertyValueSpecification","valueRequired":true,"valueName":"search_term_string"}}],"inLanguage":"pt-BR"},{"@type":"Organization","@id":"https:\/\/campobadajoz.es\/pt-br\/#organization","name":"Campo Badajoz","url":"https:\/\/campobadajoz.es\/pt-br\/","logo":{"@type":"ImageObject","inLanguage":"pt-BR","@id":"https:\/\/campobadajoz.es\/pt-br\/#\/schema\/logo\/image\/","url":"https:\/\/campobadajoz.es\/wp-content\/uploads\/2023\/05\/logo_blanco_png-1.webp","contentUrl":"https:\/\/campobadajoz.es\/wp-content\/uploads\/2023\/05\/logo_blanco_png-1.webp","width":800,"height":800,"caption":"Campo Badajoz"},"image":{"@id":"https:\/\/campobadajoz.es\/pt-br\/#\/schema\/logo\/image\/"},"sameAs":["https:\/\/www.facebook.com\/campobadajoz.ibericodecampo\/","https:\/\/x.com\/jamonibericos","https:\/\/www.linkedin.com\/company\/campo-&-badajoz\/about\/","https:\/\/www.instagram.com\/campobadajoz\/"]}]}},"_links":{"self":[{"href":"https:\/\/campobadajoz.es\/pt-br\/wp-json\/wp\/v2\/product\/3945","targetHints":{"allow":["GET"]}}],"collection":[{"href":"https:\/\/campobadajoz.es\/pt-br\/wp-json\/wp\/v2\/product"}],"about":[{"href":"https:\/\/campobadajoz.es\/pt-br\/wp-json\/wp\/v2\/types\/product"}],"replies":[{"embeddable":true,"href":"https:\/\/campobadajoz.es\/pt-br\/wp-json\/wp\/v2\/comments?post=3945"}],"version-history":[{"count":1,"href":"https:\/\/campobadajoz.es\/pt-br\/wp-json\/wp\/v2\/product\/3945\/revisions"}],"predecessor-version":[{"id":6963,"href":"https:\/\/campobadajoz.es\/pt-br\/wp-json\/wp\/v2\/product\/3945\/revisions\/6963"}],"wp:featuredmedia":[{"embeddable":true,"href":"https:\/\/campobadajoz.es\/pt-br\/wp-json\/wp\/v2\/media\/6392"}],"wp:attachment":[{"href":"https:\/\/campobadajoz.es\/pt-br\/wp-json\/wp\/v2\/media?parent=3945"}],"wp:term":[{"taxonomy":"product_brand","embeddable":true,"href":"https:\/\/campobadajoz.es\/pt-br\/wp-json\/wp\/v2\/product_brand?post=3945"},{"taxonomy":"product_cat","embeddable":true,"href":"https:\/\/campobadajoz.es\/pt-br\/wp-json\/wp\/v2\/product_cat?post=3945"},{"taxonomy":"product_tag","embeddable":true,"href":"https:\/\/campobadajoz.es\/pt-br\/wp-json\/wp\/v2\/product_tag?post=3945"}],"curies":[{"name":"wp","href":"https:\/\/api.w.org\/{rel}","templated":true}]}}