{"id":3965,"date":"2023-08-30T07:17:42","date_gmt":"2023-08-30T07:17:42","guid":{"rendered":"https:\/\/campobadajoz.es\/producto\/paleta-bellota-deshuesada\/"},"modified":"2023-10-26T11:34:07","modified_gmt":"2023-10-26T11:34:07","slug":"paleta-bellota-deshuesada","status":"publish","type":"product","link":"https:\/\/campobadajoz.es\/pt-br\/producto\/paleta-bellota-deshuesada\/","title":{"rendered":"PALETA BELLOTA 100% IB\u00c9RICA DESHUESADA"},"content":{"rendered":"<p>Desossada com precis\u00e3o pelos nossos artes\u00e3os especializados, esta p\u00e1 oferece a comodidade de a poder saborear sem complica\u00e7\u00f5es, permitindo-lhe saborear cada fatia deliciosa sem obst\u00e1culos. A sua apresenta\u00e7\u00e3o desossada tamb\u00e9m facilita o corte em por\u00e7\u00f5es e a utiliza\u00e7\u00e3o numa variedade de pratos e receitas.<\/p>\n<p>A Paleta Ib\u00e9rica Deshuesada \u00e9 um verdadeiro deleite para paladares exigentes. O seu sabor suave e equilibrado, com notas doces e salgadas, combina perfeitamente com a sua textura suculenta e macia. Cada dentada transport\u00e1-lo-\u00e1 para a ess\u00eancia da tradi\u00e7\u00e3o e da excel\u00eancia gastron\u00f3mica.<\/p>\n<p>Este produto \u00e9 ideal para quem deseja apreciar os sabores \u00fanicos do porco ib\u00e9rico numa apresenta\u00e7\u00e3o pr\u00e1tica e f\u00e1cil de utilizar. Pode inclu\u00ed-lo em t\u00e1buas de charcutaria, sandu\u00edches gourmet, saladas ou utiliz\u00e1-lo como ingrediente principal nos seus pratos favoritos.<\/p>\n<p>A Paleta Ib\u00e9rica Deshuesada \u00e9 sin\u00f3nimo de qualidade e autenticidade. Cada fatia \u00e9 um testemunho da dedica\u00e7\u00e3o e do cuidado com que este produto foi produzido, respeitando tradi\u00e7\u00f5es ancestrais e utilizando m\u00e9todos artesanais que garantem a sua excel\u00eancia.<\/p>\n<p>Descubra a excel\u00eancia da Paleta Ib\u00e9rica Deshuesada e deixe-se seduzir pelo seu sabor inigual\u00e1vel. Desfrute da aut\u00eantica experi\u00eancia do porco ib\u00e9rico em cada dentada e surpreenda os seus convidados com esta iguaria \u00fanica e deliciosa.<\/p>\n","protected":false},"excerpt":{"rendered":"<h3 style=\"text-align: justify;\"><span style=\"font-family: 'times new roman', times, serif; font-size: 12pt;\"><em>Nuestra <strong>Paleta de Bellota 100%<\/strong> es un verdadero tesoro culinario. <strong>Pieza deshuesada<\/strong> para un m\u00e1ximo rendimiento y f\u00e1cil almacenaje.<\/em><\/span><\/h3>\n","protected":false},"featured_media":6008,"comment_status":"open","ping_status":"closed","template":"","meta":{"_acf_changed":false},"product_brand":[],"product_cat":[428],"product_tag":[],"class_list":{"0":"post-3965","1":"product","2":"type-product","3":"status-publish","4":"has-post-thumbnail","6":"product_cat-jamon-y-paleta-sin-hueso-pt-br","8":"first","9":"instock","10":"taxable","11":"shipping-taxable","12":"product-type-simple"},"acf":[],"yoast_head":"<!-- This site is optimized with the Yoast SEO plugin v27.4 - https:\/\/yoast.com\/product\/yoast-seo-wordpress\/ -->\n<title>PALETA BELLOTA 100% IB\u00c9RICA DESHUESADA - Campo Badajoz<\/title>\n<meta name=\"robots\" content=\"index, follow, max-snippet:-1, max-image-preview:large, max-video-preview:-1\" \/>\n<link rel=\"canonical\" href=\"https:\/\/campobadajoz.es\/pt-br\/producto\/paleta-bellota-deshuesada\/\" \/>\n<meta property=\"og:locale\" content=\"pt_BR\" \/>\n<meta property=\"og:type\" content=\"article\" \/>\n<meta property=\"og:title\" content=\"PALETA BELLOTA 100% IB\u00c9RICA DESHUESADA - Campo Badajoz\" \/>\n<meta property=\"og:description\" content=\"Nuestra Paleta de Bellota 100% es un verdadero tesoro culinario. Pieza deshuesada para un m\u00e1ximo rendimiento y f\u00e1cil almacenaje.\" \/>\n<meta property=\"og:url\" content=\"https:\/\/campobadajoz.es\/pt-br\/producto\/paleta-bellota-deshuesada\/\" \/>\n<meta property=\"og:site_name\" content=\"Campo Badajoz\" \/>\n<meta property=\"article:publisher\" content=\"https:\/\/www.facebook.com\/campobadajoz.ibericodecampo\/\" \/>\n<meta property=\"article:modified_time\" content=\"2023-10-26T11:34:07+00:00\" \/>\n<meta property=\"og:image\" content=\"https:\/\/campobadajoz.es\/wp-content\/uploads\/2023\/08\/Documento-A4-Notas-Bloc-Hoja-Carta-Verde-Menta-bonito.png\" \/>\n\t<meta property=\"og:image:width\" content=\"1414\" \/>\n\t<meta property=\"og:image:height\" content=\"2000\" \/>\n\t<meta property=\"og:image:type\" content=\"image\/png\" \/>\n<meta name=\"twitter:card\" content=\"summary_large_image\" \/>\n<meta name=\"twitter:site\" content=\"@jamonibericos\" \/>\n<meta name=\"twitter:label1\" content=\"Est. reading time\" \/>\n\t<meta name=\"twitter:data1\" content=\"1 minuto\" \/>\n<script type=\"application\/ld+json\" class=\"yoast-schema-graph\">{\"@context\":\"https:\\\/\\\/schema.org\",\"@graph\":[{\"@type\":\"WebPage\",\"@id\":\"https:\\\/\\\/campobadajoz.es\\\/pt-br\\\/producto\\\/paleta-bellota-deshuesada\\\/\",\"url\":\"https:\\\/\\\/campobadajoz.es\\\/pt-br\\\/producto\\\/paleta-bellota-deshuesada\\\/\",\"name\":\"PALETA BELLOTA 100% IB\u00c9RICA DESHUESADA - Campo Badajoz\",\"isPartOf\":{\"@id\":\"https:\\\/\\\/campobadajoz.es\\\/pt-br\\\/#website\"},\"primaryImageOfPage\":{\"@id\":\"https:\\\/\\\/campobadajoz.es\\\/pt-br\\\/producto\\\/paleta-bellota-deshuesada\\\/#primaryimage\"},\"image\":{\"@id\":\"https:\\\/\\\/campobadajoz.es\\\/pt-br\\\/producto\\\/paleta-bellota-deshuesada\\\/#primaryimage\"},\"thumbnailUrl\":\"https:\\\/\\\/campobadajoz.es\\\/wp-content\\\/uploads\\\/2023\\\/08\\\/Documento-A4-Notas-Bloc-Hoja-Carta-Verde-Menta-bonito.png\",\"datePublished\":\"2023-08-30T07:17:42+00:00\",\"dateModified\":\"2023-10-26T11:34:07+00:00\",\"breadcrumb\":{\"@id\":\"https:\\\/\\\/campobadajoz.es\\\/pt-br\\\/producto\\\/paleta-bellota-deshuesada\\\/#breadcrumb\"},\"inLanguage\":\"pt-BR\",\"potentialAction\":[{\"@type\":\"ReadAction\",\"target\":[\"https:\\\/\\\/campobadajoz.es\\\/pt-br\\\/producto\\\/paleta-bellota-deshuesada\\\/\"]}]},{\"@type\":\"ImageObject\",\"inLanguage\":\"pt-BR\",\"@id\":\"https:\\\/\\\/campobadajoz.es\\\/pt-br\\\/producto\\\/paleta-bellota-deshuesada\\\/#primaryimage\",\"url\":\"https:\\\/\\\/campobadajoz.es\\\/wp-content\\\/uploads\\\/2023\\\/08\\\/Documento-A4-Notas-Bloc-Hoja-Carta-Verde-Menta-bonito.png\",\"contentUrl\":\"https:\\\/\\\/campobadajoz.es\\\/wp-content\\\/uploads\\\/2023\\\/08\\\/Documento-A4-Notas-Bloc-Hoja-Carta-Verde-Menta-bonito.png\",\"width\":1414,\"height\":2000,\"caption\":\"Paleta Bellota 100% Ib\u00e9rica Deshuesada\"},{\"@type\":\"BreadcrumbList\",\"@id\":\"https:\\\/\\\/campobadajoz.es\\\/pt-br\\\/producto\\\/paleta-bellota-deshuesada\\\/#breadcrumb\",\"itemListElement\":[{\"@type\":\"ListItem\",\"position\":1,\"name\":\"Portada\",\"item\":\"https:\\\/\\\/campobadajoz.es\\\/pt-br\\\/\"},{\"@type\":\"ListItem\",\"position\":2,\"name\":\"Produtos\",\"item\":\"https:\\\/\\\/campobadajoz.es\\\/pt-br\\\/shop\\\/\"},{\"@type\":\"ListItem\",\"position\":3,\"name\":\"PALETA BELLOTA 100% IB\u00c9RICA DESHUESADA\"}]},{\"@type\":\"WebSite\",\"@id\":\"https:\\\/\\\/campobadajoz.es\\\/pt-br\\\/#website\",\"url\":\"https:\\\/\\\/campobadajoz.es\\\/pt-br\\\/\",\"name\":\"Campo Badajoz\",\"description\":\"Productos ib\u00e9ricos de calidad\",\"publisher\":{\"@id\":\"https:\\\/\\\/campobadajoz.es\\\/pt-br\\\/#organization\"},\"potentialAction\":[{\"@type\":\"SearchAction\",\"target\":{\"@type\":\"EntryPoint\",\"urlTemplate\":\"https:\\\/\\\/campobadajoz.es\\\/pt-br\\\/?s={search_term_string}\"},\"query-input\":{\"@type\":\"PropertyValueSpecification\",\"valueRequired\":true,\"valueName\":\"search_term_string\"}}],\"inLanguage\":\"pt-BR\"},{\"@type\":\"Organization\",\"@id\":\"https:\\\/\\\/campobadajoz.es\\\/pt-br\\\/#organization\",\"name\":\"Campo Badajoz\",\"url\":\"https:\\\/\\\/campobadajoz.es\\\/pt-br\\\/\",\"logo\":{\"@type\":\"ImageObject\",\"inLanguage\":\"pt-BR\",\"@id\":\"https:\\\/\\\/campobadajoz.es\\\/pt-br\\\/#\\\/schema\\\/logo\\\/image\\\/\",\"url\":\"https:\\\/\\\/campobadajoz.es\\\/wp-content\\\/uploads\\\/2023\\\/05\\\/logo_blanco_png-1.webp\",\"contentUrl\":\"https:\\\/\\\/campobadajoz.es\\\/wp-content\\\/uploads\\\/2023\\\/05\\\/logo_blanco_png-1.webp\",\"width\":800,\"height\":800,\"caption\":\"Campo Badajoz\"},\"image\":{\"@id\":\"https:\\\/\\\/campobadajoz.es\\\/pt-br\\\/#\\\/schema\\\/logo\\\/image\\\/\"},\"sameAs\":[\"https:\\\/\\\/www.facebook.com\\\/campobadajoz.ibericodecampo\\\/\",\"https:\\\/\\\/x.com\\\/jamonibericos\",\"https:\\\/\\\/www.linkedin.com\\\/company\\\/campo-&-badajoz\\\/about\\\/\",\"https:\\\/\\\/www.instagram.com\\\/campobadajoz\\\/\"]}]}<\/script>\n<!-- \/ Yoast SEO plugin. -->","yoast_head_json":{"title":"PALETA BELLOTA 100% IB\u00c9RICA DESHUESADA - Campo Badajoz","robots":{"index":"index","follow":"follow","max-snippet":"max-snippet:-1","max-image-preview":"max-image-preview:large","max-video-preview":"max-video-preview:-1"},"canonical":"https:\/\/campobadajoz.es\/pt-br\/producto\/paleta-bellota-deshuesada\/","og_locale":"pt_BR","og_type":"article","og_title":"PALETA BELLOTA 100% IB\u00c9RICA DESHUESADA - Campo Badajoz","og_description":"Nuestra Paleta de Bellota 100% es un verdadero tesoro culinario. Pieza deshuesada para un m\u00e1ximo rendimiento y f\u00e1cil almacenaje.","og_url":"https:\/\/campobadajoz.es\/pt-br\/producto\/paleta-bellota-deshuesada\/","og_site_name":"Campo Badajoz","article_publisher":"https:\/\/www.facebook.com\/campobadajoz.ibericodecampo\/","article_modified_time":"2023-10-26T11:34:07+00:00","og_image":[{"width":1414,"height":2000,"url":"https:\/\/campobadajoz.es\/wp-content\/uploads\/2023\/08\/Documento-A4-Notas-Bloc-Hoja-Carta-Verde-Menta-bonito.png","type":"image\/png"}],"twitter_card":"summary_large_image","twitter_site":"@jamonibericos","twitter_misc":{"Est. reading time":"1 minuto"},"schema":{"@context":"https:\/\/schema.org","@graph":[{"@type":"WebPage","@id":"https:\/\/campobadajoz.es\/pt-br\/producto\/paleta-bellota-deshuesada\/","url":"https:\/\/campobadajoz.es\/pt-br\/producto\/paleta-bellota-deshuesada\/","name":"PALETA BELLOTA 100% IB\u00c9RICA DESHUESADA - Campo Badajoz","isPartOf":{"@id":"https:\/\/campobadajoz.es\/pt-br\/#website"},"primaryImageOfPage":{"@id":"https:\/\/campobadajoz.es\/pt-br\/producto\/paleta-bellota-deshuesada\/#primaryimage"},"image":{"@id":"https:\/\/campobadajoz.es\/pt-br\/producto\/paleta-bellota-deshuesada\/#primaryimage"},"thumbnailUrl":"https:\/\/campobadajoz.es\/wp-content\/uploads\/2023\/08\/Documento-A4-Notas-Bloc-Hoja-Carta-Verde-Menta-bonito.png","datePublished":"2023-08-30T07:17:42+00:00","dateModified":"2023-10-26T11:34:07+00:00","breadcrumb":{"@id":"https:\/\/campobadajoz.es\/pt-br\/producto\/paleta-bellota-deshuesada\/#breadcrumb"},"inLanguage":"pt-BR","potentialAction":[{"@type":"ReadAction","target":["https:\/\/campobadajoz.es\/pt-br\/producto\/paleta-bellota-deshuesada\/"]}]},{"@type":"ImageObject","inLanguage":"pt-BR","@id":"https:\/\/campobadajoz.es\/pt-br\/producto\/paleta-bellota-deshuesada\/#primaryimage","url":"https:\/\/campobadajoz.es\/wp-content\/uploads\/2023\/08\/Documento-A4-Notas-Bloc-Hoja-Carta-Verde-Menta-bonito.png","contentUrl":"https:\/\/campobadajoz.es\/wp-content\/uploads\/2023\/08\/Documento-A4-Notas-Bloc-Hoja-Carta-Verde-Menta-bonito.png","width":1414,"height":2000,"caption":"Paleta Bellota 100% Ib\u00e9rica Deshuesada"},{"@type":"BreadcrumbList","@id":"https:\/\/campobadajoz.es\/pt-br\/producto\/paleta-bellota-deshuesada\/#breadcrumb","itemListElement":[{"@type":"ListItem","position":1,"name":"Portada","item":"https:\/\/campobadajoz.es\/pt-br\/"},{"@type":"ListItem","position":2,"name":"Produtos","item":"https:\/\/campobadajoz.es\/pt-br\/shop\/"},{"@type":"ListItem","position":3,"name":"PALETA BELLOTA 100% IB\u00c9RICA DESHUESADA"}]},{"@type":"WebSite","@id":"https:\/\/campobadajoz.es\/pt-br\/#website","url":"https:\/\/campobadajoz.es\/pt-br\/","name":"Campo Badajoz","description":"Productos ib\u00e9ricos de calidad","publisher":{"@id":"https:\/\/campobadajoz.es\/pt-br\/#organization"},"potentialAction":[{"@type":"SearchAction","target":{"@type":"EntryPoint","urlTemplate":"https:\/\/campobadajoz.es\/pt-br\/?s={search_term_string}"},"query-input":{"@type":"PropertyValueSpecification","valueRequired":true,"valueName":"search_term_string"}}],"inLanguage":"pt-BR"},{"@type":"Organization","@id":"https:\/\/campobadajoz.es\/pt-br\/#organization","name":"Campo Badajoz","url":"https:\/\/campobadajoz.es\/pt-br\/","logo":{"@type":"ImageObject","inLanguage":"pt-BR","@id":"https:\/\/campobadajoz.es\/pt-br\/#\/schema\/logo\/image\/","url":"https:\/\/campobadajoz.es\/wp-content\/uploads\/2023\/05\/logo_blanco_png-1.webp","contentUrl":"https:\/\/campobadajoz.es\/wp-content\/uploads\/2023\/05\/logo_blanco_png-1.webp","width":800,"height":800,"caption":"Campo Badajoz"},"image":{"@id":"https:\/\/campobadajoz.es\/pt-br\/#\/schema\/logo\/image\/"},"sameAs":["https:\/\/www.facebook.com\/campobadajoz.ibericodecampo\/","https:\/\/x.com\/jamonibericos","https:\/\/www.linkedin.com\/company\/campo-&-badajoz\/about\/","https:\/\/www.instagram.com\/campobadajoz\/"]}]}},"_links":{"self":[{"href":"https:\/\/campobadajoz.es\/pt-br\/wp-json\/wp\/v2\/product\/3965","targetHints":{"allow":["GET"]}}],"collection":[{"href":"https:\/\/campobadajoz.es\/pt-br\/wp-json\/wp\/v2\/product"}],"about":[{"href":"https:\/\/campobadajoz.es\/pt-br\/wp-json\/wp\/v2\/types\/product"}],"replies":[{"embeddable":true,"href":"https:\/\/campobadajoz.es\/pt-br\/wp-json\/wp\/v2\/comments?post=3965"}],"version-history":[{"count":1,"href":"https:\/\/campobadajoz.es\/pt-br\/wp-json\/wp\/v2\/product\/3965\/revisions"}],"predecessor-version":[{"id":6972,"href":"https:\/\/campobadajoz.es\/pt-br\/wp-json\/wp\/v2\/product\/3965\/revisions\/6972"}],"wp:featuredmedia":[{"embeddable":true,"href":"https:\/\/campobadajoz.es\/pt-br\/wp-json\/wp\/v2\/media\/6008"}],"wp:attachment":[{"href":"https:\/\/campobadajoz.es\/pt-br\/wp-json\/wp\/v2\/media?parent=3965"}],"wp:term":[{"taxonomy":"product_brand","embeddable":true,"href":"https:\/\/campobadajoz.es\/pt-br\/wp-json\/wp\/v2\/product_brand?post=3965"},{"taxonomy":"product_cat","embeddable":true,"href":"https:\/\/campobadajoz.es\/pt-br\/wp-json\/wp\/v2\/product_cat?post=3965"},{"taxonomy":"product_tag","embeddable":true,"href":"https:\/\/campobadajoz.es\/pt-br\/wp-json\/wp\/v2\/product_tag?post=3965"}],"curies":[{"name":"wp","href":"https:\/\/api.w.org\/{rel}","templated":true}]}}