{"id":3801,"date":"2023-08-30T05:58:43","date_gmt":"2023-08-30T05:58:43","guid":{"rendered":"https:\/\/campobadajoz.es\/producto\/jamon-bellota-100-iberico\/"},"modified":"2023-10-25T09:29:15","modified_gmt":"2023-10-25T09:29:15","slug":"jamon-bellota-100-iberico","status":"publish","type":"product","link":"https:\/\/campobadajoz.es\/zh-hans\/producto\/jamon-bellota-100-iberico\/","title":{"rendered":"JAM\u00d3N BELLOTA 100% IB\u00c9RICO"},"content":{"rendered":"<p>\u6bcf\u5757\u706b\u817f\u90fd\u7ecf\u8fc7\u7cbe\u5fc3\u6311\u9009\uff0c\u786e\u4fdd\u5176\u7b26\u5408\u6700\u4e25\u683c\u7684\u8d28\u91cf\u548c\u7eaf\u5ea6\u6807\u51c6\u3002 \u706b\u817f\u4e2d\u7684\u9aa8\u5934\u5177\u6709\u72ec\u7279\u7684\u7279\u6027\uff0c\u63d0\u4f9b\u66f4\u6d53\u90c1\u7684\u98ce\u5473\u548c\u591a\u6c41\u591a\u6c41\u7684\u8d28\u5730\u3002<\/p>\n<p>\u6211\u4eec\u7684\u706b\u817f\u5236\u4f5c\u5927\u5e08\u4ee5\u5949\u732e\u7cbe\u795e\u548c\u7cbe\u6e5b\u6280\u827a\u9075\u5faa\u4f20\u7edf\u7684\u814c\u5236\u5de5\u827a\uff0c\u4f7f\u706b\u817f\u5728\u6700\u4f73\u6761\u4ef6\u4e0b\u7f13\u6162\u6210\u719f\u3002 \u8fd9\u4e2a\u8fc7\u7a0b\u53ef\u4ee5\u6301\u7eed\u6570\u5e74\uff0c\u5f62\u6210\u590d\u6742\u7684\u98ce\u5473\u548c\u9999\u6c14\uff0c\u4f7f\u5e26\u9aa8\u4f0a\u6bd4\u5229\u4e9a\u706b\u817f\u6210\u4e3a\u771f\u6b63\u7684\u7f8e\u5473\u3002<\/p>\n<p>\u6bcf\u4e00\u7247\u706b\u817f\u90fd\u7ed9\u4eba\u4e00\u79cd\u72ec\u7279\u7684\u611f\u5b98\u4f53\u9a8c\uff0c\u751c\u54b8\u7684\u5473\u9053\uff0c\u7ec6\u817b\u7684\u8d28\u5730\uff0c\u9189\u4eba\u7684\u9999\u6c14\u3002 \u5e26\u9aa8\u4f0a\u6bd4\u5229\u4e9a\u706b\u817f\u662f\u7f8e\u98df\u7231\u597d\u8005\u7684\u771f\u6b63\u4eab\u53d7\uff0c\u4e5f\u662f\u4efb\u4f55\u5e86\u795d\u6d3b\u52a8\u6216\u7279\u6b8a\u6d3b\u52a8\u9910\u684c\u4e0a\u7684\u5fc5\u5907\u54c1\u3002<\/p>\n<p>\u4eab\u7528\u6211\u4eec\u7684\u5e26\u9aa8\u4f0a\u6bd4\u5229\u4e9a\u706b\u817f\u8584\u7247\uff0c\u6b23\u8d4f\u5176\u7cbe\u81f4\u7684\u98ce\u5473\u4ee5\u53ca\u6d53\u90c1\u800c\u5e73\u8861\u7684\u5473\u9053\u3002 \u642d\u914d\u65b0\u9c9c\u51fa\u7089\u7684\u9762\u5305\u3001\u7279\u7ea7\u521d\u69a8\u6a44\u6984\u6cb9\u548c\u4e00\u4e9b\u597d\u670b\u53cb\uff0c\u8ba9\u81ea\u5df1\u6c89\u6d78\u5728\u6b63\u5b97\u897f\u73ed\u7259\u7f8e\u98df\u7684\u4f20\u7edf\u548c\u7cbe\u81f4\u4e4b\u4e2d\u3002<\/p>\n<p>\u8ba9\u60a8\u5c3d\u60c5\u54c1\u5c1d\u548c\u5206\u4eab\u6211\u4eec\u5e26\u9aa8\u4f0a\u6bd4\u5229\u4e9a\u706b\u817f\u7684\u5353\u8d8a\u54c1\u8d28\uff0c\u5e76\u4e86\u89e3\u4e3a\u4ec0\u4e48\u5b83\u88ab\u8ba4\u4e3a\u662f\u5168\u7403\u6700\u53d7\u6b22\u8fce\u7684\u7f8e\u98df\u4e4b\u4e00\u3002 \u72ec\u7279\u7684\u7f8e\u98df\u4f53\u9a8c\u5c06\u5e26\u60a8\u524d\u5f80\u7267\u573a\uff0c\u4eab\u53d7\u4f0a\u6bd4\u5229\u4e9a\u706b\u817f\u7684\u771f\u6b63\u7cbe\u9ad3\u3002<\/p>\n","protected":false},"excerpt":{"rendered":"<h3 style=\"text-align: justify\"><span style=\"font-family: 'times new roman', times, serif;font-size: 12pt\"><em>Nuestro <strong>Jam\u00f3n de Bellota 100%<\/strong> es un verdadero tesoro culinario. Nacido de la crianza meticulosa de cerdos ib\u00e9ricos puros alimentados con bellota, es un imprescindible para disfrutar en cualquier ocasi\u00f3n.<\/em><\/span><\/h3>\n","protected":false},"featured_media":6366,"comment_status":"open","ping_status":"closed","template":"","meta":{"_acf_changed":false},"product_brand":[],"product_cat":[415],"product_tag":[],"class_list":{"0":"post-3801","1":"product","2":"type-product","3":"status-publish","4":"has-post-thumbnail","6":"product_cat-415","7":"pa_peso-700-750-kg-zh-hans","8":"pa_peso-800-850-kg-zh-hans","9":"pa_peso-850-900-kg-zh-hans","10":"pa_peso-900-950-kg-zh-hans","12":"first","13":"instock","14":"taxable","15":"shipping-taxable","16":"product-type-variable"},"acf":[],"yoast_head":"<!-- This site is optimized with the Yoast SEO plugin v27.4 - https:\/\/yoast.com\/product\/yoast-seo-wordpress\/ -->\n<title>JAM\u00d3N BELLOTA 100% IB\u00c9RICO - Campo Badajoz<\/title>\n<meta name=\"robots\" content=\"index, follow, max-snippet:-1, max-image-preview:large, max-video-preview:-1\" \/>\n<link rel=\"canonical\" href=\"https:\/\/campobadajoz.es\/zh-hans\/producto\/jamon-bellota-100-iberico\/\" \/>\n<meta property=\"og:locale\" content=\"zh_CN\" \/>\n<meta property=\"og:type\" content=\"article\" \/>\n<meta property=\"og:title\" content=\"JAM\u00d3N BELLOTA 100% IB\u00c9RICO - Campo Badajoz\" \/>\n<meta property=\"og:description\" content=\"Nuestro Jam\u00f3n de Bellota 100% es un verdadero tesoro culinario. Nacido de la crianza meticulosa de cerdos ib\u00e9ricos puros alimentados con bellota, es un imprescindible para disfrutar en cualquier ocasi\u00f3n.\" \/>\n<meta property=\"og:url\" content=\"https:\/\/campobadajoz.es\/zh-hans\/producto\/jamon-bellota-100-iberico\/\" \/>\n<meta property=\"og:site_name\" content=\"Campo Badajoz\" \/>\n<meta property=\"article:publisher\" content=\"https:\/\/www.facebook.com\/campobadajoz.ibericodecampo\/\" \/>\n<meta property=\"article:modified_time\" content=\"2023-10-25T09:29:15+00:00\" \/>\n<meta property=\"og:image\" content=\"https:\/\/campobadajoz.es\/wp-content\/uploads\/2023\/08\/RLF3532-Editar.jpg\" \/>\n\t<meta property=\"og:image:width\" content=\"1575\" \/>\n\t<meta property=\"og:image:height\" content=\"2362\" \/>\n\t<meta property=\"og:image:type\" content=\"image\/jpeg\" \/>\n<meta name=\"twitter:card\" content=\"summary_large_image\" \/>\n<meta name=\"twitter:site\" content=\"@jamonibericos\" \/>\n<script type=\"application\/ld+json\" class=\"yoast-schema-graph\">{\"@context\":\"https:\\\/\\\/schema.org\",\"@graph\":[{\"@type\":\"WebPage\",\"@id\":\"https:\\\/\\\/campobadajoz.es\\\/zh-hans\\\/producto\\\/jamon-bellota-100-iberico\\\/\",\"url\":\"https:\\\/\\\/campobadajoz.es\\\/zh-hans\\\/producto\\\/jamon-bellota-100-iberico\\\/\",\"name\":\"JAM\u00d3N BELLOTA 100% IB\u00c9RICO - Campo Badajoz\",\"isPartOf\":{\"@id\":\"https:\\\/\\\/campobadajoz.es\\\/zh-hans\\\/#website\"},\"primaryImageOfPage\":{\"@id\":\"https:\\\/\\\/campobadajoz.es\\\/zh-hans\\\/producto\\\/jamon-bellota-100-iberico\\\/#primaryimage\"},\"image\":{\"@id\":\"https:\\\/\\\/campobadajoz.es\\\/zh-hans\\\/producto\\\/jamon-bellota-100-iberico\\\/#primaryimage\"},\"thumbnailUrl\":\"https:\\\/\\\/campobadajoz.es\\\/wp-content\\\/uploads\\\/2023\\\/08\\\/RLF3532-Editar.jpg\",\"datePublished\":\"2023-08-30T05:58:43+00:00\",\"dateModified\":\"2023-10-25T09:29:15+00:00\",\"breadcrumb\":{\"@id\":\"https:\\\/\\\/campobadajoz.es\\\/zh-hans\\\/producto\\\/jamon-bellota-100-iberico\\\/#breadcrumb\"},\"inLanguage\":\"zh-Hans\",\"potentialAction\":[{\"@type\":\"ReadAction\",\"target\":[\"https:\\\/\\\/campobadajoz.es\\\/zh-hans\\\/producto\\\/jamon-bellota-100-iberico\\\/\"]}]},{\"@type\":\"ImageObject\",\"inLanguage\":\"zh-Hans\",\"@id\":\"https:\\\/\\\/campobadajoz.es\\\/zh-hans\\\/producto\\\/jamon-bellota-100-iberico\\\/#primaryimage\",\"url\":\"https:\\\/\\\/campobadajoz.es\\\/wp-content\\\/uploads\\\/2023\\\/08\\\/RLF3532-Editar.jpg\",\"contentUrl\":\"https:\\\/\\\/campobadajoz.es\\\/wp-content\\\/uploads\\\/2023\\\/08\\\/RLF3532-Editar.jpg\",\"width\":1575,\"height\":2362,\"caption\":\"Jamon Iberico 100%\"},{\"@type\":\"BreadcrumbList\",\"@id\":\"https:\\\/\\\/campobadajoz.es\\\/zh-hans\\\/producto\\\/jamon-bellota-100-iberico\\\/#breadcrumb\",\"itemListElement\":[{\"@type\":\"ListItem\",\"position\":1,\"name\":\"Portada\",\"item\":\"https:\\\/\\\/campobadajoz.es\\\/zh-hans\\\/\"},{\"@type\":\"ListItem\",\"position\":2,\"name\":\"\u4ea7\u54c1\",\"item\":\"https:\\\/\\\/campobadajoz.es\\\/zh-hans\\\/shop\\\/\"},{\"@type\":\"ListItem\",\"position\":3,\"name\":\"JAM\u00d3N BELLOTA 100% IB\u00c9RICO\"}]},{\"@type\":\"WebSite\",\"@id\":\"https:\\\/\\\/campobadajoz.es\\\/zh-hans\\\/#website\",\"url\":\"https:\\\/\\\/campobadajoz.es\\\/zh-hans\\\/\",\"name\":\"Campo Badajoz\",\"description\":\"Productos ib\u00e9ricos de calidad\",\"publisher\":{\"@id\":\"https:\\\/\\\/campobadajoz.es\\\/zh-hans\\\/#organization\"},\"potentialAction\":[{\"@type\":\"SearchAction\",\"target\":{\"@type\":\"EntryPoint\",\"urlTemplate\":\"https:\\\/\\\/campobadajoz.es\\\/zh-hans\\\/?s={search_term_string}\"},\"query-input\":{\"@type\":\"PropertyValueSpecification\",\"valueRequired\":true,\"valueName\":\"search_term_string\"}}],\"inLanguage\":\"zh-Hans\"},{\"@type\":\"Organization\",\"@id\":\"https:\\\/\\\/campobadajoz.es\\\/zh-hans\\\/#organization\",\"name\":\"Campo Badajoz\",\"url\":\"https:\\\/\\\/campobadajoz.es\\\/zh-hans\\\/\",\"logo\":{\"@type\":\"ImageObject\",\"inLanguage\":\"zh-Hans\",\"@id\":\"https:\\\/\\\/campobadajoz.es\\\/zh-hans\\\/#\\\/schema\\\/logo\\\/image\\\/\",\"url\":\"https:\\\/\\\/campobadajoz.es\\\/wp-content\\\/uploads\\\/2023\\\/05\\\/logo_blanco_png-1.webp\",\"contentUrl\":\"https:\\\/\\\/campobadajoz.es\\\/wp-content\\\/uploads\\\/2023\\\/05\\\/logo_blanco_png-1.webp\",\"width\":800,\"height\":800,\"caption\":\"Campo Badajoz\"},\"image\":{\"@id\":\"https:\\\/\\\/campobadajoz.es\\\/zh-hans\\\/#\\\/schema\\\/logo\\\/image\\\/\"},\"sameAs\":[\"https:\\\/\\\/www.facebook.com\\\/campobadajoz.ibericodecampo\\\/\",\"https:\\\/\\\/x.com\\\/jamonibericos\",\"https:\\\/\\\/www.linkedin.com\\\/company\\\/campo-&-badajoz\\\/about\\\/\",\"https:\\\/\\\/www.instagram.com\\\/campobadajoz\\\/\"]}]}<\/script>\n<!-- \/ Yoast SEO plugin. -->","yoast_head_json":{"title":"JAM\u00d3N BELLOTA 100% IB\u00c9RICO - Campo Badajoz","robots":{"index":"index","follow":"follow","max-snippet":"max-snippet:-1","max-image-preview":"max-image-preview:large","max-video-preview":"max-video-preview:-1"},"canonical":"https:\/\/campobadajoz.es\/zh-hans\/producto\/jamon-bellota-100-iberico\/","og_locale":"zh_CN","og_type":"article","og_title":"JAM\u00d3N BELLOTA 100% IB\u00c9RICO - Campo Badajoz","og_description":"Nuestro Jam\u00f3n de Bellota 100% es un verdadero tesoro culinario. Nacido de la crianza meticulosa de cerdos ib\u00e9ricos puros alimentados con bellota, es un imprescindible para disfrutar en cualquier ocasi\u00f3n.","og_url":"https:\/\/campobadajoz.es\/zh-hans\/producto\/jamon-bellota-100-iberico\/","og_site_name":"Campo Badajoz","article_publisher":"https:\/\/www.facebook.com\/campobadajoz.ibericodecampo\/","article_modified_time":"2023-10-25T09:29:15+00:00","og_image":[{"width":1575,"height":2362,"url":"https:\/\/campobadajoz.es\/wp-content\/uploads\/2023\/08\/RLF3532-Editar.jpg","type":"image\/jpeg"}],"twitter_card":"summary_large_image","twitter_site":"@jamonibericos","schema":{"@context":"https:\/\/schema.org","@graph":[{"@type":"WebPage","@id":"https:\/\/campobadajoz.es\/zh-hans\/producto\/jamon-bellota-100-iberico\/","url":"https:\/\/campobadajoz.es\/zh-hans\/producto\/jamon-bellota-100-iberico\/","name":"JAM\u00d3N BELLOTA 100% IB\u00c9RICO - Campo Badajoz","isPartOf":{"@id":"https:\/\/campobadajoz.es\/zh-hans\/#website"},"primaryImageOfPage":{"@id":"https:\/\/campobadajoz.es\/zh-hans\/producto\/jamon-bellota-100-iberico\/#primaryimage"},"image":{"@id":"https:\/\/campobadajoz.es\/zh-hans\/producto\/jamon-bellota-100-iberico\/#primaryimage"},"thumbnailUrl":"https:\/\/campobadajoz.es\/wp-content\/uploads\/2023\/08\/RLF3532-Editar.jpg","datePublished":"2023-08-30T05:58:43+00:00","dateModified":"2023-10-25T09:29:15+00:00","breadcrumb":{"@id":"https:\/\/campobadajoz.es\/zh-hans\/producto\/jamon-bellota-100-iberico\/#breadcrumb"},"inLanguage":"zh-Hans","potentialAction":[{"@type":"ReadAction","target":["https:\/\/campobadajoz.es\/zh-hans\/producto\/jamon-bellota-100-iberico\/"]}]},{"@type":"ImageObject","inLanguage":"zh-Hans","@id":"https:\/\/campobadajoz.es\/zh-hans\/producto\/jamon-bellota-100-iberico\/#primaryimage","url":"https:\/\/campobadajoz.es\/wp-content\/uploads\/2023\/08\/RLF3532-Editar.jpg","contentUrl":"https:\/\/campobadajoz.es\/wp-content\/uploads\/2023\/08\/RLF3532-Editar.jpg","width":1575,"height":2362,"caption":"Jamon Iberico 100%"},{"@type":"BreadcrumbList","@id":"https:\/\/campobadajoz.es\/zh-hans\/producto\/jamon-bellota-100-iberico\/#breadcrumb","itemListElement":[{"@type":"ListItem","position":1,"name":"Portada","item":"https:\/\/campobadajoz.es\/zh-hans\/"},{"@type":"ListItem","position":2,"name":"\u4ea7\u54c1","item":"https:\/\/campobadajoz.es\/zh-hans\/shop\/"},{"@type":"ListItem","position":3,"name":"JAM\u00d3N BELLOTA 100% IB\u00c9RICO"}]},{"@type":"WebSite","@id":"https:\/\/campobadajoz.es\/zh-hans\/#website","url":"https:\/\/campobadajoz.es\/zh-hans\/","name":"Campo Badajoz","description":"Productos ib\u00e9ricos de calidad","publisher":{"@id":"https:\/\/campobadajoz.es\/zh-hans\/#organization"},"potentialAction":[{"@type":"SearchAction","target":{"@type":"EntryPoint","urlTemplate":"https:\/\/campobadajoz.es\/zh-hans\/?s={search_term_string}"},"query-input":{"@type":"PropertyValueSpecification","valueRequired":true,"valueName":"search_term_string"}}],"inLanguage":"zh-Hans"},{"@type":"Organization","@id":"https:\/\/campobadajoz.es\/zh-hans\/#organization","name":"Campo Badajoz","url":"https:\/\/campobadajoz.es\/zh-hans\/","logo":{"@type":"ImageObject","inLanguage":"zh-Hans","@id":"https:\/\/campobadajoz.es\/zh-hans\/#\/schema\/logo\/image\/","url":"https:\/\/campobadajoz.es\/wp-content\/uploads\/2023\/05\/logo_blanco_png-1.webp","contentUrl":"https:\/\/campobadajoz.es\/wp-content\/uploads\/2023\/05\/logo_blanco_png-1.webp","width":800,"height":800,"caption":"Campo Badajoz"},"image":{"@id":"https:\/\/campobadajoz.es\/zh-hans\/#\/schema\/logo\/image\/"},"sameAs":["https:\/\/www.facebook.com\/campobadajoz.ibericodecampo\/","https:\/\/x.com\/jamonibericos","https:\/\/www.linkedin.com\/company\/campo-&-badajoz\/about\/","https:\/\/www.instagram.com\/campobadajoz\/"]}]}},"_links":{"self":[{"href":"https:\/\/campobadajoz.es\/zh-hans\/wp-json\/wp\/v2\/product\/3801","targetHints":{"allow":["GET"]}}],"collection":[{"href":"https:\/\/campobadajoz.es\/zh-hans\/wp-json\/wp\/v2\/product"}],"about":[{"href":"https:\/\/campobadajoz.es\/zh-hans\/wp-json\/wp\/v2\/types\/product"}],"replies":[{"embeddable":true,"href":"https:\/\/campobadajoz.es\/zh-hans\/wp-json\/wp\/v2\/comments?post=3801"}],"version-history":[{"count":1,"href":"https:\/\/campobadajoz.es\/zh-hans\/wp-json\/wp\/v2\/product\/3801\/revisions"}],"predecessor-version":[{"id":6913,"href":"https:\/\/campobadajoz.es\/zh-hans\/wp-json\/wp\/v2\/product\/3801\/revisions\/6913"}],"wp:featuredmedia":[{"embeddable":true,"href":"https:\/\/campobadajoz.es\/zh-hans\/wp-json\/wp\/v2\/media\/6366"}],"wp:attachment":[{"href":"https:\/\/campobadajoz.es\/zh-hans\/wp-json\/wp\/v2\/media?parent=3801"}],"wp:term":[{"taxonomy":"product_brand","embeddable":true,"href":"https:\/\/campobadajoz.es\/zh-hans\/wp-json\/wp\/v2\/product_brand?post=3801"},{"taxonomy":"product_cat","embeddable":true,"href":"https:\/\/campobadajoz.es\/zh-hans\/wp-json\/wp\/v2\/product_cat?post=3801"},{"taxonomy":"product_tag","embeddable":true,"href":"https:\/\/campobadajoz.es\/zh-hans\/wp-json\/wp\/v2\/product_tag?post=3801"}],"curies":[{"name":"wp","href":"https:\/\/api.w.org\/{rel}","templated":true}]}}