{"id":3918,"date":"2023-08-30T06:57:32","date_gmt":"2023-08-30T06:57:32","guid":{"rendered":"https:\/\/campobadajoz.es\/producto\/jamon-bellota-100-iberico-deshuesado\/"},"modified":"2023-10-25T12:00:09","modified_gmt":"2023-10-25T12:00:09","slug":"jamon-bellota-100-iberico-deshuesado","status":"publish","type":"product","link":"https:\/\/campobadajoz.es\/zh-hans\/producto\/jamon-bellota-100-iberico-deshuesado\/","title":{"rendered":"JAM\u00d3N BELLOTA 100% IB\u00c9RICO DESHUESADO"},"content":{"rendered":"<p>\u6bcf\u4e00\u7247\u53bb\u9aa8\u4f0a\u6bd4\u5229\u4e9a\u706b\u817f\u90fd\u662f\u611f\u5b98\u7684\u4eab\u53d7\u3002 \u6df1\u7ea2\u7684\u8272\u6cfd\u548c\u6d78\u6da6\u8102\u80aa\u7684\u5927\u7406\u77f3\u7eb9\u786e\u4fdd\u4e86\u72ec\u7279\u7684\u53e3\u611f\u4f53\u9a8c\u3002 \u6bcf\u4e00\u53e3\u90fd\u80fd\u611f\u53d7\u5230\u67d4\u548c\u4e0e\u6df1\u6c89\u7684\u7ed3\u5408\uff0c\u751c\u5473\u4e0e\u54b8\u5473\u5728\u53e3\u4e2d\u7f13\u7f13\u91ca\u653e\u3002<\/p>\n<p>\u8fd9\u6b3e\u53bb\u9aa8\u4f0a\u6bd4\u5229\u4e9a\u706b\u817f\u662f\u4efb\u4f55\u573a\u5408\u7684\u5b8c\u7f8e\u4f34\u4fa3\u3002 \u60a8\u53ef\u4ee5\u5c06\u5176\u4f5c\u4e3a\u4e00\u684c\u4e09\u660e\u6cbb\u7684\u4e00\u90e8\u5206\u3001\u7f8e\u98df\u4e09\u660e\u6cbb\u6216\u7f8e\u98df\u83dc\u80b4\u7684\u914d\u6599\u6765\u4eab\u7528\u3002 \u5b83\u7684\u591a\u529f\u80fd\u6027\u8ba9\u60a8\u53ef\u4ee5\u5c3d\u60c5\u53d1\u6325\u70f9\u996a\u521b\u610f\uff0c\u4e3a\u60a8\u7684\u5ba2\u4eba\u70f9\u5236\u51fa\u4ee4\u4eba\u60ca\u559c\u7684\u7f8e\u5473\u4f73\u80b4\u3002<\/p>\n<p>\u4f0a\u6bd4\u5229\u4e9a\u706b\u817f\u7684\u5254\u9aa8\u8fc7\u7a0b\u9700\u8981\u6280\u672f\u548c\u7cbe\u786e\u5ea6\uff0c\u6211\u4eec\u7684\u706b\u817f\u4e13\u5bb6\u4e00\u4e1d\u4e0d\u82df\u5730\u5b8c\u6210\u8fd9\u4e00\u8fc7\u7a0b\uff0c\u5e76\u5c0a\u91cd\u4ea7\u54c1\u7684\u8d28\u91cf\u3002 \u6bcf\u4e00\u7247\u90fd\u91c7\u7528\u771f\u7a7a\u5305\u88c5\uff0c\u4ee5\u4fdd\u8bc1\u5176\u65b0\u9c9c\u5ea6\uff0c\u5e76\u4fdd\u7559\u5176\u6240\u6709\u611f\u5b98\u54c1\u8d28\u3002<\/p>\n<p>\u63a2\u7d22\u4f0a\u6bd4\u5229\u4e9a\u65e0\u9aa8\u706b\u817f\u7684\u5353\u8d8a\u54c1\u8d28\uff0c\u6c89\u6d78\u5728\u72ec\u7279\u7684\u7f8e\u98df\u4f53\u9a8c\u4e2d\u3002 \u54c1\u5c1d\u5b83\u7684\u72ec\u7279\u98ce\u5473\u548c\u7ec6\u817b\u53e3\u611f\uff0c\u8ba9\u81ea\u5df1\u88ab\u897f\u73ed\u7259\u7f8e\u98df\u4e2d\u6700\u53d7\u8d5e\u8d4f\u7684\u7f8e\u98df\u73cd\u54c1\u6df1\u6df1\u5438\u5f15\u3002<\/p>\n","protected":false},"excerpt":{"rendered":"<h3 style=\"text-align: justify;\"><span style=\"font-family: 'times new roman', times, serif; font-size: 12pt;\"><em>Nuestro <strong>Jam\u00f3n de Bellota 100%<\/strong> es un verdadero tesoro culinario. <strong>Pieza deshuesada<\/strong> completa para un m\u00e1ximo rendimiento y f\u00e1cil almacenaje.<\/em><\/span><\/h3>\n","protected":false},"featured_media":6386,"comment_status":"open","ping_status":"closed","template":"","meta":{"_acf_changed":false},"product_brand":[],"product_cat":[422],"product_tag":[],"class_list":{"0":"post-3918","1":"product","2":"type-product","3":"status-publish","4":"has-post-thumbnail","6":"product_cat-jamon-y-paleta-sin-hueso-zh-hans","8":"first","9":"instock","10":"taxable","11":"shipping-taxable","12":"product-type-simple"},"acf":[],"yoast_head":"<!-- This site is optimized with the Yoast SEO plugin v27.4 - https:\/\/yoast.com\/product\/yoast-seo-wordpress\/ -->\n<title>JAM\u00d3N BELLOTA 100% IB\u00c9RICO DESHUESADO - Campo Badajoz<\/title>\n<meta name=\"robots\" content=\"index, follow, max-snippet:-1, max-image-preview:large, max-video-preview:-1\" \/>\n<link rel=\"canonical\" href=\"https:\/\/campobadajoz.es\/zh-hans\/producto\/jamon-bellota-100-iberico-deshuesado\/\" \/>\n<meta property=\"og:locale\" content=\"zh_CN\" \/>\n<meta property=\"og:type\" content=\"article\" \/>\n<meta property=\"og:title\" content=\"JAM\u00d3N BELLOTA 100% IB\u00c9RICO DESHUESADO - Campo Badajoz\" \/>\n<meta property=\"og:description\" content=\"Nuestro Jam\u00f3n de Bellota 100% es un verdadero tesoro culinario. Pieza deshuesada completa para un m\u00e1ximo rendimiento y f\u00e1cil almacenaje.\" \/>\n<meta property=\"og:url\" content=\"https:\/\/campobadajoz.es\/zh-hans\/producto\/jamon-bellota-100-iberico-deshuesado\/\" \/>\n<meta property=\"og:site_name\" content=\"Campo Badajoz\" \/>\n<meta property=\"article:publisher\" content=\"https:\/\/www.facebook.com\/campobadajoz.ibericodecampo\/\" \/>\n<meta property=\"article:modified_time\" content=\"2023-10-25T12:00:09+00:00\" \/>\n<meta property=\"og:image\" content=\"https:\/\/campobadajoz.es\/wp-content\/uploads\/2023\/08\/Diseno-sin-titulo-2.jpg\" \/>\n\t<meta property=\"og:image:width\" content=\"1080\" \/>\n\t<meta property=\"og:image:height\" content=\"1080\" \/>\n\t<meta property=\"og:image:type\" content=\"image\/jpeg\" \/>\n<meta name=\"twitter:card\" content=\"summary_large_image\" \/>\n<meta name=\"twitter:site\" content=\"@jamonibericos\" \/>\n<script type=\"application\/ld+json\" class=\"yoast-schema-graph\">{\"@context\":\"https:\\\/\\\/schema.org\",\"@graph\":[{\"@type\":\"WebPage\",\"@id\":\"https:\\\/\\\/campobadajoz.es\\\/zh-hans\\\/producto\\\/jamon-bellota-100-iberico-deshuesado\\\/\",\"url\":\"https:\\\/\\\/campobadajoz.es\\\/zh-hans\\\/producto\\\/jamon-bellota-100-iberico-deshuesado\\\/\",\"name\":\"JAM\u00d3N BELLOTA 100% IB\u00c9RICO DESHUESADO - Campo Badajoz\",\"isPartOf\":{\"@id\":\"https:\\\/\\\/campobadajoz.es\\\/zh-hans\\\/#website\"},\"primaryImageOfPage\":{\"@id\":\"https:\\\/\\\/campobadajoz.es\\\/zh-hans\\\/producto\\\/jamon-bellota-100-iberico-deshuesado\\\/#primaryimage\"},\"image\":{\"@id\":\"https:\\\/\\\/campobadajoz.es\\\/zh-hans\\\/producto\\\/jamon-bellota-100-iberico-deshuesado\\\/#primaryimage\"},\"thumbnailUrl\":\"https:\\\/\\\/campobadajoz.es\\\/wp-content\\\/uploads\\\/2023\\\/08\\\/Diseno-sin-titulo-2.jpg\",\"datePublished\":\"2023-08-30T06:57:32+00:00\",\"dateModified\":\"2023-10-25T12:00:09+00:00\",\"breadcrumb\":{\"@id\":\"https:\\\/\\\/campobadajoz.es\\\/zh-hans\\\/producto\\\/jamon-bellota-100-iberico-deshuesado\\\/#breadcrumb\"},\"inLanguage\":\"zh-Hans\",\"potentialAction\":[{\"@type\":\"ReadAction\",\"target\":[\"https:\\\/\\\/campobadajoz.es\\\/zh-hans\\\/producto\\\/jamon-bellota-100-iberico-deshuesado\\\/\"]}]},{\"@type\":\"ImageObject\",\"inLanguage\":\"zh-Hans\",\"@id\":\"https:\\\/\\\/campobadajoz.es\\\/zh-hans\\\/producto\\\/jamon-bellota-100-iberico-deshuesado\\\/#primaryimage\",\"url\":\"https:\\\/\\\/campobadajoz.es\\\/wp-content\\\/uploads\\\/2023\\\/08\\\/Diseno-sin-titulo-2.jpg\",\"contentUrl\":\"https:\\\/\\\/campobadajoz.es\\\/wp-content\\\/uploads\\\/2023\\\/08\\\/Diseno-sin-titulo-2.jpg\",\"width\":1080,\"height\":1080,\"caption\":\"Jam\u00f3n Ib\u00e9rico Bellota 100% Deshuesado\"},{\"@type\":\"BreadcrumbList\",\"@id\":\"https:\\\/\\\/campobadajoz.es\\\/zh-hans\\\/producto\\\/jamon-bellota-100-iberico-deshuesado\\\/#breadcrumb\",\"itemListElement\":[{\"@type\":\"ListItem\",\"position\":1,\"name\":\"Portada\",\"item\":\"https:\\\/\\\/campobadajoz.es\\\/zh-hans\\\/\"},{\"@type\":\"ListItem\",\"position\":2,\"name\":\"\u4ea7\u54c1\",\"item\":\"https:\\\/\\\/campobadajoz.es\\\/zh-hans\\\/shop\\\/\"},{\"@type\":\"ListItem\",\"position\":3,\"name\":\"JAM\u00d3N BELLOTA 100% IB\u00c9RICO DESHUESADO\"}]},{\"@type\":\"WebSite\",\"@id\":\"https:\\\/\\\/campobadajoz.es\\\/zh-hans\\\/#website\",\"url\":\"https:\\\/\\\/campobadajoz.es\\\/zh-hans\\\/\",\"name\":\"Campo Badajoz\",\"description\":\"Productos ib\u00e9ricos de calidad\",\"publisher\":{\"@id\":\"https:\\\/\\\/campobadajoz.es\\\/zh-hans\\\/#organization\"},\"potentialAction\":[{\"@type\":\"SearchAction\",\"target\":{\"@type\":\"EntryPoint\",\"urlTemplate\":\"https:\\\/\\\/campobadajoz.es\\\/zh-hans\\\/?s={search_term_string}\"},\"query-input\":{\"@type\":\"PropertyValueSpecification\",\"valueRequired\":true,\"valueName\":\"search_term_string\"}}],\"inLanguage\":\"zh-Hans\"},{\"@type\":\"Organization\",\"@id\":\"https:\\\/\\\/campobadajoz.es\\\/zh-hans\\\/#organization\",\"name\":\"Campo Badajoz\",\"url\":\"https:\\\/\\\/campobadajoz.es\\\/zh-hans\\\/\",\"logo\":{\"@type\":\"ImageObject\",\"inLanguage\":\"zh-Hans\",\"@id\":\"https:\\\/\\\/campobadajoz.es\\\/zh-hans\\\/#\\\/schema\\\/logo\\\/image\\\/\",\"url\":\"https:\\\/\\\/campobadajoz.es\\\/wp-content\\\/uploads\\\/2023\\\/05\\\/logo_blanco_png-1.webp\",\"contentUrl\":\"https:\\\/\\\/campobadajoz.es\\\/wp-content\\\/uploads\\\/2023\\\/05\\\/logo_blanco_png-1.webp\",\"width\":800,\"height\":800,\"caption\":\"Campo Badajoz\"},\"image\":{\"@id\":\"https:\\\/\\\/campobadajoz.es\\\/zh-hans\\\/#\\\/schema\\\/logo\\\/image\\\/\"},\"sameAs\":[\"https:\\\/\\\/www.facebook.com\\\/campobadajoz.ibericodecampo\\\/\",\"https:\\\/\\\/x.com\\\/jamonibericos\",\"https:\\\/\\\/www.linkedin.com\\\/company\\\/campo-&-badajoz\\\/about\\\/\",\"https:\\\/\\\/www.instagram.com\\\/campobadajoz\\\/\"]}]}<\/script>\n<!-- \/ Yoast SEO plugin. -->","yoast_head_json":{"title":"JAM\u00d3N BELLOTA 100% IB\u00c9RICO DESHUESADO - Campo Badajoz","robots":{"index":"index","follow":"follow","max-snippet":"max-snippet:-1","max-image-preview":"max-image-preview:large","max-video-preview":"max-video-preview:-1"},"canonical":"https:\/\/campobadajoz.es\/zh-hans\/producto\/jamon-bellota-100-iberico-deshuesado\/","og_locale":"zh_CN","og_type":"article","og_title":"JAM\u00d3N BELLOTA 100% IB\u00c9RICO DESHUESADO - Campo Badajoz","og_description":"Nuestro Jam\u00f3n de Bellota 100% es un verdadero tesoro culinario. Pieza deshuesada completa para un m\u00e1ximo rendimiento y f\u00e1cil almacenaje.","og_url":"https:\/\/campobadajoz.es\/zh-hans\/producto\/jamon-bellota-100-iberico-deshuesado\/","og_site_name":"Campo Badajoz","article_publisher":"https:\/\/www.facebook.com\/campobadajoz.ibericodecampo\/","article_modified_time":"2023-10-25T12:00:09+00:00","og_image":[{"width":1080,"height":1080,"url":"https:\/\/campobadajoz.es\/wp-content\/uploads\/2023\/08\/Diseno-sin-titulo-2.jpg","type":"image\/jpeg"}],"twitter_card":"summary_large_image","twitter_site":"@jamonibericos","schema":{"@context":"https:\/\/schema.org","@graph":[{"@type":"WebPage","@id":"https:\/\/campobadajoz.es\/zh-hans\/producto\/jamon-bellota-100-iberico-deshuesado\/","url":"https:\/\/campobadajoz.es\/zh-hans\/producto\/jamon-bellota-100-iberico-deshuesado\/","name":"JAM\u00d3N BELLOTA 100% IB\u00c9RICO DESHUESADO - Campo Badajoz","isPartOf":{"@id":"https:\/\/campobadajoz.es\/zh-hans\/#website"},"primaryImageOfPage":{"@id":"https:\/\/campobadajoz.es\/zh-hans\/producto\/jamon-bellota-100-iberico-deshuesado\/#primaryimage"},"image":{"@id":"https:\/\/campobadajoz.es\/zh-hans\/producto\/jamon-bellota-100-iberico-deshuesado\/#primaryimage"},"thumbnailUrl":"https:\/\/campobadajoz.es\/wp-content\/uploads\/2023\/08\/Diseno-sin-titulo-2.jpg","datePublished":"2023-08-30T06:57:32+00:00","dateModified":"2023-10-25T12:00:09+00:00","breadcrumb":{"@id":"https:\/\/campobadajoz.es\/zh-hans\/producto\/jamon-bellota-100-iberico-deshuesado\/#breadcrumb"},"inLanguage":"zh-Hans","potentialAction":[{"@type":"ReadAction","target":["https:\/\/campobadajoz.es\/zh-hans\/producto\/jamon-bellota-100-iberico-deshuesado\/"]}]},{"@type":"ImageObject","inLanguage":"zh-Hans","@id":"https:\/\/campobadajoz.es\/zh-hans\/producto\/jamon-bellota-100-iberico-deshuesado\/#primaryimage","url":"https:\/\/campobadajoz.es\/wp-content\/uploads\/2023\/08\/Diseno-sin-titulo-2.jpg","contentUrl":"https:\/\/campobadajoz.es\/wp-content\/uploads\/2023\/08\/Diseno-sin-titulo-2.jpg","width":1080,"height":1080,"caption":"Jam\u00f3n Ib\u00e9rico Bellota 100% Deshuesado"},{"@type":"BreadcrumbList","@id":"https:\/\/campobadajoz.es\/zh-hans\/producto\/jamon-bellota-100-iberico-deshuesado\/#breadcrumb","itemListElement":[{"@type":"ListItem","position":1,"name":"Portada","item":"https:\/\/campobadajoz.es\/zh-hans\/"},{"@type":"ListItem","position":2,"name":"\u4ea7\u54c1","item":"https:\/\/campobadajoz.es\/zh-hans\/shop\/"},{"@type":"ListItem","position":3,"name":"JAM\u00d3N BELLOTA 100% IB\u00c9RICO DESHUESADO"}]},{"@type":"WebSite","@id":"https:\/\/campobadajoz.es\/zh-hans\/#website","url":"https:\/\/campobadajoz.es\/zh-hans\/","name":"Campo Badajoz","description":"Productos ib\u00e9ricos de calidad","publisher":{"@id":"https:\/\/campobadajoz.es\/zh-hans\/#organization"},"potentialAction":[{"@type":"SearchAction","target":{"@type":"EntryPoint","urlTemplate":"https:\/\/campobadajoz.es\/zh-hans\/?s={search_term_string}"},"query-input":{"@type":"PropertyValueSpecification","valueRequired":true,"valueName":"search_term_string"}}],"inLanguage":"zh-Hans"},{"@type":"Organization","@id":"https:\/\/campobadajoz.es\/zh-hans\/#organization","name":"Campo Badajoz","url":"https:\/\/campobadajoz.es\/zh-hans\/","logo":{"@type":"ImageObject","inLanguage":"zh-Hans","@id":"https:\/\/campobadajoz.es\/zh-hans\/#\/schema\/logo\/image\/","url":"https:\/\/campobadajoz.es\/wp-content\/uploads\/2023\/05\/logo_blanco_png-1.webp","contentUrl":"https:\/\/campobadajoz.es\/wp-content\/uploads\/2023\/05\/logo_blanco_png-1.webp","width":800,"height":800,"caption":"Campo Badajoz"},"image":{"@id":"https:\/\/campobadajoz.es\/zh-hans\/#\/schema\/logo\/image\/"},"sameAs":["https:\/\/www.facebook.com\/campobadajoz.ibericodecampo\/","https:\/\/x.com\/jamonibericos","https:\/\/www.linkedin.com\/company\/campo-&-badajoz\/about\/","https:\/\/www.instagram.com\/campobadajoz\/"]}]}},"_links":{"self":[{"href":"https:\/\/campobadajoz.es\/zh-hans\/wp-json\/wp\/v2\/product\/3918","targetHints":{"allow":["GET"]}}],"collection":[{"href":"https:\/\/campobadajoz.es\/zh-hans\/wp-json\/wp\/v2\/product"}],"about":[{"href":"https:\/\/campobadajoz.es\/zh-hans\/wp-json\/wp\/v2\/types\/product"}],"replies":[{"embeddable":true,"href":"https:\/\/campobadajoz.es\/zh-hans\/wp-json\/wp\/v2\/comments?post=3918"}],"version-history":[{"count":1,"href":"https:\/\/campobadajoz.es\/zh-hans\/wp-json\/wp\/v2\/product\/3918\/revisions"}],"predecessor-version":[{"id":6955,"href":"https:\/\/campobadajoz.es\/zh-hans\/wp-json\/wp\/v2\/product\/3918\/revisions\/6955"}],"wp:featuredmedia":[{"embeddable":true,"href":"https:\/\/campobadajoz.es\/zh-hans\/wp-json\/wp\/v2\/media\/6386"}],"wp:attachment":[{"href":"https:\/\/campobadajoz.es\/zh-hans\/wp-json\/wp\/v2\/media?parent=3918"}],"wp:term":[{"taxonomy":"product_brand","embeddable":true,"href":"https:\/\/campobadajoz.es\/zh-hans\/wp-json\/wp\/v2\/product_brand?post=3918"},{"taxonomy":"product_cat","embeddable":true,"href":"https:\/\/campobadajoz.es\/zh-hans\/wp-json\/wp\/v2\/product_cat?post=3918"},{"taxonomy":"product_tag","embeddable":true,"href":"https:\/\/campobadajoz.es\/zh-hans\/wp-json\/wp\/v2\/product_tag?post=3918"}],"curies":[{"name":"wp","href":"https:\/\/api.w.org\/{rel}","templated":true}]}}